{"id":52338,"date":"2021-01-16T17:46:39","date_gmt":"2021-01-16T16:46:39","guid":{"rendered":"http:\/\/museumek.eu\/?page_id=52338"},"modified":"2021-01-16T17:46:39","modified_gmt":"2021-01-16T16:46:39","slug":"alii5","status":"publish","type":"page","link":"http:\/\/museumek.eu\/?page_id=52338","title":{"rendered":"A\/LII\/5"},"content":{"rendered":"<p><strong>Abteilung Austria\/Ungarn\/B\u00f6hmen, Keramik 1860 \u2013 1960, Inventarnummer A\/LII\/5<\/strong><\/p>\n<p>K.K. priv. Porzellanfabrik Fischer &#038; Mieg, vormals K. K. priv. Porzellanfabrik Fischer, vormals K. K. priv. Porzellanfabrik Fischer &#038; Reichenbach, vormals Porzellanfabrik Fischer &#038; Reichenbach, vormals Steingutfabrik H\u00f6cke &#038; List und Nachfolger \u00d6sterreichische Porzellanindustrie AG (\u00d6PIAG) und Nachfolger Erste B\u00f6hmische Porzellanindustrie AG (EPIAG), B\u00f6hmen\/Austria, Pirkenhammer\/B\u0159ezov\u00e1, um 1900, kleine Sch\u00fcssel mit Deckel, K\u00fcnstler unbekannt, Werks.-Nr. ohne, Exemplar Nr. ohne, gemarkt Firmenmarke zwei sich kreuzende H\u00e4mmer, am Kreuzungspunkt von einer Krone aus der unten zwei B\u00e4nder entspringen \u00fcberdeckt, darunter Pirkenhammer, darunter Austria gr\u00fcne Stempel unter Glasur sowie 4381 und 76 blau auf Glasur gemalt, nicht signiert, Literatur: Emanuel Poche, Porzellanmarken aus aller Welt, Marke Nr. 138 identisch (dort als rot gedruckte Marke f\u00fcr die Zeit von 1890 \u2013 1938 aufgef\u00fchrt), weitere Literatur: J. G. Th. Graesse und E. Jaennicke, F\u00fchrer f\u00fcr Sammler von Porzellan und Fayence, Steinzeug, Steingut usw., Seite 417, Kurzbeschreibung der Fabrikhistorie sowie Marke Nr. 10 identisch (dort als rot gedruckte Marke f\u00fcr die Zeit von 1875 \u2013 1890 aufgef\u00fchrt), weitere Literatur: Otto Pelka, Keramik der Neuzeit, Markentafel VI, Marke im Markenkasten 107 identisch, Seite 212, Herstellerverzeichnis, Pirkenhammer, Fischer &#038; Mieg sowie EPIAG, Erste B\u00f6hmische Porzellanindustrie A.-G. sowie Seite 218, Namenverzeichnis, Fischer &#038; Mieg, M 107, weitere Literatur: Gustav Wei\u00df, Ullstein Porzellanbuch, Seite 296, Marke Nr. 6 identisch (dort H\u00f6cke als H\u00f6lcke falsch geschrieben), weitere Literatur: Dieter Z\u00fchlsdorff, Markenlexikon, Porzellan und Keramik Report 1885 &#8211; 1935, Seite 379, Marke Werkteil 1, laufende Gruppennummer des Werkteils 21., laufende Gruppennummer der Gruppe 32, Marke identisch (f\u00fcr die Zeit vor 1910 bis 1918 sowie Seite 587, Werkteil 3, laufende Nummer des Werkteil 1009, dort unvollst\u00e4ndige Beschreibung der Fabrik, 1803 gr\u00fcndete der aus dem s\u00e4chsischen Buttstedt stammenden Kaufmann und Gutsbesitzer Johann Friedrich H\u00f6cke wohl zusammen mit Gottlob (evtl. auch Gottlieb) Friedrich List in Pirkenhammer eine Steingutfabrik, die Firmierung lautete wohl Steingutfabrik H\u00f6cke &#038; List (evtl auch nur Steingutfabrik H\u00f6cke, da List evtl. erst sp\u00e4ter in die Fabrik eintrat), sp\u00e4testens 1806 verpachtete H\u00f6cke die Fabrik an die beiden Th\u00fcringer kaufleute Ferdinand Cranz und Friedrich Broth\u00e4user, die Firmierung blieb wohl gleich, 1807 verstarb Cranz und Broth\u00e4user suchte unter Hinterlassung von Schulden das Weite, H\u00f6cke \u00fcbernahm deshalb selbst wieder die Fabrik, 1811verkaufte H\u00f6cke die Fabrik an den Kaufmann Johann Martin Fischer und Christof Reichenbach, wohl beide aus Erfurt stammend, die Firmierung \u00e4nderte sich in Porzellanfabrik Fischer &#038; Reichenbach, da die Produktion nun aufdie Herstellung von Porzellan umgestellt wurde, am 21.06.1822 erhielt die Fabrik die Landesfabrikbefugnis, Firmierung ab da K. K priv. Porzellanfabrik Fischer &#038; Reichenbach, 1824 verstarb Fischer und seine Witwe Sophie Friedericke Fischer f\u00fchrte die Fabrik zusammen mit Reichenbach bei gleicher Firmierung bis zur Gro\u00dfj\u00e4hrigkeit des Sohnes Johann Christian Gottlieb Fischer fort, dieser trat 1831 in die Fabrik ein, Christian Fischer heiratete 1833 Emma Karoline von Mieg, Tochter des W\u00fcrttembergischen Regierungsrates Friedrich Ludwig von Mieg aus Ludwigsburg, 1845 kaufte Fischer eine Porzellanfabrik in Zwickau, die bis 1895 Bestand hatte, diese firmierte als Porzellanfabrik Christian Fischer, Zwickau, Marke dort auch C. F., 1846 trat Reichenbach wegen Ruhestand aus der Fabrik aus und verkaufte seine Anteile an Christian Fischer, Firmierung ab da K. K. priv. Porzellanfabrik Christian Fischer, Marke ab C. F., 1852 heiratete Fischers Tochter Wilhelmine Fischer ihren Vetter Ludwig von Mieg, dieser wurde Mitbesitzer der Fabrik, Firmierung ab da K. K. priv. Porzellanfabrik Fischer &#038; Mieg, 1853 zog sich Fischer aus dem aktiven Gesch\u00e4ft in Pirkenhammer zur\u00fcck und konzentrierte sich auf seine Zwickauer Fabrik, die Fabrik war nicht nur eine der gr\u00f6\u00dften in B\u00f6hmen, sondern produzierte  auch eine Porzellanqualit\u00e4t, die mit Sevres konkurrieren konnte, der ber\u00fchmte Porzellanmaler Johann Zacharias Quast aus Ansbach arbeitete f\u00fcr die Fabrik ebenso der Pariser Maler A. Carrier (von 1868 bis ca. 1905), dem die Fabrik ein eigenes Atelier in Paris einrichtete, sp\u00e4ter f\u00fchrte die Fabrik dann Entw\u00fcrfe von Dagobert Peche, Adelbert Niemeyer und Otto Prutscher aus, die Fabrik erhielt auf zahlreichen Weltausstellungen Medaillen, von 1908 \u2013 1918 waren die Br\u00fcder William und Viktor Maier Eigent\u00fcmer der Fabrik, die Firmierung blieb gleich, 1918 war die Fabrik der \u00d6sterreichischen Porzellanindustrie AG (\u00d6PIAG) mit Sitz in Karlsbad zugeh\u00f6rig, zugeh\u00f6rig waren au\u00dferdem die Porzellanfabriken Oskar &#038; Edgar Gutherz in Altrohlau, Pr\u00f6schold &#038; Co. in Dallwitz, Springer &#038; Co. in Ellbogen, ab 1920 \u00c4nderung \u00d6PIAG in Erste B\u00f6hmische Porzellanindustrie AG (EPIAG), nach 1945 wurde die EPIAG verstaatlicht, H\u00f6he 11,5 cm, Breite 18,5 cm<\/p>\n<p><a href=\"http:\/\/museumek.eu\/?attachment_id=52328\" rel=\"attachment wp-att-52328\"><img loading=\"lazy\" src=\"http:\/\/museumek.eu\/wp-content\/uploads\/2015\/09\/Pirkenhammer-Souciere-1-300x222.jpg\" alt=\"\" title=\"Pirkenhammer Souciere 1\" width=\"300\" height=\"222\" class=\"alignnone size-medium wp-image-52328\" srcset=\"http:\/\/museumek.eu\/wp-content\/uploads\/2015\/09\/Pirkenhammer-Souciere-1-300x222.jpg 300w, http:\/\/museumek.eu\/wp-content\/uploads\/2015\/09\/Pirkenhammer-Souciere-1-150x111.jpg 150w, http:\/\/museumek.eu\/wp-content\/uploads\/2015\/09\/Pirkenhammer-Souciere-1-404x300.jpg 404w, http:\/\/museumek.eu\/wp-content\/uploads\/2015\/09\/Pirkenhammer-Souciere-1.jpg 640w\" sizes=\"(max-width: 300px) 100vw, 300px\" \/><\/a><\/p>\n<p><a href=\"http:\/\/museumek.eu\/?attachment_id=52329\" rel=\"attachment wp-att-52329\"><img loading=\"lazy\" src=\"http:\/\/museumek.eu\/wp-content\/uploads\/2015\/09\/Pirkenhammer-Souciere-2-280x300.jpg\" alt=\"\" title=\"Pirkenhammer Souciere 2\" width=\"280\" height=\"300\" class=\"alignnone size-medium wp-image-52329\" srcset=\"http:\/\/museumek.eu\/wp-content\/uploads\/2015\/09\/Pirkenhammer-Souciere-2-280x300.jpg 280w, http:\/\/museumek.eu\/wp-content\/uploads\/2015\/09\/Pirkenhammer-Souciere-2-140x150.jpg 140w, http:\/\/museumek.eu\/wp-content\/uploads\/2015\/09\/Pirkenhammer-Souciere-2.jpg 480w\" sizes=\"(max-width: 280px) 100vw, 280px\" \/><\/a><\/p>\n<p><a href=\"http:\/\/museumek.eu\/?attachment_id=52330\" rel=\"attachment wp-att-52330\"><img loading=\"lazy\" src=\"http:\/\/museumek.eu\/wp-content\/uploads\/2015\/09\/Pirkenhammer-Souciere-3-300x235.jpg\" alt=\"\" title=\"Pirkenhammer Souciere 3\" width=\"300\" height=\"235\" class=\"alignnone size-medium wp-image-52330\" srcset=\"http:\/\/museumek.eu\/wp-content\/uploads\/2015\/09\/Pirkenhammer-Souciere-3-300x235.jpg 300w, http:\/\/museumek.eu\/wp-content\/uploads\/2015\/09\/Pirkenhammer-Souciere-3-150x117.jpg 150w, http:\/\/museumek.eu\/wp-content\/uploads\/2015\/09\/Pirkenhammer-Souciere-3-382x300.jpg 382w, http:\/\/museumek.eu\/wp-content\/uploads\/2015\/09\/Pirkenhammer-Souciere-3.jpg 612w\" sizes=\"(max-width: 300px) 100vw, 300px\" \/><\/a><\/p>\n<p><a href=\"http:\/\/museumek.eu\/?attachment_id=52331\" rel=\"attachment wp-att-52331\"><img loading=\"lazy\" src=\"http:\/\/museumek.eu\/wp-content\/uploads\/2015\/09\/Pirkenhammer-Souciere-4-249x300.jpg\" alt=\"\" title=\"Pirkenhammer Souciere 4\" width=\"249\" height=\"300\" class=\"alignnone size-medium wp-image-52331\" srcset=\"http:\/\/museumek.eu\/wp-content\/uploads\/2015\/09\/Pirkenhammer-Souciere-4-249x300.jpg 249w, http:\/\/museumek.eu\/wp-content\/uploads\/2015\/09\/Pirkenhammer-Souciere-4-124x150.jpg 124w, http:\/\/museumek.eu\/wp-content\/uploads\/2015\/09\/Pirkenhammer-Souciere-4.jpg 480w\" sizes=\"(max-width: 249px) 100vw, 249px\" \/><\/a><\/p>\n<p><a href=\"http:\/\/museumek.eu\/?attachment_id=52332\" rel=\"attachment wp-att-52332\"><img loading=\"lazy\" src=\"http:\/\/museumek.eu\/wp-content\/uploads\/2015\/09\/Pirkenhammer-Souciere-5-233x300.jpg\" alt=\"\" title=\"Pirkenhammer Souciere 5\" width=\"233\" height=\"300\" class=\"alignnone size-medium wp-image-52332\" srcset=\"http:\/\/museumek.eu\/wp-content\/uploads\/2015\/09\/Pirkenhammer-Souciere-5-233x300.jpg 233w, http:\/\/museumek.eu\/wp-content\/uploads\/2015\/09\/Pirkenhammer-Souciere-5-116x150.jpg 116w, http:\/\/museumek.eu\/wp-content\/uploads\/2015\/09\/Pirkenhammer-Souciere-5.jpg 480w\" sizes=\"(max-width: 233px) 100vw, 233px\" \/><\/a><\/p>\n<p><a href=\"http:\/\/museumek.eu\/?attachment_id=52333\" rel=\"attachment wp-att-52333\"><img loading=\"lazy\" src=\"http:\/\/museumek.eu\/wp-content\/uploads\/2015\/09\/Pirkenhammer-Souciere-6-300x165.jpg\" alt=\"\" title=\"Pirkenhammer Souciere 6\" width=\"300\" height=\"165\" class=\"alignnone size-medium wp-image-52333\" srcset=\"http:\/\/museumek.eu\/wp-content\/uploads\/2015\/09\/Pirkenhammer-Souciere-6-300x165.jpg 300w, http:\/\/museumek.eu\/wp-content\/uploads\/2015\/09\/Pirkenhammer-Souciere-6-150x82.jpg 150w, http:\/\/museumek.eu\/wp-content\/uploads\/2015\/09\/Pirkenhammer-Souciere-6-500x276.jpg 500w, http:\/\/museumek.eu\/wp-content\/uploads\/2015\/09\/Pirkenhammer-Souciere-6.jpg 640w\" sizes=\"(max-width: 300px) 100vw, 300px\" \/><\/a><\/p>\n<p><a href=\"http:\/\/museumek.eu\/?attachment_id=52334\" rel=\"attachment wp-att-52334\"><img loading=\"lazy\" src=\"http:\/\/museumek.eu\/wp-content\/uploads\/2015\/09\/Pirkenhammer-Souciere-7-267x300.jpg\" alt=\"\" title=\"Pirkenhammer Souciere 7\" width=\"267\" height=\"300\" class=\"alignnone size-medium wp-image-52334\" srcset=\"http:\/\/museumek.eu\/wp-content\/uploads\/2015\/09\/Pirkenhammer-Souciere-7-267x300.jpg 267w, http:\/\/museumek.eu\/wp-content\/uploads\/2015\/09\/Pirkenhammer-Souciere-7-133x150.jpg 133w, http:\/\/museumek.eu\/wp-content\/uploads\/2015\/09\/Pirkenhammer-Souciere-7.jpg 480w\" sizes=\"(max-width: 267px) 100vw, 267px\" \/><\/a><\/p>\n<p><a href=\"http:\/\/museumek.eu\/?attachment_id=52335\" rel=\"attachment wp-att-52335\"><img loading=\"lazy\" src=\"http:\/\/museumek.eu\/wp-content\/uploads\/2015\/09\/Pirkenhammer-Souciere-8-300x202.jpg\" alt=\"\" title=\"Pirkenhammer Souciere 8\" width=\"300\" height=\"202\" class=\"alignnone size-medium wp-image-52335\" srcset=\"http:\/\/museumek.eu\/wp-content\/uploads\/2015\/09\/Pirkenhammer-Souciere-8-300x202.jpg 300w, http:\/\/museumek.eu\/wp-content\/uploads\/2015\/09\/Pirkenhammer-Souciere-8-150x101.jpg 150w, http:\/\/museumek.eu\/wp-content\/uploads\/2015\/09\/Pirkenhammer-Souciere-8-444x300.jpg 444w, http:\/\/museumek.eu\/wp-content\/uploads\/2015\/09\/Pirkenhammer-Souciere-8.jpg 640w\" sizes=\"(max-width: 300px) 100vw, 300px\" \/><\/a> <\/p>\n","protected":false},"excerpt":{"rendered":"<p>Abteilung Austria\/Ungarn\/B\u00f6hmen, Keramik 1860 \u2013 1960, Inventarnummer A\/LII\/5 K.K. priv. Porzellanfabrik Fischer &#038; Mieg, vormals K. K. priv. Porzellanfabrik Fischer, vormals K. K. priv. Porzellanfabrik Fischer &#038; Reichenbach, vormals Porzellanfabrik Fischer &#038; Reichenbach, vormals Steingutfabrik H\u00f6cke &#038; List und Nachfolger &hellip; <a href=\"http:\/\/museumek.eu\/?page_id=52338\">Weiterlesen <span class=\"meta-nav\">&rarr;<\/span><\/a><\/p>\n","protected":false},"author":1,"featured_media":0,"parent":45082,"menu_order":5,"comment_status":"closed","ping_status":"open","template":"","meta":[],"_links":{"self":[{"href":"http:\/\/museumek.eu\/index.php?rest_route=\/wp\/v2\/pages\/52338"}],"collection":[{"href":"http:\/\/museumek.eu\/index.php?rest_route=\/wp\/v2\/pages"}],"about":[{"href":"http:\/\/museumek.eu\/index.php?rest_route=\/wp\/v2\/types\/page"}],"author":[{"embeddable":true,"href":"http:\/\/museumek.eu\/index.php?rest_route=\/wp\/v2\/users\/1"}],"replies":[{"embeddable":true,"href":"http:\/\/museumek.eu\/index.php?rest_route=%2Fwp%2Fv2%2Fcomments&post=52338"}],"version-history":[{"count":2,"href":"http:\/\/museumek.eu\/index.php?rest_route=\/wp\/v2\/pages\/52338\/revisions"}],"predecessor-version":[{"id":52340,"href":"http:\/\/museumek.eu\/index.php?rest_route=\/wp\/v2\/pages\/52338\/revisions\/52340"}],"up":[{"embeddable":true,"href":"http:\/\/museumek.eu\/index.php?rest_route=\/wp\/v2\/pages\/45082"}],"wp:attachment":[{"href":"http:\/\/museumek.eu\/index.php?rest_route=%2Fwp%2Fv2%2Fmedia&parent=52338"}],"curies":[{"name":"wp","href":"https:\/\/api.w.org\/{rel}","templated":true}]}}