{"id":52354,"date":"2021-01-17T15:55:06","date_gmt":"2021-01-17T14:55:06","guid":{"rendered":"http:\/\/museumek.eu\/?page_id=52354"},"modified":"2021-01-17T16:07:39","modified_gmt":"2021-01-17T15:07:39","slug":"fotos-und-beschreibung","status":"publish","type":"page","link":"http:\/\/museumek.eu\/?page_id=52354","title":{"rendered":"Fotos und Beschreibung"},"content":{"rendered":"<p><strong>Abteilung Deutschland, Keramik 1860 \u2013 1960, Inventarnummer D\/CLXXVIII\/1<\/strong><\/p>\n<p>Porzellanfabrik Plankenhammer und Nachf. Porzellanfabrik Plankenhammer GmbH, Deutschland, Plankenhammer, um 1930, Vase mit Frauenfotografie, K\u00fcnstler unbekannt, Werks.-Nr. ohne, Exemplar Nr. ohne, gemarkt Firmenmarke halbkreisf\u00f6rmig nach unten offen das Wort Plankenhammer, darunter waagerecht Floss, darunter BAVARIA, darunter in einem Dreieck der Buchstabe P (f\u00fcr Plankenhammer) gekreuzt mit einem Hammer, darunter GERMANY gr\u00fcner Stempel unter Glasur, nicht signiert, Literatur: Gustav Wei\u00df, Ullstein Porzellanbuch, Seite 296, Marke 8 identisch (dort ohne GERMANY), weitere Literatur: Dieter Z\u00fchlsdorff, Markenlexikon Band 1, Porzellan und Keramik Report 1885 &#8211; 1935, Seite 378, Marke Werkteil-Nummer 1, Gruppen-Nummer 21, fortlaufende Nummer innerhalb der Gruppe 19, dort identische Marke (ohne GERMANY, dort f\u00fcr die Zeit ab 1928 beschrieben) sowie Seite 587, Werkteil-Nummer 3, fortlaufende Nummer innerhalb des Werkteils 1010, dort kurze Beschreibung der Fabrik, die Fabrik wurde 1883 durch einen Herrn Krug in Plankenhammer bei Floss gegr\u00fcndet, Firmierung Porzellanfabrik Plankenhammer, 1908 ist Eva Krug Eigent\u00fcmerin, 1908 ebenfalls Umwandlung in eine GmbH, Firmierung ab da Porzellanfabrik Plankenhammer GmbH, w\u00e4hrend WK I war die Fabrik stillgelegt, 1927 war wohl Christian Eckstein Inhaber, die Fabrik produzierte Kaffeeservice, Haushalts- u. Hotelporzellane, Vasen, Geschenkartikel, H\u00f6he 21 cm, Breite 9 cm <\/p>\n<p><a href=\"http:\/\/museumek.eu\/?attachment_id=52355\" rel=\"attachment wp-att-52355\"><img loading=\"lazy\" src=\"http:\/\/museumek.eu\/wp-content\/uploads\/2021\/01\/Plankenhammer-Vase-mit-Frau-1-139x300.jpg\" alt=\"\" title=\"Plankenhammer Vase mit Frau 1\" width=\"139\" height=\"300\" class=\"alignnone size-medium wp-image-52355\" srcset=\"http:\/\/museumek.eu\/wp-content\/uploads\/2021\/01\/Plankenhammer-Vase-mit-Frau-1-139x300.jpg 139w, http:\/\/museumek.eu\/wp-content\/uploads\/2021\/01\/Plankenhammer-Vase-mit-Frau-1-69x150.jpg 69w, http:\/\/museumek.eu\/wp-content\/uploads\/2021\/01\/Plankenhammer-Vase-mit-Frau-1.jpg 297w\" sizes=\"(max-width: 139px) 100vw, 139px\" \/><\/a><\/p>\n<p><a href=\"http:\/\/museumek.eu\/?attachment_id=52356\" rel=\"attachment wp-att-52356\"><img loading=\"lazy\" src=\"http:\/\/museumek.eu\/wp-content\/uploads\/2021\/01\/Plankenhammer-Vase-mit-Frau-2-130x300.jpg\" alt=\"\" title=\"Plankenhammer Vase mit Frau 2\" width=\"130\" height=\"300\" class=\"alignnone size-medium wp-image-52356\" srcset=\"http:\/\/museumek.eu\/wp-content\/uploads\/2021\/01\/Plankenhammer-Vase-mit-Frau-2-130x300.jpg 130w, http:\/\/museumek.eu\/wp-content\/uploads\/2021\/01\/Plankenhammer-Vase-mit-Frau-2-65x150.jpg 65w, http:\/\/museumek.eu\/wp-content\/uploads\/2021\/01\/Plankenhammer-Vase-mit-Frau-2.jpg 278w\" sizes=\"(max-width: 130px) 100vw, 130px\" \/><\/a><\/p>\n<p><a href=\"http:\/\/museumek.eu\/?attachment_id=52358\" rel=\"attachment wp-att-52358\"><img loading=\"lazy\" src=\"http:\/\/museumek.eu\/wp-content\/uploads\/2021\/01\/Plankenhammer-Vase-mit-Frau-3-163x300.jpg\" alt=\"\" title=\"Plankenhammer Vase mit Frau 3\" width=\"163\" height=\"300\" class=\"alignnone size-medium wp-image-52358\" srcset=\"http:\/\/museumek.eu\/wp-content\/uploads\/2021\/01\/Plankenhammer-Vase-mit-Frau-3-163x300.jpg 163w, http:\/\/museumek.eu\/wp-content\/uploads\/2021\/01\/Plankenhammer-Vase-mit-Frau-3-81x150.jpg 81w, http:\/\/museumek.eu\/wp-content\/uploads\/2021\/01\/Plankenhammer-Vase-mit-Frau-3.jpg 348w\" sizes=\"(max-width: 163px) 100vw, 163px\" \/><\/a><\/p>\n<p><a href=\"http:\/\/museumek.eu\/?attachment_id=52359\" rel=\"attachment wp-att-52359\"><img loading=\"lazy\" src=\"http:\/\/museumek.eu\/wp-content\/uploads\/2021\/01\/Plankenhammer-Vase-mit-Frau-4-289x300.jpg\" alt=\"\" title=\"Plankenhammer Vase mit Frau 4\" width=\"289\" height=\"300\" class=\"alignnone size-medium wp-image-52359\" srcset=\"http:\/\/museumek.eu\/wp-content\/uploads\/2021\/01\/Plankenhammer-Vase-mit-Frau-4-289x300.jpg 289w, http:\/\/museumek.eu\/wp-content\/uploads\/2021\/01\/Plankenhammer-Vase-mit-Frau-4-144x150.jpg 144w, http:\/\/museumek.eu\/wp-content\/uploads\/2021\/01\/Plankenhammer-Vase-mit-Frau-4.jpg 480w\" sizes=\"(max-width: 289px) 100vw, 289px\" \/><\/a><\/p>\n<p><strong>Abteilung Deutschland, Keramik 1860 \u2013 1960, Inventarnummer D\/CLXXVIII\/2<\/strong><\/p>\n<p>Porzellanfabrik Plankenhammer und Nachf. Porzellanfabrik Plankenhammer GmbH, Deutschland, Plankenhammer, um 1930, kleine Vase als Andenkenvase, K\u00fcnstler unbekannt, Werks.-Nr. ohne, Exemplar Nr. ohne, gemarkt Firmenmarke halbkreisf\u00f6rmig nach unten offen das Wort Plankenhammer, darunter waagerecht Floss, darunter BAVARIA, darunter in einem Dreieck der Buchstabe P (f\u00fcr Plankenhammer) gekreuzt mit einem Hammer gr\u00fcner Stempel unter Glasur, nicht signiert, Literatur: Gustav Wei\u00df, Ullstein Porzellanbuch, Seite 296, Marke 8 identisch, weitere Literatur: Dieter Z\u00fchlsdorff, Markenlexikon Band 1, Porzellan und Keramik Report 1885 &#8211; 1935, Seite 378, Marke Werkteil-Nummer 1, Gruppen-Nummer 21, fortlaufende Nummer innerhalb der Gruppe 19, dort identische Marke (dort f\u00fcr die Zeit ab 1928 beschrieben) sowie Seite 587, Werkteil-Nummer 3, fortlaufende Nummer innerhalb des Werkteils 1010, dort kurze Beschreibung der Fabrik, die Fabrik wurde 1883 durch einen Herrn Krug in Plankenhammer bei Floss gegr\u00fcndet, Firmierung Porzellanfabrik Plankenhammer, 1908 ist Eva Krug Eigent\u00fcmerin, 1908 ebenfalls Umwandlung in eine GmbH, Firmierung ab da Porzellanfabrik Plankenhammer GmbH, w\u00e4hrend WK I war die Fabrik stillgelegt, 1927 war wohl Christian Eckstein Inhaber, die Fabrik produzierte Kaffeeservice, Haushalts- u. Hotelporzellane, Vasen, Geschenkartikel, H\u00f6he 7,5 cm, Breite 5 cm <\/p>\n<p><a href=\"http:\/\/museumek.eu\/?attachment_id=52365\" rel=\"attachment wp-att-52365\"><img loading=\"lazy\" src=\"http:\/\/museumek.eu\/wp-content\/uploads\/2021\/01\/Plankenhammer-Vase-1-203x300.jpg\" alt=\"\" title=\"Plankenhammer Vase 1\" width=\"203\" height=\"300\" class=\"alignnone size-medium wp-image-52365\" srcset=\"http:\/\/museumek.eu\/wp-content\/uploads\/2021\/01\/Plankenhammer-Vase-1-203x300.jpg 203w, http:\/\/museumek.eu\/wp-content\/uploads\/2021\/01\/Plankenhammer-Vase-1-101x150.jpg 101w, http:\/\/museumek.eu\/wp-content\/uploads\/2021\/01\/Plankenhammer-Vase-1.jpg 435w\" sizes=\"(max-width: 203px) 100vw, 203px\" \/><\/a><\/p>\n<p><a href=\"http:\/\/museumek.eu\/?attachment_id=52366\" rel=\"attachment wp-att-52366\"><img loading=\"lazy\" src=\"http:\/\/museumek.eu\/wp-content\/uploads\/2021\/01\/Plankenhammer-Vase-2-193x300.jpg\" alt=\"\" title=\"Plankenhammer Vase 2\" width=\"193\" height=\"300\" class=\"alignnone size-medium wp-image-52366\" srcset=\"http:\/\/museumek.eu\/wp-content\/uploads\/2021\/01\/Plankenhammer-Vase-2-193x300.jpg 193w, http:\/\/museumek.eu\/wp-content\/uploads\/2021\/01\/Plankenhammer-Vase-2-96x150.jpg 96w, http:\/\/museumek.eu\/wp-content\/uploads\/2021\/01\/Plankenhammer-Vase-2.jpg 413w\" sizes=\"(max-width: 193px) 100vw, 193px\" \/><\/a><\/p>\n<p><a href=\"http:\/\/museumek.eu\/?attachment_id=52367\" rel=\"attachment wp-att-52367\"><img loading=\"lazy\" src=\"http:\/\/museumek.eu\/wp-content\/uploads\/2021\/01\/Plankenhammer-Vase-31-205x300.jpg\" alt=\"\" title=\"Plankenhammer Vase 3\" width=\"205\" height=\"300\" class=\"alignnone size-medium wp-image-52367\" srcset=\"http:\/\/museumek.eu\/wp-content\/uploads\/2021\/01\/Plankenhammer-Vase-31-205x300.jpg 205w, http:\/\/museumek.eu\/wp-content\/uploads\/2021\/01\/Plankenhammer-Vase-31-102x150.jpg 102w, http:\/\/museumek.eu\/wp-content\/uploads\/2021\/01\/Plankenhammer-Vase-31.jpg 438w\" sizes=\"(max-width: 205px) 100vw, 205px\" \/><\/a><\/p>\n<p><a href=\"http:\/\/museumek.eu\/?attachment_id=52369\" rel=\"attachment wp-att-52369\"><img loading=\"lazy\" src=\"http:\/\/museumek.eu\/wp-content\/uploads\/2021\/01\/Plankenhammer-Vase-4-200x300.jpg\" alt=\"\" title=\"Plankenhammer Vase 4\" width=\"200\" height=\"300\" class=\"alignnone size-medium wp-image-52369\" srcset=\"http:\/\/museumek.eu\/wp-content\/uploads\/2021\/01\/Plankenhammer-Vase-4-200x300.jpg 200w, http:\/\/museumek.eu\/wp-content\/uploads\/2021\/01\/Plankenhammer-Vase-4-100x150.jpg 100w, http:\/\/museumek.eu\/wp-content\/uploads\/2021\/01\/Plankenhammer-Vase-4.jpg 428w\" sizes=\"(max-width: 200px) 100vw, 200px\" \/><\/a><\/p>\n<p><a href=\"http:\/\/museumek.eu\/?attachment_id=52370\" rel=\"attachment wp-att-52370\"><img loading=\"lazy\" src=\"http:\/\/museumek.eu\/wp-content\/uploads\/2021\/01\/Plankenhammer-Vase-5-201x300.jpg\" alt=\"\" title=\"Plankenhammer Vase 5\" width=\"201\" height=\"300\" class=\"alignnone size-medium wp-image-52370\" srcset=\"http:\/\/museumek.eu\/wp-content\/uploads\/2021\/01\/Plankenhammer-Vase-5-201x300.jpg 201w, http:\/\/museumek.eu\/wp-content\/uploads\/2021\/01\/Plankenhammer-Vase-5-100x150.jpg 100w, http:\/\/museumek.eu\/wp-content\/uploads\/2021\/01\/Plankenhammer-Vase-5.jpg 429w\" sizes=\"(max-width: 201px) 100vw, 201px\" \/><\/a><\/p>\n<p><a href=\"http:\/\/museumek.eu\/?attachment_id=52371\" rel=\"attachment wp-att-52371\"><img loading=\"lazy\" src=\"http:\/\/museumek.eu\/wp-content\/uploads\/2021\/01\/Plankenhammer-Vase-6-300x259.jpg\" alt=\"\" title=\"Plankenhammer Vase 6\" width=\"300\" height=\"259\" class=\"alignnone size-medium wp-image-52371\" srcset=\"http:\/\/museumek.eu\/wp-content\/uploads\/2021\/01\/Plankenhammer-Vase-6-300x259.jpg 300w, http:\/\/museumek.eu\/wp-content\/uploads\/2021\/01\/Plankenhammer-Vase-6-150x129.jpg 150w, http:\/\/museumek.eu\/wp-content\/uploads\/2021\/01\/Plankenhammer-Vase-6-346x300.jpg 346w, http:\/\/museumek.eu\/wp-content\/uploads\/2021\/01\/Plankenhammer-Vase-6.jpg 554w\" sizes=\"(max-width: 300px) 100vw, 300px\" \/><\/a><\/p>\n","protected":false},"excerpt":{"rendered":"<p>Abteilung Deutschland, Keramik 1860 \u2013 1960, Inventarnummer D\/CLXXVIII\/1 Porzellanfabrik Plankenhammer und Nachf. Porzellanfabrik Plankenhammer GmbH, Deutschland, Plankenhammer, um 1930, Vase mit Frauenfotografie, K\u00fcnstler unbekannt, Werks.-Nr. ohne, Exemplar Nr. ohne, gemarkt Firmenmarke halbkreisf\u00f6rmig nach unten offen das Wort Plankenhammer, darunter waagerecht &hellip; <a href=\"http:\/\/museumek.eu\/?page_id=52354\">Weiterlesen <span class=\"meta-nav\">&rarr;<\/span><\/a><\/p>\n","protected":false},"author":1,"featured_media":0,"parent":52351,"menu_order":1,"comment_status":"closed","ping_status":"open","template":"","meta":[],"_links":{"self":[{"href":"http:\/\/museumek.eu\/index.php?rest_route=\/wp\/v2\/pages\/52354"}],"collection":[{"href":"http:\/\/museumek.eu\/index.php?rest_route=\/wp\/v2\/pages"}],"about":[{"href":"http:\/\/museumek.eu\/index.php?rest_route=\/wp\/v2\/types\/page"}],"author":[{"embeddable":true,"href":"http:\/\/museumek.eu\/index.php?rest_route=\/wp\/v2\/users\/1"}],"replies":[{"embeddable":true,"href":"http:\/\/museumek.eu\/index.php?rest_route=%2Fwp%2Fv2%2Fcomments&post=52354"}],"version-history":[{"count":10,"href":"http:\/\/museumek.eu\/index.php?rest_route=\/wp\/v2\/pages\/52354\/revisions"}],"predecessor-version":[{"id":59511,"href":"http:\/\/museumek.eu\/index.php?rest_route=\/wp\/v2\/pages\/52354\/revisions\/59511"}],"up":[{"embeddable":true,"href":"http:\/\/museumek.eu\/index.php?rest_route=\/wp\/v2\/pages\/52351"}],"wp:attachment":[{"href":"http:\/\/museumek.eu\/index.php?rest_route=%2Fwp%2Fv2%2Fmedia&parent=52354"}],"curies":[{"name":"wp","href":"https:\/\/api.w.org\/{rel}","templated":true}]}}