{"id":5239,"date":"2011-09-27T22:01:37","date_gmt":"2011-09-27T20:01:37","guid":{"rendered":"http:\/\/museumek.eu\/?page_id=5239"},"modified":"2012-10-06T20:41:09","modified_gmt":"2012-10-06T18:41:09","slug":"fotos-und-beschreibung","status":"publish","type":"page","link":"http:\/\/museumek.eu\/?page_id=5239","title":{"rendered":"Fotos und Beschreibung"},"content":{"rendered":"<p><strong>Abteilung D\u00e4nemark, Keramik 1860 \u2013 1960, Inventarnummer D\u00e4\/I\/1<\/strong><\/p>\n<p>Manufaktur P. Ipsens Enke KGL. Hof Terracottafabrik, D\u00e4nemark, Kopenhagen, 1918 &#8211; 1955, Schale mit Kammmolch, K\u00fcnstler unbekannt, Werks.-Nr. 229 (?), Exemplar Nr. ohne, gemarkt Krone PIE, 229, X, sowie Denmark gepresst, 2 gr\u00fcn gestempelt, x schwarz gemalt, nicht signiert, Literatur: Kathrine J\u00f6ergensen, P. Ipsens Enke KGL. Hof Terracottafabrik, Seite 255, Markenbeschreibung, die Marke P. Ipsens Enke mit Krone wurde in der Zeit von 1918 bis 1955 verwendet, Enke d\u00e4nisch = Witwe,<br \/>\nDurchmesser 13,7 cm<\/p>\n<p><a href=\"http:\/\/museumek.eu\/wp-content\/uploads\/2011\/08\/Museum-Europ\u00e4ischer-Keramikkunst-Qualit\u00e4tsfotos-267.jpg\"><img loading=\"lazy\" src=\"http:\/\/museumek.eu\/wp-content\/uploads\/2011\/08\/Museum-Europ\u00e4ischer-Keramikkunst-Qualit\u00e4tsfotos-267-300x197.jpg\" alt=\"\" title=\"Museum Europ\u00e4ischer Keramikkunst Qualit\u00e4tsfotos 267\" width=\"300\" height=\"197\" class=\"alignnone size-medium wp-image-1777\" srcset=\"http:\/\/museumek.eu\/wp-content\/uploads\/2011\/08\/Museum-Europ\u00e4ischer-Keramikkunst-Qualit\u00e4tsfotos-267-300x197.jpg 300w, http:\/\/museumek.eu\/wp-content\/uploads\/2011\/08\/Museum-Europ\u00e4ischer-Keramikkunst-Qualit\u00e4tsfotos-267-454x300.jpg 454w, http:\/\/museumek.eu\/wp-content\/uploads\/2011\/08\/Museum-Europ\u00e4ischer-Keramikkunst-Qualit\u00e4tsfotos-267.jpg 825w\" sizes=\"(max-width: 300px) 100vw, 300px\" \/><\/a><\/p>\n<p><a href=\"http:\/\/museumek.eu\/wp-content\/uploads\/2011\/08\/Kammolch.jpg\"><img loading=\"lazy\" src=\"http:\/\/museumek.eu\/wp-content\/uploads\/2011\/08\/Kammolch-220x300.jpg\" alt=\"\" title=\"Kammolch\" width=\"220\" height=\"300\" class=\"alignnone size-medium wp-image-1778\" srcset=\"http:\/\/museumek.eu\/wp-content\/uploads\/2011\/08\/Kammolch-220x300.jpg 220w, http:\/\/museumek.eu\/wp-content\/uploads\/2011\/08\/Kammolch.jpg 276w\" sizes=\"(max-width: 220px) 100vw, 220px\" \/><\/a><\/p>\n<p><strong>Abteilung D\u00e4nemark, Keramik 1860 \u2013 1960, Inventarnummer D\u00e4\/I\/2<\/strong><\/p>\n<p>Manufaktur P. Ipsens Enke KGL. Hof Terracottafabrik, D\u00e4nemark, Kopenhagen, 1918 &#8211; 1955, Blattschale, K\u00fcnstler unbekannt, Werks.-Nr. 6 (?), Exemplar Nr. X (?), gemarkt Krone PIE, 6 sowie Denmark gepresst, XV geritzt, nicht signiert, Literatur: Kathrine J\u00f6ergensen, P. Ipsens Enke KGL. Hof Terracottafabrik, Seite 122, \u00e4hnliche Schale abgebildet sowie Seite 255, Markenbeschreibung, die Marke P. Ipsens Enke mit Krone wurde in der Zeit von 1918 bis 1955 verwendet, Enke d\u00e4nisch = Witwe,<br \/>\nH\u00f6he 3,5 cm, Breite 13,5 cm<\/p>\n<p><a href=\"http:\/\/museumek.eu\/wp-content\/uploads\/2012\/10\/Museum-Europ\u00e4ischer-Keramikkunst-2986.jpg\"><img loading=\"lazy\" src=\"http:\/\/museumek.eu\/wp-content\/uploads\/2012\/10\/Museum-Europ\u00e4ischer-Keramikkunst-2986-300x136.jpg\" alt=\"\" title=\"Museum Europ\u00e4ischer Keramikkunst 2986\" width=\"300\" height=\"136\" class=\"alignnone size-medium wp-image-14883\" srcset=\"http:\/\/museumek.eu\/wp-content\/uploads\/2012\/10\/Museum-Europ\u00e4ischer-Keramikkunst-2986-300x136.jpg 300w, http:\/\/museumek.eu\/wp-content\/uploads\/2012\/10\/Museum-Europ\u00e4ischer-Keramikkunst-2986-500x227.jpg 500w, http:\/\/museumek.eu\/wp-content\/uploads\/2012\/10\/Museum-Europ\u00e4ischer-Keramikkunst-2986.jpg 839w\" sizes=\"(max-width: 300px) 100vw, 300px\" \/><\/a><\/p>\n<p><a href=\"http:\/\/museumek.eu\/wp-content\/uploads\/2012\/10\/Museum-Europ\u00e4ischer-Keramikkunst-2987.jpg\"><img loading=\"lazy\" src=\"http:\/\/museumek.eu\/wp-content\/uploads\/2012\/10\/Museum-Europ\u00e4ischer-Keramikkunst-2987-300x207.jpg\" alt=\"\" title=\"Museum Europ\u00e4ischer Keramikkunst 2987\" width=\"300\" height=\"207\" class=\"alignnone size-medium wp-image-14884\" srcset=\"http:\/\/museumek.eu\/wp-content\/uploads\/2012\/10\/Museum-Europ\u00e4ischer-Keramikkunst-2987-300x207.jpg 300w, http:\/\/museumek.eu\/wp-content\/uploads\/2012\/10\/Museum-Europ\u00e4ischer-Keramikkunst-2987-434x300.jpg 434w, http:\/\/museumek.eu\/wp-content\/uploads\/2012\/10\/Museum-Europ\u00e4ischer-Keramikkunst-2987.jpg 893w\" sizes=\"(max-width: 300px) 100vw, 300px\" \/><\/a><\/p>\n<p><a href=\"http:\/\/museumek.eu\/wp-content\/uploads\/2012\/10\/Museum-Europ\u00e4ischer-Keramikkunst-2988.jpg\"><img loading=\"lazy\" src=\"http:\/\/museumek.eu\/wp-content\/uploads\/2012\/10\/Museum-Europ\u00e4ischer-Keramikkunst-2988-261x300.jpg\" alt=\"\" title=\"Museum Europ\u00e4ischer Keramikkunst 2988\" width=\"261\" height=\"300\" class=\"alignnone size-medium wp-image-14885\" srcset=\"http:\/\/museumek.eu\/wp-content\/uploads\/2012\/10\/Museum-Europ\u00e4ischer-Keramikkunst-2988-261x300.jpg 261w, http:\/\/museumek.eu\/wp-content\/uploads\/2012\/10\/Museum-Europ\u00e4ischer-Keramikkunst-2988.jpg 456w\" sizes=\"(max-width: 261px) 100vw, 261px\" \/><\/a><\/p>\n","protected":false},"excerpt":{"rendered":"<p>Abteilung D\u00e4nemark, Keramik 1860 \u2013 1960, Inventarnummer D\u00e4\/I\/1 Manufaktur P. Ipsens Enke KGL. Hof Terracottafabrik, D\u00e4nemark, Kopenhagen, 1918 &#8211; 1955, Schale mit Kammmolch, K\u00fcnstler unbekannt, Werks.-Nr. 229 (?), Exemplar Nr. ohne, gemarkt Krone PIE, 229, X, sowie Denmark gepresst, 2 &hellip; <a href=\"http:\/\/museumek.eu\/?page_id=5239\">Weiterlesen <span class=\"meta-nav\">&rarr;<\/span><\/a><\/p>\n","protected":false},"author":1,"featured_media":0,"parent":2797,"menu_order":0,"comment_status":"closed","ping_status":"closed","template":"","meta":[],"_links":{"self":[{"href":"http:\/\/museumek.eu\/index.php?rest_route=\/wp\/v2\/pages\/5239"}],"collection":[{"href":"http:\/\/museumek.eu\/index.php?rest_route=\/wp\/v2\/pages"}],"about":[{"href":"http:\/\/museumek.eu\/index.php?rest_route=\/wp\/v2\/types\/page"}],"author":[{"embeddable":true,"href":"http:\/\/museumek.eu\/index.php?rest_route=\/wp\/v2\/users\/1"}],"replies":[{"embeddable":true,"href":"http:\/\/museumek.eu\/index.php?rest_route=%2Fwp%2Fv2%2Fcomments&post=5239"}],"version-history":[{"count":9,"href":"http:\/\/museumek.eu\/index.php?rest_route=\/wp\/v2\/pages\/5239\/revisions"}],"predecessor-version":[{"id":59498,"href":"http:\/\/museumek.eu\/index.php?rest_route=\/wp\/v2\/pages\/5239\/revisions\/59498"}],"up":[{"embeddable":true,"href":"http:\/\/museumek.eu\/index.php?rest_route=\/wp\/v2\/pages\/2797"}],"wp:attachment":[{"href":"http:\/\/museumek.eu\/index.php?rest_route=%2Fwp%2Fv2%2Fmedia&parent=5239"}],"curies":[{"name":"wp","href":"https:\/\/api.w.org\/{rel}","templated":true}]}}