{"id":52418,"date":"2021-01-17T19:07:27","date_gmt":"2021-01-17T18:07:27","guid":{"rendered":"http:\/\/museumek.eu\/?page_id=52418"},"modified":"2021-01-17T19:08:03","modified_gmt":"2021-01-17T18:08:03","slug":"dclxxix1","status":"publish","type":"page","link":"http:\/\/museumek.eu\/?page_id=52418","title":{"rendered":"D\/CLXXIX\/1"},"content":{"rendered":"<p><strong>Abteilung Deutschland, Keramik 1860 \u2013 1960, Inventarnummer D\/CLXXIX\/1<\/strong><\/p>\n<p>Porzellanfabrik Carl August Lehmann &#038; Sohn und Nachf. Porzellanfabrik Bauer &#038; Lehmann, Deutschland, Kahla, um 1900, Milchk\u00e4nnchen, K\u00fcnstler unbekannt, Werks.-Nr. ohne, Exemplar Nr. ohne, gemarkt Firmenmarke halbkreisf\u00f6rmig nach unten offen das Wort Leuchtenburg, darunter stilisierte Abbildung der LEUCHTENBURG (die Leuchtenburg ist in der N\u00e4he von Kahla) gr\u00fcner Stempel unter Glasur, nicht signiert, Literatur: Dieter Z\u00fchlsdorff, Markenlexikon Band 1, Porzellan und Keramik Report 1885 &#8211; 1935, Seite 339, Marke Werkteil-Nummer 1, Gruppen-Nummer 14, fortlaufende Nummer innerhalb der Gruppe 67, dort identische Marke (mit Zusatz GERMANY, dort f\u00fcr die Zeit vor 1910) sowie Seite 527, Werkteil-Nummer 3, fortlaufende Nummer innerhalb des Werkteils 573, dort kurze Beschreibung der Fabrik, weitere Literatur: Robert E. R\u00f6ntgen, Deutsche Porzellanmarken von 1710 bis heute, Seite 147, dort identische Marke (mit Zusatz Germany, dort f\u00fcr die Zeit von 1909 bis ca. 1935), weitere Literatur: Emanuel Poche, Porzellanmarken aus aller Welt, Marke Nr. 1115 identisch (dort mit Zusatz Germany, dort f\u00fcr die Zeit nach 1895), die Fabrik wurde wohl 1885 von Carl August Lehmann in Kahla neu gegr\u00fcndet, denn Lehmann erwarb die Fabrik aus einer Konkursmasse, Firmierung Porzellanfabrik Carl August Lehmann &#038; Sohn, es war nicht zu recherchieren, ob einer der S\u00f6hne Lehmanns von Beginn an Mitinhaber war oder erst sp\u00e4ter Mitinhaber wurde, anscheinend war Lehmann auch Mitinhaber der Porzellanmalerei Bauer &#038; Lehmann in Kahla, 1888 verstirbt Carl August Lehmann und seine beiden S\u00f6hne, Carl August Lehmann jun. und Theodor Lehmann (geb. 1864, gest. 1908), erben die Fabrik zu gleichen Teilen, 1891, wohl nach Erbauseinandersetzungen scheidet Theodor Lehmann aus der Fabrik aus und \u00fcbernimmt die Arzberger Porzellanfabrik des Herrn Christoph Schumann, 1910 sind Inhaber Carl August Lehmann jun. und Kommerzienrat Carl Lehmann, um 1935 wird Franz Bauer (wohl ein Verwandter des Inhabers Bauer der Porzellanmalerei Bauer &#038; Lehmann, wohl seit 1927 auch mit eigener Porzellanproduktion) Mitinhaber der Fabrik, der Fabrikname \u00e4ndert sich in Porzellanfabrik Bauer &#038; Lehmann und die Firmenmarke wechselt, sp\u00e4ter wird die Fabrik verstaatlicht, H\u00f6he 11,5 cm, Breite 12,5 cm <\/p>\n<p><a href=\"http:\/\/museumek.eu\/?attachment_id=52407\" rel=\"attachment wp-att-52407\"><img loading=\"lazy\" src=\"http:\/\/museumek.eu\/wp-content\/uploads\/2021\/01\/Lehmann-Kahla-Kanne-1-190x300.jpg\" alt=\"\" title=\"Lehmann Kahla Kanne 1\" width=\"190\" height=\"300\" class=\"alignnone size-medium wp-image-52407\" srcset=\"http:\/\/museumek.eu\/wp-content\/uploads\/2021\/01\/Lehmann-Kahla-Kanne-1-190x300.jpg 190w, http:\/\/museumek.eu\/wp-content\/uploads\/2021\/01\/Lehmann-Kahla-Kanne-1-95x150.jpg 95w, http:\/\/museumek.eu\/wp-content\/uploads\/2021\/01\/Lehmann-Kahla-Kanne-1.jpg 406w\" sizes=\"(max-width: 190px) 100vw, 190px\" \/><\/a><\/p>\n<p><a href=\"http:\/\/museumek.eu\/?attachment_id=52408\" rel=\"attachment wp-att-52408\"><img loading=\"lazy\" src=\"http:\/\/museumek.eu\/wp-content\/uploads\/2021\/01\/Lehmann-Kahla-Kanne-2-275x300.jpg\" alt=\"\" title=\"Lehmann Kahla Kanne 2\" width=\"275\" height=\"300\" class=\"alignnone size-medium wp-image-52408\" srcset=\"http:\/\/museumek.eu\/wp-content\/uploads\/2021\/01\/Lehmann-Kahla-Kanne-2-275x300.jpg 275w, http:\/\/museumek.eu\/wp-content\/uploads\/2021\/01\/Lehmann-Kahla-Kanne-2-137x150.jpg 137w, http:\/\/museumek.eu\/wp-content\/uploads\/2021\/01\/Lehmann-Kahla-Kanne-2.jpg 480w\" sizes=\"(max-width: 275px) 100vw, 275px\" \/><\/a><\/p>\n<p><a href=\"http:\/\/museumek.eu\/?attachment_id=52409\" rel=\"attachment wp-att-52409\"><img loading=\"lazy\" src=\"http:\/\/museumek.eu\/wp-content\/uploads\/2021\/01\/Lehmann-Kahla-Kanne-3-242x300.jpg\" alt=\"\" title=\"Lehmann Kahla Kanne 3\" width=\"242\" height=\"300\" class=\"alignnone size-medium wp-image-52409\" srcset=\"http:\/\/museumek.eu\/wp-content\/uploads\/2021\/01\/Lehmann-Kahla-Kanne-3-242x300.jpg 242w, http:\/\/museumek.eu\/wp-content\/uploads\/2021\/01\/Lehmann-Kahla-Kanne-3-121x150.jpg 121w, http:\/\/museumek.eu\/wp-content\/uploads\/2021\/01\/Lehmann-Kahla-Kanne-3.jpg 480w\" sizes=\"(max-width: 242px) 100vw, 242px\" \/><\/a><\/p>\n<p><a href=\"http:\/\/museumek.eu\/?attachment_id=52411\" rel=\"attachment wp-att-52411\"><img loading=\"lazy\" src=\"http:\/\/museumek.eu\/wp-content\/uploads\/2021\/01\/Lehmann-Kahla-Kanne-41-221x300.jpg\" alt=\"\" title=\"Lehmann Kahla Kanne 4\" width=\"221\" height=\"300\" class=\"alignnone size-medium wp-image-52411\" srcset=\"http:\/\/museumek.eu\/wp-content\/uploads\/2021\/01\/Lehmann-Kahla-Kanne-41-221x300.jpg 221w, http:\/\/museumek.eu\/wp-content\/uploads\/2021\/01\/Lehmann-Kahla-Kanne-41-110x150.jpg 110w, http:\/\/museumek.eu\/wp-content\/uploads\/2021\/01\/Lehmann-Kahla-Kanne-41.jpg 473w\" sizes=\"(max-width: 221px) 100vw, 221px\" \/><\/a><\/p>\n<p><a href=\"http:\/\/museumek.eu\/?attachment_id=52412\" rel=\"attachment wp-att-52412\"><img loading=\"lazy\" src=\"http:\/\/museumek.eu\/wp-content\/uploads\/2021\/01\/Lehmann-Kahla-Kanne-5-300x253.jpg\" alt=\"\" title=\"Lehmann Kahla Kanne 5\" width=\"300\" height=\"253\" class=\"alignnone size-medium wp-image-52412\" srcset=\"http:\/\/museumek.eu\/wp-content\/uploads\/2021\/01\/Lehmann-Kahla-Kanne-5-300x253.jpg 300w, http:\/\/museumek.eu\/wp-content\/uploads\/2021\/01\/Lehmann-Kahla-Kanne-5-150x126.jpg 150w, http:\/\/museumek.eu\/wp-content\/uploads\/2021\/01\/Lehmann-Kahla-Kanne-5-355x300.jpg 355w, http:\/\/museumek.eu\/wp-content\/uploads\/2021\/01\/Lehmann-Kahla-Kanne-5.jpg 568w\" sizes=\"(max-width: 300px) 100vw, 300px\" \/><\/a> <\/p>\n","protected":false},"excerpt":{"rendered":"<p>Abteilung Deutschland, Keramik 1860 \u2013 1960, Inventarnummer D\/CLXXIX\/1 Porzellanfabrik Carl August Lehmann &#038; Sohn und Nachf. Porzellanfabrik Bauer &#038; Lehmann, Deutschland, Kahla, um 1900, Milchk\u00e4nnchen, K\u00fcnstler unbekannt, Werks.-Nr. ohne, Exemplar Nr. ohne, gemarkt Firmenmarke halbkreisf\u00f6rmig nach unten offen das Wort &hellip; <a href=\"http:\/\/museumek.eu\/?page_id=52418\">Weiterlesen <span class=\"meta-nav\">&rarr;<\/span><\/a><\/p>\n","protected":false},"author":1,"featured_media":0,"parent":52401,"menu_order":1,"comment_status":"closed","ping_status":"open","template":"","meta":[],"_links":{"self":[{"href":"http:\/\/museumek.eu\/index.php?rest_route=\/wp\/v2\/pages\/52418"}],"collection":[{"href":"http:\/\/museumek.eu\/index.php?rest_route=\/wp\/v2\/pages"}],"about":[{"href":"http:\/\/museumek.eu\/index.php?rest_route=\/wp\/v2\/types\/page"}],"author":[{"embeddable":true,"href":"http:\/\/museumek.eu\/index.php?rest_route=\/wp\/v2\/users\/1"}],"replies":[{"embeddable":true,"href":"http:\/\/museumek.eu\/index.php?rest_route=%2Fwp%2Fv2%2Fcomments&post=52418"}],"version-history":[{"count":4,"href":"http:\/\/museumek.eu\/index.php?rest_route=\/wp\/v2\/pages\/52418\/revisions"}],"predecessor-version":[{"id":52422,"href":"http:\/\/museumek.eu\/index.php?rest_route=\/wp\/v2\/pages\/52418\/revisions\/52422"}],"up":[{"embeddable":true,"href":"http:\/\/museumek.eu\/index.php?rest_route=\/wp\/v2\/pages\/52401"}],"wp:attachment":[{"href":"http:\/\/museumek.eu\/index.php?rest_route=%2Fwp%2Fv2%2Fmedia&parent=52418"}],"curies":[{"name":"wp","href":"https:\/\/api.w.org\/{rel}","templated":true}]}}