{"id":52553,"date":"2021-01-24T13:26:23","date_gmt":"2021-01-24T12:26:23","guid":{"rendered":"http:\/\/museumek.eu\/?page_id=52553"},"modified":"2021-01-24T13:26:23","modified_gmt":"2021-01-24T12:26:23","slug":"dcxliii3","status":"publish","type":"page","link":"http:\/\/museumek.eu\/?page_id=52553","title":{"rendered":"D\/CXLIII\/3"},"content":{"rendered":"<p><strong>Abteilung Deutschland, Keramik 1860 \u2013 1960, Inventarnummer D\/CXLIII\/3<\/strong><\/p>\n<p>Porzellanfabriken K. Steinmann G.m.b.H, vormals K. Steinmann, Porzellanfabriken, vormals K. Steinmann Porzellan-Fabrik und \u2013Malerei, vormals K. Steinmann Porzellan-Fabrik und Porzellan-Malerei, vormals Tiefenfurter Porzellan &#038; Chamottewaaren-Fabrik C. Steinmann, vormals Tiefenfurter Porzellan &#038; Chamottewaaren-Fabrik AG und Nachfolger Porzellan- und Steinzeugfabrik Walter Becht KG (erste Fabrik) sowie Porzellanfabrik K. Steinmann, Abteilung II, Porzellanfabrik Silesia, vormals Porzellanfabrik Silesia, Otto Schmidt, vormals Porzellanfabrik E. Schmidt &#038; Sohn, vormals Steingut- und Porzellanfabrik Sporleder und Benker, vormals Steingutfabrik C. T. R\u00e4disch Nachfolger Sporleder, vormals Steingutfabrik C. T. R\u00e4disch Nachfolger, vormals Tiefenfurter Porzellan &#038; Chamottewaaren-Fabrik AG, vormals Tiefenfurter Porzellan-Manufactur-Gesellschaft, vormals Porzellan- und Steingutfabrik Carl R\u00e4disch, vormals Steingutfabrik Carl R\u00e4disch (zweite Fabrik), Deutschland, Tiefenfurt, 1932 &#8211; 1943, gro\u00dfer Kuchenteller, K\u00fcnstler unbekannt, Werks.-Nr. ohne, Exemplar Nr. ohne, gemarkt Firmenmarke Schriftzug Steinmann, darunter Krone, in der Krone K.St.T. (f\u00fcr Kuno Steinmann Tiefenfurt), darunter Tiefenfurt (Marke g\u00fcltig f\u00fcr die Zeit 1932 \u2013 1943) sowie 513 gr\u00fcne Stempel unter Glasur, nicht signiert, Literatur: Gerhard Schmidt-Stein, Schlesisches Porzellan vor 1945, Seite 210 ff., Beschreibung der Fabrik sowie Seite 225, identische Marke abgebildet (dort g\u00fcltig f\u00fcr die Zeit 1932 &#8211; 1943), weitere Literatur: Martin K\u00fcgler, Beste Qualit\u00e4t zu civilen Preisen, Schlesisches Porzellan seit 1820, Seite 49, Fabrikbeschreibung, der aus Gro\u00dfbreitenbach in Th\u00fcringen stammende Kuno Hugo Steinmann (geb. 1839) betrieb in Tiefenfurt eine Porzellanfabrik, deren zwei Werke eine unterschiedliche Entstehung hatten, die Urspr\u00fcnge des <strong>ersten Werkes<\/strong>, nachfolgend beschrieben, sind in der Literatur sehr verworren dargestellt und nicht absolut gesichert, das MEK hat deshalb die sinnvollsten Darstellungen unter Ber\u00fccksichtigung von zeitlichen Abfolgen verwendet, um 1818 wurde in Tiefenfurt eine Porzellanfabrik gegr\u00fcndet, diese befand sich seit ca. 1835 im Besitz von Carl R\u00e4disch, der sie als Porzellan- Steingut- und Glasmalerei betrieb, 1840 errichtete R\u00e4disch in dem im Kreis G\u00f6rlitz gelegenen Teil von Tiefenfurt eine Steingutfabrik, Firmierung wohl <strong>Steingutfabrik Carl R\u00e4disch<\/strong>, ab 1868 stellte R\u00e4disch in dieser Fabrik auch Porzellan her, Firmierung <strong>Porzellan- und Steingutfabrik Carl R\u00e4disch<\/strong>, das Jahr 1868 wird von Steinmann sp\u00e4ter als Gr\u00fcndungsjahr der Fabrik angegeben (dies gilt als Hinweis, dass diese Fabrik sp\u00e4ter im Eigentum von Steinmann stand), um 1870 bestand wohl in Freiwaldau eine Filiale der Fabrik, 1872 wurde die Fabrik samt Filiale in Freiwaldau von der <strong>Tiefenfurter Porzellan-Manufactur-Gesellschaft <\/strong>(gegr\u00fcndet von der Oberlausitzer Bank) \u00fcbernommen, diese \u00e4nderte kurz darauf ihre Firmierung in <strong>Tiefenfurter Porzellan &#038; Chamottewaaren-Fabrik AG <\/strong> (Anm. MEK: diese Fabrik hatte wohl bereits eine eigene Fabrik zur Porzellanherstellung in Tiefenfurt, die sp\u00e4ter eine Fabrik von Kuno Steinmann wurde und kaufte die R\u00e4dische Fabrik zu), 1876 verkaufte die Tiefenfurter Porzellan &#038; Chamottewaaren-Fabrik die ehemalige R\u00e4dische Fabrik samt Filiale in Freiwaldau, das MEK konnte den oder die K\u00e4ufer nicht recherchieren, die Firmierung lautete wohl <strong>Steingutfabrik C. T. R\u00e4disch Nachfolger<\/strong>, in der Fabrik wurde ab da wieder nur Steingut hergestellt, um 1882 \u00fcbernahm Richard Sporleder (vormals Direktor der ebenfalls in Tiefenfurt ans\u00e4ssigen Schlesischen Porzellan- und Steingut Manufactur AG) die Gesch\u00e4ftsf\u00fchrung der Fabrik, Inhaberin war wohl Sporleders Frau Thekla Sporleder, Firmierung ab da <strong>Steingutfabrik C. T. R\u00e4disch Nachfolger Sporleder<\/strong>, es wurde weiterhin nur Steingut hergestellt, ab 1890 tritt der Porzellanfabrikant Adam Benker in die Fabrik ein, es wird nun auch wieder Porzellan hergestellt, die Firmierung \u00e4ndert sich in <strong>Steingut- und Porzellanfabrik Sporleder und Benker<\/strong>, die Fabrik stand bis 1893 im Eigentum von Sporleder und Benker, danach werden in der Literatur als Eigent\u00fcmer E. Schmidt &#038; Sohn genannt, Firmierung <strong>Porzellanfabrik E. Schmidt &#038; Sohn<\/strong>, diese betrieben evtl. bereits eine Porzellanfabrik in Tiefenfurt, 1897 erlischt die Firma E. Schmidt &#038; Sohn, durch Ausscheiden von E. Schmidt und die Fabrik wird von Otto Schmidt (wohl der Sohn von E. Schmidt) als Alleineigent\u00fcmer erworben, Firmierung <strong>Porzellanfabrik Silesia, Otto Schmidt<\/strong>, ab 1900 kauft die Porzellanfabrik C. Steinmann die Fabrik, Firmierung ab da <strong>Porzellanfabrik K. Steinmann, Abteilung II, Porzellanfabrik Silesia<\/strong>, Ursp\u00fcnge der <strong>zweiten<\/strong> Steinmann\u2018schen Fabrik, 1883 verkaufte die Tiefenfurter Porzellan &#038; Chamottewaaren-Fabrik AG die Porzellanfabrik in Steinfurt an ihren bisherigen Direktor Kuno Hugo Steinmann und ging in Liquidation, Firmierung ab da <strong>Tiefenfurter Porzellan &#038; Chamottewaaren-Fabrik C. Steinmann <\/strong> (das C steht f\u00fcr Cuno nach alter Schreibweise), 1893 verstarb Steinmann, die Fabrik wurde von den Erben, Witwe Ottilie Steinmann und den vier minderj\u00e4hrigen Kindern Elisabeth, Walter, Katharina und Margarethe fortgef\u00fchrt, die Fabrikleitung vergaben die Erben an Gustav M\u00fcller, dieser hatte seine Ausbildung unter Direktor Steinmann in der Tiefenfurter Porzellan &#038; Chamottewaaren-Fabrik AG erhalten und sich so Vertrauen erworben, 1899 \u00fcbernahm Walter Steinmann die Leitung der Fabrik, M\u00fcller blieb Gesch\u00e4ftsf\u00fchrer, laut einer Firmenanzeige firmierte die Fabrik im Jahr (oder ab Jahr) 1901 wie folgt: <strong>K. Steinmann Porzellan-Fabrik und Porzellan-Malerei<\/strong>, 1895 heiratete Steinmanns Tochter Elisabeth den Gesch\u00e4ftsf\u00fchrer der Porzellanfabrik Silesia, Otto Schmidt, Arnold Mieck, Ende 1900\/Anfang 1901 kaufte die Fabrik die oben bereits beschriebene Porzellanfabrik Silesia, Otto Schmidt, 1903 heiratete Walter Steinmann die Tochter des Porzellanfabrikanten Paul Donath, Maria Donath, laut einer Firmenanzeige firmierte die Fabrik im Jahr (oder ab Jahr) 1904 wie folgt: <strong>K. Steinmann Porzellan-Fabrik und \u2013 Malerei<\/strong>, laut einer Firmenanzeige firmierte die Fabrik im Jahr (oder ab Jahr) 1913 wie folgt: <strong>K. Steinmann, Porzellanfabriken<\/strong>, 1907 verstarb Ottilie Steinmann und Steinmanns Kinder f\u00fchrten die Fabrik fort, 1932 wurde das bisherige Familienunternehmen liquidiert und mit Unterst\u00fctzung eines Bankkonsortiums als GmbH weitergef\u00fchrt, Firmierung ab da <strong>Porzellanfabriken K. Steinmann G.m.b.H.<\/strong>, M\u00fcller schied krankheitsbedingt 1934 aus und Walter Becht \u00fcbernahm die Gesamtleitung der Fabrik, 1934 verstarb Walter Steinmann, 1943 \u00fcbernahm Walter Becht die Fabrik, Firmierung ab da <strong>Porzellan- und Steinzeugfabrik Walter Becht KG<\/strong>, 1945 wurde die Fabrik enteignet, Durchmesser 28,3 cm<\/p>\n<p><a href=\"http:\/\/museumek.eu\/?attachment_id=52527\" rel=\"attachment wp-att-52527\"><img loading=\"lazy\" src=\"http:\/\/museumek.eu\/wp-content\/uploads\/2015\/08\/Steinmann-Tiefenfurt-gro\u00dfe-Platte-mit-Blumen-1-300x282.jpg\" alt=\"\" title=\"Steinmann Tiefenfurt gro\u00dfe Platte mit Blumen 1\" width=\"300\" height=\"282\" class=\"alignnone size-medium wp-image-52527\" srcset=\"http:\/\/museumek.eu\/wp-content\/uploads\/2015\/08\/Steinmann-Tiefenfurt-gro\u00dfe-Platte-mit-Blumen-1-300x282.jpg 300w, http:\/\/museumek.eu\/wp-content\/uploads\/2015\/08\/Steinmann-Tiefenfurt-gro\u00dfe-Platte-mit-Blumen-1-150x141.jpg 150w, http:\/\/museumek.eu\/wp-content\/uploads\/2015\/08\/Steinmann-Tiefenfurt-gro\u00dfe-Platte-mit-Blumen-1-318x300.jpg 318w, http:\/\/museumek.eu\/wp-content\/uploads\/2015\/08\/Steinmann-Tiefenfurt-gro\u00dfe-Platte-mit-Blumen-1.jpg 510w\" sizes=\"(max-width: 300px) 100vw, 300px\" \/><\/a><\/p>\n<p><a href=\"http:\/\/museumek.eu\/?attachment_id=52528\" rel=\"attachment wp-att-52528\"><img loading=\"lazy\" src=\"http:\/\/museumek.eu\/wp-content\/uploads\/2015\/08\/Steinmann-Tiefenfurt-gro\u00dfe-Platte-mit-Blumen-2-225x300.jpg\" alt=\"\" title=\"Steinmann Tiefenfurt gro\u00dfe Platte mit Blumen 2\" width=\"225\" height=\"300\" class=\"alignnone size-medium wp-image-52528\" srcset=\"http:\/\/museumek.eu\/wp-content\/uploads\/2015\/08\/Steinmann-Tiefenfurt-gro\u00dfe-Platte-mit-Blumen-2-225x300.jpg 225w, http:\/\/museumek.eu\/wp-content\/uploads\/2015\/08\/Steinmann-Tiefenfurt-gro\u00dfe-Platte-mit-Blumen-2-112x150.jpg 112w, http:\/\/museumek.eu\/wp-content\/uploads\/2015\/08\/Steinmann-Tiefenfurt-gro\u00dfe-Platte-mit-Blumen-2.jpg 480w\" sizes=\"(max-width: 225px) 100vw, 225px\" \/><\/a><\/p>\n<p><a href=\"http:\/\/museumek.eu\/?attachment_id=52530\" rel=\"attachment wp-att-52530\"><img loading=\"lazy\" src=\"http:\/\/museumek.eu\/wp-content\/uploads\/2015\/08\/Steinmann-Tiefenfurt-gro\u00dfe-Platte-mit-Blumen-3-293x300.jpg\" alt=\"\" title=\"Steinmann Tiefenfurt gro\u00dfe Platte mit Blumen 3\" width=\"293\" height=\"300\" class=\"alignnone size-medium wp-image-52530\" srcset=\"http:\/\/museumek.eu\/wp-content\/uploads\/2015\/08\/Steinmann-Tiefenfurt-gro\u00dfe-Platte-mit-Blumen-3-293x300.jpg 293w, http:\/\/museumek.eu\/wp-content\/uploads\/2015\/08\/Steinmann-Tiefenfurt-gro\u00dfe-Platte-mit-Blumen-3-146x150.jpg 146w, http:\/\/museumek.eu\/wp-content\/uploads\/2015\/08\/Steinmann-Tiefenfurt-gro\u00dfe-Platte-mit-Blumen-3.jpg 480w\" sizes=\"(max-width: 293px) 100vw, 293px\" \/><\/a><\/p>\n<p><a href=\"http:\/\/museumek.eu\/?attachment_id=52531\" rel=\"attachment wp-att-52531\"><img loading=\"lazy\" src=\"http:\/\/museumek.eu\/wp-content\/uploads\/2015\/08\/Steinmann-Tiefenfurt-gro\u00dfe-Platte-mit-Blumen-4-173x300.jpg\" alt=\"\" title=\"Steinmann Tiefenfurt gro\u00dfe Platte mit Blumen 4\" width=\"173\" height=\"300\" class=\"alignnone size-medium wp-image-52531\" srcset=\"http:\/\/museumek.eu\/wp-content\/uploads\/2015\/08\/Steinmann-Tiefenfurt-gro\u00dfe-Platte-mit-Blumen-4-173x300.jpg 173w, http:\/\/museumek.eu\/wp-content\/uploads\/2015\/08\/Steinmann-Tiefenfurt-gro\u00dfe-Platte-mit-Blumen-4-86x150.jpg 86w, http:\/\/museumek.eu\/wp-content\/uploads\/2015\/08\/Steinmann-Tiefenfurt-gro\u00dfe-Platte-mit-Blumen-4.jpg 370w\" sizes=\"(max-width: 173px) 100vw, 173px\" \/><\/a><\/p>\n<p><a href=\"http:\/\/museumek.eu\/?attachment_id=52532\" rel=\"attachment wp-att-52532\"><img loading=\"lazy\" src=\"http:\/\/museumek.eu\/wp-content\/uploads\/2015\/08\/Steinmann-Tiefenfurt-gro\u00dfe-Platte-mit-Blumen-5-300x275.jpg\" alt=\"\" title=\"Steinmann Tiefenfurt gro\u00dfe Platte mit Blumen 5\" width=\"300\" height=\"275\" class=\"alignnone size-medium wp-image-52532\" srcset=\"http:\/\/museumek.eu\/wp-content\/uploads\/2015\/08\/Steinmann-Tiefenfurt-gro\u00dfe-Platte-mit-Blumen-5-300x275.jpg 300w, http:\/\/museumek.eu\/wp-content\/uploads\/2015\/08\/Steinmann-Tiefenfurt-gro\u00dfe-Platte-mit-Blumen-5-150x137.jpg 150w, http:\/\/museumek.eu\/wp-content\/uploads\/2015\/08\/Steinmann-Tiefenfurt-gro\u00dfe-Platte-mit-Blumen-5-326x300.jpg 326w, http:\/\/museumek.eu\/wp-content\/uploads\/2015\/08\/Steinmann-Tiefenfurt-gro\u00dfe-Platte-mit-Blumen-5.jpg 523w\" sizes=\"(max-width: 300px) 100vw, 300px\" \/><\/a><\/p>\n<p><a href=\"http:\/\/museumek.eu\/?attachment_id=52533\" rel=\"attachment wp-att-52533\"><img loading=\"lazy\" src=\"http:\/\/museumek.eu\/wp-content\/uploads\/2015\/08\/Steinmann-Tiefenfurt-gro\u00dfe-Platte-mit-Blumen-6-300x166.jpg\" alt=\"\" title=\"Steinmann Tiefenfurt gro\u00dfe Platte mit Blumen 6\" width=\"300\" height=\"166\" class=\"alignnone size-medium wp-image-52533\" srcset=\"http:\/\/museumek.eu\/wp-content\/uploads\/2015\/08\/Steinmann-Tiefenfurt-gro\u00dfe-Platte-mit-Blumen-6-300x166.jpg 300w, http:\/\/museumek.eu\/wp-content\/uploads\/2015\/08\/Steinmann-Tiefenfurt-gro\u00dfe-Platte-mit-Blumen-6-150x83.jpg 150w, http:\/\/museumek.eu\/wp-content\/uploads\/2015\/08\/Steinmann-Tiefenfurt-gro\u00dfe-Platte-mit-Blumen-6-500x278.jpg 500w, http:\/\/museumek.eu\/wp-content\/uploads\/2015\/08\/Steinmann-Tiefenfurt-gro\u00dfe-Platte-mit-Blumen-6.jpg 640w\" sizes=\"(max-width: 300px) 100vw, 300px\" \/><\/a><\/p>\n","protected":false},"excerpt":{"rendered":"<p>Abteilung Deutschland, Keramik 1860 \u2013 1960, Inventarnummer D\/CXLIII\/3 Porzellanfabriken K. Steinmann G.m.b.H, vormals K. Steinmann, Porzellanfabriken, vormals K. Steinmann Porzellan-Fabrik und \u2013Malerei, vormals K. Steinmann Porzellan-Fabrik und Porzellan-Malerei, vormals Tiefenfurter Porzellan &#038; Chamottewaaren-Fabrik C. Steinmann, vormals Tiefenfurter Porzellan &#038; Chamottewaaren-Fabrik &hellip; <a href=\"http:\/\/museumek.eu\/?page_id=52553\">Weiterlesen <span class=\"meta-nav\">&rarr;<\/span><\/a><\/p>\n","protected":false},"author":1,"featured_media":0,"parent":43917,"menu_order":3,"comment_status":"closed","ping_status":"open","template":"","meta":[],"_links":{"self":[{"href":"http:\/\/museumek.eu\/index.php?rest_route=\/wp\/v2\/pages\/52553"}],"collection":[{"href":"http:\/\/museumek.eu\/index.php?rest_route=\/wp\/v2\/pages"}],"about":[{"href":"http:\/\/museumek.eu\/index.php?rest_route=\/wp\/v2\/types\/page"}],"author":[{"embeddable":true,"href":"http:\/\/museumek.eu\/index.php?rest_route=\/wp\/v2\/users\/1"}],"replies":[{"embeddable":true,"href":"http:\/\/museumek.eu\/index.php?rest_route=%2Fwp%2Fv2%2Fcomments&post=52553"}],"version-history":[{"count":2,"href":"http:\/\/museumek.eu\/index.php?rest_route=\/wp\/v2\/pages\/52553\/revisions"}],"predecessor-version":[{"id":52555,"href":"http:\/\/museumek.eu\/index.php?rest_route=\/wp\/v2\/pages\/52553\/revisions\/52555"}],"up":[{"embeddable":true,"href":"http:\/\/museumek.eu\/index.php?rest_route=\/wp\/v2\/pages\/43917"}],"wp:attachment":[{"href":"http:\/\/museumek.eu\/index.php?rest_route=%2Fwp%2Fv2%2Fmedia&parent=52553"}],"curies":[{"name":"wp","href":"https:\/\/api.w.org\/{rel}","templated":true}]}}