{"id":52669,"date":"2021-01-26T21:59:47","date_gmt":"2021-01-26T20:59:47","guid":{"rendered":"http:\/\/museumek.eu\/?page_id=52669"},"modified":"2021-01-26T21:59:47","modified_gmt":"2021-01-26T20:59:47","slug":"oz45","status":"publish","type":"page","link":"http:\/\/museumek.eu\/?page_id=52669","title":{"rendered":"OZ\/45"},"content":{"rendered":"<p><strong>Abteilung Ohne Zuordnung, Keramik 1860 \u2013 1960, Inventarnummer OZ\/45<\/strong><\/p>\n<p>Schirmst\u00e4nder mit Messingmontur, um 1920, Werksnummer ohne, gemarkt Firmenmarke kreisf\u00f6rmig aber nicht aufl\u00f6sbar, dazu EG, 818 sowie B schwarze Schrift, nicht signiert, H\u00f6he ca. 38 cm, Breite ca. 17,5 cm (nur die Keramik)<\/p>\n<p><a href=\"http:\/\/museumek.eu\/?attachment_id=52654\" rel=\"attachment wp-att-52654\"><img loading=\"lazy\" src=\"http:\/\/museumek.eu\/wp-content\/uploads\/2011\/09\/Schirmst\u00e4nder-ohne-Zuordnung-1-131x300.jpg\" alt=\"\" title=\"Schirmst\u00e4nder ohne Zuordnung 1\" width=\"131\" height=\"300\" class=\"alignnone size-medium wp-image-52654\" srcset=\"http:\/\/museumek.eu\/wp-content\/uploads\/2011\/09\/Schirmst\u00e4nder-ohne-Zuordnung-1-131x300.jpg 131w, http:\/\/museumek.eu\/wp-content\/uploads\/2011\/09\/Schirmst\u00e4nder-ohne-Zuordnung-1-65x150.jpg 65w, http:\/\/museumek.eu\/wp-content\/uploads\/2011\/09\/Schirmst\u00e4nder-ohne-Zuordnung-1.jpg 280w\" sizes=\"(max-width: 131px) 100vw, 131px\" \/><\/a><\/p>\n<p><a href=\"http:\/\/museumek.eu\/?attachment_id=52655\" rel=\"attachment wp-att-52655\"><img loading=\"lazy\" src=\"http:\/\/museumek.eu\/wp-content\/uploads\/2011\/09\/Schirmst\u00e4nder-ohne-Zuordnung-2-136x300.jpg\" alt=\"\" title=\"Schirmst\u00e4nder ohne Zuordnung 2\" width=\"136\" height=\"300\" class=\"alignnone size-medium wp-image-52655\" srcset=\"http:\/\/museumek.eu\/wp-content\/uploads\/2011\/09\/Schirmst\u00e4nder-ohne-Zuordnung-2-136x300.jpg 136w, http:\/\/museumek.eu\/wp-content\/uploads\/2011\/09\/Schirmst\u00e4nder-ohne-Zuordnung-2-68x150.jpg 68w\" sizes=\"(max-width: 136px) 100vw, 136px\" \/><\/a><\/p>\n<p><a href=\"http:\/\/museumek.eu\/?attachment_id=52656\" rel=\"attachment wp-att-52656\"><img loading=\"lazy\" src=\"http:\/\/museumek.eu\/wp-content\/uploads\/2011\/09\/Schirmst\u00e4nder-ohne-Zuordnung-3-152x300.jpg\" alt=\"\" title=\"Schirmst\u00e4nder ohne Zuordnung 3\" width=\"152\" height=\"300\" class=\"alignnone size-medium wp-image-52656\" srcset=\"http:\/\/museumek.eu\/wp-content\/uploads\/2011\/09\/Schirmst\u00e4nder-ohne-Zuordnung-3-152x300.jpg 152w, http:\/\/museumek.eu\/wp-content\/uploads\/2011\/09\/Schirmst\u00e4nder-ohne-Zuordnung-3-76x150.jpg 76w, http:\/\/museumek.eu\/wp-content\/uploads\/2011\/09\/Schirmst\u00e4nder-ohne-Zuordnung-3.jpg 325w\" sizes=\"(max-width: 152px) 100vw, 152px\" \/><\/a><\/p>\n<p><a href=\"http:\/\/museumek.eu\/?attachment_id=52659\" rel=\"attachment wp-att-52659\"><img loading=\"lazy\" src=\"http:\/\/museumek.eu\/wp-content\/uploads\/2011\/09\/Schirmst\u00e4nder-ohne-Zuordnung-4-256x300.jpg\" alt=\"\" title=\"Schirmst\u00e4nder ohne Zuordnung 4\" width=\"256\" height=\"300\" class=\"alignnone size-medium wp-image-52659\" srcset=\"http:\/\/museumek.eu\/wp-content\/uploads\/2011\/09\/Schirmst\u00e4nder-ohne-Zuordnung-4-256x300.jpg 256w, http:\/\/museumek.eu\/wp-content\/uploads\/2011\/09\/Schirmst\u00e4nder-ohne-Zuordnung-4-128x150.jpg 128w, http:\/\/museumek.eu\/wp-content\/uploads\/2011\/09\/Schirmst\u00e4nder-ohne-Zuordnung-4.jpg 480w\" sizes=\"(max-width: 256px) 100vw, 256px\" \/><\/a><\/p>\n<p><a href=\"http:\/\/museumek.eu\/?attachment_id=52660\" rel=\"attachment wp-att-52660\"><img loading=\"lazy\" src=\"http:\/\/museumek.eu\/wp-content\/uploads\/2011\/09\/Schirmst\u00e4nder-ohne-Zuordnung-5-300x266.jpg\" alt=\"\" title=\"Schirmst\u00e4nder ohne Zuordnung 5\" width=\"300\" height=\"266\" class=\"alignnone size-medium wp-image-52660\" srcset=\"http:\/\/museumek.eu\/wp-content\/uploads\/2011\/09\/Schirmst\u00e4nder-ohne-Zuordnung-5-300x266.jpg 300w, http:\/\/museumek.eu\/wp-content\/uploads\/2011\/09\/Schirmst\u00e4nder-ohne-Zuordnung-5-150x133.jpg 150w, http:\/\/museumek.eu\/wp-content\/uploads\/2011\/09\/Schirmst\u00e4nder-ohne-Zuordnung-5-337x300.jpg 337w, http:\/\/museumek.eu\/wp-content\/uploads\/2011\/09\/Schirmst\u00e4nder-ohne-Zuordnung-5.jpg 540w\" sizes=\"(max-width: 300px) 100vw, 300px\" \/><\/a><\/p>\n<p><a href=\"http:\/\/museumek.eu\/?attachment_id=52663\" rel=\"attachment wp-att-52663\"><img loading=\"lazy\" src=\"http:\/\/museumek.eu\/wp-content\/uploads\/2011\/09\/Schirmst\u00e4nder-ohne-Zuordnung-6-300x157.jpg\" alt=\"\" title=\"Schirmst\u00e4nder ohne Zuordnung 6\" width=\"300\" height=\"157\" class=\"alignnone size-medium wp-image-52663\" srcset=\"http:\/\/museumek.eu\/wp-content\/uploads\/2011\/09\/Schirmst\u00e4nder-ohne-Zuordnung-6-300x157.jpg 300w, http:\/\/museumek.eu\/wp-content\/uploads\/2011\/09\/Schirmst\u00e4nder-ohne-Zuordnung-6-150x78.jpg 150w, http:\/\/museumek.eu\/wp-content\/uploads\/2011\/09\/Schirmst\u00e4nder-ohne-Zuordnung-6-500x262.jpg 500w, http:\/\/museumek.eu\/wp-content\/uploads\/2011\/09\/Schirmst\u00e4nder-ohne-Zuordnung-6.jpg 640w\" sizes=\"(max-width: 300px) 100vw, 300px\" \/><\/a><\/p>\n<p><a href=\"http:\/\/museumek.eu\/?attachment_id=52664\" rel=\"attachment wp-att-52664\"><img loading=\"lazy\" src=\"http:\/\/museumek.eu\/wp-content\/uploads\/2011\/09\/Schirmst\u00e4nder-ohne-Zuordnung-7-281x300.jpg\" alt=\"\" title=\"Schirmst\u00e4nder ohne Zuordnung 7\" width=\"281\" height=\"300\" class=\"alignnone size-medium wp-image-52664\" srcset=\"http:\/\/museumek.eu\/wp-content\/uploads\/2011\/09\/Schirmst\u00e4nder-ohne-Zuordnung-7-281x300.jpg 281w, http:\/\/museumek.eu\/wp-content\/uploads\/2011\/09\/Schirmst\u00e4nder-ohne-Zuordnung-7-140x150.jpg 140w, http:\/\/museumek.eu\/wp-content\/uploads\/2011\/09\/Schirmst\u00e4nder-ohne-Zuordnung-7.jpg 480w\" sizes=\"(max-width: 281px) 100vw, 281px\" \/><\/a><\/p>\n","protected":false},"excerpt":{"rendered":"<p>Abteilung Ohne Zuordnung, Keramik 1860 \u2013 1960, Inventarnummer OZ\/45 Schirmst\u00e4nder mit Messingmontur, um 1920, Werksnummer ohne, gemarkt Firmenmarke kreisf\u00f6rmig aber nicht aufl\u00f6sbar, dazu EG, 818 sowie B schwarze Schrift, nicht signiert, H\u00f6he ca. 38 cm, Breite ca. 17,5 cm (nur &hellip; <a href=\"http:\/\/museumek.eu\/?page_id=52669\">Weiterlesen <span class=\"meta-nav\">&rarr;<\/span><\/a><\/p>\n","protected":false},"author":1,"featured_media":0,"parent":49075,"menu_order":45,"comment_status":"closed","ping_status":"open","template":"","meta":[],"_links":{"self":[{"href":"http:\/\/museumek.eu\/index.php?rest_route=\/wp\/v2\/pages\/52669"}],"collection":[{"href":"http:\/\/museumek.eu\/index.php?rest_route=\/wp\/v2\/pages"}],"about":[{"href":"http:\/\/museumek.eu\/index.php?rest_route=\/wp\/v2\/types\/page"}],"author":[{"embeddable":true,"href":"http:\/\/museumek.eu\/index.php?rest_route=\/wp\/v2\/users\/1"}],"replies":[{"embeddable":true,"href":"http:\/\/museumek.eu\/index.php?rest_route=%2Fwp%2Fv2%2Fcomments&post=52669"}],"version-history":[{"count":2,"href":"http:\/\/museumek.eu\/index.php?rest_route=\/wp\/v2\/pages\/52669\/revisions"}],"predecessor-version":[{"id":52671,"href":"http:\/\/museumek.eu\/index.php?rest_route=\/wp\/v2\/pages\/52669\/revisions\/52671"}],"up":[{"embeddable":true,"href":"http:\/\/museumek.eu\/index.php?rest_route=\/wp\/v2\/pages\/49075"}],"wp:attachment":[{"href":"http:\/\/museumek.eu\/index.php?rest_route=%2Fwp%2Fv2%2Fmedia&parent=52669"}],"curies":[{"name":"wp","href":"https:\/\/api.w.org\/{rel}","templated":true}]}}