{"id":52674,"date":"2021-01-27T13:37:37","date_gmt":"2021-01-27T12:37:37","guid":{"rendered":"http:\/\/museumek.eu\/?page_id=52674"},"modified":"2021-02-28T13:39:05","modified_gmt":"2021-02-28T12:39:05","slug":"fotos-und-beschreibung","status":"publish","type":"page","link":"http:\/\/museumek.eu\/?page_id=52674","title":{"rendered":"Fotos und Beschreibung"},"content":{"rendered":"<p><strong>Abteilung Deutschland\/B\u00f6hmen, Keramik 1860 \u2013 1960, Inventarnummer D\/CLXXXI\/1<\/strong><\/p>\n<p>Wittenberger Steingutfabrik GmbH, Deutschland, Kleinwittenberg, um 1925, Topf mit Malerei, K\u00fcnstler unbekannt, Werks.-Nr. 327. (?), Exemplar Nr. ohne, gemarkt Firmenmarke mit Wittenberg halbrunder schwarzer Stempel unter Glasur sowie 327. gepresst, nicht signiert, Literatur: Dieter Z\u00fchlsdorff, Markenlexikon Band 1, Porzellan und Keramik Report 1885 &#8211; 1935, Seite 533, Werk-Teil 3., laufende Nummer des Werkteils 601, dort kurze Beschreibung der Fabrik, die Fabrik wurde 1887 gegr\u00fcndet, 1923 wird eine Abteilung f\u00fcr Hand- und Kunstmalerei eingerichtet, die unter Leitung von Herta Peters stand, die Fabrik wurde 1930 geschlossen, H\u00f6he 9,2 cm, Breite 8,2 cm<\/p>\n<p><a href=\"http:\/\/museumek.eu\/?attachment_id=52675\" rel=\"attachment wp-att-52675\"><img loading=\"lazy\" src=\"http:\/\/museumek.eu\/wp-content\/uploads\/2021\/01\/Wittenberger-Steingutfabrik-GmbH-Topf-mit-Malerei-1-264x300.jpg\" alt=\"\" title=\"Wittenberger Steingutfabrik GmbH Topf mit Malerei 1\" width=\"264\" height=\"300\" class=\"alignnone size-medium wp-image-52675\" srcset=\"http:\/\/museumek.eu\/wp-content\/uploads\/2021\/01\/Wittenberger-Steingutfabrik-GmbH-Topf-mit-Malerei-1-264x300.jpg 264w, http:\/\/museumek.eu\/wp-content\/uploads\/2021\/01\/Wittenberger-Steingutfabrik-GmbH-Topf-mit-Malerei-1-132x150.jpg 132w, http:\/\/museumek.eu\/wp-content\/uploads\/2021\/01\/Wittenberger-Steingutfabrik-GmbH-Topf-mit-Malerei-1.jpg 480w\" sizes=\"(max-width: 264px) 100vw, 264px\" \/><\/a><\/p>\n<p><a href=\"http:\/\/museumek.eu\/?attachment_id=52676\" rel=\"attachment wp-att-52676\"><img loading=\"lazy\" src=\"http:\/\/museumek.eu\/wp-content\/uploads\/2021\/01\/Wittenberger-Steingutfabrik-GmbH-Topf-mit-Malerei-2-279x300.jpg\" alt=\"\" title=\"Wittenberger Steingutfabrik GmbH Topf mit Malerei 2\" width=\"279\" height=\"300\" class=\"alignnone size-medium wp-image-52676\" srcset=\"http:\/\/museumek.eu\/wp-content\/uploads\/2021\/01\/Wittenberger-Steingutfabrik-GmbH-Topf-mit-Malerei-2-279x300.jpg 279w, http:\/\/museumek.eu\/wp-content\/uploads\/2021\/01\/Wittenberger-Steingutfabrik-GmbH-Topf-mit-Malerei-2-139x150.jpg 139w, http:\/\/museumek.eu\/wp-content\/uploads\/2021\/01\/Wittenberger-Steingutfabrik-GmbH-Topf-mit-Malerei-2.jpg 480w\" sizes=\"(max-width: 279px) 100vw, 279px\" \/><\/a><\/p>\n<p><a href=\"http:\/\/museumek.eu\/?attachment_id=52677\" rel=\"attachment wp-att-52677\"><img loading=\"lazy\" src=\"http:\/\/museumek.eu\/wp-content\/uploads\/2021\/01\/Wittenberger-Steingutfabrik-GmbH-Topf-mit-Malerei-3-256x300.jpg\" alt=\"\" title=\"Wittenberger Steingutfabrik GmbH Topf mit Malerei 3\" width=\"256\" height=\"300\" class=\"alignnone size-medium wp-image-52677\" srcset=\"http:\/\/museumek.eu\/wp-content\/uploads\/2021\/01\/Wittenberger-Steingutfabrik-GmbH-Topf-mit-Malerei-3-256x300.jpg 256w, http:\/\/museumek.eu\/wp-content\/uploads\/2021\/01\/Wittenberger-Steingutfabrik-GmbH-Topf-mit-Malerei-3-128x150.jpg 128w, http:\/\/museumek.eu\/wp-content\/uploads\/2021\/01\/Wittenberger-Steingutfabrik-GmbH-Topf-mit-Malerei-3.jpg 480w\" sizes=\"(max-width: 256px) 100vw, 256px\" \/><\/a><\/p>\n<p><a href=\"http:\/\/museumek.eu\/?attachment_id=52678\" rel=\"attachment wp-att-52678\"><img loading=\"lazy\" src=\"http:\/\/museumek.eu\/wp-content\/uploads\/2021\/01\/Wittenberger-Steingutfabrik-GmbH-Topf-mit-Malerei-4-239x300.jpg\" alt=\"\" title=\"Wittenberger Steingutfabrik GmbH Topf mit Malerei 4\" width=\"239\" height=\"300\" class=\"alignnone size-medium wp-image-52678\" srcset=\"http:\/\/museumek.eu\/wp-content\/uploads\/2021\/01\/Wittenberger-Steingutfabrik-GmbH-Topf-mit-Malerei-4-239x300.jpg 239w, http:\/\/museumek.eu\/wp-content\/uploads\/2021\/01\/Wittenberger-Steingutfabrik-GmbH-Topf-mit-Malerei-4-119x150.jpg 119w, http:\/\/museumek.eu\/wp-content\/uploads\/2021\/01\/Wittenberger-Steingutfabrik-GmbH-Topf-mit-Malerei-4.jpg 480w\" sizes=\"(max-width: 239px) 100vw, 239px\" \/><\/a><\/p>\n<p><a href=\"http:\/\/museumek.eu\/?attachment_id=52679\" rel=\"attachment wp-att-52679\"><img loading=\"lazy\" src=\"http:\/\/museumek.eu\/wp-content\/uploads\/2021\/01\/Wittenberger-Steingutfabrik-GmbH-Topf-mit-Malerei-5-300x130.jpg\" alt=\"\" title=\"Wittenberger Steingutfabrik GmbH Topf mit Malerei 5\" width=\"300\" height=\"130\" class=\"alignnone size-medium wp-image-52679\" srcset=\"http:\/\/museumek.eu\/wp-content\/uploads\/2021\/01\/Wittenberger-Steingutfabrik-GmbH-Topf-mit-Malerei-5-300x130.jpg 300w, http:\/\/museumek.eu\/wp-content\/uploads\/2021\/01\/Wittenberger-Steingutfabrik-GmbH-Topf-mit-Malerei-5-150x65.jpg 150w, http:\/\/museumek.eu\/wp-content\/uploads\/2021\/01\/Wittenberger-Steingutfabrik-GmbH-Topf-mit-Malerei-5-500x217.jpg 500w, http:\/\/museumek.eu\/wp-content\/uploads\/2021\/01\/Wittenberger-Steingutfabrik-GmbH-Topf-mit-Malerei-5.jpg 640w\" sizes=\"(max-width: 300px) 100vw, 300px\" \/><\/a><\/p>\n<p><a href=\"http:\/\/museumek.eu\/?attachment_id=52680\" rel=\"attachment wp-att-52680\"><img loading=\"lazy\" src=\"http:\/\/museumek.eu\/wp-content\/uploads\/2021\/01\/Wittenberger-Steingutfabrik-GmbH-Topf-mit-Malerei-6-300x178.jpg\" alt=\"\" title=\"Wittenberger Steingutfabrik GmbH Topf mit Malerei 6\" width=\"300\" height=\"178\" class=\"alignnone size-medium wp-image-52680\" srcset=\"http:\/\/museumek.eu\/wp-content\/uploads\/2021\/01\/Wittenberger-Steingutfabrik-GmbH-Topf-mit-Malerei-6-300x178.jpg 300w, http:\/\/museumek.eu\/wp-content\/uploads\/2021\/01\/Wittenberger-Steingutfabrik-GmbH-Topf-mit-Malerei-6-150x89.jpg 150w, http:\/\/museumek.eu\/wp-content\/uploads\/2021\/01\/Wittenberger-Steingutfabrik-GmbH-Topf-mit-Malerei-6-500x297.jpg 500w, http:\/\/museumek.eu\/wp-content\/uploads\/2021\/01\/Wittenberger-Steingutfabrik-GmbH-Topf-mit-Malerei-6.jpg 640w\" sizes=\"(max-width: 300px) 100vw, 300px\" \/><\/a><\/p>\n<p><strong>Abteilung Deutschland\/B\u00f6hmen, Keramik 1860 \u2013 1960, Inventarnummer D\/CLXXXI\/2<\/strong><\/p>\n<p>Wittenberger Steingutfabrik GmbH, Deutschland, Kleinwittenberg, um 1925, Topf, K\u00fcnstler unbekannt, Werks.-Nr. ohne, Exemplar Nr. ohne, gemarkt Firmenmarke mit Wittenberg dunkelblauer Stempel auf Glasur, nicht signiert, Literatur: Dieter Z\u00fchlsdorff, Markenlexikon Band 1, Porzellan und Keramik Report 1885 &#8211; 1935, Seite 204, Werk-Teil 1., laufende Nummer des Werkteils 2., laufende Nummer der Gruppe 2057, dort gleiche Marke als Press Stempel (dort f\u00fcr die Zeit ab ca. 1910 sowie Seite 533, Werk-Teil 3., laufende Nummer des Werkteils 601, dort kurze Beschreibung der Fabrik, die Fabrik wurde 1887 gegr\u00fcndet, 1923 wird eine Abteilung f\u00fcr Hand- und Kunstmalerei eingerichtet, die unter Leitung von Herta Peters stand, die Fabrik wurde 1930 geschlossen, H\u00f6he 14,3 cm, Breite 12,5 cm<\/p>\n<p><a href=\"http:\/\/museumek.eu\/?attachment_id=53753\" rel=\"attachment wp-att-53753\"><img loading=\"lazy\" src=\"http:\/\/museumek.eu\/wp-content\/uploads\/2021\/01\/Wittenberger-Steingutfabrik-GmbH-Topf-Perlgr\u00fcn-1-255x300.jpg\" alt=\"\" title=\"Wittenberger Steingutfabrik GmbH Topf Perlgr\u00fcn 1\" width=\"255\" height=\"300\" class=\"alignnone size-medium wp-image-53753\" srcset=\"http:\/\/museumek.eu\/wp-content\/uploads\/2021\/01\/Wittenberger-Steingutfabrik-GmbH-Topf-Perlgr\u00fcn-1-255x300.jpg 255w, http:\/\/museumek.eu\/wp-content\/uploads\/2021\/01\/Wittenberger-Steingutfabrik-GmbH-Topf-Perlgr\u00fcn-1-127x150.jpg 127w, http:\/\/museumek.eu\/wp-content\/uploads\/2021\/01\/Wittenberger-Steingutfabrik-GmbH-Topf-Perlgr\u00fcn-1.jpg 480w\" sizes=\"(max-width: 255px) 100vw, 255px\" \/><\/a><\/p>\n<p><a href=\"http:\/\/museumek.eu\/?attachment_id=53754\" rel=\"attachment wp-att-53754\"><img loading=\"lazy\" src=\"http:\/\/museumek.eu\/wp-content\/uploads\/2021\/01\/Wittenberger-Steingutfabrik-GmbH-Topf-Perlgr\u00fcn-2-227x300.jpg\" alt=\"\" title=\"Wittenberger Steingutfabrik GmbH Topf Perlgr\u00fcn 2\" width=\"227\" height=\"300\" class=\"alignnone size-medium wp-image-53754\" srcset=\"http:\/\/museumek.eu\/wp-content\/uploads\/2021\/01\/Wittenberger-Steingutfabrik-GmbH-Topf-Perlgr\u00fcn-2-227x300.jpg 227w, http:\/\/museumek.eu\/wp-content\/uploads\/2021\/01\/Wittenberger-Steingutfabrik-GmbH-Topf-Perlgr\u00fcn-2-113x150.jpg 113w, http:\/\/museumek.eu\/wp-content\/uploads\/2021\/01\/Wittenberger-Steingutfabrik-GmbH-Topf-Perlgr\u00fcn-2.jpg 480w\" sizes=\"(max-width: 227px) 100vw, 227px\" \/><\/a><\/p>\n<p><a href=\"http:\/\/museumek.eu\/?attachment_id=53755\" rel=\"attachment wp-att-53755\"><img loading=\"lazy\" src=\"http:\/\/museumek.eu\/wp-content\/uploads\/2021\/01\/Wittenberger-Steingutfabrik-GmbH-Topf-Perlgr\u00fcn-3-300x105.jpg\" alt=\"\" title=\"Wittenberger Steingutfabrik GmbH Topf Perlgr\u00fcn 3\" width=\"300\" height=\"105\" class=\"alignnone size-medium wp-image-53755\" srcset=\"http:\/\/museumek.eu\/wp-content\/uploads\/2021\/01\/Wittenberger-Steingutfabrik-GmbH-Topf-Perlgr\u00fcn-3-300x105.jpg 300w, http:\/\/museumek.eu\/wp-content\/uploads\/2021\/01\/Wittenberger-Steingutfabrik-GmbH-Topf-Perlgr\u00fcn-3-150x52.jpg 150w, http:\/\/museumek.eu\/wp-content\/uploads\/2021\/01\/Wittenberger-Steingutfabrik-GmbH-Topf-Perlgr\u00fcn-3-500x176.jpg 500w, http:\/\/museumek.eu\/wp-content\/uploads\/2021\/01\/Wittenberger-Steingutfabrik-GmbH-Topf-Perlgr\u00fcn-3.jpg 640w\" sizes=\"(max-width: 300px) 100vw, 300px\" \/><\/a><\/p>\n","protected":false},"excerpt":{"rendered":"<p>Abteilung Deutschland\/B\u00f6hmen, Keramik 1860 \u2013 1960, Inventarnummer D\/CLXXXI\/1 Wittenberger Steingutfabrik GmbH, Deutschland, Kleinwittenberg, um 1925, Topf mit Malerei, K\u00fcnstler unbekannt, Werks.-Nr. 327. (?), Exemplar Nr. ohne, gemarkt Firmenmarke mit Wittenberg halbrunder schwarzer Stempel unter Glasur sowie 327. gepresst, nicht signiert, &hellip; <a href=\"http:\/\/museumek.eu\/?page_id=52674\">Weiterlesen <span class=\"meta-nav\">&rarr;<\/span><\/a><\/p>\n","protected":false},"author":1,"featured_media":0,"parent":52672,"menu_order":1,"comment_status":"closed","ping_status":"open","template":"","meta":[],"_links":{"self":[{"href":"http:\/\/museumek.eu\/index.php?rest_route=\/wp\/v2\/pages\/52674"}],"collection":[{"href":"http:\/\/museumek.eu\/index.php?rest_route=\/wp\/v2\/pages"}],"about":[{"href":"http:\/\/museumek.eu\/index.php?rest_route=\/wp\/v2\/types\/page"}],"author":[{"embeddable":true,"href":"http:\/\/museumek.eu\/index.php?rest_route=\/wp\/v2\/users\/1"}],"replies":[{"embeddable":true,"href":"http:\/\/museumek.eu\/index.php?rest_route=%2Fwp%2Fv2%2Fcomments&post=52674"}],"version-history":[{"count":11,"href":"http:\/\/museumek.eu\/index.php?rest_route=\/wp\/v2\/pages\/52674\/revisions"}],"predecessor-version":[{"id":53757,"href":"http:\/\/museumek.eu\/index.php?rest_route=\/wp\/v2\/pages\/52674\/revisions\/53757"}],"up":[{"embeddable":true,"href":"http:\/\/museumek.eu\/index.php?rest_route=\/wp\/v2\/pages\/52672"}],"wp:attachment":[{"href":"http:\/\/museumek.eu\/index.php?rest_route=%2Fwp%2Fv2%2Fmedia&parent=52674"}],"curies":[{"name":"wp","href":"https:\/\/api.w.org\/{rel}","templated":true}]}}