{"id":5272,"date":"2011-09-27T22:10:06","date_gmt":"2011-09-27T20:10:06","guid":{"rendered":"http:\/\/museumek.eu\/?page_id=5272"},"modified":"2011-10-08T11:02:10","modified_gmt":"2011-10-08T09:02:10","slug":"fotos-und-beschreibung","status":"publish","type":"page","link":"http:\/\/museumek.eu\/?page_id=5272","title":{"rendered":"Fotos und Beschreibung"},"content":{"rendered":"<p><strong>Abteilung Austria\/Ungarn\/B\u00f6hmen, Keramik 1860 \u2013 1960, Inventarnummer A\/III\/1<\/strong><\/p>\n<p>Manufaktur Vereinigte Ateliers f\u00fcr Kunst und Keramik Marcell Goldscheider, Austria, Wien, 1930, Figur Terrier mit Fressnapf, K\u00fcnstler unbekannt, Werks.-Nr. 586\/Exemplar Nr. 14\/Modelleur Nr. ohne, gemarkt Marke Marcell Goldscheider, Keramik, Austria, Malermarke ohne, nicht signiert, Literatur: Robert E. Dechant\/Filipp Goldscheider, Firmengeschichte und Werkverzeichnis, dort noch nicht erfasst, H\u00f6he 14,5 cm, Breite 18 cm<\/p>\n<p><a href=\"http:\/\/museumek.eu\/wp-content\/uploads\/2011\/08\/Museum-Europ\u00e4ischer-Keramikkunst-Qualit\u00e4tsfotos-117.jpg\"><img loading=\"lazy\" src=\"http:\/\/museumek.eu\/wp-content\/uploads\/2011\/08\/Museum-Europ\u00e4ischer-Keramikkunst-Qualit\u00e4tsfotos-117-268x300.jpg\" alt=\"\" title=\"Museum Europ\u00e4ischer Keramikkunst Qualit\u00e4tsfotos 117\" width=\"268\" height=\"300\" class=\"alignnone size-medium wp-image-683\" srcset=\"http:\/\/museumek.eu\/wp-content\/uploads\/2011\/08\/Museum-Europ\u00e4ischer-Keramikkunst-Qualit\u00e4tsfotos-117-268x300.jpg 268w, http:\/\/museumek.eu\/wp-content\/uploads\/2011\/08\/Museum-Europ\u00e4ischer-Keramikkunst-Qualit\u00e4tsfotos-117.jpg 638w\" sizes=\"(max-width: 268px) 100vw, 268px\" \/><\/a><\/p>\n<p><a href=\"http:\/\/museumek.eu\/wp-content\/uploads\/2011\/08\/Museum-Europ\u00e4ischer-Keramikkunst-166.jpg\"><img loading=\"lazy\" src=\"http:\/\/museumek.eu\/wp-content\/uploads\/2011\/08\/Museum-Europ\u00e4ischer-Keramikkunst-166-221x300.jpg\" alt=\"\" title=\"Museum Europ\u00e4ischer Keramikkunst 166\" width=\"221\" height=\"300\" class=\"alignnone size-medium wp-image-684\" srcset=\"http:\/\/museumek.eu\/wp-content\/uploads\/2011\/08\/Museum-Europ\u00e4ischer-Keramikkunst-166-221x300.jpg 221w, http:\/\/museumek.eu\/wp-content\/uploads\/2011\/08\/Museum-Europ\u00e4ischer-Keramikkunst-166.jpg 583w\" sizes=\"(max-width: 221px) 100vw, 221px\" \/><\/a><\/p>\n<p><strong>Abteilung Austria\/Ungarn\/B\u00f6hmen, Keramik 1860 \u2013 1960, Inventarnummer A\/III\/2<\/strong><\/p>\n<p>Manufaktur Vereinigte Ateliers f\u00fcr Kunst und Keramik Marcell Goldscheider, Austria, Wien, 1928 &#8211; 1939, Figur Elefant, K\u00fcnstler Karin Jarl, Werks.-Nr. 554, Exemplar Nr. ohne, gemarkt Marke Marcell Goldscheider Zusatz Porzellan sowie 554 gepresst, signiert K Jarl, Literatur: Robert E. Dechant\/Filipp Goldscheider, Firmengeschichte und Werkverzeichnis, ab Seite 547 dort noch nicht erfasst, Marken Seite 608 diese Marke dort noch nicht erfasst, Ausf\u00fchrung in Porzellan, Gold geh\u00f6ht, H\u00f6he 11 cm, Breite 8,7 cm<\/p>\n<p><a href=\"http:\/\/museumek.eu\/wp-content\/uploads\/2011\/09\/Museum-Europ\u00e4ischer-Keramikkunst-1097.jpg\"><img loading=\"lazy\" src=\"http:\/\/museumek.eu\/wp-content\/uploads\/2011\/09\/Museum-Europ\u00e4ischer-Keramikkunst-1097.jpg\" alt=\"\" title=\"Museum Europ\u00e4ischer Keramikkunst 1097\" width=\"235\" height=\"244\" class=\"alignnone size-full wp-image-5365\" \/><\/a><\/p>\n<p><a href=\"http:\/\/museumek.eu\/wp-content\/uploads\/2011\/09\/Museum-Europ\u00e4ischer-Keramikkunst-10951.jpg\"><img loading=\"lazy\" src=\"http:\/\/museumek.eu\/wp-content\/uploads\/2011\/09\/Museum-Europ\u00e4ischer-Keramikkunst-10951-267x300.jpg\" alt=\"\" title=\"Museum Europ\u00e4ischer Keramikkunst 1095\" width=\"267\" height=\"300\" class=\"alignnone size-medium wp-image-5367\" srcset=\"http:\/\/museumek.eu\/wp-content\/uploads\/2011\/09\/Museum-Europ\u00e4ischer-Keramikkunst-10951-267x300.jpg 267w, http:\/\/museumek.eu\/wp-content\/uploads\/2011\/09\/Museum-Europ\u00e4ischer-Keramikkunst-10951.jpg 502w\" sizes=\"(max-width: 267px) 100vw, 267px\" \/><\/a><\/p>\n<p><a href=\"http:\/\/museumek.eu\/wp-content\/uploads\/2011\/09\/Museum-Europ\u00e4ischer-Keramikkunst-1094.jpg\"><img loading=\"lazy\" src=\"http:\/\/museumek.eu\/wp-content\/uploads\/2011\/09\/Museum-Europ\u00e4ischer-Keramikkunst-1094-300x278.jpg\" alt=\"\" title=\"Museum Europ\u00e4ischer Keramikkunst 1094\" width=\"300\" height=\"278\" class=\"alignnone size-medium wp-image-5368\" srcset=\"http:\/\/museumek.eu\/wp-content\/uploads\/2011\/09\/Museum-Europ\u00e4ischer-Keramikkunst-1094-300x278.jpg 300w, http:\/\/museumek.eu\/wp-content\/uploads\/2011\/09\/Museum-Europ\u00e4ischer-Keramikkunst-1094-323x300.jpg 323w, http:\/\/museumek.eu\/wp-content\/uploads\/2011\/09\/Museum-Europ\u00e4ischer-Keramikkunst-1094.jpg 452w\" sizes=\"(max-width: 300px) 100vw, 300px\" \/><\/a><\/p>\n<p><a href=\"http:\/\/museumek.eu\/wp-content\/uploads\/2011\/09\/Museum-Europ\u00e4ischer-Keramikkunst-1104.jpg\"><img loading=\"lazy\" src=\"http:\/\/museumek.eu\/wp-content\/uploads\/2011\/09\/Museum-Europ\u00e4ischer-Keramikkunst-1104-300x127.jpg\" alt=\"\" title=\"Museum Europ\u00e4ischer Keramikkunst 1104\" width=\"300\" height=\"127\" class=\"alignnone size-medium wp-image-5369\" srcset=\"http:\/\/museumek.eu\/wp-content\/uploads\/2011\/09\/Museum-Europ\u00e4ischer-Keramikkunst-1104-300x127.jpg 300w, http:\/\/museumek.eu\/wp-content\/uploads\/2011\/09\/Museum-Europ\u00e4ischer-Keramikkunst-1104.jpg 486w\" sizes=\"(max-width: 300px) 100vw, 300px\" \/><\/a><\/p>\n","protected":false},"excerpt":{"rendered":"<p>Abteilung Austria\/Ungarn\/B\u00f6hmen, Keramik 1860 \u2013 1960, Inventarnummer A\/III\/1 Manufaktur Vereinigte Ateliers f\u00fcr Kunst und Keramik Marcell Goldscheider, Austria, Wien, 1930, Figur Terrier mit Fressnapf, K\u00fcnstler unbekannt, Werks.-Nr. 586\/Exemplar Nr. 14\/Modelleur Nr. ohne, gemarkt Marke Marcell Goldscheider, Keramik, Austria, Malermarke ohne, &hellip; <a href=\"http:\/\/museumek.eu\/?page_id=5272\">Weiterlesen <span class=\"meta-nav\">&rarr;<\/span><\/a><\/p>\n","protected":false},"author":1,"featured_media":0,"parent":2907,"menu_order":0,"comment_status":"closed","ping_status":"closed","template":"","meta":[],"_links":{"self":[{"href":"http:\/\/museumek.eu\/index.php?rest_route=\/wp\/v2\/pages\/5272"}],"collection":[{"href":"http:\/\/museumek.eu\/index.php?rest_route=\/wp\/v2\/pages"}],"about":[{"href":"http:\/\/museumek.eu\/index.php?rest_route=\/wp\/v2\/types\/page"}],"author":[{"embeddable":true,"href":"http:\/\/museumek.eu\/index.php?rest_route=\/wp\/v2\/users\/1"}],"replies":[{"embeddable":true,"href":"http:\/\/museumek.eu\/index.php?rest_route=%2Fwp%2Fv2%2Fcomments&post=5272"}],"version-history":[{"count":3,"href":"http:\/\/museumek.eu\/index.php?rest_route=\/wp\/v2\/pages\/5272\/revisions"}],"predecessor-version":[{"id":6079,"href":"http:\/\/museumek.eu\/index.php?rest_route=\/wp\/v2\/pages\/5272\/revisions\/6079"}],"up":[{"embeddable":true,"href":"http:\/\/museumek.eu\/index.php?rest_route=\/wp\/v2\/pages\/2907"}],"wp:attachment":[{"href":"http:\/\/museumek.eu\/index.php?rest_route=%2Fwp%2Fv2%2Fmedia&parent=5272"}],"curies":[{"name":"wp","href":"https:\/\/api.w.org\/{rel}","templated":true}]}}