{"id":5275,"date":"2011-09-27T22:10:43","date_gmt":"2011-09-27T20:10:43","guid":{"rendered":"http:\/\/museumek.eu\/?page_id=5275"},"modified":"2011-10-28T17:18:26","modified_gmt":"2011-10-28T15:18:26","slug":"fotos-und-beschreibung","status":"publish","type":"page","link":"http:\/\/museumek.eu\/?page_id=5275","title":{"rendered":"Fotos und Beschreibung"},"content":{"rendered":"<p><strong>Abteilung Austria\/Ungarn\/B\u00f6hmen, Keramik 1860 \u2013 1960, Inventarnummer A\/VII\/1<\/strong><\/p>\n<p>Manufaktur Vereinigte Wiener und Gmundner Keramik und Tonwarenfabrik Schlei\u00df G.m.b.H. (VWGK), Austria, Gmunden, um 1915, Trichtervase mit aufgelegten floralen Ornamenten, K\u00fcnstler Dagobert Peche, Werksnummer 412, Exemplar Nr. ohne, gemarkt Werkst\u00e4ttenmarke WK Wiener Keramik und GK Gmundner Keramik, signiert 2 x schwach lesbar P mit Stern, 412 gepresst, Literatur: Waltraud Neuwirth, Wiener Keramik, Seite 481, Markentafeln Marken 217 bis 222, Varianten des P mit Stern, sowie gleiche Literatur S. 320, dass die 400er Modelle um 1915\/1916 ausgef\u00fchrt worden sind, sowie gleiche Literatur Seite 486 Marke 282 Wiener Keramik und Marke 283 Gmundner Keramik, weitere Literatur: Waltraud Neuwirth, \u00d6sterreichische Keramik des Jugendstils, Seite 411, Marke 89 Wiener Keramik, weitere Literatur: Irmgard Gollner, Gmundner Keramik, Kunst aus Ton, Feuer &#038; Farbe, Seite 153, Marken der Gmundner und der Wiener Keramik,<br \/>\nH\u00f6he 27,2 cm, Breite 19 cm<\/p>\n<p><a href=\"http:\/\/museumek.eu\/wp-content\/uploads\/2011\/08\/Museum-Europ\u00e4ischer-Keramikkunst-Qualit\u00e4tsfotos-151.jpg\"><img loading=\"lazy\" src=\"http:\/\/museumek.eu\/wp-content\/uploads\/2011\/08\/Museum-Europ\u00e4ischer-Keramikkunst-Qualit\u00e4tsfotos-151-236x300.jpg\" alt=\"\" title=\"Museum Europ\u00e4ischer Keramikkunst Qualit\u00e4tsfotos 151\" width=\"236\" height=\"300\" class=\"alignnone size-medium wp-image-834\" srcset=\"http:\/\/museumek.eu\/wp-content\/uploads\/2011\/08\/Museum-Europ\u00e4ischer-Keramikkunst-Qualit\u00e4tsfotos-151-236x300.jpg 236w, http:\/\/museumek.eu\/wp-content\/uploads\/2011\/08\/Museum-Europ\u00e4ischer-Keramikkunst-Qualit\u00e4tsfotos-151.jpg 634w\" sizes=\"(max-width: 236px) 100vw, 236px\" \/><\/a><\/p>\n<p><a href=\"http:\/\/museumek.eu\/wp-content\/uploads\/2011\/08\/Peche.jpg\"><img loading=\"lazy\" src=\"http:\/\/museumek.eu\/wp-content\/uploads\/2011\/08\/Peche.jpg\" alt=\"\" title=\"Peche\" width=\"278\" height=\"199\" class=\"alignnone size-full wp-image-835\" \/><\/a><\/p>\n<p><a href=\"http:\/\/museumek.eu\/wp-content\/uploads\/2011\/08\/Museum-Europ\u00e4ischer-Keramikkunst-520.jpg\"><img loading=\"lazy\" src=\"http:\/\/museumek.eu\/wp-content\/uploads\/2011\/08\/Museum-Europ\u00e4ischer-Keramikkunst-520-257x300.jpg\" alt=\"\" title=\"Museum Europ\u00e4ischer Keramikkunst 520\" width=\"257\" height=\"300\" class=\"alignnone size-medium wp-image-836\" srcset=\"http:\/\/museumek.eu\/wp-content\/uploads\/2011\/08\/Museum-Europ\u00e4ischer-Keramikkunst-520-257x300.jpg 257w, http:\/\/museumek.eu\/wp-content\/uploads\/2011\/08\/Museum-Europ\u00e4ischer-Keramikkunst-520.jpg 263w\" sizes=\"(max-width: 257px) 100vw, 257px\" \/><\/a><\/p>\n<p><strong>Abteilung Austria\/Ungarn\/B\u00f6hmen, Keramik 1860 \u2013 1960, Inventarnummer A\/VII\/2<\/strong><\/p>\n<p>Manufaktur Vereinigte Wiener und Gmundner Keramik und Tonwarenfabrik Schlei\u00df G.m.b.H. (VWGK), Austria, Gmunden, um 1915, Kanne mit Frucht als Deckelknauf, K\u00fcnstler Dagobert Peche (attr.), Werksnummer 921 (evtl. 923), Exemplar Nr. ohne, gemarkt Werkst\u00e4ttenmarke WK Wiener Keramik und GK Gmundner Keramik, 921 gepresst, nicht signiert, Literatur: Waltraud Neuwirth, Wiener Keramik, Seite 486, Markentafel Nr. 282 Marke Wiener Keramik und Markentafel 283 Marke Gmundner Keramik, weitere Literatur: Irmgard Gollner, Gmundner Keramik, Kunst aus Ton, Feuer &#038; Farbe, Seite 153, Marken der Gmundner und der Wiener Keramik,<br \/>\nH\u00f6he 17 cm, Breite 14,5 cm<\/p>\n<p><a href=\"http:\/\/museumek.eu\/wp-content\/uploads\/2011\/08\/Museum-Europ\u00e4ischer-Keramikkunst-Qualit\u00e4tsfotos-152.jpg\"><img loading=\"lazy\" src=\"http:\/\/museumek.eu\/wp-content\/uploads\/2011\/08\/Museum-Europ\u00e4ischer-Keramikkunst-Qualit\u00e4tsfotos-152-249x300.jpg\" alt=\"\" title=\"Museum Europ\u00e4ischer Keramikkunst Qualit\u00e4tsfotos 152\" width=\"249\" height=\"300\" class=\"alignnone size-medium wp-image-843\" srcset=\"http:\/\/museumek.eu\/wp-content\/uploads\/2011\/08\/Museum-Europ\u00e4ischer-Keramikkunst-Qualit\u00e4tsfotos-152-249x300.jpg 249w, http:\/\/museumek.eu\/wp-content\/uploads\/2011\/08\/Museum-Europ\u00e4ischer-Keramikkunst-Qualit\u00e4tsfotos-152.jpg 577w\" sizes=\"(max-width: 249px) 100vw, 249px\" \/><\/a><\/p>\n<p><a href=\"http:\/\/museumek.eu\/wp-content\/uploads\/2011\/08\/Museum-Europ\u00e4ischer-Keramikkunst-642.jpg\"><img loading=\"lazy\" src=\"http:\/\/museumek.eu\/wp-content\/uploads\/2011\/08\/Museum-Europ\u00e4ischer-Keramikkunst-642-300x134.jpg\" alt=\"\" title=\"Museum Europ\u00e4ischer Keramikkunst 642\" width=\"300\" height=\"134\" class=\"alignnone size-medium wp-image-844\" srcset=\"http:\/\/museumek.eu\/wp-content\/uploads\/2011\/08\/Museum-Europ\u00e4ischer-Keramikkunst-642-300x134.jpg 300w, http:\/\/museumek.eu\/wp-content\/uploads\/2011\/08\/Museum-Europ\u00e4ischer-Keramikkunst-642-500x223.jpg 500w, http:\/\/museumek.eu\/wp-content\/uploads\/2011\/08\/Museum-Europ\u00e4ischer-Keramikkunst-642.jpg 880w\" sizes=\"(max-width: 300px) 100vw, 300px\" \/><\/a><\/p>\n<p><a href=\"http:\/\/museumek.eu\/wp-content\/uploads\/2011\/08\/Museum-Europ\u00e4ischer-Keramikkunst-634.jpg\"><img loading=\"lazy\" src=\"http:\/\/museumek.eu\/wp-content\/uploads\/2011\/08\/Museum-Europ\u00e4ischer-Keramikkunst-634-300x131.jpg\" alt=\"\" title=\"Museum Europ\u00e4ischer Keramikkunst 634\" width=\"300\" height=\"131\" class=\"alignnone size-medium wp-image-845\" srcset=\"http:\/\/museumek.eu\/wp-content\/uploads\/2011\/08\/Museum-Europ\u00e4ischer-Keramikkunst-634-300x131.jpg 300w, http:\/\/museumek.eu\/wp-content\/uploads\/2011\/08\/Museum-Europ\u00e4ischer-Keramikkunst-634.jpg 348w\" sizes=\"(max-width: 300px) 100vw, 300px\" \/><\/a><\/p>\n<p><strong>Abteilung Austria\/Ungarn\/B\u00f6hmen, Keramik 1860 \u2013 1960, Inventarnummer A\/VII\/3<\/strong><\/p>\n<p>Manufaktur Vereinigte Wiener und Gmundner Keramik und Tonwarenfabrik Schlei\u00df G.m.b.H. (VWGK), Austria, Gmunden, um 1916, Schale mit Bl\u00fctenbl\u00e4ttern und zwei Kr\u00fcge, K\u00fcnstler unbekannt, Werksnummer 680, Exemplar Nr. ohne, gemarkt Werkst\u00e4ttenmarke WK Wiener Keramik und GK Gmundner Keramik sowie IV. geritzt, 680 gepresst, Kr\u00fcge nicht gemarkt, nicht signiert, Literatur: Waltraud Neuwirth, Wiener Keramik, Seite 486, Markentafel Nr. 282 Marke Wiener Keramik und Markentafel 283 Marke Gmundner Keramik, weitere Literatur: Irmgard Gollner, Gmundner Keramik, Kunst aus Ton, Feuer &#038; Farbe, Seite 153, Marken der Gmundner und der Wiener Keramik, evtl. Puppenstubeninventar, Schale H\u00f6he 7 cm, Breite 10,5 cm,<br \/>\nKr\u00fcge H\u00f6he 4,7 cm, Breite 6 cm<\/p>\n<p><a href=\"http:\/\/museumek.eu\/wp-content\/uploads\/2011\/09\/Museum-Europ\u00e4ischer-Keramikkunst-1122.jpg\"><img loading=\"lazy\" src=\"http:\/\/museumek.eu\/wp-content\/uploads\/2011\/09\/Museum-Europ\u00e4ischer-Keramikkunst-1122-300x177.jpg\" alt=\"\" title=\"Museum Europ\u00e4ischer Keramikkunst 1122\" width=\"300\" height=\"177\" class=\"alignnone size-medium wp-image-5461\" srcset=\"http:\/\/museumek.eu\/wp-content\/uploads\/2011\/09\/Museum-Europ\u00e4ischer-Keramikkunst-1122-300x177.jpg 300w, http:\/\/museumek.eu\/wp-content\/uploads\/2011\/09\/Museum-Europ\u00e4ischer-Keramikkunst-1122-500x296.jpg 500w, http:\/\/museumek.eu\/wp-content\/uploads\/2011\/09\/Museum-Europ\u00e4ischer-Keramikkunst-1122.jpg 946w\" sizes=\"(max-width: 300px) 100vw, 300px\" \/><\/a><\/p>\n<p><a href=\"http:\/\/museumek.eu\/wp-content\/uploads\/2011\/09\/Museum-Europ\u00e4ischer-Keramikkunst-1123.jpg\"><img loading=\"lazy\" src=\"http:\/\/museumek.eu\/wp-content\/uploads\/2011\/09\/Museum-Europ\u00e4ischer-Keramikkunst-1123-300x245.jpg\" alt=\"\" title=\"Museum Europ\u00e4ischer Keramikkunst 1123\" width=\"300\" height=\"245\" class=\"alignnone size-medium wp-image-5462\" srcset=\"http:\/\/museumek.eu\/wp-content\/uploads\/2011\/09\/Museum-Europ\u00e4ischer-Keramikkunst-1123-300x245.jpg 300w, http:\/\/museumek.eu\/wp-content\/uploads\/2011\/09\/Museum-Europ\u00e4ischer-Keramikkunst-1123-367x300.jpg 367w, http:\/\/museumek.eu\/wp-content\/uploads\/2011\/09\/Museum-Europ\u00e4ischer-Keramikkunst-1123.jpg 464w\" sizes=\"(max-width: 300px) 100vw, 300px\" \/><\/a><\/p>\n<p><a href=\"http:\/\/museumek.eu\/wp-content\/uploads\/2011\/09\/Museum-Europ\u00e4ischer-Keramikkunst-1127.jpg\"><img loading=\"lazy\" src=\"http:\/\/museumek.eu\/wp-content\/uploads\/2011\/09\/Museum-Europ\u00e4ischer-Keramikkunst-1127.jpg\" alt=\"\" title=\"Museum Europ\u00e4ischer Keramikkunst 1127\" width=\"143\" height=\"121\" class=\"alignnone size-full wp-image-5463\" \/><\/a><\/p>\n","protected":false},"excerpt":{"rendered":"<p>Abteilung Austria\/Ungarn\/B\u00f6hmen, Keramik 1860 \u2013 1960, Inventarnummer A\/VII\/1 Manufaktur Vereinigte Wiener und Gmundner Keramik und Tonwarenfabrik Schlei\u00df G.m.b.H. (VWGK), Austria, Gmunden, um 1915, Trichtervase mit aufgelegten floralen Ornamenten, K\u00fcnstler Dagobert Peche, Werksnummer 412, Exemplar Nr. ohne, gemarkt Werkst\u00e4ttenmarke WK Wiener &hellip; <a href=\"http:\/\/museumek.eu\/?page_id=5275\">Weiterlesen <span class=\"meta-nav\">&rarr;<\/span><\/a><\/p>\n","protected":false},"author":1,"featured_media":0,"parent":2910,"menu_order":0,"comment_status":"closed","ping_status":"closed","template":"","meta":[],"_links":{"self":[{"href":"http:\/\/museumek.eu\/index.php?rest_route=\/wp\/v2\/pages\/5275"}],"collection":[{"href":"http:\/\/museumek.eu\/index.php?rest_route=\/wp\/v2\/pages"}],"about":[{"href":"http:\/\/museumek.eu\/index.php?rest_route=\/wp\/v2\/types\/page"}],"author":[{"embeddable":true,"href":"http:\/\/museumek.eu\/index.php?rest_route=\/wp\/v2\/users\/1"}],"replies":[{"embeddable":true,"href":"http:\/\/museumek.eu\/index.php?rest_route=%2Fwp%2Fv2%2Fcomments&post=5275"}],"version-history":[{"count":7,"href":"http:\/\/museumek.eu\/index.php?rest_route=\/wp\/v2\/pages\/5275\/revisions"}],"predecessor-version":[{"id":59555,"href":"http:\/\/museumek.eu\/index.php?rest_route=\/wp\/v2\/pages\/5275\/revisions\/59555"}],"up":[{"embeddable":true,"href":"http:\/\/museumek.eu\/index.php?rest_route=\/wp\/v2\/pages\/2910"}],"wp:attachment":[{"href":"http:\/\/museumek.eu\/index.php?rest_route=%2Fwp%2Fv2%2Fmedia&parent=5275"}],"curies":[{"name":"wp","href":"https:\/\/api.w.org\/{rel}","templated":true}]}}