{"id":52779,"date":"2021-01-30T14:08:12","date_gmt":"2021-01-30T13:08:12","guid":{"rendered":"http:\/\/museumek.eu\/?page_id=52779"},"modified":"2021-01-30T14:08:12","modified_gmt":"2021-01-30T13:08:12","slug":"fx15","status":"publish","type":"page","link":"http:\/\/museumek.eu\/?page_id=52779","title":{"rendered":"F\/X\/15"},"content":{"rendered":"<p><strong>Abteilung Frankreich, Keramik 1860 \u2013 1960, Inventarnummer F\/X\/15<\/strong><\/p>\n<p>Utzschneider &#038; Cie. Fabrique de Faience &#038; Porcelaine a Sarreguemines &#038; Digoin und Nachf. Faienceries de Sarreguemines, Digoin et Vitry-le-Francois, anciennement Utzschneider &#038; Cie., Frankreich, Sarreguemines\/Digoin, um\/nach 1900, Fliese, K\u00fcnstler (nach Hans Christiansen), Werks-Nr. ohne\/Exemplar Nr. ohne, gemarkt keine Firmenmarke, nicht signiert, Literatur: Ren\u00e9 Simmermacher, Jugendstil Fliesen, Bestandskatalog des Badischen Landesmuseums Karlsruhe, Seite 67, Abb. 19., dort identischer Fliesenr\u00fccken abgebildet, 1795 gr\u00fcnden Nicolas-Henri Jacobi, Paul-Augustin Jacobi und Joseph Fabry eine Porzellan-, Steingut-, Fayence-, und Majolikafabrik in Sarreguemines, Firmierung nicht bekannt, 1793 tritt Francois Paul Utzschneider als Mitarbeiter in die Fabrik ein und wird 1799 Teilhaber der Fabrik, 1836 \u00fcbernimmt Utzschneiders Schwiegersohn Alexandre de Geiger (1803 &#8211; 1891) die Firmenleitung, 1871 kauft dessen Sohn Paul de Geiger die Fabrik, wahrscheinlich Firmierung ab da Utzschneider &#038; Cie. Fabrique de Faience &#038; Porcelaine a Sarreguemines, nach dem deutsch-franz\u00f6sischem Krieg 1870\/1871 geh\u00f6rt Sarreguemines zu Deutschland, deshalb gr\u00fcndet Paul de Geiger zwei weitere Fabriken in Frankreich (mit finanzieller Unterst\u00fctzung von Villeroy &#038; Boch), 1876 in Digoin (f\u00fcr Zier- und Gebrauchsporzellan) und 1881 in in Vitry-le-Francois (f\u00fcr Bau- und Industriekeramik), wahrscheinlich \u00e4nderte sich 1876 die Firmenbezeichnung in Utzschneider &#038; Cie. Fabriques de Faience &#038; Porcelaine a Sarreguemines &#038; Digoin, im Jahre 1883 ersteigert Utzschneider zusammen mit Villeroy &#038; Boch, die Steingutfabrik Schramberg, nach WK I, werden alle 3 Utzschneider Fabriken zu Faienceries de Sarreguemines, Digoin et Vitry-le-Francois, anciennement Utzschneider &#038; Cie. vereinigt, das MEK ordnet den Entwurf als nach Hans Christiansen ein, da sich im Design der Fliese eine stilisierte Darstellung einer Rose, \u00e4hnlich wie Christiansen sie darstellte, verwendet worden ist, Zuordnung zu Utzschneider gem\u00e4\u00df o. g. Literatur, H\u00f6he 0,9 cm, L\u00e4nge und Breite 15 cm<\/p>\n<p><a href=\"http:\/\/museumek.eu\/?attachment_id=52774\" rel=\"attachment wp-att-52774\"><img loading=\"lazy\" src=\"http:\/\/museumek.eu\/wp-content\/uploads\/2011\/09\/Utzschneider-Fliese-1-300x276.jpg\" alt=\"\" title=\"Utzschneider Fliese 1\" width=\"300\" height=\"276\" class=\"alignnone size-medium wp-image-52774\" srcset=\"http:\/\/museumek.eu\/wp-content\/uploads\/2011\/09\/Utzschneider-Fliese-1-300x276.jpg 300w, http:\/\/museumek.eu\/wp-content\/uploads\/2011\/09\/Utzschneider-Fliese-1-150x138.jpg 150w, http:\/\/museumek.eu\/wp-content\/uploads\/2011\/09\/Utzschneider-Fliese-1-325x300.jpg 325w, http:\/\/museumek.eu\/wp-content\/uploads\/2011\/09\/Utzschneider-Fliese-1.jpg 520w\" sizes=\"(max-width: 300px) 100vw, 300px\" \/><\/a><\/p>\n<p><a href=\"http:\/\/museumek.eu\/?attachment_id=52775\" rel=\"attachment wp-att-52775\"><img loading=\"lazy\" src=\"http:\/\/museumek.eu\/wp-content\/uploads\/2011\/09\/Utzschneider-Fliese-2-300x140.jpg\" alt=\"\" title=\"Utzschneider Fliese 2\" width=\"300\" height=\"140\" class=\"alignnone size-medium wp-image-52775\" srcset=\"http:\/\/museumek.eu\/wp-content\/uploads\/2011\/09\/Utzschneider-Fliese-2-300x140.jpg 300w, http:\/\/museumek.eu\/wp-content\/uploads\/2011\/09\/Utzschneider-Fliese-2-150x70.jpg 150w, http:\/\/museumek.eu\/wp-content\/uploads\/2011\/09\/Utzschneider-Fliese-2.jpg 448w\" sizes=\"(max-width: 300px) 100vw, 300px\" \/><\/a><\/p>\n<p><a href=\"http:\/\/museumek.eu\/?attachment_id=52776\" rel=\"attachment wp-att-52776\"><img loading=\"lazy\" src=\"http:\/\/museumek.eu\/wp-content\/uploads\/2011\/09\/Utzschneider-Fliese-3-300x293.jpg\" alt=\"\" title=\"Utzschneider Fliese 3\" width=\"300\" height=\"293\" class=\"alignnone size-medium wp-image-52776\" srcset=\"http:\/\/museumek.eu\/wp-content\/uploads\/2011\/09\/Utzschneider-Fliese-3-300x293.jpg 300w, http:\/\/museumek.eu\/wp-content\/uploads\/2011\/09\/Utzschneider-Fliese-3-150x146.jpg 150w, http:\/\/museumek.eu\/wp-content\/uploads\/2011\/09\/Utzschneider-Fliese-3-306x300.jpg 306w, http:\/\/museumek.eu\/wp-content\/uploads\/2011\/09\/Utzschneider-Fliese-3.jpg 490w\" sizes=\"(max-width: 300px) 100vw, 300px\" \/><\/a><\/p>\n","protected":false},"excerpt":{"rendered":"<p>Abteilung Frankreich, Keramik 1860 \u2013 1960, Inventarnummer F\/X\/15 Utzschneider &#038; Cie. Fabrique de Faience &#038; Porcelaine a Sarreguemines &#038; Digoin und Nachf. Faienceries de Sarreguemines, Digoin et Vitry-le-Francois, anciennement Utzschneider &#038; Cie., Frankreich, Sarreguemines\/Digoin, um\/nach 1900, Fliese, K\u00fcnstler (nach Hans &hellip; <a href=\"http:\/\/museumek.eu\/?page_id=52779\">Weiterlesen <span class=\"meta-nav\">&rarr;<\/span><\/a><\/p>\n","protected":false},"author":1,"featured_media":0,"parent":19494,"menu_order":15,"comment_status":"closed","ping_status":"open","template":"","meta":[],"_links":{"self":[{"href":"http:\/\/museumek.eu\/index.php?rest_route=\/wp\/v2\/pages\/52779"}],"collection":[{"href":"http:\/\/museumek.eu\/index.php?rest_route=\/wp\/v2\/pages"}],"about":[{"href":"http:\/\/museumek.eu\/index.php?rest_route=\/wp\/v2\/types\/page"}],"author":[{"embeddable":true,"href":"http:\/\/museumek.eu\/index.php?rest_route=\/wp\/v2\/users\/1"}],"replies":[{"embeddable":true,"href":"http:\/\/museumek.eu\/index.php?rest_route=%2Fwp%2Fv2%2Fcomments&post=52779"}],"version-history":[{"count":2,"href":"http:\/\/museumek.eu\/index.php?rest_route=\/wp\/v2\/pages\/52779\/revisions"}],"predecessor-version":[{"id":52781,"href":"http:\/\/museumek.eu\/index.php?rest_route=\/wp\/v2\/pages\/52779\/revisions\/52781"}],"up":[{"embeddable":true,"href":"http:\/\/museumek.eu\/index.php?rest_route=\/wp\/v2\/pages\/19494"}],"wp:attachment":[{"href":"http:\/\/museumek.eu\/index.php?rest_route=%2Fwp%2Fv2%2Fmedia&parent=52779"}],"curies":[{"name":"wp","href":"https:\/\/api.w.org\/{rel}","templated":true}]}}