{"id":52847,"date":"2021-01-30T18:31:12","date_gmt":"2021-01-30T17:31:12","guid":{"rendered":"http:\/\/museumek.eu\/?page_id=52847"},"modified":"2021-01-30T18:31:12","modified_gmt":"2021-01-30T17:31:12","slug":"diii12","status":"publish","type":"page","link":"http:\/\/museumek.eu\/?page_id=52847","title":{"rendered":"D\/III\/12"},"content":{"rendered":"<p><strong>Abteilung Deutschland, Keramik 1860 \u2013 1960, Inventarnummer D\/III\/12<\/strong><\/p>\n<p>Porzellanfabrik Zeh, Scherzer &#038; Cie. und Nachfolger Zeh, Scherzer &#038; Cie. AG, Deutschland, Rehau, um 1920, Vase, K\u00fcnstler unbekannt, Werks.-Nr. ohne, Exemplar Nr. ohne, gemarkt Firmenmarke mit Z.S. &#038; Cie., Wellenlinie, BAVARIA dunkelgr\u00fcner Stempel unter Glasur, 3 geritzt, Literatur: J. G. Th. Graesse und E. Jaenicke, F\u00fchrer f\u00fcr Sammler von Porzellan und Fayence, Steinzeug, Steingut usw., Seite 503, Marke Nr. 3 identisch, weitere Literatur: Emanuel Poche, Porzellanmarken aus aller Welt, Marke 605 identisch, weitere Literatur: Dieter Z\u00fchlsdorff, Markenlexikon Band 1, Porzellan und Keramik Report 1885 &#8211; 1935, Seite 75, Werk-Teil Nr. 1., Gruppennummer des Werkteils 1., laufende Nummer innerhalb der Gruppe 1466, identische Marke (dort f\u00fcr die Zeit 1880 bis nach 1910) sowie Seite 592, Werk-Teil 3., laufende Nummer des Werkteils 1053, dort Fabrikbeschreibung, weitere Literatur: Robert E. R\u00f6ntgen, Deutsche Porzellanmarken von 1710 bis heute, Seite 286, Marke Nr. 2231 identisch (dort f\u00fcr die Zeit 1880 bis ca. 1882, Anm. MEK: das folgt Z\u00fchlsdorff, dass die Marke bis nach 1910 verwendet worden ist), die Fabrik wurde am 02.11.1880 von einem Konsortium gegr\u00fcndet, die Gr\u00fcndungmitglieder waren: Johann Michael Scherzer jun., Georg Adam Winterling, Johan Nicol. Jakob jun., Hans Zeh, Johann-Andreas Karl W\u00f6lfel, Johann Paulus Hertel, Josef Zapf, Ernst W\u00f6lfel und Nicol. W\u00f6lfel, es wurde \u00fcberwiegend in die USA exportiert, dort erfolgte die Einfuhr \u00fcber den Hauptabnehmer Borgfeldt &#038; Co. New York, Firmierung als Porzellanfabrik Zeh, Scherzer &#038; Cie., 1910 erfolgte die Umwandlung in eine AG, Firmierung nun Zeh, Scherzer &#038; Cie. AG, die Fabrik bestand \u00fcber 100 Jahre, H\u00f6he 18,5 cm, Breite 13 cm<\/p>\n<p><a href=\"http:\/\/museumek.eu\/?attachment_id=52833\" rel=\"attachment wp-att-52833\"><img loading=\"lazy\" src=\"http:\/\/museumek.eu\/wp-content\/uploads\/2013\/07\/Zeh-Scherzer-Vase-1-186x300.jpg\" alt=\"\" title=\"Zeh Scherzer Vase 1\" width=\"186\" height=\"300\" class=\"alignnone size-medium wp-image-52833\" srcset=\"http:\/\/museumek.eu\/wp-content\/uploads\/2013\/07\/Zeh-Scherzer-Vase-1-186x300.jpg 186w, http:\/\/museumek.eu\/wp-content\/uploads\/2013\/07\/Zeh-Scherzer-Vase-1-93x150.jpg 93w, http:\/\/museumek.eu\/wp-content\/uploads\/2013\/07\/Zeh-Scherzer-Vase-1.jpg 397w\" sizes=\"(max-width: 186px) 100vw, 186px\" \/><\/a><\/p>\n<p><a href=\"http:\/\/museumek.eu\/?attachment_id=52835\" rel=\"attachment wp-att-52835\"><img loading=\"lazy\" src=\"http:\/\/museumek.eu\/wp-content\/uploads\/2013\/07\/Zeh-Scherzer-Vase-2-212x300.jpg\" alt=\"\" title=\"Zeh Scherzer Vase 2\" width=\"212\" height=\"300\" class=\"alignnone size-medium wp-image-52835\" srcset=\"http:\/\/museumek.eu\/wp-content\/uploads\/2013\/07\/Zeh-Scherzer-Vase-2-212x300.jpg 212w, http:\/\/museumek.eu\/wp-content\/uploads\/2013\/07\/Zeh-Scherzer-Vase-2-106x150.jpg 106w, http:\/\/museumek.eu\/wp-content\/uploads\/2013\/07\/Zeh-Scherzer-Vase-2.jpg 453w\" sizes=\"(max-width: 212px) 100vw, 212px\" \/><\/a><\/p>\n<p><a href=\"http:\/\/museumek.eu\/?attachment_id=52836\" rel=\"attachment wp-att-52836\"><img loading=\"lazy\" src=\"http:\/\/museumek.eu\/wp-content\/uploads\/2013\/07\/Zeh-Scherzer-Vase-3-270x300.jpg\" alt=\"\" title=\"Zeh Scherzer Vase 3\" width=\"270\" height=\"300\" class=\"alignnone size-medium wp-image-52836\" srcset=\"http:\/\/museumek.eu\/wp-content\/uploads\/2013\/07\/Zeh-Scherzer-Vase-3-270x300.jpg 270w, http:\/\/museumek.eu\/wp-content\/uploads\/2013\/07\/Zeh-Scherzer-Vase-3-135x150.jpg 135w, http:\/\/museumek.eu\/wp-content\/uploads\/2013\/07\/Zeh-Scherzer-Vase-3.jpg 480w\" sizes=\"(max-width: 270px) 100vw, 270px\" \/><\/a><\/p>\n<p><a href=\"http:\/\/museumek.eu\/?attachment_id=52837\" rel=\"attachment wp-att-52837\"><img loading=\"lazy\" src=\"http:\/\/museumek.eu\/wp-content\/uploads\/2013\/07\/Zeh-Scherzer-Vase-4-300x244.jpg\" alt=\"\" title=\"Zeh Scherzer Vase 4\" width=\"300\" height=\"244\" class=\"alignnone size-medium wp-image-52837\" srcset=\"http:\/\/museumek.eu\/wp-content\/uploads\/2013\/07\/Zeh-Scherzer-Vase-4-300x244.jpg 300w, http:\/\/museumek.eu\/wp-content\/uploads\/2013\/07\/Zeh-Scherzer-Vase-4-150x122.jpg 150w, http:\/\/museumek.eu\/wp-content\/uploads\/2013\/07\/Zeh-Scherzer-Vase-4-367x300.jpg 367w, http:\/\/museumek.eu\/wp-content\/uploads\/2013\/07\/Zeh-Scherzer-Vase-4.jpg 588w\" sizes=\"(max-width: 300px) 100vw, 300px\" \/><\/a><\/p>\n<p><a href=\"http:\/\/museumek.eu\/?attachment_id=52838\" rel=\"attachment wp-att-52838\"><img loading=\"lazy\" src=\"http:\/\/museumek.eu\/wp-content\/uploads\/2013\/07\/Zeh-Scherzer-Vase-5-300x219.jpg\" alt=\"\" title=\"Zeh Scherzer Vase 5\" width=\"300\" height=\"219\" class=\"alignnone size-medium wp-image-52838\" srcset=\"http:\/\/museumek.eu\/wp-content\/uploads\/2013\/07\/Zeh-Scherzer-Vase-5-300x219.jpg 300w, http:\/\/museumek.eu\/wp-content\/uploads\/2013\/07\/Zeh-Scherzer-Vase-5-150x109.jpg 150w, http:\/\/museumek.eu\/wp-content\/uploads\/2013\/07\/Zeh-Scherzer-Vase-5-410x300.jpg 410w, http:\/\/museumek.eu\/wp-content\/uploads\/2013\/07\/Zeh-Scherzer-Vase-5.jpg 640w\" sizes=\"(max-width: 300px) 100vw, 300px\" \/><\/a><\/p>\n","protected":false},"excerpt":{"rendered":"<p>Abteilung Deutschland, Keramik 1860 \u2013 1960, Inventarnummer D\/III\/12 Porzellanfabrik Zeh, Scherzer &#038; Cie. und Nachfolger Zeh, Scherzer &#038; Cie. AG, Deutschland, Rehau, um 1920, Vase, K\u00fcnstler unbekannt, Werks.-Nr. ohne, Exemplar Nr. ohne, gemarkt Firmenmarke mit Z.S. &#038; Cie., Wellenlinie, BAVARIA &hellip; <a href=\"http:\/\/museumek.eu\/?page_id=52847\">Weiterlesen <span class=\"meta-nav\">&rarr;<\/span><\/a><\/p>\n","protected":false},"author":1,"featured_media":0,"parent":24678,"menu_order":12,"comment_status":"closed","ping_status":"open","template":"","meta":[],"_links":{"self":[{"href":"http:\/\/museumek.eu\/index.php?rest_route=\/wp\/v2\/pages\/52847"}],"collection":[{"href":"http:\/\/museumek.eu\/index.php?rest_route=\/wp\/v2\/pages"}],"about":[{"href":"http:\/\/museumek.eu\/index.php?rest_route=\/wp\/v2\/types\/page"}],"author":[{"embeddable":true,"href":"http:\/\/museumek.eu\/index.php?rest_route=\/wp\/v2\/users\/1"}],"replies":[{"embeddable":true,"href":"http:\/\/museumek.eu\/index.php?rest_route=%2Fwp%2Fv2%2Fcomments&post=52847"}],"version-history":[{"count":2,"href":"http:\/\/museumek.eu\/index.php?rest_route=\/wp\/v2\/pages\/52847\/revisions"}],"predecessor-version":[{"id":52849,"href":"http:\/\/museumek.eu\/index.php?rest_route=\/wp\/v2\/pages\/52847\/revisions\/52849"}],"up":[{"embeddable":true,"href":"http:\/\/museumek.eu\/index.php?rest_route=\/wp\/v2\/pages\/24678"}],"wp:attachment":[{"href":"http:\/\/museumek.eu\/index.php?rest_route=%2Fwp%2Fv2%2Fmedia&parent=52847"}],"curies":[{"name":"wp","href":"https:\/\/api.w.org\/{rel}","templated":true}]}}