{"id":52909,"date":"2021-01-30T22:01:25","date_gmt":"2021-01-30T21:01:25","guid":{"rendered":"http:\/\/museumek.eu\/?page_id=52909"},"modified":"2021-04-09T15:22:20","modified_gmt":"2021-04-09T13:22:20","slug":"dclxxxiii1","status":"publish","type":"page","link":"http:\/\/museumek.eu\/?page_id=52909","title":{"rendered":"D\/CLXXXIII\/1"},"content":{"rendered":"<p><strong>Abteilung Deutschland, Keramik 1860 \u2013 1960, Inventarnummer D\/CLXXXIII\/1<\/strong><\/p>\n<p>Porzellanfabrik Arno Fischer, Deutschland, Ilmenau, um 1930, Aschenbecher, K\u00fcnstler Walter Bosse (attr.), Werks.-Nr. 6478, Exemplar Nr. ohne, gemarkt Firmenmarke Buchstabe I (f\u00fcr Ilmenau) \u00fcber einer Krone, darunter ein Becher \u00e4hnliches Gef\u00e4\u00df, darin untereinander ligiert FA (f\u00fcr Arno Fischer) rot\/brauner Stempel unter Glasur, 6478 gepresst, nicht signiert, Literatur: Emanuel Poche, Porzellanmarken aus aller Welt, Marke Nr. 391 identisch, weitere Literatur: Dieter Z\u00fchlsdorff, Marken Lexikon, Porzellan und Keramik Report 1885 &#8211; 1935, Seite 270, Werk-Teil 1., Gruppennummer 4., laufende Nummer innerhalb der Gruppe 617, identische Marke (dort g\u00fcltig f\u00fcr die Zeit ab 1927) sowie Seite 526, Werk-Teil 3., laufende Nummer des Werkteils 558, dort Beschreibung der Fabrik, die Fabrik wurde 1907 von Arno Fischer in Ilmenau gegr\u00fcndet, Firmierung Porzellanfabrik Arno Fischer, vor 1927 sind Fischers Sohn Gerhard Fischer und Teilhaber Josef Klinger Inhaber, Klinger scheidet bereits 1930 wieder aus, ab ca. 1926 bis ca. 1939 ist Walter Bosse k\u00fcnstlerischer Mitarbeiter, nach WK II wird die Fabrik verstaatlicht, H\u00f6he 2 cm, L\u00e4nge und Breite je 8 cm <\/p>\n<p><a href=\"http:\/\/museumek.eu\/?attachment_id=44954\" rel=\"attachment wp-att-44954\"><img loading=\"lazy\" src=\"http:\/\/museumek.eu\/wp-content\/uploads\/2014\/03\/4560-300x297.jpg\" alt=\"\" title=\"4560\" width=\"300\" height=\"297\" class=\"alignnone size-medium wp-image-44954\" srcset=\"http:\/\/museumek.eu\/wp-content\/uploads\/2014\/03\/4560-300x297.jpg 300w, http:\/\/museumek.eu\/wp-content\/uploads\/2014\/03\/4560-150x148.jpg 150w, http:\/\/museumek.eu\/wp-content\/uploads\/2014\/03\/4560-302x300.jpg 302w, http:\/\/museumek.eu\/wp-content\/uploads\/2014\/03\/4560.jpg 605w\" sizes=\"(max-width: 300px) 100vw, 300px\" \/><\/a> <\/p>\n<p><a href=\"http:\/\/museumek.eu\/?attachment_id=52884\" rel=\"attachment wp-att-52884\"><img loading=\"lazy\" src=\"http:\/\/museumek.eu\/wp-content\/uploads\/2021\/01\/Arno-Fischer-Aschenbecher-1-300x292.jpg\" alt=\"\" title=\"Arno Fischer Aschenbecher 1\" width=\"300\" height=\"292\" class=\"alignnone size-medium wp-image-52884\" srcset=\"http:\/\/museumek.eu\/wp-content\/uploads\/2021\/01\/Arno-Fischer-Aschenbecher-1-300x292.jpg 300w, http:\/\/museumek.eu\/wp-content\/uploads\/2021\/01\/Arno-Fischer-Aschenbecher-1-150x146.jpg 150w, http:\/\/museumek.eu\/wp-content\/uploads\/2021\/01\/Arno-Fischer-Aschenbecher-1-307x300.jpg 307w, http:\/\/museumek.eu\/wp-content\/uploads\/2021\/01\/Arno-Fischer-Aschenbecher-1.jpg 492w\" sizes=\"(max-width: 300px) 100vw, 300px\" \/><\/a><\/p>\n<p><a href=\"http:\/\/museumek.eu\/?attachment_id=52885\" rel=\"attachment wp-att-52885\"><img loading=\"lazy\" src=\"http:\/\/museumek.eu\/wp-content\/uploads\/2021\/01\/Arno-Fischer-Aschenbecher-2-212x300.jpg\" alt=\"\" title=\"Arno Fischer Aschenbecher 2\" width=\"212\" height=\"300\" class=\"alignnone size-medium wp-image-52885\" srcset=\"http:\/\/museumek.eu\/wp-content\/uploads\/2021\/01\/Arno-Fischer-Aschenbecher-2-212x300.jpg 212w, http:\/\/museumek.eu\/wp-content\/uploads\/2021\/01\/Arno-Fischer-Aschenbecher-2-106x150.jpg 106w, http:\/\/museumek.eu\/wp-content\/uploads\/2021\/01\/Arno-Fischer-Aschenbecher-2.jpg 453w\" sizes=\"(max-width: 212px) 100vw, 212px\" \/><\/a><\/p>\n<p><a href=\"http:\/\/museumek.eu\/?attachment_id=52886\" rel=\"attachment wp-att-52886\"><img loading=\"lazy\" src=\"http:\/\/museumek.eu\/wp-content\/uploads\/2021\/01\/Arno-Fischer-Aschenbecher-3-264x300.jpg\" alt=\"\" title=\"Arno Fischer Aschenbecher 3\" width=\"264\" height=\"300\" class=\"alignnone size-medium wp-image-52886\" srcset=\"http:\/\/museumek.eu\/wp-content\/uploads\/2021\/01\/Arno-Fischer-Aschenbecher-3-264x300.jpg 264w, http:\/\/museumek.eu\/wp-content\/uploads\/2021\/01\/Arno-Fischer-Aschenbecher-3-132x150.jpg 132w, http:\/\/museumek.eu\/wp-content\/uploads\/2021\/01\/Arno-Fischer-Aschenbecher-3.jpg 480w\" sizes=\"(max-width: 264px) 100vw, 264px\" \/><\/a><\/p>\n<p><a href=\"http:\/\/museumek.eu\/?attachment_id=52887\" rel=\"attachment wp-att-52887\"><img loading=\"lazy\" src=\"http:\/\/museumek.eu\/wp-content\/uploads\/2021\/01\/Arno-Fischer-Aschenbecher-4-300x130.jpg\" alt=\"\" title=\"Arno Fischer Aschenbecher 4\" width=\"300\" height=\"130\" class=\"alignnone size-medium wp-image-52887\" srcset=\"http:\/\/museumek.eu\/wp-content\/uploads\/2021\/01\/Arno-Fischer-Aschenbecher-4-300x130.jpg 300w, http:\/\/museumek.eu\/wp-content\/uploads\/2021\/01\/Arno-Fischer-Aschenbecher-4-150x65.jpg 150w, http:\/\/museumek.eu\/wp-content\/uploads\/2021\/01\/Arno-Fischer-Aschenbecher-4-500x217.jpg 500w, http:\/\/museumek.eu\/wp-content\/uploads\/2021\/01\/Arno-Fischer-Aschenbecher-4.jpg 640w\" sizes=\"(max-width: 300px) 100vw, 300px\" \/><\/a><\/p>\n","protected":false},"excerpt":{"rendered":"<p>Abteilung Deutschland, Keramik 1860 \u2013 1960, Inventarnummer D\/CLXXXIII\/1 Porzellanfabrik Arno Fischer, Deutschland, Ilmenau, um 1930, Aschenbecher, K\u00fcnstler Walter Bosse (attr.), Werks.-Nr. 6478, Exemplar Nr. ohne, gemarkt Firmenmarke Buchstabe I (f\u00fcr Ilmenau) \u00fcber einer Krone, darunter ein Becher \u00e4hnliches Gef\u00e4\u00df, darin &hellip; <a href=\"http:\/\/museumek.eu\/?page_id=52909\">Weiterlesen <span class=\"meta-nav\">&rarr;<\/span><\/a><\/p>\n","protected":false},"author":1,"featured_media":0,"parent":52904,"menu_order":1,"comment_status":"closed","ping_status":"open","template":"","meta":[],"_links":{"self":[{"href":"http:\/\/museumek.eu\/index.php?rest_route=\/wp\/v2\/pages\/52909"}],"collection":[{"href":"http:\/\/museumek.eu\/index.php?rest_route=\/wp\/v2\/pages"}],"about":[{"href":"http:\/\/museumek.eu\/index.php?rest_route=\/wp\/v2\/types\/page"}],"author":[{"embeddable":true,"href":"http:\/\/museumek.eu\/index.php?rest_route=\/wp\/v2\/users\/1"}],"replies":[{"embeddable":true,"href":"http:\/\/museumek.eu\/index.php?rest_route=%2Fwp%2Fv2%2Fcomments&post=52909"}],"version-history":[{"count":8,"href":"http:\/\/museumek.eu\/index.php?rest_route=\/wp\/v2\/pages\/52909\/revisions"}],"predecessor-version":[{"id":55696,"href":"http:\/\/museumek.eu\/index.php?rest_route=\/wp\/v2\/pages\/52909\/revisions\/55696"}],"up":[{"embeddable":true,"href":"http:\/\/museumek.eu\/index.php?rest_route=\/wp\/v2\/pages\/52904"}],"wp:attachment":[{"href":"http:\/\/museumek.eu\/index.php?rest_route=%2Fwp%2Fv2%2Fmedia&parent=52909"}],"curies":[{"name":"wp","href":"https:\/\/api.w.org\/{rel}","templated":true}]}}