{"id":52943,"date":"2021-01-31T21:58:41","date_gmt":"2021-01-31T20:58:41","guid":{"rendered":"http:\/\/museumek.eu\/?page_id=52943"},"modified":"2021-01-31T21:58:41","modified_gmt":"2021-01-31T20:58:41","slug":"fxviii7","status":"publish","type":"page","link":"http:\/\/museumek.eu\/?page_id=52943","title":{"rendered":"F\/XVIII\/7"},"content":{"rendered":"<p><strong>Abteilung Frankreich, Keramik 1860 \u2013 1960, Inventarnummer F\/XVIII\/7<\/strong><\/p>\n<p>Manufacture de Faiences d\u2019Art de Saint Clement, Frankreich, Saint Clement, um 1935, Figur Reh, K\u00fcnstler Charles Lemanceau (attr.), Werks.-Nr. 8537, Exemplar Nr. ohne, gemarkt SC (ligiert), 8537 sowie FRANCE gepresst, nicht signiert, von 1863 bis 1892 stand die Faiencerie St. Clement im Eigentum der Familie Thomas, ab 1892 im Eigentum der Firma Keller &#038; Gu\u00e9rin und ab 1922 im Eigentum von Edouard Fenal der auch Eigent\u00fcmer der Steingutfabrik in Badonviller war und ab 1979 im Eigentum der Sarreguemines Gruppe, H\u00f6he 19 cm, Breite 9,5 cm<\/p>\n<p><a href=\"http:\/\/museumek.eu\/?attachment_id=52927\" rel=\"attachment wp-att-52927\"><img loading=\"lazy\" src=\"http:\/\/museumek.eu\/wp-content\/uploads\/2011\/09\/St.-Clement-gr\u00fcnes-Reh-1-167x300.jpg\" alt=\"\" title=\"St. Clement gr\u00fcnes Reh 1\" width=\"167\" height=\"300\" class=\"alignnone size-medium wp-image-52927\" srcset=\"http:\/\/museumek.eu\/wp-content\/uploads\/2011\/09\/St.-Clement-gr\u00fcnes-Reh-1-167x300.jpg 167w, http:\/\/museumek.eu\/wp-content\/uploads\/2011\/09\/St.-Clement-gr\u00fcnes-Reh-1-83x150.jpg 83w, http:\/\/museumek.eu\/wp-content\/uploads\/2011\/09\/St.-Clement-gr\u00fcnes-Reh-1.jpg 357w\" sizes=\"(max-width: 167px) 100vw, 167px\" \/><\/a><\/p>\n<p><a href=\"http:\/\/museumek.eu\/?attachment_id=52928\" rel=\"attachment wp-att-52928\"><img loading=\"lazy\" src=\"http:\/\/museumek.eu\/wp-content\/uploads\/2011\/09\/St.-Clement-gr\u00fcnes-Reh-2-140x300.jpg\" alt=\"\" title=\"St. Clement gr\u00fcnes Reh 2\" width=\"140\" height=\"300\" class=\"alignnone size-medium wp-image-52928\" srcset=\"http:\/\/museumek.eu\/wp-content\/uploads\/2011\/09\/St.-Clement-gr\u00fcnes-Reh-2-140x300.jpg 140w, http:\/\/museumek.eu\/wp-content\/uploads\/2011\/09\/St.-Clement-gr\u00fcnes-Reh-2-70x150.jpg 70w, http:\/\/museumek.eu\/wp-content\/uploads\/2011\/09\/St.-Clement-gr\u00fcnes-Reh-2.jpg 300w\" sizes=\"(max-width: 140px) 100vw, 140px\" \/><\/a><\/p>\n<p><a href=\"http:\/\/museumek.eu\/?attachment_id=52929\" rel=\"attachment wp-att-52929\"><img loading=\"lazy\" src=\"http:\/\/museumek.eu\/wp-content\/uploads\/2011\/09\/St.-Clement-gr\u00fcnes-Reh-3-165x300.jpg\" alt=\"\" title=\"St. Clement gr\u00fcnes Reh 3\" width=\"165\" height=\"300\" class=\"alignnone size-medium wp-image-52929\" srcset=\"http:\/\/museumek.eu\/wp-content\/uploads\/2011\/09\/St.-Clement-gr\u00fcnes-Reh-3-165x300.jpg 165w, http:\/\/museumek.eu\/wp-content\/uploads\/2011\/09\/St.-Clement-gr\u00fcnes-Reh-3-82x150.jpg 82w\" sizes=\"(max-width: 165px) 100vw, 165px\" \/><\/a><\/p>\n<p><a href=\"http:\/\/museumek.eu\/?attachment_id=52930\" rel=\"attachment wp-att-52930\"><img loading=\"lazy\" src=\"http:\/\/museumek.eu\/wp-content\/uploads\/2011\/09\/St.-Clement-gr\u00fcnes-Reh-4-96x300.jpg\" alt=\"\" title=\"St. Clement gr\u00fcnes Reh 4\" width=\"96\" height=\"300\" class=\"alignnone size-medium wp-image-52930\" srcset=\"http:\/\/museumek.eu\/wp-content\/uploads\/2011\/09\/St.-Clement-gr\u00fcnes-Reh-4-96x300.jpg 96w, http:\/\/museumek.eu\/wp-content\/uploads\/2011\/09\/St.-Clement-gr\u00fcnes-Reh-4-48x150.jpg 48w\" sizes=\"(max-width: 96px) 100vw, 96px\" \/><\/a><\/p>\n<p><a href=\"http:\/\/museumek.eu\/?attachment_id=52931\" rel=\"attachment wp-att-52931\"><img loading=\"lazy\" src=\"http:\/\/museumek.eu\/wp-content\/uploads\/2011\/09\/St.-Clement-gr\u00fcnes-Reh-5-233x300.jpg\" alt=\"\" title=\"St. Clement gr\u00fcnes Reh 5\" width=\"233\" height=\"300\" class=\"alignnone size-medium wp-image-52931\" srcset=\"http:\/\/museumek.eu\/wp-content\/uploads\/2011\/09\/St.-Clement-gr\u00fcnes-Reh-5-233x300.jpg 233w, http:\/\/museumek.eu\/wp-content\/uploads\/2011\/09\/St.-Clement-gr\u00fcnes-Reh-5-116x150.jpg 116w, http:\/\/museumek.eu\/wp-content\/uploads\/2011\/09\/St.-Clement-gr\u00fcnes-Reh-5.jpg 480w\" sizes=\"(max-width: 233px) 100vw, 233px\" \/><\/a><\/p>\n<p><a href=\"http:\/\/museumek.eu\/?attachment_id=52932\" rel=\"attachment wp-att-52932\"><img loading=\"lazy\" src=\"http:\/\/museumek.eu\/wp-content\/uploads\/2011\/09\/St.-Clement-gr\u00fcnes-Reh-6-300x250.jpg\" alt=\"\" title=\"St. Clement gr\u00fcnes Reh 6\" width=\"300\" height=\"250\" class=\"alignnone size-medium wp-image-52932\" srcset=\"http:\/\/museumek.eu\/wp-content\/uploads\/2011\/09\/St.-Clement-gr\u00fcnes-Reh-6-300x250.jpg 300w, http:\/\/museumek.eu\/wp-content\/uploads\/2011\/09\/St.-Clement-gr\u00fcnes-Reh-6-150x125.jpg 150w, http:\/\/museumek.eu\/wp-content\/uploads\/2011\/09\/St.-Clement-gr\u00fcnes-Reh-6-359x300.jpg 359w, http:\/\/museumek.eu\/wp-content\/uploads\/2011\/09\/St.-Clement-gr\u00fcnes-Reh-6.jpg 575w\" sizes=\"(max-width: 300px) 100vw, 300px\" \/><\/a><\/p>\n","protected":false},"excerpt":{"rendered":"<p>Abteilung Frankreich, Keramik 1860 \u2013 1960, Inventarnummer F\/XVIII\/7 Manufacture de Faiences d\u2019Art de Saint Clement, Frankreich, Saint Clement, um 1935, Figur Reh, K\u00fcnstler Charles Lemanceau (attr.), Werks.-Nr. 8537, Exemplar Nr. ohne, gemarkt SC (ligiert), 8537 sowie FRANCE gepresst, nicht signiert, &hellip; <a href=\"http:\/\/museumek.eu\/?page_id=52943\">Weiterlesen <span class=\"meta-nav\">&rarr;<\/span><\/a><\/p>\n","protected":false},"author":1,"featured_media":0,"parent":8535,"menu_order":7,"comment_status":"closed","ping_status":"open","template":"","meta":[],"_links":{"self":[{"href":"http:\/\/museumek.eu\/index.php?rest_route=\/wp\/v2\/pages\/52943"}],"collection":[{"href":"http:\/\/museumek.eu\/index.php?rest_route=\/wp\/v2\/pages"}],"about":[{"href":"http:\/\/museumek.eu\/index.php?rest_route=\/wp\/v2\/types\/page"}],"author":[{"embeddable":true,"href":"http:\/\/museumek.eu\/index.php?rest_route=\/wp\/v2\/users\/1"}],"replies":[{"embeddable":true,"href":"http:\/\/museumek.eu\/index.php?rest_route=%2Fwp%2Fv2%2Fcomments&post=52943"}],"version-history":[{"count":2,"href":"http:\/\/museumek.eu\/index.php?rest_route=\/wp\/v2\/pages\/52943\/revisions"}],"predecessor-version":[{"id":52945,"href":"http:\/\/museumek.eu\/index.php?rest_route=\/wp\/v2\/pages\/52943\/revisions\/52945"}],"up":[{"embeddable":true,"href":"http:\/\/museumek.eu\/index.php?rest_route=\/wp\/v2\/pages\/8535"}],"wp:attachment":[{"href":"http:\/\/museumek.eu\/index.php?rest_route=%2Fwp%2Fv2%2Fmedia&parent=52943"}],"curies":[{"name":"wp","href":"https:\/\/api.w.org\/{rel}","templated":true}]}}