{"id":53012,"date":"2021-02-02T22:42:11","date_gmt":"2021-02-02T21:42:11","guid":{"rendered":"http:\/\/museumek.eu\/?page_id=53012"},"modified":"2021-02-02T22:42:52","modified_gmt":"2021-02-02T21:42:52","slug":"dclxxxiv1","status":"publish","type":"page","link":"http:\/\/museumek.eu\/?page_id=53012","title":{"rendered":"D\/CLXXXIV\/1"},"content":{"rendered":"<p><strong>Abteilung Deutschland, Keramik 1860 \u2013 1960, Inventarnummer D\/CLXXXIV\/1<\/strong><\/p>\n<p>Ofenfabrik und Kunstt\u00f6pferei von Georg Bankel und Nachf. Georg Bankel, Lauf, Chamotteofen- und Wandplattenfabrik, Deutschland, Lauf, um 1905, Fliese, K\u00fcnstler unbekannt, Werks.-Nr. ohne, Exemplar Nr. ohne, gemarkt Firmenmarke G BANKEL, darunter LAUF sowie 1 alles mit gepresst, nicht signiert, Literatur: Dieter Z\u00fchlsdorff, Marken Lexikon, Porzellan und Keramik Report 1885 &#8211; 1935, Seite 544, Werk-Teil 3., laufende Nummer des Werkteils 684, dort Beschreibung der Fabrik, weitere Literatur: Ren\u00e9 Simmermacher, Jugendstilfliesen, Bestandskatalog des Badischen Landesmuseums Karlsruhe, Seite 27, dort unvollst\u00e4ndige Angaben zur Fabrik sowie Abb. 2. (2) identischer Fliesenr\u00fccken mit anderer Markung und Seite 28, Abb. 2.6. (2), dort identische Fliese mit anderer Farbgestaltung, weitere Literatur: Michael Weisser, Jugendstilfliesen, 3. Auflage 1989, Seite 46, dort Beschreibung der Fabrik und Abb. von denen das MEK die Firmierungen \u00fcbernehmen konnte sowie Seite 142, Foto 173, dort identische Fliese mit anderer Farbgestaltung und in einer kleineren Ausf\u00fchrung, im Jahre 1889 gr\u00fcndete Georg Bankel in Lauf eine Ofenfabrik, Firmierung wohl Ofenfabrik und Kunstt\u00f6pferei von Georg Bankel (gesichert ist die Firmierung f\u00fcr das Jahr 1892 durch o. g. Abb. in Weissers Buch), ab 1901 erlernte Heinrich Thein, der sp\u00e4tere k\u00fcnstlerische Leiter der Kgl. Porzellanmanufaktur Meissen in der Kunstabteilung der Fabrik den Beruf des Modelleurs, 1905 stellte Bankel seine Produktion vollst\u00e4ndige auf farbig glasierte Wandplatten um und baute eine separate Fabrik f\u00fcr die Kachelofenherstellung, Bankels Sohn Christof Bankel \u00fcbernahm die Leitung der neuen Fabrik und Bankels weiterer Sohn Georg Bankel jun. \u00fcbernahm zur gleichen Zeit die Leitung der Wandplattenfabrik, Bankel verstarb 1925 und seine S\u00f6hne f\u00fchrten nun eigenst\u00e4ndig die Fabriken fort, anzumerken w\u00e4re noch, dass nach 1925 der Bildhauer Arnulf Holl (siehe MEK D\/CLXXVII\/1, dort dann mit eigener Werkstatt) eine Zeit lang Leiter der Kunstabteilung der Wandplattenfabrik war, Ausf\u00fchrung der Fliese: Fadenrelief, H\u00f6he 1 cm, L\u00e4nge und Breite 15 cm<\/p>\n<p><a href=\"http:\/\/museumek.eu\/?attachment_id=52991\" rel=\"attachment wp-att-52991\"><img loading=\"lazy\" src=\"http:\/\/museumek.eu\/wp-content\/uploads\/2021\/02\/Bankel-Fliese-1-300x298.jpg\" alt=\"\" title=\"Bankel Fliese 1\" width=\"300\" height=\"298\" class=\"alignnone size-medium wp-image-52991\" srcset=\"http:\/\/museumek.eu\/wp-content\/uploads\/2021\/02\/Bankel-Fliese-1-300x298.jpg 300w, http:\/\/museumek.eu\/wp-content\/uploads\/2021\/02\/Bankel-Fliese-1-150x150.jpg 150w, http:\/\/museumek.eu\/wp-content\/uploads\/2021\/02\/Bankel-Fliese-1-301x300.jpg 301w, http:\/\/museumek.eu\/wp-content\/uploads\/2021\/02\/Bankel-Fliese-1.jpg 482w\" sizes=\"(max-width: 300px) 100vw, 300px\" \/><\/a><\/p>\n<p><a href=\"http:\/\/museumek.eu\/?attachment_id=52992\" rel=\"attachment wp-att-52992\"><img loading=\"lazy\" src=\"http:\/\/museumek.eu\/wp-content\/uploads\/2021\/02\/Bankel-Fliese-2-300x186.jpg\" alt=\"\" title=\"Bankel Fliese 2\" width=\"300\" height=\"186\" class=\"alignnone size-medium wp-image-52992\" srcset=\"http:\/\/museumek.eu\/wp-content\/uploads\/2021\/02\/Bankel-Fliese-2-300x186.jpg 300w, http:\/\/museumek.eu\/wp-content\/uploads\/2021\/02\/Bankel-Fliese-2-150x93.jpg 150w, http:\/\/museumek.eu\/wp-content\/uploads\/2021\/02\/Bankel-Fliese-2-483x300.jpg 483w, http:\/\/museumek.eu\/wp-content\/uploads\/2021\/02\/Bankel-Fliese-2.jpg 640w\" sizes=\"(max-width: 300px) 100vw, 300px\" \/><\/a><\/p>\n<p><a href=\"http:\/\/museumek.eu\/?attachment_id=52993\" rel=\"attachment wp-att-52993\"><img loading=\"lazy\" src=\"http:\/\/museumek.eu\/wp-content\/uploads\/2021\/02\/Bankel-Fliese-3-300x295.jpg\" alt=\"\" title=\"Bankel Fliese 3\" width=\"300\" height=\"295\" class=\"alignnone size-medium wp-image-52993\" srcset=\"http:\/\/museumek.eu\/wp-content\/uploads\/2021\/02\/Bankel-Fliese-3-300x295.jpg 300w, http:\/\/museumek.eu\/wp-content\/uploads\/2021\/02\/Bankel-Fliese-3-150x147.jpg 150w, http:\/\/museumek.eu\/wp-content\/uploads\/2021\/02\/Bankel-Fliese-3-304x300.jpg 304w, http:\/\/museumek.eu\/wp-content\/uploads\/2021\/02\/Bankel-Fliese-3.jpg 487w\" sizes=\"(max-width: 300px) 100vw, 300px\" \/><\/a><\/p>\n<p><a href=\"http:\/\/museumek.eu\/?attachment_id=52994\" rel=\"attachment wp-att-52994\"><img loading=\"lazy\" src=\"http:\/\/museumek.eu\/wp-content\/uploads\/2021\/02\/Bankel-Fliese-4-291x300.jpg\" alt=\"\" title=\"Bankel Fliese 4\" width=\"291\" height=\"300\" class=\"alignnone size-medium wp-image-52994\" srcset=\"http:\/\/museumek.eu\/wp-content\/uploads\/2021\/02\/Bankel-Fliese-4-291x300.jpg 291w, http:\/\/museumek.eu\/wp-content\/uploads\/2021\/02\/Bankel-Fliese-4-145x150.jpg 145w, http:\/\/museumek.eu\/wp-content\/uploads\/2021\/02\/Bankel-Fliese-4.jpg 480w\" sizes=\"(max-width: 291px) 100vw, 291px\" \/><\/a> <\/p>\n","protected":false},"excerpt":{"rendered":"<p>Abteilung Deutschland, Keramik 1860 \u2013 1960, Inventarnummer D\/CLXXXIV\/1 Ofenfabrik und Kunstt\u00f6pferei von Georg Bankel und Nachf. Georg Bankel, Lauf, Chamotteofen- und Wandplattenfabrik, Deutschland, Lauf, um 1905, Fliese, K\u00fcnstler unbekannt, Werks.-Nr. ohne, Exemplar Nr. ohne, gemarkt Firmenmarke G BANKEL, darunter LAUF &hellip; <a href=\"http:\/\/museumek.eu\/?page_id=53012\">Weiterlesen <span class=\"meta-nav\">&rarr;<\/span><\/a><\/p>\n","protected":false},"author":1,"featured_media":0,"parent":53010,"menu_order":1,"comment_status":"closed","ping_status":"open","template":"","meta":[],"_links":{"self":[{"href":"http:\/\/museumek.eu\/index.php?rest_route=\/wp\/v2\/pages\/53012"}],"collection":[{"href":"http:\/\/museumek.eu\/index.php?rest_route=\/wp\/v2\/pages"}],"about":[{"href":"http:\/\/museumek.eu\/index.php?rest_route=\/wp\/v2\/types\/page"}],"author":[{"embeddable":true,"href":"http:\/\/museumek.eu\/index.php?rest_route=\/wp\/v2\/users\/1"}],"replies":[{"embeddable":true,"href":"http:\/\/museumek.eu\/index.php?rest_route=%2Fwp%2Fv2%2Fcomments&post=53012"}],"version-history":[{"count":4,"href":"http:\/\/museumek.eu\/index.php?rest_route=\/wp\/v2\/pages\/53012\/revisions"}],"predecessor-version":[{"id":53016,"href":"http:\/\/museumek.eu\/index.php?rest_route=\/wp\/v2\/pages\/53012\/revisions\/53016"}],"up":[{"embeddable":true,"href":"http:\/\/museumek.eu\/index.php?rest_route=\/wp\/v2\/pages\/53010"}],"wp:attachment":[{"href":"http:\/\/museumek.eu\/index.php?rest_route=%2Fwp%2Fv2%2Fmedia&parent=53012"}],"curies":[{"name":"wp","href":"https:\/\/api.w.org\/{rel}","templated":true}]}}