{"id":53033,"date":"2021-02-03T18:51:28","date_gmt":"2021-02-03T17:51:28","guid":{"rendered":"http:\/\/museumek.eu\/?page_id=53033"},"modified":"2021-02-03T18:51:28","modified_gmt":"2021-02-03T17:51:28","slug":"fx16","status":"publish","type":"page","link":"http:\/\/museumek.eu\/?page_id=53033","title":{"rendered":"F\/X\/16"},"content":{"rendered":"<p><strong>Abteilung Frankreich, Keramik 1860 \u2013 1960, Inventarnummer F\/X\/16<\/strong><\/p>\n<p>Utzschneider &#038; Cie. Fabrique de Faience &#038; Porcelaine a Sarreguemines &#038; Digoin und Nachf. Faienceries de Sarreguemines, Digoin et Vitry-le-Francois, anciennement Utzschneider &#038; Cie., Frankreich, Sarreguemines\/Digoin, um 1900, Krug, K\u00fcnstler unbekannt, Werks-Nr. ohne\/Exemplar Nr. ohne, gemarkt Firmenmarke mit SARREGUEMINES gepresst, nicht signiert, Literatur: Jeffrey B. Snyder and Leslie Bockol, Majolica, British, American &#038; European Wares, Seite 150, Beschreibung der Fabriken sowie Seite 152 und Seite 153, Marken identisch, weitere Literatur: J. A. Schmoll genannt Eisenwerth und Helga Schmoll genannt Eisenwerth, Nancy 1900 Jugendstil in Lothringen, Seite 151, Beschreibung der Fabriken, weitere Literatur: Dieter Z\u00fchlsdorff, Markenlexikon, Porzellan und Keramik Report 1885 &#8211; 1935, Seite 188, Werkteil 1., Gruppennummer 2., laufende Nummer innerhalb der Gruppe 1665, dort identische Marke (dort g\u00fcltig f\u00fcr die Zeit ab 1896, Pressmarke f\u00fcr Majolika) sowie Seite 600, Werkteil Nr. 3, laufende Nummer innerhalb des Werkteils 1114, dort Beschreibung der Fabriken, 1795 gr\u00fcnden Nicolas-Henri Jacobi, Paul-Augustin Jacobi und Joseph Fabry eine Porzellan-, Steingut-, Fayence-, und Majolikafabrik in Sarreguemines, Firmierung nicht bekannt, 1793 tritt Francois Paul Utzschneider als Mitarbeiter in die Fabrik ein und wird 1799 Teilhaber der Fabrik, 1836 \u00fcbernimmt Utzschneiders Schwiegersohn Alexandre de Geiger (1803 &#8211; 1891) die Firmenleitung, 1871 kauft dessen Sohn Paul de Geiger die Fabrik, wahrscheinlich Firmierung ab da Utzschneider &#038; Cie. Fabrique de Faience &#038; Porcelaine a Sarreguemines, nach dem deutsch-franz\u00f6sischem Krieg 1870\/1871 geh\u00f6rt Sarreguemines zu Deutschland, deshalb gr\u00fcndet Paul de Geiger zwei weitere Fabriken in Frankreich (mit finanzieller Unterst\u00fctzung von Villeroy &#038; Boch), 1876 in Digoin (f\u00fcr Zier- und Gebrauchsporzellan) und 1881 in in Vitry-le-Francois (f\u00fcr Bau- und Industriekeramik), wahrscheinlich \u00e4nderte sich 1876 die Firmenbezeichnung in Utzschneider &#038; Cie. Fabriques de Faience &#038; Porcelaine a Sarreguemines &#038; Digoin, im Jahre 1883 ersteigert Utzschneider zusammen mit Villeroy &#038; Boch, die Steingutfabrik Schramberg, nach WK I, werden alle 3 Utzschneider Fabriken zu Faienceries de Sarreguemines, Digoin et Vitry-le-Francois, anciennement Utzschneider &#038; Cie. vereinigt, H\u00f6he 13 cm, Breite 13 cm<\/p>\n<p><a href=\"http:\/\/museumek.eu\/?attachment_id=53023\" rel=\"attachment wp-att-53023\"><img loading=\"lazy\" src=\"http:\/\/museumek.eu\/wp-content\/uploads\/2011\/09\/Utzschneider-Krug-1-174x300.jpg\" alt=\"\" title=\"Utzschneider Krug 1\" width=\"174\" height=\"300\" class=\"alignnone size-medium wp-image-53023\" srcset=\"http:\/\/museumek.eu\/wp-content\/uploads\/2011\/09\/Utzschneider-Krug-1-174x300.jpg 174w, http:\/\/museumek.eu\/wp-content\/uploads\/2011\/09\/Utzschneider-Krug-1-87x150.jpg 87w, http:\/\/museumek.eu\/wp-content\/uploads\/2011\/09\/Utzschneider-Krug-1.jpg 373w\" sizes=\"(max-width: 174px) 100vw, 174px\" \/><\/a><\/p>\n<p><a href=\"http:\/\/museumek.eu\/?attachment_id=53024\" rel=\"attachment wp-att-53024\"><img loading=\"lazy\" src=\"http:\/\/museumek.eu\/wp-content\/uploads\/2011\/09\/Utzschneider-Krug-2-286x300.jpg\" alt=\"\" title=\"Utzschneider Krug 2\" width=\"286\" height=\"300\" class=\"alignnone size-medium wp-image-53024\" srcset=\"http:\/\/museumek.eu\/wp-content\/uploads\/2011\/09\/Utzschneider-Krug-2-286x300.jpg 286w, http:\/\/museumek.eu\/wp-content\/uploads\/2011\/09\/Utzschneider-Krug-2-143x150.jpg 143w, http:\/\/museumek.eu\/wp-content\/uploads\/2011\/09\/Utzschneider-Krug-2.jpg 480w\" sizes=\"(max-width: 286px) 100vw, 286px\" \/><\/a><\/p>\n<p><a href=\"http:\/\/museumek.eu\/?attachment_id=53025\" rel=\"attachment wp-att-53025\"><img loading=\"lazy\" src=\"http:\/\/museumek.eu\/wp-content\/uploads\/2011\/09\/Utzschneider-Krug-3-297x300.jpg\" alt=\"\" title=\"Utzschneider Krug 3\" width=\"297\" height=\"300\" class=\"alignnone size-medium wp-image-53025\" srcset=\"http:\/\/museumek.eu\/wp-content\/uploads\/2011\/09\/Utzschneider-Krug-3-297x300.jpg 297w, http:\/\/museumek.eu\/wp-content\/uploads\/2011\/09\/Utzschneider-Krug-3-148x150.jpg 148w, http:\/\/museumek.eu\/wp-content\/uploads\/2011\/09\/Utzschneider-Krug-3.jpg 480w\" sizes=\"(max-width: 297px) 100vw, 297px\" \/><\/a><\/p>\n<p><a href=\"http:\/\/museumek.eu\/?attachment_id=53028\" rel=\"attachment wp-att-53028\"><img loading=\"lazy\" src=\"http:\/\/museumek.eu\/wp-content\/uploads\/2011\/09\/Utzschneider-Krug-4-179x300.jpg\" alt=\"\" title=\"Utzschneider Krug 4\" width=\"179\" height=\"300\" class=\"alignnone size-medium wp-image-53028\" srcset=\"http:\/\/museumek.eu\/wp-content\/uploads\/2011\/09\/Utzschneider-Krug-4-179x300.jpg 179w, http:\/\/museumek.eu\/wp-content\/uploads\/2011\/09\/Utzschneider-Krug-4-89x150.jpg 89w, http:\/\/museumek.eu\/wp-content\/uploads\/2011\/09\/Utzschneider-Krug-4.jpg 382w\" sizes=\"(max-width: 179px) 100vw, 179px\" \/><\/a><\/p>\n<p><a href=\"http:\/\/museumek.eu\/?attachment_id=53029\" rel=\"attachment wp-att-53029\"><img loading=\"lazy\" src=\"http:\/\/museumek.eu\/wp-content\/uploads\/2011\/09\/Utzschneider-Krug-5-300x293.jpg\" alt=\"\" title=\"Utzschneider Krug 5\" width=\"300\" height=\"293\" class=\"alignnone size-medium wp-image-53029\" srcset=\"http:\/\/museumek.eu\/wp-content\/uploads\/2011\/09\/Utzschneider-Krug-5-300x293.jpg 300w, http:\/\/museumek.eu\/wp-content\/uploads\/2011\/09\/Utzschneider-Krug-5-150x146.jpg 150w, http:\/\/museumek.eu\/wp-content\/uploads\/2011\/09\/Utzschneider-Krug-5-306x300.jpg 306w, http:\/\/museumek.eu\/wp-content\/uploads\/2011\/09\/Utzschneider-Krug-5.jpg 491w\" sizes=\"(max-width: 300px) 100vw, 300px\" \/><\/a><\/p>\n<p><a href=\"http:\/\/museumek.eu\/?attachment_id=53030\" rel=\"attachment wp-att-53030\"><img loading=\"lazy\" src=\"http:\/\/museumek.eu\/wp-content\/uploads\/2011\/09\/Utzschneider-Krug-6-300x75.jpg\" alt=\"\" title=\"Utzschneider Krug 6\" width=\"300\" height=\"75\" class=\"alignnone size-medium wp-image-53030\" srcset=\"http:\/\/museumek.eu\/wp-content\/uploads\/2011\/09\/Utzschneider-Krug-6-300x75.jpg 300w, http:\/\/museumek.eu\/wp-content\/uploads\/2011\/09\/Utzschneider-Krug-6-150x37.jpg 150w, http:\/\/museumek.eu\/wp-content\/uploads\/2011\/09\/Utzschneider-Krug-6-500x125.jpg 500w, http:\/\/museumek.eu\/wp-content\/uploads\/2011\/09\/Utzschneider-Krug-6.jpg 640w\" sizes=\"(max-width: 300px) 100vw, 300px\" \/><\/a><\/p>\n","protected":false},"excerpt":{"rendered":"<p>Abteilung Frankreich, Keramik 1860 \u2013 1960, Inventarnummer F\/X\/16 Utzschneider &#038; Cie. Fabrique de Faience &#038; Porcelaine a Sarreguemines &#038; Digoin und Nachf. Faienceries de Sarreguemines, Digoin et Vitry-le-Francois, anciennement Utzschneider &#038; Cie., Frankreich, Sarreguemines\/Digoin, um 1900, Krug, K\u00fcnstler unbekannt, Werks-Nr. &hellip; <a href=\"http:\/\/museumek.eu\/?page_id=53033\">Weiterlesen <span class=\"meta-nav\">&rarr;<\/span><\/a><\/p>\n","protected":false},"author":1,"featured_media":0,"parent":19494,"menu_order":16,"comment_status":"closed","ping_status":"open","template":"","meta":[],"_links":{"self":[{"href":"http:\/\/museumek.eu\/index.php?rest_route=\/wp\/v2\/pages\/53033"}],"collection":[{"href":"http:\/\/museumek.eu\/index.php?rest_route=\/wp\/v2\/pages"}],"about":[{"href":"http:\/\/museumek.eu\/index.php?rest_route=\/wp\/v2\/types\/page"}],"author":[{"embeddable":true,"href":"http:\/\/museumek.eu\/index.php?rest_route=\/wp\/v2\/users\/1"}],"replies":[{"embeddable":true,"href":"http:\/\/museumek.eu\/index.php?rest_route=%2Fwp%2Fv2%2Fcomments&post=53033"}],"version-history":[{"count":2,"href":"http:\/\/museumek.eu\/index.php?rest_route=\/wp\/v2\/pages\/53033\/revisions"}],"predecessor-version":[{"id":53035,"href":"http:\/\/museumek.eu\/index.php?rest_route=\/wp\/v2\/pages\/53033\/revisions\/53035"}],"up":[{"embeddable":true,"href":"http:\/\/museumek.eu\/index.php?rest_route=\/wp\/v2\/pages\/19494"}],"wp:attachment":[{"href":"http:\/\/museumek.eu\/index.php?rest_route=%2Fwp%2Fv2%2Fmedia&parent=53033"}],"curies":[{"name":"wp","href":"https:\/\/api.w.org\/{rel}","templated":true}]}}