{"id":53109,"date":"2021-02-05T20:22:38","date_gmt":"2021-02-05T19:22:38","guid":{"rendered":"http:\/\/museumek.eu\/?page_id=53109"},"modified":"2021-02-05T20:23:55","modified_gmt":"2021-02-05T19:23:55","slug":"dxxxviii2","status":"publish","type":"page","link":"http:\/\/museumek.eu\/?page_id=53109","title":{"rendered":"D\/XXXVIII\/2"},"content":{"rendered":"<p><strong>Abteilung Deutschland, Keramik 1860 \u2013 1960, Inventarnummer D\/XXXVIII\/2<\/strong><\/p>\n<p>K\u00f6nigliche Majolika-Werkst\u00e4tten Cadinen, Deutschland, Cadinen\/Kadyny, vor\/um 1930, Figur Vogel, K\u00fcnstler Hans Ischinger, Werks.-Nr. ohne, Exemplar Nr. ohne, gemarkt Firmenmarke mit Krone (schwer erkennbar) sowie CADINEN gepresst, Handmalerei sowie hp schwarz auf Glasur gemalt, Ischinger geritzt, signiert Ischinger, Literatur: J\u00f6rn Barfod, Des Kaisers Keramik, 100 Jahre K\u00f6nigliche Majolika-Werkst\u00e4tten Cadinen, Seite 16, dort erw\u00e4hnt, dass der M\u00fcncher Bildhauer f\u00fcr Cadinen entworfen hat, weitere Literatur: Otto Pelka, Keramik der Neuzeit, Markentafel II, Marke Nr. 15 identisch sowie Seite 209, Herstellerverzeichnis Nr. 15, Cadinen  K\u00f6nigl. Majolika-Werkst\u00e4tten, im Jahre 1898 ging das Gut Cadinen, Kreis Elbig in den Besitz des preu\u00dfischen K\u00f6nigs und deutschen Kaisers Wilhelm II. \u00fcber, Wilhelm lie\u00df das Gut zu einer Majolika Fabrik umbauen, bis zu seiner Abdankung 1918 wurde vorwiegend Majolika im Historismus Stil produziert, da nach Wilhelms Geschmack produziert wurde, danach zeitgem\u00e4\u00dfe Produktion auslaufender Jugenstil und dann Art Deco, 1945 wurden unter polnischer Leitung Backsteine produziert, dann wurde die Fabrik aufgegeben und dient heute als Hotel, H\u00f6he: 16 cm, Breite 13<\/p>\n<p><a href=\"http:\/\/museumek.eu\/?attachment_id=53090\" rel=\"attachment wp-att-53090\"><img loading=\"lazy\" src=\"http:\/\/museumek.eu\/wp-content\/uploads\/2013\/05\/Cadinen-Vogel-Signatur-Ischinger-1-248x300.jpg\" alt=\"\" title=\"Cadinen Vogel  Signatur Ischinger 1\" width=\"248\" height=\"300\" class=\"alignnone size-medium wp-image-53090\" srcset=\"http:\/\/museumek.eu\/wp-content\/uploads\/2013\/05\/Cadinen-Vogel-Signatur-Ischinger-1-248x300.jpg 248w, http:\/\/museumek.eu\/wp-content\/uploads\/2013\/05\/Cadinen-Vogel-Signatur-Ischinger-1-124x150.jpg 124w, http:\/\/museumek.eu\/wp-content\/uploads\/2013\/05\/Cadinen-Vogel-Signatur-Ischinger-1.jpg 480w\" sizes=\"(max-width: 248px) 100vw, 248px\" \/><\/a><\/p>\n<p><a href=\"http:\/\/museumek.eu\/?attachment_id=53091\" rel=\"attachment wp-att-53091\"><img loading=\"lazy\" src=\"http:\/\/museumek.eu\/wp-content\/uploads\/2013\/05\/Cadinen-Vogel-Signatur-Ischinger-2-217x300.jpg\" alt=\"\" title=\"Cadinen Vogel  Signatur Ischinger 2\" width=\"217\" height=\"300\" class=\"alignnone size-medium wp-image-53091\" srcset=\"http:\/\/museumek.eu\/wp-content\/uploads\/2013\/05\/Cadinen-Vogel-Signatur-Ischinger-2-217x300.jpg 217w, http:\/\/museumek.eu\/wp-content\/uploads\/2013\/05\/Cadinen-Vogel-Signatur-Ischinger-2-108x150.jpg 108w, http:\/\/museumek.eu\/wp-content\/uploads\/2013\/05\/Cadinen-Vogel-Signatur-Ischinger-2.jpg 463w\" sizes=\"(max-width: 217px) 100vw, 217px\" \/><\/a><\/p>\n<p><a href=\"http:\/\/museumek.eu\/?attachment_id=53092\" rel=\"attachment wp-att-53092\"><img loading=\"lazy\" src=\"http:\/\/museumek.eu\/wp-content\/uploads\/2013\/05\/Cadinen-Vogel-Signatur-Ischinger-3-173x300.jpg\" alt=\"\" title=\"Cadinen Vogel  Signatur Ischinger 3\" width=\"173\" height=\"300\" class=\"alignnone size-medium wp-image-53092\" srcset=\"http:\/\/museumek.eu\/wp-content\/uploads\/2013\/05\/Cadinen-Vogel-Signatur-Ischinger-3-173x300.jpg 173w, http:\/\/museumek.eu\/wp-content\/uploads\/2013\/05\/Cadinen-Vogel-Signatur-Ischinger-3-86x150.jpg 86w\" sizes=\"(max-width: 173px) 100vw, 173px\" \/><\/a><\/p>\n<p><a href=\"http:\/\/museumek.eu\/?attachment_id=53093\" rel=\"attachment wp-att-53093\"><img loading=\"lazy\" src=\"http:\/\/museumek.eu\/wp-content\/uploads\/2013\/05\/Cadinen-Vogel-Signatur-Ischinger-4-300x126.jpg\" alt=\"\" title=\"Cadinen Vogel  Signatur Ischinger 4\" width=\"300\" height=\"126\" class=\"alignnone size-medium wp-image-53093\" srcset=\"http:\/\/museumek.eu\/wp-content\/uploads\/2013\/05\/Cadinen-Vogel-Signatur-Ischinger-4-300x126.jpg 300w, http:\/\/museumek.eu\/wp-content\/uploads\/2013\/05\/Cadinen-Vogel-Signatur-Ischinger-4-150x63.jpg 150w, http:\/\/museumek.eu\/wp-content\/uploads\/2013\/05\/Cadinen-Vogel-Signatur-Ischinger-4-500x210.jpg 500w, http:\/\/museumek.eu\/wp-content\/uploads\/2013\/05\/Cadinen-Vogel-Signatur-Ischinger-4.jpg 640w\" sizes=\"(max-width: 300px) 100vw, 300px\" \/><\/a><\/p>\n<p><a href=\"http:\/\/museumek.eu\/?attachment_id=53094\" rel=\"attachment wp-att-53094\"><img loading=\"lazy\" src=\"http:\/\/museumek.eu\/wp-content\/uploads\/2013\/05\/Cadinen-Vogel-Signatur-Ischinger-5-178x300.jpg\" alt=\"\" title=\"Cadinen Vogel  Signatur Ischinger 5\" width=\"178\" height=\"300\" class=\"alignnone size-medium wp-image-53094\" srcset=\"http:\/\/museumek.eu\/wp-content\/uploads\/2013\/05\/Cadinen-Vogel-Signatur-Ischinger-5-178x300.jpg 178w, http:\/\/museumek.eu\/wp-content\/uploads\/2013\/05\/Cadinen-Vogel-Signatur-Ischinger-5-89x150.jpg 89w, http:\/\/museumek.eu\/wp-content\/uploads\/2013\/05\/Cadinen-Vogel-Signatur-Ischinger-5.jpg 381w\" sizes=\"(max-width: 178px) 100vw, 178px\" \/><\/a><\/p>\n<p><a href=\"http:\/\/museumek.eu\/?attachment_id=53095\" rel=\"attachment wp-att-53095\"><img loading=\"lazy\" src=\"http:\/\/museumek.eu\/wp-content\/uploads\/2013\/05\/Cadinen-Vogel-Signatur-Ischinger-6-300x260.jpg\" alt=\"\" title=\"Cadinen Vogel  Signatur Ischinger 6\" width=\"300\" height=\"260\" class=\"alignnone size-medium wp-image-53095\" srcset=\"http:\/\/museumek.eu\/wp-content\/uploads\/2013\/05\/Cadinen-Vogel-Signatur-Ischinger-6-300x260.jpg 300w, http:\/\/museumek.eu\/wp-content\/uploads\/2013\/05\/Cadinen-Vogel-Signatur-Ischinger-6-150x130.jpg 150w, http:\/\/museumek.eu\/wp-content\/uploads\/2013\/05\/Cadinen-Vogel-Signatur-Ischinger-6-345x300.jpg 345w, http:\/\/museumek.eu\/wp-content\/uploads\/2013\/05\/Cadinen-Vogel-Signatur-Ischinger-6.jpg 552w\" sizes=\"(max-width: 300px) 100vw, 300px\" \/><\/a><\/p>\n<p><a href=\"http:\/\/museumek.eu\/?attachment_id=53096\" rel=\"attachment wp-att-53096\"><img loading=\"lazy\" src=\"http:\/\/museumek.eu\/wp-content\/uploads\/2013\/05\/Cadinen-Vogel-Signatur-Ischinger-7-300x285.jpg\" alt=\"\" title=\"Cadinen Vogel  Signatur Ischinger 7\" width=\"300\" height=\"285\" class=\"alignnone size-medium wp-image-53096\" srcset=\"http:\/\/museumek.eu\/wp-content\/uploads\/2013\/05\/Cadinen-Vogel-Signatur-Ischinger-7-300x285.jpg 300w, http:\/\/museumek.eu\/wp-content\/uploads\/2013\/05\/Cadinen-Vogel-Signatur-Ischinger-7-150x142.jpg 150w, http:\/\/museumek.eu\/wp-content\/uploads\/2013\/05\/Cadinen-Vogel-Signatur-Ischinger-7-315x300.jpg 315w, http:\/\/museumek.eu\/wp-content\/uploads\/2013\/05\/Cadinen-Vogel-Signatur-Ischinger-7.jpg 504w\" sizes=\"(max-width: 300px) 100vw, 300px\" \/><\/a><\/p>\n<p><a href=\"http:\/\/museumek.eu\/?attachment_id=53097\" rel=\"attachment wp-att-53097\"><img loading=\"lazy\" src=\"http:\/\/museumek.eu\/wp-content\/uploads\/2013\/05\/Cadinen-Vogel-Signatur-Ischinger-8-300x275.jpg\" alt=\"\" title=\"Cadinen Vogel  Signatur Ischinger 8\" width=\"300\" height=\"275\" class=\"alignnone size-medium wp-image-53097\" srcset=\"http:\/\/museumek.eu\/wp-content\/uploads\/2013\/05\/Cadinen-Vogel-Signatur-Ischinger-8-300x275.jpg 300w, http:\/\/museumek.eu\/wp-content\/uploads\/2013\/05\/Cadinen-Vogel-Signatur-Ischinger-8-150x137.jpg 150w, http:\/\/museumek.eu\/wp-content\/uploads\/2013\/05\/Cadinen-Vogel-Signatur-Ischinger-8-326x300.jpg 326w, http:\/\/museumek.eu\/wp-content\/uploads\/2013\/05\/Cadinen-Vogel-Signatur-Ischinger-8.jpg 522w\" sizes=\"(max-width: 300px) 100vw, 300px\" \/><\/a><\/p>\n","protected":false},"excerpt":{"rendered":"<p>Abteilung Deutschland, Keramik 1860 \u2013 1960, Inventarnummer D\/XXXVIII\/2 K\u00f6nigliche Majolika-Werkst\u00e4tten Cadinen, Deutschland, Cadinen\/Kadyny, vor\/um 1930, Figur Vogel, K\u00fcnstler Hans Ischinger, Werks.-Nr. ohne, Exemplar Nr. ohne, gemarkt Firmenmarke mit Krone (schwer erkennbar) sowie CADINEN gepresst, Handmalerei sowie hp schwarz auf Glasur &hellip; <a href=\"http:\/\/museumek.eu\/?page_id=53109\">Weiterlesen <span class=\"meta-nav\">&rarr;<\/span><\/a><\/p>\n","protected":false},"author":1,"featured_media":0,"parent":9051,"menu_order":2,"comment_status":"closed","ping_status":"open","template":"","meta":[],"_links":{"self":[{"href":"http:\/\/museumek.eu\/index.php?rest_route=\/wp\/v2\/pages\/53109"}],"collection":[{"href":"http:\/\/museumek.eu\/index.php?rest_route=\/wp\/v2\/pages"}],"about":[{"href":"http:\/\/museumek.eu\/index.php?rest_route=\/wp\/v2\/types\/page"}],"author":[{"embeddable":true,"href":"http:\/\/museumek.eu\/index.php?rest_route=\/wp\/v2\/users\/1"}],"replies":[{"embeddable":true,"href":"http:\/\/museumek.eu\/index.php?rest_route=%2Fwp%2Fv2%2Fcomments&post=53109"}],"version-history":[{"count":6,"href":"http:\/\/museumek.eu\/index.php?rest_route=\/wp\/v2\/pages\/53109\/revisions"}],"predecessor-version":[{"id":53115,"href":"http:\/\/museumek.eu\/index.php?rest_route=\/wp\/v2\/pages\/53109\/revisions\/53115"}],"up":[{"embeddable":true,"href":"http:\/\/museumek.eu\/index.php?rest_route=\/wp\/v2\/pages\/9051"}],"wp:attachment":[{"href":"http:\/\/museumek.eu\/index.php?rest_route=%2Fwp%2Fv2%2Fmedia&parent=53109"}],"curies":[{"name":"wp","href":"https:\/\/api.w.org\/{rel}","templated":true}]}}