{"id":5318,"date":"2011-09-29T20:52:46","date_gmt":"2011-09-29T18:52:46","guid":{"rendered":"http:\/\/museumek.eu\/?page_id=5318"},"modified":"2013-07-23T20:36:01","modified_gmt":"2013-07-23T18:36:01","slug":"fotos-und-beschreibung","status":"publish","type":"page","link":"http:\/\/museumek.eu\/?page_id=5318","title":{"rendered":"Fotos und Beschreibung"},"content":{"rendered":"<p><strong>Abteilung Frankreich, Keramik 1860 \u2013 1960, Inventarnummer F\/I\/1<\/strong><\/p>\n<p>Manufacture Nationale de S\u00e8vres, Frankreich, S\u00e8vres, vor 1900, Vase, K\u00fcnstler unbekannt, Werks.-Nr. ohne, Exemplar Nr. ohne, gemarkt Firmenmarke mit zwei gespiegelten und ineinander gestellten L, darin St, dar\u00fcber AU sowie darunter Sevres blau unter Glasur gemalt, France rotbraun unter Glasur gemalt sowie schwarzer Farbpunkt mit ungedeuteter Goldmalerei auf Glasur gemalt, nicht signiert, das MEK nimmt f\u00fcr die Staatsmanufaktur keine Fabrikbeschreibung vor und verweist auf die umfangreiche Literatur zur Historie der Fabrik, z. B. Literatur: Br\u00f6han Museum, Bestandskatalog Bd. V.2, Porzellan, Kunst und Design 1889 bis 1939, Vom Jugendstil zum Funktionalismus, Seite 327, Beschreibungen der Fabrik, Handgemalt sowie Gold geh\u00f6ht, H\u00f6he 9 cm, Breite 8 cm<\/p>\n<p><a href=\"http:\/\/museumek.eu\/wp-content\/uploads\/2011\/09\/Museum-Europ\u00e4ischer-Keramikkunst-1078.jpg\"><img loading=\"lazy\" src=\"http:\/\/museumek.eu\/wp-content\/uploads\/2011\/09\/Museum-Europ\u00e4ischer-Keramikkunst-1078-258x300.jpg\" alt=\"\" title=\"Museum Europ\u00e4ischer Keramikkunst 1078\" width=\"258\" height=\"300\" class=\"alignnone size-medium wp-image-5379\" srcset=\"http:\/\/museumek.eu\/wp-content\/uploads\/2011\/09\/Museum-Europ\u00e4ischer-Keramikkunst-1078-258x300.jpg 258w, http:\/\/museumek.eu\/wp-content\/uploads\/2011\/09\/Museum-Europ\u00e4ischer-Keramikkunst-1078.jpg 600w\" sizes=\"(max-width: 258px) 100vw, 258px\" \/><\/a><\/p>\n<p><a href=\"http:\/\/museumek.eu\/wp-content\/uploads\/2011\/09\/Museum-Europ\u00e4ischer-Keramikkunst-1079.jpg\"><img loading=\"lazy\" src=\"http:\/\/museumek.eu\/wp-content\/uploads\/2011\/09\/Museum-Europ\u00e4ischer-Keramikkunst-1079-238x300.jpg\" alt=\"\" title=\"Museum Europ\u00e4ischer Keramikkunst 1079\" width=\"238\" height=\"300\" class=\"alignnone size-medium wp-image-5380\" srcset=\"http:\/\/museumek.eu\/wp-content\/uploads\/2011\/09\/Museum-Europ\u00e4ischer-Keramikkunst-1079-238x300.jpg 238w, http:\/\/museumek.eu\/wp-content\/uploads\/2011\/09\/Museum-Europ\u00e4ischer-Keramikkunst-1079.jpg 529w\" sizes=\"(max-width: 238px) 100vw, 238px\" \/><\/a><\/p>\n<p><a href=\"http:\/\/museumek.eu\/wp-content\/uploads\/2011\/09\/Museum-Europ\u00e4ischer-Keramikkunst-1080.jpg\"><img loading=\"lazy\" src=\"http:\/\/museumek.eu\/wp-content\/uploads\/2011\/09\/Museum-Europ\u00e4ischer-Keramikkunst-1080-300x221.jpg\" alt=\"\" title=\"Museum Europ\u00e4ischer Keramikkunst 1080\" width=\"300\" height=\"221\" class=\"alignnone size-medium wp-image-5381\" srcset=\"http:\/\/museumek.eu\/wp-content\/uploads\/2011\/09\/Museum-Europ\u00e4ischer-Keramikkunst-1080-300x221.jpg 300w, http:\/\/museumek.eu\/wp-content\/uploads\/2011\/09\/Museum-Europ\u00e4ischer-Keramikkunst-1080-406x300.jpg 406w, http:\/\/museumek.eu\/wp-content\/uploads\/2011\/09\/Museum-Europ\u00e4ischer-Keramikkunst-1080.jpg 760w\" sizes=\"(max-width: 300px) 100vw, 300px\" \/><\/a><\/p>\n<p><strong>Abteilung Frankreich, Keramik 1860 \u2013 1960, Inventarnummer F\/I\/2<\/strong><\/p>\n<p>Manufacture Nationale de S\u00e8vres, Frankreich, S\u00e8vres, 1895\/1896, Vase mit floralem Golddekor, K\u00fcnstler unbekannt, Werks.-Nr. ohne, Exemplar Nr. ohne, gemarkt Fabrikmarke (marque de fabrication) mit S 95 schwarzer Stempel unter Glasur, Dekormarke (marque de d\u00e9coration) mit DORE A SEVRES, R J sowie 96 im Doppelkreis r\u00f6tlicher Stempel unter Glasur, E, 95 sowie 2 geritzt, PN gpresst, nicht signiert, Literatur: Br\u00f6han Museum, Bestandskatalog Bd. V.2, Porzellan, Kunst und Design 1889 bis 1939, Vom Jugendstil zum Funktionalismus, Seite 327, identische Fabrikmarke, Beschreibungen der Marken und Datierungssystem, dort die Golddekormarke nicht abgebildet, daf\u00fcr beschrieben DOR\u00c9 (vergoldet) ersetzt D\u00c9COR\u00c9, 1895 = Herstellungsjahr der Weissmasse, 1896 = Fertigstellung der Vase, Ausf\u00fchrung in Porzellan, H\u00f6he 34 cm, Breite 16 cm<\/p>\n<p><a href=\"http:\/\/museumek.eu\/wp-content\/uploads\/2012\/09\/Museum-Europ\u00e4ischer-Keramikkunst-26581.jpg\"><img loading=\"lazy\" src=\"http:\/\/museumek.eu\/wp-content\/uploads\/2012\/09\/Museum-Europ\u00e4ischer-Keramikkunst-26581-145x300.jpg\" alt=\"\" title=\"Museum Europ\u00e4ischer Keramikkunst 2658\" width=\"145\" height=\"300\" class=\"alignnone size-medium wp-image-13614\" \/><\/a><\/p>\n<p><a href=\"http:\/\/museumek.eu\/wp-content\/uploads\/2012\/09\/Museum-Europ\u00e4ischer-Keramikkunst-2660.jpg\"><img loading=\"lazy\" src=\"http:\/\/museumek.eu\/wp-content\/uploads\/2012\/09\/Museum-Europ\u00e4ischer-Keramikkunst-2660-146x300.jpg\" alt=\"\" title=\"Museum Europ\u00e4ischer Keramikkunst 2660\" width=\"146\" height=\"300\" class=\"alignnone size-medium wp-image-13615\" srcset=\"http:\/\/museumek.eu\/wp-content\/uploads\/2012\/09\/Museum-Europ\u00e4ischer-Keramikkunst-2660-146x300.jpg 146w, http:\/\/museumek.eu\/wp-content\/uploads\/2012\/09\/Museum-Europ\u00e4ischer-Keramikkunst-2660.jpg 433w\" sizes=\"(max-width: 146px) 100vw, 146px\" \/><\/a><\/p>\n<p><a href=\"http:\/\/museumek.eu\/wp-content\/uploads\/2012\/09\/Museum-Europ\u00e4ischer-Keramikkunst-2664.jpg\"><img loading=\"lazy\" src=\"http:\/\/museumek.eu\/wp-content\/uploads\/2012\/09\/Museum-Europ\u00e4ischer-Keramikkunst-2664-199x300.jpg\" alt=\"\" title=\"Museum Europ\u00e4ischer Keramikkunst 2664\" width=\"199\" height=\"300\" class=\"alignnone size-medium wp-image-13616\" srcset=\"http:\/\/museumek.eu\/wp-content\/uploads\/2012\/09\/Museum-Europ\u00e4ischer-Keramikkunst-2664-199x300.jpg 199w, http:\/\/museumek.eu\/wp-content\/uploads\/2012\/09\/Museum-Europ\u00e4ischer-Keramikkunst-2664.jpg 496w\" sizes=\"(max-width: 199px) 100vw, 199px\" \/><\/a><\/p>\n<p><strong>Abteilung Frankreich, Keramik 1860 \u2013 1960, Inventarnummer F\/I\/3<\/strong><\/p>\n<p>Manufacture Nationale de S\u00e8vres, Frankreich, S\u00e8vres, um 1920, Vase, K\u00fcnstler unbekannt, Werks.-Nr. ohne, Exemplar Nr. ohne, gemarkt Firmenmarke mit S\u00e8vres sowie nicht lesbarem Schriftzug braune Stempel unter Glasur, nicht signiert, das MEK nimmt f\u00fcr die Staatsmanufaktur keine Fabrikbeschreibung vor und verweist auf die umfangreiche Literatur zur Historie der Fabrik, z. B. Literatur: Br\u00f6han Museum, Bestandskatalog Bd. V.2, Porzellan, Kunst und Design 1889 bis 1939, Vom Jugendstil zum Funktionalismus, Seite 327, Beschreibungen der Fabrik, teilweise wolkige Laufglasur, H\u00f6he 12,5 cm, Breite 7,5 cm<\/p>\n<p><a href=\"http:\/\/museumek.eu\/?attachment_id=25413\" rel=\"attachment wp-att-25413\"><img loading=\"lazy\" src=\"http:\/\/museumek.eu\/wp-content\/uploads\/2013\/07\/Museum-Europ\u00e4ischer-Keramikkunst-3165-234x300.jpg\" alt=\"\" title=\"Museum Europ\u00e4ischer Keramikkunst 3165\" width=\"234\" height=\"300\" class=\"alignnone size-medium wp-image-25413\" srcset=\"http:\/\/museumek.eu\/wp-content\/uploads\/2013\/07\/Museum-Europ\u00e4ischer-Keramikkunst-3165-234x300.jpg 234w, http:\/\/museumek.eu\/wp-content\/uploads\/2013\/07\/Museum-Europ\u00e4ischer-Keramikkunst-3165-117x150.jpg 117w, http:\/\/museumek.eu\/wp-content\/uploads\/2013\/07\/Museum-Europ\u00e4ischer-Keramikkunst-3165.jpg 551w\" sizes=\"(max-width: 234px) 100vw, 234px\" \/><\/a><\/p>\n<p><a href=\"http:\/\/museumek.eu\/?attachment_id=25414\" rel=\"attachment wp-att-25414\"><img loading=\"lazy\" src=\"http:\/\/museumek.eu\/wp-content\/uploads\/2013\/07\/Museum-Europ\u00e4ischer-Keramikkunst-3166-300x283.jpg\" alt=\"\" title=\"Museum Europ\u00e4ischer Keramikkunst 3166\" width=\"300\" height=\"283\" class=\"alignnone size-medium wp-image-25414\" srcset=\"http:\/\/museumek.eu\/wp-content\/uploads\/2013\/07\/Museum-Europ\u00e4ischer-Keramikkunst-3166-300x283.jpg 300w, http:\/\/museumek.eu\/wp-content\/uploads\/2013\/07\/Museum-Europ\u00e4ischer-Keramikkunst-3166-150x141.jpg 150w, http:\/\/museumek.eu\/wp-content\/uploads\/2013\/07\/Museum-Europ\u00e4ischer-Keramikkunst-3166-317x300.jpg 317w, http:\/\/museumek.eu\/wp-content\/uploads\/2013\/07\/Museum-Europ\u00e4ischer-Keramikkunst-3166.jpg 379w\" sizes=\"(max-width: 300px) 100vw, 300px\" \/><\/a><\/p>\n","protected":false},"excerpt":{"rendered":"<p>Abteilung Frankreich, Keramik 1860 \u2013 1960, Inventarnummer F\/I\/1 Manufacture Nationale de S\u00e8vres, Frankreich, S\u00e8vres, vor 1900, Vase, K\u00fcnstler unbekannt, Werks.-Nr. ohne, Exemplar Nr. ohne, gemarkt Firmenmarke mit zwei gespiegelten und ineinander gestellten L, darin St, dar\u00fcber AU sowie darunter Sevres &hellip; <a href=\"http:\/\/museumek.eu\/?page_id=5318\">Weiterlesen <span class=\"meta-nav\">&rarr;<\/span><\/a><\/p>\n","protected":false},"author":1,"featured_media":0,"parent":5312,"menu_order":0,"comment_status":"closed","ping_status":"closed","template":"","meta":[],"_links":{"self":[{"href":"http:\/\/museumek.eu\/index.php?rest_route=\/wp\/v2\/pages\/5318"}],"collection":[{"href":"http:\/\/museumek.eu\/index.php?rest_route=\/wp\/v2\/pages"}],"about":[{"href":"http:\/\/museumek.eu\/index.php?rest_route=\/wp\/v2\/types\/page"}],"author":[{"embeddable":true,"href":"http:\/\/museumek.eu\/index.php?rest_route=\/wp\/v2\/users\/1"}],"replies":[{"embeddable":true,"href":"http:\/\/museumek.eu\/index.php?rest_route=%2Fwp%2Fv2%2Fcomments&post=5318"}],"version-history":[{"count":13,"href":"http:\/\/museumek.eu\/index.php?rest_route=\/wp\/v2\/pages\/5318\/revisions"}],"predecessor-version":[{"id":59587,"href":"http:\/\/museumek.eu\/index.php?rest_route=\/wp\/v2\/pages\/5318\/revisions\/59587"}],"up":[{"embeddable":true,"href":"http:\/\/museumek.eu\/index.php?rest_route=\/wp\/v2\/pages\/5312"}],"wp:attachment":[{"href":"http:\/\/museumek.eu\/index.php?rest_route=%2Fwp%2Fv2%2Fmedia&parent=5318"}],"curies":[{"name":"wp","href":"https:\/\/api.w.org\/{rel}","templated":true}]}}