{"id":53277,"date":"2021-02-11T23:04:29","date_gmt":"2021-02-11T22:04:29","guid":{"rendered":"http:\/\/museumek.eu\/?page_id=53277"},"modified":"2021-02-11T23:05:02","modified_gmt":"2021-02-11T22:05:02","slug":"dlxxxvi2","status":"publish","type":"page","link":"http:\/\/museumek.eu\/?page_id=53277","title":{"rendered":"D\/LXXXVI\/2"},"content":{"rendered":"<p><strong>Abteilung Deutschland, Keramik 1860 \u2013 1960, Inventarnummer D\/LXXXVI\/2<\/strong><\/p>\n<p>Porzellanfabrik August Bauscher und Nachf. Porzellanfabrik Weiden Gebr. Bauscher GmbH und Nachf. Gebr. Bauscher Porzellanfabrik Weiden AG und Nachf. Porzellanfabriken Lorenz Hutschenreuther AG, Werk Porzellanfabrik Weiden Gebr. Bauscher, Deutschland, Moosb\u00fcrg\/Weiden, um 1890, Schale, K\u00fcnstler unbekannt, Werks.-Nr. ohne, Exemplar Nr. ohne, gemarkt Firmenmarke mit AB ligiert (f\u00fcr August Bauscher) darunter der Buchstabe I oder r\u00f6misch I, blauer Stempel unter Glasur, nicht signiert, Literatur: Gustav Wei\u00df, Ullstein Porzellanbuch, Seite 315, Beschreibung der Fabrik sowie Marke Nr. 2 identisch, weitere Literatur: Emanuel Poche, Porzellan-Marken aus aller Welt, Marke Nr. 383 identisch, weitere Literatur: Dieter Z\u00fchlsdorff, Markenlexikon Band I, Porzellan und Keramik Report 1885 &#8211; 1935, Seite 77, Werk-Teil Nr. 1. Gruppennummer des Werkteils 1., laufende Nummer innerhalb der Gruppe 1518 identische Marke (dort f\u00fcr die Zeit von 1882 bis 1900) sowie Seiten 639\/640, Werk-Teil 3., laufende Nummer des Werkteils 1355, dort ausf\u00fchrliche Fabrikbeschreibung, weitere Literatur: Ludwig Danckert, Handbuch des Europ\u00e4ischen Porzellans, 7. Auflage, Seite 748, dort Fabrikbeschreibung sowie Seite 749, Marke Nr. 21 identisch (die Marke wurde am 07.11.1882 beim K\u00f6niglichen Landgericht in Weiden eingetragen), weitere Literatur: Otto Pelka, Keramik der Neuzeit, Markentafel XI, dort unter Weiden Nr. 165 identische Marke, die Fabrik wurde 1881 von dem Kaufmann August Bauscher in Moosb\u00fcrg (am 01.01.1914 in die Stadt Weiden eingemeindet) gegr\u00fcndet, Firmierung Porzellanfabrik August Bauscher, Bauscher war bis 1880 Teilhaber der Porzellanfabrik Tirschenreuth, 1882 tritt Bauschers j\u00fcngerer Bruder Conrad Bauscher in die Fabrik ein (es ist nicht bekannt, ob sich dadurch die Firmierung \u00e4nderte), 1905 wird die Fabrik GmbH, Firmierung ab da Porzellanfabrik Weiden Gebr. Bauscher GmbH, die Fabrik unterh\u00e4lt Zweigniederlassungen in den USA und Luzern, 1911 erfolgte die Umwandlung in eine AG, Firmierung ab da Gebr. Bauscher Porzellanfabrik Weiden AG, 1927 wurde die Fabrik vom Lorenz Hutschenreuther Konzern \u00fcbernommen, Firmierung ab da Porzellanfabriken Lorenz Hutschenreuther AG, Werk Porzellanfabrik Weiden Gebr. Bauscher, die Gebr. Bauscher hatten sich auf Hotelporzellan spezialisiert und waren Weltmarktf\u00fchrer, Durchmesser 24,7 cm<\/p>\n<p><a href=\"http:\/\/museumek.eu\/?attachment_id=53272\" rel=\"attachment wp-att-53272\"><img loading=\"lazy\" src=\"http:\/\/museumek.eu\/wp-content\/uploads\/2013\/06\/Bauscher-Schale-1-289x300.jpg\" alt=\"\" title=\"Bauscher Schale 1\" width=\"289\" height=\"300\" class=\"alignnone size-medium wp-image-53272\" srcset=\"http:\/\/museumek.eu\/wp-content\/uploads\/2013\/06\/Bauscher-Schale-1-289x300.jpg 289w, http:\/\/museumek.eu\/wp-content\/uploads\/2013\/06\/Bauscher-Schale-1-144x150.jpg 144w, http:\/\/museumek.eu\/wp-content\/uploads\/2013\/06\/Bauscher-Schale-1.jpg 480w\" sizes=\"(max-width: 289px) 100vw, 289px\" \/><\/a><\/p>\n<p><a href=\"http:\/\/museumek.eu\/?attachment_id=53273\" rel=\"attachment wp-att-53273\"><img loading=\"lazy\" src=\"http:\/\/museumek.eu\/wp-content\/uploads\/2013\/06\/Bauscher-Schale-2-279x300.jpg\" alt=\"\" title=\"Bauscher Schale 2\" width=\"279\" height=\"300\" class=\"alignnone size-medium wp-image-53273\" srcset=\"http:\/\/museumek.eu\/wp-content\/uploads\/2013\/06\/Bauscher-Schale-2-279x300.jpg 279w, http:\/\/museumek.eu\/wp-content\/uploads\/2013\/06\/Bauscher-Schale-2-139x150.jpg 139w, http:\/\/museumek.eu\/wp-content\/uploads\/2013\/06\/Bauscher-Schale-2.jpg 480w\" sizes=\"(max-width: 279px) 100vw, 279px\" \/><\/a><\/p>\n<p><a href=\"http:\/\/museumek.eu\/?attachment_id=53274\" rel=\"attachment wp-att-53274\"><img loading=\"lazy\" src=\"http:\/\/museumek.eu\/wp-content\/uploads\/2013\/06\/Bauscher-Schale-3-300x287.jpg\" alt=\"\" title=\"Bauscher Schale 3\" width=\"300\" height=\"287\" class=\"alignnone size-medium wp-image-53274\" srcset=\"http:\/\/museumek.eu\/wp-content\/uploads\/2013\/06\/Bauscher-Schale-3-300x287.jpg 300w, http:\/\/museumek.eu\/wp-content\/uploads\/2013\/06\/Bauscher-Schale-3-150x143.jpg 150w, http:\/\/museumek.eu\/wp-content\/uploads\/2013\/06\/Bauscher-Schale-3-313x300.jpg 313w, http:\/\/museumek.eu\/wp-content\/uploads\/2013\/06\/Bauscher-Schale-3.jpg 501w\" sizes=\"(max-width: 300px) 100vw, 300px\" \/><\/a><\/p>\n","protected":false},"excerpt":{"rendered":"<p>Abteilung Deutschland, Keramik 1860 \u2013 1960, Inventarnummer D\/LXXXVI\/2 Porzellanfabrik August Bauscher und Nachf. Porzellanfabrik Weiden Gebr. Bauscher GmbH und Nachf. Gebr. Bauscher Porzellanfabrik Weiden AG und Nachf. Porzellanfabriken Lorenz Hutschenreuther AG, Werk Porzellanfabrik Weiden Gebr. Bauscher, Deutschland, Moosb\u00fcrg\/Weiden, um 1890, &hellip; <a href=\"http:\/\/museumek.eu\/?page_id=53277\">Weiterlesen <span class=\"meta-nav\">&rarr;<\/span><\/a><\/p>\n","protected":false},"author":1,"featured_media":0,"parent":23667,"menu_order":2,"comment_status":"closed","ping_status":"open","template":"","meta":[],"_links":{"self":[{"href":"http:\/\/museumek.eu\/index.php?rest_route=\/wp\/v2\/pages\/53277"}],"collection":[{"href":"http:\/\/museumek.eu\/index.php?rest_route=\/wp\/v2\/pages"}],"about":[{"href":"http:\/\/museumek.eu\/index.php?rest_route=\/wp\/v2\/types\/page"}],"author":[{"embeddable":true,"href":"http:\/\/museumek.eu\/index.php?rest_route=\/wp\/v2\/users\/1"}],"replies":[{"embeddable":true,"href":"http:\/\/museumek.eu\/index.php?rest_route=%2Fwp%2Fv2%2Fcomments&post=53277"}],"version-history":[{"count":4,"href":"http:\/\/museumek.eu\/index.php?rest_route=\/wp\/v2\/pages\/53277\/revisions"}],"predecessor-version":[{"id":53281,"href":"http:\/\/museumek.eu\/index.php?rest_route=\/wp\/v2\/pages\/53277\/revisions\/53281"}],"up":[{"embeddable":true,"href":"http:\/\/museumek.eu\/index.php?rest_route=\/wp\/v2\/pages\/23667"}],"wp:attachment":[{"href":"http:\/\/museumek.eu\/index.php?rest_route=%2Fwp%2Fv2%2Fmedia&parent=53277"}],"curies":[{"name":"wp","href":"https:\/\/api.w.org\/{rel}","templated":true}]}}