{"id":53307,"date":"2021-02-12T18:05:30","date_gmt":"2021-02-12T17:05:30","guid":{"rendered":"http:\/\/museumek.eu\/?page_id=53307"},"modified":"2021-02-12T18:09:59","modified_gmt":"2021-02-12T17:09:59","slug":"dlxix2","status":"publish","type":"page","link":"http:\/\/museumek.eu\/?page_id=53307","title":{"rendered":"D\/LXIX\/2"},"content":{"rendered":"<p><strong>Abteilung Deutschland, Keramik 1860 \u2013 1960, Inventarnummer D\/LXIX\/2<\/strong><\/p>\n<p>Oberlausitzer Keramische Werkst\u00e4tten Paul J\u00fcrgel (attr.), Deutschland, Niederbielau (Schlesien), 1918 &#8211; 1926, Schale mit Schlickerdekor, K\u00fcnstler unbekannt, Werks.-Nr. M 27 (Jahr ?) f., Exemplar Nr. ohne, gemarkt Firmenmarke mit OKW in einem Dreieck darunter N (?) B (f\u00fcr Niederbielau ?) gepresst, M 27 f. geritzt, nicht signiert, die auf den Boden der MEK Schale gepresste Firmenmarke, die in keiner Literatur verzeichnet ist (verzeichnet ist nur OKW als Ritzmarke), wurde wegen der Buchstaben OKW, der Gruppierung der Buchstaben oben O, links K und rechts W sowie der Bemalung mit dunkelgr\u00fcnem und gelblichem Schlickerdekor (wie MEK D\/XIX\/1), vorl\u00e4ufig den Oberlausitzer Keramischen Werkst\u00e4tten Paul J\u00fcrgel zugeschrieben,<br \/>\nH\u00f6he 7 cm, Breite 26 cm<\/p>\n<p><a href=\"http:\/\/museumek.eu\/wp-content\/uploads\/2012\/11\/Museum-Europ\u00e4ischer-Keramikkunst-33581.jpg\"><img loading=\"lazy\" src=\"http:\/\/museumek.eu\/wp-content\/uploads\/2012\/11\/Museum-Europ\u00e4ischer-Keramikkunst-33581-300x284.jpg\" alt=\"\" title=\"Museum Europ\u00e4ischer Keramikkunst 3358\" width=\"300\" height=\"284\" class=\"alignnone size-medium wp-image-16530\" srcset=\"http:\/\/museumek.eu\/wp-content\/uploads\/2012\/11\/Museum-Europ\u00e4ischer-Keramikkunst-33581-300x284.jpg 300w, http:\/\/museumek.eu\/wp-content\/uploads\/2012\/11\/Museum-Europ\u00e4ischer-Keramikkunst-33581-316x300.jpg 316w, http:\/\/museumek.eu\/wp-content\/uploads\/2012\/11\/Museum-Europ\u00e4ischer-Keramikkunst-33581.jpg 761w\" sizes=\"(max-width: 300px) 100vw, 300px\" \/><\/a><\/p>\n<p><a href=\"http:\/\/museumek.eu\/wp-content\/uploads\/2012\/11\/Museum-Europ\u00e4ischer-Keramikkunst-3361.jpg\"><img loading=\"lazy\" src=\"http:\/\/museumek.eu\/wp-content\/uploads\/2012\/11\/Museum-Europ\u00e4ischer-Keramikkunst-3361-300x137.jpg\" alt=\"\" title=\"Museum Europ\u00e4ischer Keramikkunst 3361\" width=\"300\" height=\"137\" class=\"alignnone size-medium wp-image-16531\" srcset=\"http:\/\/museumek.eu\/wp-content\/uploads\/2012\/11\/Museum-Europ\u00e4ischer-Keramikkunst-3361-300x137.jpg 300w, http:\/\/museumek.eu\/wp-content\/uploads\/2012\/11\/Museum-Europ\u00e4ischer-Keramikkunst-3361-500x229.jpg 500w, http:\/\/museumek.eu\/wp-content\/uploads\/2012\/11\/Museum-Europ\u00e4ischer-Keramikkunst-3361.jpg 743w\" sizes=\"(max-width: 300px) 100vw, 300px\" \/><\/a><\/p>\n<p><a href=\"http:\/\/museumek.eu\/wp-content\/uploads\/2012\/11\/Museum-Europ\u00e4ischer-Keramikkunst-3363.jpg\"><img loading=\"lazy\" src=\"http:\/\/museumek.eu\/wp-content\/uploads\/2012\/11\/Museum-Europ\u00e4ischer-Keramikkunst-3363-300x298.jpg\" alt=\"\" title=\"Museum Europ\u00e4ischer Keramikkunst 3363\" width=\"300\" height=\"298\" class=\"alignnone size-medium wp-image-16532\" srcset=\"http:\/\/museumek.eu\/wp-content\/uploads\/2012\/11\/Museum-Europ\u00e4ischer-Keramikkunst-3363-300x298.jpg 300w, http:\/\/museumek.eu\/wp-content\/uploads\/2012\/11\/Museum-Europ\u00e4ischer-Keramikkunst-3363-150x150.jpg 150w, http:\/\/museumek.eu\/wp-content\/uploads\/2012\/11\/Museum-Europ\u00e4ischer-Keramikkunst-3363-301x300.jpg 301w, http:\/\/museumek.eu\/wp-content\/uploads\/2012\/11\/Museum-Europ\u00e4ischer-Keramikkunst-3363.jpg 747w\" sizes=\"(max-width: 300px) 100vw, 300px\" \/><\/a><\/p>\n<p><a href=\"http:\/\/museumek.eu\/wp-content\/uploads\/2012\/11\/Museum-Europ\u00e4ischer-Keramikkunst-3359.jpg\"><img loading=\"lazy\" src=\"http:\/\/museumek.eu\/wp-content\/uploads\/2012\/11\/Museum-Europ\u00e4ischer-Keramikkunst-3359-300x238.jpg\" alt=\"\" title=\"Museum Europ\u00e4ischer Keramikkunst 3359\" width=\"300\" height=\"238\" class=\"alignnone size-medium wp-image-16533\" srcset=\"http:\/\/museumek.eu\/wp-content\/uploads\/2012\/11\/Museum-Europ\u00e4ischer-Keramikkunst-3359-300x238.jpg 300w, http:\/\/museumek.eu\/wp-content\/uploads\/2012\/11\/Museum-Europ\u00e4ischer-Keramikkunst-3359-377x300.jpg 377w, http:\/\/museumek.eu\/wp-content\/uploads\/2012\/11\/Museum-Europ\u00e4ischer-Keramikkunst-3359.jpg 609w\" sizes=\"(max-width: 300px) 100vw, 300px\" \/><\/a><\/p>\n<p><a href=\"http:\/\/museumek.eu\/wp-content\/uploads\/2012\/11\/Museum-Europ\u00e4ischer-Keramikkunst-3360.jpg\"><img loading=\"lazy\" src=\"http:\/\/museumek.eu\/wp-content\/uploads\/2012\/11\/Museum-Europ\u00e4ischer-Keramikkunst-3360-300x138.jpg\" alt=\"\" title=\"Museum Europ\u00e4ischer Keramikkunst 3360\" width=\"300\" height=\"138\" class=\"alignnone size-medium wp-image-16534\" srcset=\"http:\/\/museumek.eu\/wp-content\/uploads\/2012\/11\/Museum-Europ\u00e4ischer-Keramikkunst-3360-300x138.jpg 300w, http:\/\/museumek.eu\/wp-content\/uploads\/2012\/11\/Museum-Europ\u00e4ischer-Keramikkunst-3360-500x230.jpg 500w, http:\/\/museumek.eu\/wp-content\/uploads\/2012\/11\/Museum-Europ\u00e4ischer-Keramikkunst-3360.jpg 531w\" sizes=\"(max-width: 300px) 100vw, 300px\" \/><\/a><\/p>\n<p><a href=\"http:\/\/museumek.eu\/wp-content\/uploads\/2012\/11\/Paul-J\u00fcrgel-Vase.jpg\"><img loading=\"lazy\" src=\"http:\/\/museumek.eu\/wp-content\/uploads\/2012\/11\/Paul-J\u00fcrgel-Vase-300x203.jpg\" alt=\"\" title=\"Paul J\u00fcrgel Vase\" width=\"300\" height=\"203\" class=\"alignnone size-medium wp-image-16535\" srcset=\"http:\/\/museumek.eu\/wp-content\/uploads\/2012\/11\/Paul-J\u00fcrgel-Vase-300x203.jpg 300w, http:\/\/museumek.eu\/wp-content\/uploads\/2012\/11\/Paul-J\u00fcrgel-Vase-442x300.jpg 442w, http:\/\/museumek.eu\/wp-content\/uploads\/2012\/11\/Paul-J\u00fcrgel-Vase.jpg 996w\" sizes=\"(max-width: 300px) 100vw, 300px\" \/><\/a><\/p>\n","protected":false},"excerpt":{"rendered":"<p>Abteilung Deutschland, Keramik 1860 \u2013 1960, Inventarnummer D\/LXIX\/2 Oberlausitzer Keramische Werkst\u00e4tten Paul J\u00fcrgel (attr.), Deutschland, Niederbielau (Schlesien), 1918 &#8211; 1926, Schale mit Schlickerdekor, K\u00fcnstler unbekannt, Werks.-Nr. M 27 (Jahr ?) f., Exemplar Nr. ohne, gemarkt Firmenmarke mit OKW in einem &hellip; <a href=\"http:\/\/museumek.eu\/?page_id=53307\">Weiterlesen <span class=\"meta-nav\">&rarr;<\/span><\/a><\/p>\n","protected":false},"author":1,"featured_media":0,"parent":16525,"menu_order":2,"comment_status":"closed","ping_status":"open","template":"","meta":[],"_links":{"self":[{"href":"http:\/\/museumek.eu\/index.php?rest_route=\/wp\/v2\/pages\/53307"}],"collection":[{"href":"http:\/\/museumek.eu\/index.php?rest_route=\/wp\/v2\/pages"}],"about":[{"href":"http:\/\/museumek.eu\/index.php?rest_route=\/wp\/v2\/types\/page"}],"author":[{"embeddable":true,"href":"http:\/\/museumek.eu\/index.php?rest_route=\/wp\/v2\/users\/1"}],"replies":[{"embeddable":true,"href":"http:\/\/museumek.eu\/index.php?rest_route=%2Fwp%2Fv2%2Fcomments&post=53307"}],"version-history":[{"count":3,"href":"http:\/\/museumek.eu\/index.php?rest_route=\/wp\/v2\/pages\/53307\/revisions"}],"predecessor-version":[{"id":53312,"href":"http:\/\/museumek.eu\/index.php?rest_route=\/wp\/v2\/pages\/53307\/revisions\/53312"}],"up":[{"embeddable":true,"href":"http:\/\/museumek.eu\/index.php?rest_route=\/wp\/v2\/pages\/16525"}],"wp:attachment":[{"href":"http:\/\/museumek.eu\/index.php?rest_route=%2Fwp%2Fv2%2Fmedia&parent=53307"}],"curies":[{"name":"wp","href":"https:\/\/api.w.org\/{rel}","templated":true}]}}