{"id":53380,"date":"2021-02-13T22:11:52","date_gmt":"2021-02-13T21:11:52","guid":{"rendered":"http:\/\/museumek.eu\/?page_id=53380"},"modified":"2021-02-13T22:15:02","modified_gmt":"2021-02-13T21:15:02","slug":"dlviii3","status":"publish","type":"page","link":"http:\/\/museumek.eu\/?page_id=53380","title":{"rendered":"D\/LVIII\/3"},"content":{"rendered":"<p><strong>Abteilung Deutschland, Keramik 1860 \u2013 1960, Inventarnummer D\/LVIII\/3<\/strong><\/p>\n<p>Porzellanmanufaktur F\u00fcrstenberg AG, vormals Herzoglich Braunschweigische Porzellanmanufaktur, Deutschland, F\u00fcrstenberg, vor 1945, \u00fcbergro\u00dfe Schale, K\u00fcnstler unbekannt, Werks.-Nr. 1015\/3 (Formnummer?, \/3 schwer zu erkennen), Exemplar Nr. ohne, gemarkt Firmenmarke mit Krone, darunter F, darunter F\u00fcrstenberg dunkelgr\u00fcner Stempel unter Glasur (Anm. MEK: der Stempel erscheint in den MEK Fotos schwarz), 1015\/3 gepresst, 0988 sowie 34 in Gold (erscheint dunkelrot) auf Glasur gemalt, Reste eines Aufklebers des Handelshauses August Brand in Lemgo, nicht signiert, Literatur: Dieter Z\u00fchlsdorff, Markenlexikon, Band 1, Porzellan und Keramik Report 1885 &#8211; 1935, Seite 150, Werk-Teil 1., Gruppennummer des Werkteils 2., laufende Nummer innerhalb der Gruppe 722 identische Marke (dort g\u00fcltig ab 1930) sowie Seite 504, Werk-Teil 3., laufende Nummer des Werkteils 392, dort Beschreibung der Fabrik, weitere Literatur: Robert E. R\u00f6ntgen, Deutsche Porzellanmarken von 1710 bis heute, Seite 103, Marke Nr. 663 identisch (dort f\u00fcr die Zeit 1918 &#8211; ca. 1966), die Manufaktur wurde 1747 unter Herzog Karl I. von Braunschweig gegr\u00fcndet, Firmierung Herzoglich Braunschweigische Porzellanmanufaktur, die Bl\u00fctezeit der Manufaktur war 1770 bis 1790, in dieser Zeit vorz\u00fcgliche Malerei, haupts\u00e4chlich Produktion von Vasen, ab 1859 wurde die Manufaktur an st\u00e4ndig wechselnde P\u00e4chter verpachtet, ab 1876 geht die Manufaktur in privates Eigentum des Herrn Bartlingck \u00fcber, die Firmierung darf wohl beibehalten werden, 1888 wird die Manufaktur AG, Firmierung wohl ab da Porzellanmanufaktur F\u00fcrstenberg AG, Bartlingck bleibt einer der Direktoren bis 1895, nach 1904 ist der bekannte K\u00fcnstler Hermann Gradl k\u00fcnstlerischer Mitarbeiter, 1934 entwirft Wilhelm Wagenfeld die Form 633 (siehe MEK D\/LVIII\/1 und D\/LVIII\/2) und 1938 Hubert Griemert die Form 644, H\u00f6he 8 cm, Durchmesser 34 cm<\/p>\n<p><a href=\"http:\/\/museumek.eu\/?attachment_id=53337\" rel=\"attachment wp-att-53337\"><img loading=\"lazy\" src=\"http:\/\/museumek.eu\/wp-content\/uploads\/2012\/09\/F\u00fcrstenberg-Schale-gro\u00df-1-300x272.jpg\" alt=\"\" title=\"F\u00fcrstenberg Schale gro\u00df 1\" width=\"300\" height=\"272\" class=\"alignnone size-medium wp-image-53337\" srcset=\"http:\/\/museumek.eu\/wp-content\/uploads\/2012\/09\/F\u00fcrstenberg-Schale-gro\u00df-1-300x272.jpg 300w, http:\/\/museumek.eu\/wp-content\/uploads\/2012\/09\/F\u00fcrstenberg-Schale-gro\u00df-1-150x136.jpg 150w, http:\/\/museumek.eu\/wp-content\/uploads\/2012\/09\/F\u00fcrstenberg-Schale-gro\u00df-1-330x300.jpg 330w, http:\/\/museumek.eu\/wp-content\/uploads\/2012\/09\/F\u00fcrstenberg-Schale-gro\u00df-1.jpg 529w\" sizes=\"(max-width: 300px) 100vw, 300px\" \/><\/a><\/p>\n<p><a href=\"http:\/\/museumek.eu\/?attachment_id=53338\" rel=\"attachment wp-att-53338\"><img loading=\"lazy\" src=\"http:\/\/museumek.eu\/wp-content\/uploads\/2012\/09\/F\u00fcrstenberg-Schale-gro\u00df-2-300x123.jpg\" alt=\"\" title=\"F\u00fcrstenberg Schale gro\u00df 2\" width=\"300\" height=\"123\" class=\"alignnone size-medium wp-image-53338\" srcset=\"http:\/\/museumek.eu\/wp-content\/uploads\/2012\/09\/F\u00fcrstenberg-Schale-gro\u00df-2-300x123.jpg 300w, http:\/\/museumek.eu\/wp-content\/uploads\/2012\/09\/F\u00fcrstenberg-Schale-gro\u00df-2-150x61.jpg 150w, http:\/\/museumek.eu\/wp-content\/uploads\/2012\/09\/F\u00fcrstenberg-Schale-gro\u00df-2-500x206.jpg 500w, http:\/\/museumek.eu\/wp-content\/uploads\/2012\/09\/F\u00fcrstenberg-Schale-gro\u00df-2.jpg 640w\" sizes=\"(max-width: 300px) 100vw, 300px\" \/><\/a><\/p>\n<p><a href=\"http:\/\/museumek.eu\/?attachment_id=53339\" rel=\"attachment wp-att-53339\"><img loading=\"lazy\" src=\"http:\/\/museumek.eu\/wp-content\/uploads\/2012\/09\/F\u00fcrstenberg-Schale-gro\u00df-3-300x290.jpg\" alt=\"\" title=\"F\u00fcrstenberg Schale gro\u00df 3\" width=\"300\" height=\"290\" class=\"alignnone size-medium wp-image-53339\" srcset=\"http:\/\/museumek.eu\/wp-content\/uploads\/2012\/09\/F\u00fcrstenberg-Schale-gro\u00df-3-300x290.jpg 300w, http:\/\/museumek.eu\/wp-content\/uploads\/2012\/09\/F\u00fcrstenberg-Schale-gro\u00df-3-150x145.jpg 150w, http:\/\/museumek.eu\/wp-content\/uploads\/2012\/09\/F\u00fcrstenberg-Schale-gro\u00df-3-309x300.jpg 309w, http:\/\/museumek.eu\/wp-content\/uploads\/2012\/09\/F\u00fcrstenberg-Schale-gro\u00df-3.jpg 495w\" sizes=\"(max-width: 300px) 100vw, 300px\" \/><\/a><\/p>\n<p><a href=\"http:\/\/museumek.eu\/?attachment_id=53340\" rel=\"attachment wp-att-53340\"><img loading=\"lazy\" src=\"http:\/\/museumek.eu\/wp-content\/uploads\/2012\/09\/F\u00fcrstenberg-Schale-gro\u00df-4-300x260.jpg\" alt=\"\" title=\"F\u00fcrstenberg Schale gro\u00df 4\" width=\"300\" height=\"260\" class=\"alignnone size-medium wp-image-53340\" srcset=\"http:\/\/museumek.eu\/wp-content\/uploads\/2012\/09\/F\u00fcrstenberg-Schale-gro\u00df-4-300x260.jpg 300w, http:\/\/museumek.eu\/wp-content\/uploads\/2012\/09\/F\u00fcrstenberg-Schale-gro\u00df-4-150x130.jpg 150w, http:\/\/museumek.eu\/wp-content\/uploads\/2012\/09\/F\u00fcrstenberg-Schale-gro\u00df-4-345x300.jpg 345w, http:\/\/museumek.eu\/wp-content\/uploads\/2012\/09\/F\u00fcrstenberg-Schale-gro\u00df-4.jpg 553w\" sizes=\"(max-width: 300px) 100vw, 300px\" \/><\/a><\/p>\n<p><a href=\"http:\/\/museumek.eu\/?attachment_id=53343\" rel=\"attachment wp-att-53343\"><img loading=\"lazy\" src=\"http:\/\/museumek.eu\/wp-content\/uploads\/2012\/09\/F\u00fcrstenberg-Schale-gro\u00df-5-271x300.jpg\" alt=\"\" title=\"F\u00fcrstenberg Schale gro\u00df 5\" width=\"271\" height=\"300\" class=\"alignnone size-medium wp-image-53343\" srcset=\"http:\/\/museumek.eu\/wp-content\/uploads\/2012\/09\/F\u00fcrstenberg-Schale-gro\u00df-5-271x300.jpg 271w, http:\/\/museumek.eu\/wp-content\/uploads\/2012\/09\/F\u00fcrstenberg-Schale-gro\u00df-5-135x150.jpg 135w, http:\/\/museumek.eu\/wp-content\/uploads\/2012\/09\/F\u00fcrstenberg-Schale-gro\u00df-5.jpg 480w\" sizes=\"(max-width: 271px) 100vw, 271px\" \/><\/a><\/p>\n<p><a href=\"http:\/\/museumek.eu\/?attachment_id=53344\" rel=\"attachment wp-att-53344\"><img loading=\"lazy\" src=\"http:\/\/museumek.eu\/wp-content\/uploads\/2012\/09\/F\u00fcrstenberg-Schale-gro\u00df-6-300x288.jpg\" alt=\"\" title=\"F\u00fcrstenberg Schale gro\u00df 6\" width=\"300\" height=\"288\" class=\"alignnone size-medium wp-image-53344\" srcset=\"http:\/\/museumek.eu\/wp-content\/uploads\/2012\/09\/F\u00fcrstenberg-Schale-gro\u00df-6-300x288.jpg 300w, http:\/\/museumek.eu\/wp-content\/uploads\/2012\/09\/F\u00fcrstenberg-Schale-gro\u00df-6-150x144.jpg 150w, http:\/\/museumek.eu\/wp-content\/uploads\/2012\/09\/F\u00fcrstenberg-Schale-gro\u00df-6-311x300.jpg 311w, http:\/\/museumek.eu\/wp-content\/uploads\/2012\/09\/F\u00fcrstenberg-Schale-gro\u00df-6.jpg 499w\" sizes=\"(max-width: 300px) 100vw, 300px\" \/><\/a><\/p>\n<p><a href=\"http:\/\/museumek.eu\/?attachment_id=53345\" rel=\"attachment wp-att-53345\"><img loading=\"lazy\" src=\"http:\/\/museumek.eu\/wp-content\/uploads\/2012\/09\/F\u00fcrstenberg-Schale-gro\u00df-7-300x275.jpg\" alt=\"\" title=\"F\u00fcrstenberg Schale gro\u00df 7\" width=\"300\" height=\"275\" class=\"alignnone size-medium wp-image-53345\" srcset=\"http:\/\/museumek.eu\/wp-content\/uploads\/2012\/09\/F\u00fcrstenberg-Schale-gro\u00df-7-300x275.jpg 300w, http:\/\/museumek.eu\/wp-content\/uploads\/2012\/09\/F\u00fcrstenberg-Schale-gro\u00df-7-150x137.jpg 150w, http:\/\/museumek.eu\/wp-content\/uploads\/2012\/09\/F\u00fcrstenberg-Schale-gro\u00df-7-326x300.jpg 326w, http:\/\/museumek.eu\/wp-content\/uploads\/2012\/09\/F\u00fcrstenberg-Schale-gro\u00df-7.jpg 522w\" sizes=\"(max-width: 300px) 100vw, 300px\" \/><\/a><\/p>\n<p><a href=\"http:\/\/museumek.eu\/?attachment_id=53346\" rel=\"attachment wp-att-53346\"><img loading=\"lazy\" src=\"http:\/\/museumek.eu\/wp-content\/uploads\/2012\/09\/F\u00fcrstenberg-Schale-gro\u00df-8-245x300.jpg\" alt=\"\" title=\"F\u00fcrstenberg Schale gro\u00df 8\" width=\"245\" height=\"300\" class=\"alignnone size-medium wp-image-53346\" srcset=\"http:\/\/museumek.eu\/wp-content\/uploads\/2012\/09\/F\u00fcrstenberg-Schale-gro\u00df-8-245x300.jpg 245w, http:\/\/museumek.eu\/wp-content\/uploads\/2012\/09\/F\u00fcrstenberg-Schale-gro\u00df-8-122x150.jpg 122w, http:\/\/museumek.eu\/wp-content\/uploads\/2012\/09\/F\u00fcrstenberg-Schale-gro\u00df-8.jpg 480w\" sizes=\"(max-width: 245px) 100vw, 245px\" \/><\/a><\/p>\n","protected":false},"excerpt":{"rendered":"<p>Abteilung Deutschland, Keramik 1860 \u2013 1960, Inventarnummer D\/LVIII\/3 Porzellanmanufaktur F\u00fcrstenberg AG, vormals Herzoglich Braunschweigische Porzellanmanufaktur, Deutschland, F\u00fcrstenberg, vor 1945, \u00fcbergro\u00dfe Schale, K\u00fcnstler unbekannt, Werks.-Nr. 1015\/3 (Formnummer?, \/3 schwer zu erkennen), Exemplar Nr. ohne, gemarkt Firmenmarke mit Krone, darunter F, darunter &hellip; <a href=\"http:\/\/museumek.eu\/?page_id=53380\">Weiterlesen <span class=\"meta-nav\">&rarr;<\/span><\/a><\/p>\n","protected":false},"author":1,"featured_media":0,"parent":14256,"menu_order":3,"comment_status":"closed","ping_status":"open","template":"","meta":[],"_links":{"self":[{"href":"http:\/\/museumek.eu\/index.php?rest_route=\/wp\/v2\/pages\/53380"}],"collection":[{"href":"http:\/\/museumek.eu\/index.php?rest_route=\/wp\/v2\/pages"}],"about":[{"href":"http:\/\/museumek.eu\/index.php?rest_route=\/wp\/v2\/types\/page"}],"author":[{"embeddable":true,"href":"http:\/\/museumek.eu\/index.php?rest_route=\/wp\/v2\/users\/1"}],"replies":[{"embeddable":true,"href":"http:\/\/museumek.eu\/index.php?rest_route=%2Fwp%2Fv2%2Fcomments&post=53380"}],"version-history":[{"count":5,"href":"http:\/\/museumek.eu\/index.php?rest_route=\/wp\/v2\/pages\/53380\/revisions"}],"predecessor-version":[{"id":53385,"href":"http:\/\/museumek.eu\/index.php?rest_route=\/wp\/v2\/pages\/53380\/revisions\/53385"}],"up":[{"embeddable":true,"href":"http:\/\/museumek.eu\/index.php?rest_route=\/wp\/v2\/pages\/14256"}],"wp:attachment":[{"href":"http:\/\/museumek.eu\/index.php?rest_route=%2Fwp%2Fv2%2Fmedia&parent=53380"}],"curies":[{"name":"wp","href":"https:\/\/api.w.org\/{rel}","templated":true}]}}