{"id":53392,"date":"2021-02-13T22:24:14","date_gmt":"2021-02-13T21:24:14","guid":{"rendered":"http:\/\/museumek.eu\/?page_id=53392"},"modified":"2021-02-13T22:24:14","modified_gmt":"2021-02-13T21:24:14","slug":"dlviii5","status":"publish","type":"page","link":"http:\/\/museumek.eu\/?page_id=53392","title":{"rendered":"D\/LVIII\/5"},"content":{"rendered":"<p><strong>Abteilung Deutschland, Keramik 1860 \u2013 1960, Inventarnummer D\/LVIII\/5<\/strong><\/p>\n<p>Porzellanmanufaktur F\u00fcrstenberg AG, vormals Herzoglich Braunschweigische Porzellanmanufaktur, Deutschland, F\u00fcrstenberg, 1906 &#8211; 1918, Vase, K\u00fcnstler unbekannt, Werks.-Nr. ohne, Exemplar Nr. ohne, gemarkt Firmenmarke mit Krone, darunter F blauer Stempel unter Glasur, sowie B 251 und 69 orangen auf Glasur geschrieben, 00 gepresst, nicht signiert, Literatur: Ludwig Danckert, Handbuch des Europ\u00e4ischen Porzellans, 7. Auflage, Seite 193, dort identische Marke unter den Stempelmarken der Kunstabteilung 1906 &#8211; 1918, Literatur: Dieter Z\u00fchlsdorff, Markenlexikon, Band 1, Porzellan und Keramik Report 1885 &#8211; 1935, Seite 248, Werk-Teil 1., Gruppennummer des Werkteils 4., laufende Nummer innerhalb der Gruppe 67 identische Marke (dort g\u00fcltig 1906 &#8211; 1918, Marke der Kunstabteilung) sowie Seite 504, Werk-Teil 3., laufende Nummer des Werkteils 392, dort Beschreibung der Fabrik, die Manufaktur wurde 1747 unter Herzog Karl I. von Braunschweig gegr\u00fcndet, Firmierung Herzoglich Braunschweigische Porzellanmanufaktur, die Bl\u00fctezeit der Manufaktur war 1770 bis 1790, in dieser Zeit vorz\u00fcgliche Malerei, haupts\u00e4chlich Produktion von Vasen, ab 1859 wurde die Manufaktur an st\u00e4ndig wechselnde P\u00e4chter verpachtet, ab 1876 geht die Manufaktur in privates Eigentum des Herrn Bartlingck \u00fcber, die Firmierung darf wohl beibehalten werden, 1888 wird die Manufaktur AG, Firmierung wohl ab da Porzellanmanufaktur F\u00fcrstenberg AG, Bartlingck bleibt einer der Direktoren bis 1895, nach 1904 ist der bekannte K\u00fcnstler Hermann Gradl k\u00fcnstlerischer Mitarbeiter, 1934 entwirft Wilhelm Wagenfeld die Form 633 (siehe MEK D\/LVIII\/1 und D\/LVIII\/2) und 1938 Hubert Griemert die Form 644, die Malerei auf dem Teller ist Hand auf Glasur gemalt, H\u00f6he 10 cm, Breite 9 cm<\/p>\n<p><a href=\"http:\/\/museumek.eu\/?attachment_id=53367\" rel=\"attachment wp-att-53367\"><img loading=\"lazy\" src=\"http:\/\/museumek.eu\/wp-content\/uploads\/2012\/09\/F\u00fcrstenberg-kleine-Vase-1-267x300.jpg\" alt=\"\" title=\"F\u00fcrstenberg kleine Vase 1\" width=\"267\" height=\"300\" class=\"alignnone size-medium wp-image-53367\" srcset=\"http:\/\/museumek.eu\/wp-content\/uploads\/2012\/09\/F\u00fcrstenberg-kleine-Vase-1-267x300.jpg 267w, http:\/\/museumek.eu\/wp-content\/uploads\/2012\/09\/F\u00fcrstenberg-kleine-Vase-1-133x150.jpg 133w, http:\/\/museumek.eu\/wp-content\/uploads\/2012\/09\/F\u00fcrstenberg-kleine-Vase-1.jpg 480w\" sizes=\"(max-width: 267px) 100vw, 267px\" \/><\/a><\/p>\n<p><a href=\"http:\/\/museumek.eu\/?attachment_id=53368\" rel=\"attachment wp-att-53368\"><img loading=\"lazy\" src=\"http:\/\/museumek.eu\/wp-content\/uploads\/2012\/09\/F\u00fcrstenberg-kleine-Vase-2-274x300.jpg\" alt=\"\" title=\"F\u00fcrstenberg kleine Vase 2\" width=\"274\" height=\"300\" class=\"alignnone size-medium wp-image-53368\" srcset=\"http:\/\/museumek.eu\/wp-content\/uploads\/2012\/09\/F\u00fcrstenberg-kleine-Vase-2-274x300.jpg 274w, http:\/\/museumek.eu\/wp-content\/uploads\/2012\/09\/F\u00fcrstenberg-kleine-Vase-2-137x150.jpg 137w, http:\/\/museumek.eu\/wp-content\/uploads\/2012\/09\/F\u00fcrstenberg-kleine-Vase-2.jpg 480w\" sizes=\"(max-width: 274px) 100vw, 274px\" \/><\/a><\/p>\n<p><a href=\"http:\/\/museumek.eu\/?attachment_id=53369\" rel=\"attachment wp-att-53369\"><img loading=\"lazy\" src=\"http:\/\/museumek.eu\/wp-content\/uploads\/2012\/09\/F\u00fcrstenberg-kleine-Vase-3-220x300.jpg\" alt=\"\" title=\"F\u00fcrstenberg kleine Vase 3\" width=\"220\" height=\"300\" class=\"alignnone size-medium wp-image-53369\" srcset=\"http:\/\/museumek.eu\/wp-content\/uploads\/2012\/09\/F\u00fcrstenberg-kleine-Vase-3-220x300.jpg 220w, http:\/\/museumek.eu\/wp-content\/uploads\/2012\/09\/F\u00fcrstenberg-kleine-Vase-3-110x150.jpg 110w, http:\/\/museumek.eu\/wp-content\/uploads\/2012\/09\/F\u00fcrstenberg-kleine-Vase-3.jpg 471w\" sizes=\"(max-width: 220px) 100vw, 220px\" \/><\/a><\/p>\n<p><a href=\"http:\/\/museumek.eu\/?attachment_id=53370\" rel=\"attachment wp-att-53370\"><img loading=\"lazy\" src=\"http:\/\/museumek.eu\/wp-content\/uploads\/2012\/09\/F\u00fcrstenberg-kleine-Vase-4-300x251.jpg\" alt=\"\" title=\"F\u00fcrstenberg kleine Vase 4\" width=\"300\" height=\"251\" class=\"alignnone size-medium wp-image-53370\" srcset=\"http:\/\/museumek.eu\/wp-content\/uploads\/2012\/09\/F\u00fcrstenberg-kleine-Vase-4-300x251.jpg 300w, http:\/\/museumek.eu\/wp-content\/uploads\/2012\/09\/F\u00fcrstenberg-kleine-Vase-4-150x125.jpg 150w, http:\/\/museumek.eu\/wp-content\/uploads\/2012\/09\/F\u00fcrstenberg-kleine-Vase-4-358x300.jpg 358w, http:\/\/museumek.eu\/wp-content\/uploads\/2012\/09\/F\u00fcrstenberg-kleine-Vase-4.jpg 573w\" sizes=\"(max-width: 300px) 100vw, 300px\" \/><\/a><\/p>\n<p><a href=\"http:\/\/museumek.eu\/?attachment_id=53371\" rel=\"attachment wp-att-53371\"><img loading=\"lazy\" src=\"http:\/\/museumek.eu\/wp-content\/uploads\/2012\/09\/F\u00fcrstenberg-kleine-Vase-5-300x188.jpg\" alt=\"\" title=\"F\u00fcrstenberg kleine Vase 5\" width=\"300\" height=\"188\" class=\"alignnone size-medium wp-image-53371\" srcset=\"http:\/\/museumek.eu\/wp-content\/uploads\/2012\/09\/F\u00fcrstenberg-kleine-Vase-5-300x188.jpg 300w, http:\/\/museumek.eu\/wp-content\/uploads\/2012\/09\/F\u00fcrstenberg-kleine-Vase-5-150x94.jpg 150w, http:\/\/museumek.eu\/wp-content\/uploads\/2012\/09\/F\u00fcrstenberg-kleine-Vase-5-476x300.jpg 476w, http:\/\/museumek.eu\/wp-content\/uploads\/2012\/09\/F\u00fcrstenberg-kleine-Vase-5.jpg 640w\" sizes=\"(max-width: 300px) 100vw, 300px\" \/><\/a><\/p>\n<p><a href=\"http:\/\/museumek.eu\/?attachment_id=53372\" rel=\"attachment wp-att-53372\"><img loading=\"lazy\" src=\"http:\/\/museumek.eu\/wp-content\/uploads\/2012\/09\/F\u00fcrstenberg-kleine-Vase-6-300x258.jpg\" alt=\"\" title=\"F\u00fcrstenberg kleine Vase 6\" width=\"300\" height=\"258\" class=\"alignnone size-medium wp-image-53372\" srcset=\"http:\/\/museumek.eu\/wp-content\/uploads\/2012\/09\/F\u00fcrstenberg-kleine-Vase-6-300x258.jpg 300w, http:\/\/museumek.eu\/wp-content\/uploads\/2012\/09\/F\u00fcrstenberg-kleine-Vase-6-150x129.jpg 150w, http:\/\/museumek.eu\/wp-content\/uploads\/2012\/09\/F\u00fcrstenberg-kleine-Vase-6-348x300.jpg 348w, http:\/\/museumek.eu\/wp-content\/uploads\/2012\/09\/F\u00fcrstenberg-kleine-Vase-6.jpg 558w\" sizes=\"(max-width: 300px) 100vw, 300px\" \/><\/a><\/p>\n<p><a href=\"http:\/\/museumek.eu\/?attachment_id=53373\" rel=\"attachment wp-att-53373\"><img loading=\"lazy\" src=\"http:\/\/museumek.eu\/wp-content\/uploads\/2012\/09\/F\u00fcrstenberg-kleine-Vase-7-230x300.jpg\" alt=\"\" title=\"F\u00fcrstenberg kleine Vase 7\" width=\"230\" height=\"300\" class=\"alignnone size-medium wp-image-53373\" srcset=\"http:\/\/museumek.eu\/wp-content\/uploads\/2012\/09\/F\u00fcrstenberg-kleine-Vase-7-230x300.jpg 230w, http:\/\/museumek.eu\/wp-content\/uploads\/2012\/09\/F\u00fcrstenberg-kleine-Vase-7-115x150.jpg 115w, http:\/\/museumek.eu\/wp-content\/uploads\/2012\/09\/F\u00fcrstenberg-kleine-Vase-7.jpg 480w\" sizes=\"(max-width: 230px) 100vw, 230px\" \/><\/a><\/p>\n","protected":false},"excerpt":{"rendered":"<p>Abteilung Deutschland, Keramik 1860 \u2013 1960, Inventarnummer D\/LVIII\/5 Porzellanmanufaktur F\u00fcrstenberg AG, vormals Herzoglich Braunschweigische Porzellanmanufaktur, Deutschland, F\u00fcrstenberg, 1906 &#8211; 1918, Vase, K\u00fcnstler unbekannt, Werks.-Nr. ohne, Exemplar Nr. ohne, gemarkt Firmenmarke mit Krone, darunter F blauer Stempel unter Glasur, sowie B &hellip; <a href=\"http:\/\/museumek.eu\/?page_id=53392\">Weiterlesen <span class=\"meta-nav\">&rarr;<\/span><\/a><\/p>\n","protected":false},"author":1,"featured_media":0,"parent":14256,"menu_order":5,"comment_status":"closed","ping_status":"open","template":"","meta":[],"_links":{"self":[{"href":"http:\/\/museumek.eu\/index.php?rest_route=\/wp\/v2\/pages\/53392"}],"collection":[{"href":"http:\/\/museumek.eu\/index.php?rest_route=\/wp\/v2\/pages"}],"about":[{"href":"http:\/\/museumek.eu\/index.php?rest_route=\/wp\/v2\/types\/page"}],"author":[{"embeddable":true,"href":"http:\/\/museumek.eu\/index.php?rest_route=\/wp\/v2\/users\/1"}],"replies":[{"embeddable":true,"href":"http:\/\/museumek.eu\/index.php?rest_route=%2Fwp%2Fv2%2Fcomments&post=53392"}],"version-history":[{"count":2,"href":"http:\/\/museumek.eu\/index.php?rest_route=\/wp\/v2\/pages\/53392\/revisions"}],"predecessor-version":[{"id":53394,"href":"http:\/\/museumek.eu\/index.php?rest_route=\/wp\/v2\/pages\/53392\/revisions\/53394"}],"up":[{"embeddable":true,"href":"http:\/\/museumek.eu\/index.php?rest_route=\/wp\/v2\/pages\/14256"}],"wp:attachment":[{"href":"http:\/\/museumek.eu\/index.php?rest_route=%2Fwp%2Fv2%2Fmedia&parent=53392"}],"curies":[{"name":"wp","href":"https:\/\/api.w.org\/{rel}","templated":true}]}}