{"id":53446,"date":"2021-02-14T17:54:20","date_gmt":"2021-02-14T16:54:20","guid":{"rendered":"http:\/\/museumek.eu\/?page_id=53446"},"modified":"2021-02-14T18:08:55","modified_gmt":"2021-02-14T17:08:55","slug":"dxvii3","status":"publish","type":"page","link":"http:\/\/museumek.eu\/?page_id=53446","title":{"rendered":"D\/XVII\/3"},"content":{"rendered":"<p><strong>Abteilung Deutschland, Keramik 1860 \u2013 1960, Inventarnummer D\/XVII\/3<\/strong><\/p>\n<p>R\u00fcppurr Fayence-Fabrik GmbH, Deutschland, R\u00fcppurr und Neureut, um 1925, Figur Frau, K\u00fcnstler unbekannt, Werks.-Nr. ohne, Exemplar Nr. ohne, gemarkt Firmenmarke diese nicht aufgel\u00f6st (in nachfolgender Literatur ist die Firmenmarke teils falsch waagerecht dargestellt, daraus ergibt sich, dass die Firmenmarke als Buchstabenfolge interpretiert werden kann, richtig ist aber, dass die Firmenmarke senkrecht zu lesen ist, in allen 3 MEK Exemplaren steht die Firmenmarke senkrecht zu MADE IN GERMANY und zu sonstigen Buchstaben und Zahlen, daraus ergibt sich eine Abbildung, welche das MEK bisher noch nicht interpretieren konnte) sowie Made in Germany gepresst, nicht signiert, Literatur: Gisela Reineking von Bock, Meister der deutschen Keramik 1900 &#8211; 1950, Seite 267, kurze unvollst\u00e4ndige Beschreibung der Fabrik sowie Seite 327, Marke Nr. 180 identisch (falsch waagerecht abgebildet), weitere Literatur: Dieter Z\u00fchlsdorff, Markenlexikon. Band 1, Porzellan und Keramik Report 1885 &#8211; 1935, Seite 77, Werk-Teil 1., Gruppennummer des Werkteils 1., laufende Nummer innerhalb der Gruppe 1515 identische Marke (dort verkehrt waagerecht abgebildet, dort g\u00fcltig f\u00fcr die Zeit ab 1923 sowie Seite 532, Werk-Teil 3. laufende Nummer des Werkteils 590, dort Beschreibung der Fabrik, dort auch ein Foto einer Werbeanzeige der Fabrik mit senkrecht dargestellter Fabrikmarke, Anm. MEK: Z\u00fchlsdorff hat das wohl \u00fcbersehen), weitere Literatur: J. G. Th. Graesse und E. Jaennicke, F\u00fchrer f\u00fcr Sammler von Porzellan und Fayence, Seite 132, Marke Nr. 1 identisch (dort richtig senkrecht abgebildet), 1923 Gr\u00fcndung der Fabrik durch den Karlsruher Kaufmann C. F. Otto M\u00fcller (C. F. Otto M\u00fcller betrieb eine Kunsthandlung in Karlsruhe, er vertrieb u. a. die Keramiken von Johann Lipp in Mering und die Keramiken von Max Laeuger in Kandern und fertige auch selbst Entw\u00fcrfe) in R\u00fcppur bei Karlsruhe, die Fabrik wurde bereits 1924 nach Neureuth, ebenfalls bei Karlsruhe verlegt, k\u00fcnstlerischer Leiter der Fabrik war Heinrich Braun (Maler und Keramiker), 1950 wurde die Fabrik geschlossen,<br \/>\nH\u00f6he 25 cm, Breite 19 cm<\/p>\n<p><a href=\"http:\/\/museumek.eu\/?attachment_id=53429\" rel=\"attachment wp-att-53429\"><img loading=\"lazy\" src=\"http:\/\/museumek.eu\/wp-content\/uploads\/2013\/05\/R\u00fcppur-Faience-Frau-im-roten-Kleid-1-177x300.jpg\" alt=\"\" title=\"R\u00fcppur Faience Frau im roten Kleid 1\" width=\"177\" height=\"300\" class=\"alignnone size-medium wp-image-53429\" srcset=\"http:\/\/museumek.eu\/wp-content\/uploads\/2013\/05\/R\u00fcppur-Faience-Frau-im-roten-Kleid-1-177x300.jpg 177w, http:\/\/museumek.eu\/wp-content\/uploads\/2013\/05\/R\u00fcppur-Faience-Frau-im-roten-Kleid-1-88x150.jpg 88w, http:\/\/museumek.eu\/wp-content\/uploads\/2013\/05\/R\u00fcppur-Faience-Frau-im-roten-Kleid-1.jpg 378w\" sizes=\"(max-width: 177px) 100vw, 177px\" \/><\/a><\/p>\n<p><a href=\"http:\/\/museumek.eu\/?attachment_id=53430\" rel=\"attachment wp-att-53430\"><img loading=\"lazy\" src=\"http:\/\/museumek.eu\/wp-content\/uploads\/2013\/05\/R\u00fcppur-Faience-Frau-im-roten-Kleid-2-175x300.jpg\" alt=\"\" title=\"R\u00fcppur Faience Frau im roten Kleid 2\" width=\"175\" height=\"300\" class=\"alignnone size-medium wp-image-53430\" srcset=\"http:\/\/museumek.eu\/wp-content\/uploads\/2013\/05\/R\u00fcppur-Faience-Frau-im-roten-Kleid-2-175x300.jpg 175w, http:\/\/museumek.eu\/wp-content\/uploads\/2013\/05\/R\u00fcppur-Faience-Frau-im-roten-Kleid-2-87x150.jpg 87w, http:\/\/museumek.eu\/wp-content\/uploads\/2013\/05\/R\u00fcppur-Faience-Frau-im-roten-Kleid-2.jpg 374w\" sizes=\"(max-width: 175px) 100vw, 175px\" \/><\/a><\/p>\n<p><a href=\"http:\/\/museumek.eu\/?attachment_id=53431\" rel=\"attachment wp-att-53431\"><img loading=\"lazy\" src=\"http:\/\/museumek.eu\/wp-content\/uploads\/2013\/05\/R\u00fcppur-Faience-Frau-im-roten-Kleid-3-172x300.jpg\" alt=\"\" title=\"R\u00fcppur Faience Frau im roten Kleid 3\" width=\"172\" height=\"300\" class=\"alignnone size-medium wp-image-53431\" srcset=\"http:\/\/museumek.eu\/wp-content\/uploads\/2013\/05\/R\u00fcppur-Faience-Frau-im-roten-Kleid-3-172x300.jpg 172w, http:\/\/museumek.eu\/wp-content\/uploads\/2013\/05\/R\u00fcppur-Faience-Frau-im-roten-Kleid-3-86x150.jpg 86w, http:\/\/museumek.eu\/wp-content\/uploads\/2013\/05\/R\u00fcppur-Faience-Frau-im-roten-Kleid-3.jpg 368w\" sizes=\"(max-width: 172px) 100vw, 172px\" \/><\/a><\/p>\n<p><a href=\"http:\/\/museumek.eu\/?attachment_id=53432\" rel=\"attachment wp-att-53432\"><img loading=\"lazy\" src=\"http:\/\/museumek.eu\/wp-content\/uploads\/2013\/05\/R\u00fcppur-Faience-Frau-im-roten-Kleid-4-176x300.jpg\" alt=\"\" title=\"R\u00fcppur Faience Frau im roten Kleid 4\" width=\"176\" height=\"300\" class=\"alignnone size-medium wp-image-53432\" srcset=\"http:\/\/museumek.eu\/wp-content\/uploads\/2013\/05\/R\u00fcppur-Faience-Frau-im-roten-Kleid-4-176x300.jpg 176w, http:\/\/museumek.eu\/wp-content\/uploads\/2013\/05\/R\u00fcppur-Faience-Frau-im-roten-Kleid-4-88x150.jpg 88w, http:\/\/museumek.eu\/wp-content\/uploads\/2013\/05\/R\u00fcppur-Faience-Frau-im-roten-Kleid-4.jpg 377w\" sizes=\"(max-width: 176px) 100vw, 176px\" \/><\/a><\/p>\n<p><a href=\"http:\/\/museumek.eu\/?attachment_id=53435\" rel=\"attachment wp-att-53435\"><img loading=\"lazy\" src=\"http:\/\/museumek.eu\/wp-content\/uploads\/2013\/05\/R\u00fcppur-Faience-Frau-im-roten-Kleid-5-298x300.jpg\" alt=\"\" title=\"R\u00fcppur Faience Frau im roten Kleid 5\" width=\"298\" height=\"300\" class=\"alignnone size-medium wp-image-53435\" srcset=\"http:\/\/museumek.eu\/wp-content\/uploads\/2013\/05\/R\u00fcppur-Faience-Frau-im-roten-Kleid-5-298x300.jpg 298w, http:\/\/museumek.eu\/wp-content\/uploads\/2013\/05\/R\u00fcppur-Faience-Frau-im-roten-Kleid-5-150x150.jpg 150w, http:\/\/museumek.eu\/wp-content\/uploads\/2013\/05\/R\u00fcppur-Faience-Frau-im-roten-Kleid-5.jpg 480w\" sizes=\"(max-width: 298px) 100vw, 298px\" \/><\/a><\/p>\n<p><a href=\"http:\/\/museumek.eu\/?attachment_id=53436\" rel=\"attachment wp-att-53436\"><img loading=\"lazy\" src=\"http:\/\/museumek.eu\/wp-content\/uploads\/2013\/05\/R\u00fcppur-Faience-Frau-im-roten-Kleid-6-158x300.jpg\" alt=\"\" title=\"R\u00fcppur Faience Frau im roten Kleid 6\" width=\"158\" height=\"300\" class=\"alignnone size-medium wp-image-53436\" srcset=\"http:\/\/museumek.eu\/wp-content\/uploads\/2013\/05\/R\u00fcppur-Faience-Frau-im-roten-Kleid-6-158x300.jpg 158w, http:\/\/museumek.eu\/wp-content\/uploads\/2013\/05\/R\u00fcppur-Faience-Frau-im-roten-Kleid-6-79x150.jpg 79w, http:\/\/museumek.eu\/wp-content\/uploads\/2013\/05\/R\u00fcppur-Faience-Frau-im-roten-Kleid-6.jpg 338w\" sizes=\"(max-width: 158px) 100vw, 158px\" \/><\/a> <\/p>\n<p><a href=\"http:\/\/museumek.eu\/?attachment_id=53438\" rel=\"attachment wp-att-53438\"><img loading=\"lazy\" src=\"http:\/\/museumek.eu\/wp-content\/uploads\/2013\/05\/R\u00fcppur-Faience-Frau-im-roten-Kleid-71-221x300.jpg\" alt=\"\" title=\"R\u00fcppur Faience Frau im roten Kleid 7\" width=\"221\" height=\"300\" class=\"alignnone size-medium wp-image-53438\" srcset=\"http:\/\/museumek.eu\/wp-content\/uploads\/2013\/05\/R\u00fcppur-Faience-Frau-im-roten-Kleid-71-221x300.jpg 221w, http:\/\/museumek.eu\/wp-content\/uploads\/2013\/05\/R\u00fcppur-Faience-Frau-im-roten-Kleid-71-110x150.jpg 110w, http:\/\/museumek.eu\/wp-content\/uploads\/2013\/05\/R\u00fcppur-Faience-Frau-im-roten-Kleid-71.jpg 472w\" sizes=\"(max-width: 221px) 100vw, 221px\" \/><\/a><\/p>\n<p><a href=\"http:\/\/museumek.eu\/?attachment_id=53439\" rel=\"attachment wp-att-53439\"><img loading=\"lazy\" src=\"http:\/\/museumek.eu\/wp-content\/uploads\/2013\/05\/R\u00fcppur-Faience-Frau-im-roten-Kleid-8-300x92.jpg\" alt=\"\" title=\"R\u00fcppur Faience Frau im roten Kleid 8\" width=\"300\" height=\"92\" class=\"alignnone size-medium wp-image-53439\" srcset=\"http:\/\/museumek.eu\/wp-content\/uploads\/2013\/05\/R\u00fcppur-Faience-Frau-im-roten-Kleid-8-300x92.jpg 300w, http:\/\/museumek.eu\/wp-content\/uploads\/2013\/05\/R\u00fcppur-Faience-Frau-im-roten-Kleid-8-150x46.jpg 150w, http:\/\/museumek.eu\/wp-content\/uploads\/2013\/05\/R\u00fcppur-Faience-Frau-im-roten-Kleid-8-500x153.jpg 500w, http:\/\/museumek.eu\/wp-content\/uploads\/2013\/05\/R\u00fcppur-Faience-Frau-im-roten-Kleid-8.jpg 640w\" sizes=\"(max-width: 300px) 100vw, 300px\" \/><\/a><\/p>\n","protected":false},"excerpt":{"rendered":"<p>Abteilung Deutschland, Keramik 1860 \u2013 1960, Inventarnummer D\/XVII\/3 R\u00fcppurr Fayence-Fabrik GmbH, Deutschland, R\u00fcppurr und Neureut, um 1925, Figur Frau, K\u00fcnstler unbekannt, Werks.-Nr. ohne, Exemplar Nr. ohne, gemarkt Firmenmarke diese nicht aufgel\u00f6st (in nachfolgender Literatur ist die Firmenmarke teils falsch waagerecht &hellip; <a href=\"http:\/\/museumek.eu\/?page_id=53446\">Weiterlesen <span class=\"meta-nav\">&rarr;<\/span><\/a><\/p>\n","protected":false},"author":1,"featured_media":0,"parent":2104,"menu_order":3,"comment_status":"closed","ping_status":"open","template":"","meta":[],"_links":{"self":[{"href":"http:\/\/museumek.eu\/index.php?rest_route=\/wp\/v2\/pages\/53446"}],"collection":[{"href":"http:\/\/museumek.eu\/index.php?rest_route=\/wp\/v2\/pages"}],"about":[{"href":"http:\/\/museumek.eu\/index.php?rest_route=\/wp\/v2\/types\/page"}],"author":[{"embeddable":true,"href":"http:\/\/museumek.eu\/index.php?rest_route=\/wp\/v2\/users\/1"}],"replies":[{"embeddable":true,"href":"http:\/\/museumek.eu\/index.php?rest_route=%2Fwp%2Fv2%2Fcomments&post=53446"}],"version-history":[{"count":5,"href":"http:\/\/museumek.eu\/index.php?rest_route=\/wp\/v2\/pages\/53446\/revisions"}],"predecessor-version":[{"id":53459,"href":"http:\/\/museumek.eu\/index.php?rest_route=\/wp\/v2\/pages\/53446\/revisions\/53459"}],"up":[{"embeddable":true,"href":"http:\/\/museumek.eu\/index.php?rest_route=\/wp\/v2\/pages\/2104"}],"wp:attachment":[{"href":"http:\/\/museumek.eu\/index.php?rest_route=%2Fwp%2Fv2%2Fmedia&parent=53446"}],"curies":[{"name":"wp","href":"https:\/\/api.w.org\/{rel}","templated":true}]}}