{"id":53502,"date":"2021-02-25T21:00:17","date_gmt":"2021-02-25T20:00:17","guid":{"rendered":"http:\/\/museumek.eu\/?page_id=53502"},"modified":"2021-02-25T21:00:31","modified_gmt":"2021-02-25T20:00:31","slug":"ai185","status":"publish","type":"page","link":"http:\/\/museumek.eu\/?page_id=53502","title":{"rendered":"A\/I\/185"},"content":{"rendered":"<p><strong>Abteilung Austria\/Ungarn\/B\u00f6hmen, Keramik 1860 &#8211; 1960, Inventarnummer A\/I\/185<\/strong><\/p>\n<p>Friedrich Goldscheider Erste Wiener Terrakottafabrik, Austria, Wien, um 1907\/1908, B\u00fcste Beethoven, K\u00fcnstler Ros\u00e9 (Pseudonym), Werks.-Nr. 3605, Exemplar Nr. 3, Modelleur Nr. 10, gemarkt Firmenmarke mit FRIEDRICH GOLDSCHEIDER darunter WIEN, REPRODUCTION RESERV\u00c9E, 3605, 3 sowie 10 gepresst, geritzt Ros\u00e9, signiert Ros\u00e9, Literatur: Robert E. Dechant\/Filipp Goldscheider, Firmengeschichte und Werkverzeichnis, Seite 373, dort noch nicht erfasst, Seite 604, Firmenmarke Nr. GS 9 (f\u00fcr die Zeit 1900 \u2013 1917) identisch sowie Seite 606, dort nicht vermerktes Firmenmarkenzusatzzeichen REPRODUCTION RESERV\u00c9E als Ausf\u00fchrung nebeneinander, statt wie Firmenmarkenzusatzzeichen GS Z 11 (f\u00fcr die Zeit 1885 \u2013 1922) untereinander, die Urspr\u00fcnge der Firma gehen zur\u00fcck auf das Pilsener Handelsunternehmen Moritz Goldscheider der 1860\u2018 Jahre, nach dem Tode von Moritz Goldscheider werden die Br\u00fcder Eduard und Friedrich Goldscheider Eigent\u00fcmer und firmieren ab 1877 als M. Goldscheider\u2019s Erben, Thon-und Kunststeinmanufactur Werk Moldau und ab 1878 als Br\u00fcder Goldscheider, im Jahre 1878 wandert Friedrich Goldscheider nach Wien aus und Eduard f\u00fchrt die Firma in Pilsen bis zum Konkurs 1892 allein weiter, Friedrich Goldscheider firmiert in Wien ab 1880 als Goldscheider\u2019sche Porzellan-Manufaktur und Porzellanmalerei, neben Handelsgesch\u00e4ften betreibt die Firma vorwiegend die Porzellanmalerei, das Porzellan wird von b\u00f6hmischen Manufakturen bezogen und teilweise auch in B\u00f6hmen bemalt, ab 1885 \u00e4ndert sich die Firmierung in Goldscheider\u2019sche Porzellan-Manufaktur und Majolicafabrik, das Jahr 1885 gilt als das offizielle Gr\u00fcndungsjahr, ab 1887 bezeichnet Friedrich Goldscheider seine Fabrik als Erste Wiener Terracotta- und Majolika-Fabrik Friedrich Goldscheider oder als Erste Wiener Kunst-Terracotta-Fabrik und kunstgewerbliche Ateliers Friedrich Goldscheider und offiziell ab 1894 als Friedrich Goldscheider Erste Wiener Terrakottafabrik, Friedrich Goldscheider stirbt im Jahre 1897, seine Ehefrau Regine Goldscheider wird Alleineigent\u00fcmer und firmiert ab 1899 als Friedrich Goldscheider in Wien, Berlin und Leipzig, ab 1907 firmiert die Firma als Erste Wiener Terrakottafabrik und Atelier f\u00fcr k\u00fcnstlerische Fayencen Friedrich Goldscheider, im Jahre 1918 stirbt Regine und die S\u00f6hne Walter und Marcell Goldscheider werden Inhaber, ab 1921 \u00e4ndert sich die Firmierung in Wiener Manufaktur Friedrich Goldscheider, 1928 scheidet Marcell Goldscheider aus und gr\u00fcndet seine eigene Firma in Wien, 1939 wird die Firma arisiert und Josef Schuster wird Inhaber, Firmierung ab 1939, Wiener Manufaktur Friedrich Goldscheider Nachf., Inhaber Josef Schuster, ab 1941 lautet die Firmierung Wiener Manufaktur Josef Schuster, vorm. Friedrich Goldscheider, nach dem WK II erh\u00e4lt Friedrich Goldscheider seine Firma zur\u00fcck und firmiert ab 1950 wieder als Wiener Manufaktur Friedrich Goldscheider, in dieser Zeit verkauft er die Firma an die Majolikafabrik Carstens, in Fredelsloh, die in Fredelsloh Wiederauflagen alter Modelle in minderwertigem braunem Ton aber auch neue Modelle ebenfalls in dieser Tonart produziert, ab 1953 firmiert die Firma als Kunstkeramische Manufaktur Goldscheider GmbH und 1960 wird die Produktion in Fredelsloh eingestellt, <strong>das MEK Exemplar dieser B\u00fcste ist eines der Wenigen, wenn nicht das Letzte weltweit erhalten gebliebene Exemplar<\/strong>, H\u00f6he 39 cm, Breite 26 cm<\/p>\n<p><a href=\"http:\/\/museumek.eu\/?attachment_id=53481\" rel=\"attachment wp-att-53481\"><img loading=\"lazy\" src=\"http:\/\/museumek.eu\/wp-content\/uploads\/2020\/04\/Beethoven-Goldscheider-1-172x300.jpg\" alt=\"\" title=\"Beethoven Goldscheider 1\" width=\"172\" height=\"300\" class=\"alignnone size-medium wp-image-53481\" srcset=\"http:\/\/museumek.eu\/wp-content\/uploads\/2020\/04\/Beethoven-Goldscheider-1-172x300.jpg 172w, http:\/\/museumek.eu\/wp-content\/uploads\/2020\/04\/Beethoven-Goldscheider-1-86x150.jpg 86w, http:\/\/museumek.eu\/wp-content\/uploads\/2020\/04\/Beethoven-Goldscheider-1.jpg 368w\" sizes=\"(max-width: 172px) 100vw, 172px\" \/><\/a><\/p>\n<p><a href=\"http:\/\/museumek.eu\/?attachment_id=53482\" rel=\"attachment wp-att-53482\"><img loading=\"lazy\" src=\"http:\/\/museumek.eu\/wp-content\/uploads\/2020\/04\/Beethoven-Goldscheider-2-146x300.jpg\" alt=\"\" title=\"Beethoven Goldscheider 2\" width=\"146\" height=\"300\" class=\"alignnone size-medium wp-image-53482\" srcset=\"http:\/\/museumek.eu\/wp-content\/uploads\/2020\/04\/Beethoven-Goldscheider-2-146x300.jpg 146w, http:\/\/museumek.eu\/wp-content\/uploads\/2020\/04\/Beethoven-Goldscheider-2-73x150.jpg 73w, http:\/\/museumek.eu\/wp-content\/uploads\/2020\/04\/Beethoven-Goldscheider-2.jpg 313w\" sizes=\"(max-width: 146px) 100vw, 146px\" \/><\/a><\/p>\n<p><a href=\"http:\/\/museumek.eu\/?attachment_id=53483\" rel=\"attachment wp-att-53483\"><img loading=\"lazy\" src=\"http:\/\/museumek.eu\/wp-content\/uploads\/2020\/04\/Beethoven-Goldscheider-3-128x300.jpg\" alt=\"\" title=\"Beethoven Goldscheider 3\" width=\"128\" height=\"300\" class=\"alignnone size-medium wp-image-53483\" srcset=\"http:\/\/museumek.eu\/wp-content\/uploads\/2020\/04\/Beethoven-Goldscheider-3-128x300.jpg 128w, http:\/\/museumek.eu\/wp-content\/uploads\/2020\/04\/Beethoven-Goldscheider-3-64x150.jpg 64w\" sizes=\"(max-width: 128px) 100vw, 128px\" \/><\/a><\/p>\n<p><a href=\"http:\/\/museumek.eu\/?attachment_id=53484\" rel=\"attachment wp-att-53484\"><img loading=\"lazy\" src=\"http:\/\/museumek.eu\/wp-content\/uploads\/2020\/04\/Beethoven-Goldscheider-4-213x300.jpg\" alt=\"\" title=\"Beethoven Goldscheider 4\" width=\"213\" height=\"300\" class=\"alignnone size-medium wp-image-53484\" srcset=\"http:\/\/museumek.eu\/wp-content\/uploads\/2020\/04\/Beethoven-Goldscheider-4-213x300.jpg 213w, http:\/\/museumek.eu\/wp-content\/uploads\/2020\/04\/Beethoven-Goldscheider-4-106x150.jpg 106w, http:\/\/museumek.eu\/wp-content\/uploads\/2020\/04\/Beethoven-Goldscheider-4.jpg 455w\" sizes=\"(max-width: 213px) 100vw, 213px\" \/><\/a><\/p>\n<p><a href=\"http:\/\/museumek.eu\/?attachment_id=53485\" rel=\"attachment wp-att-53485\"><img loading=\"lazy\" src=\"http:\/\/museumek.eu\/wp-content\/uploads\/2020\/04\/Beethoven-Goldscheider-5-226x300.jpg\" alt=\"\" title=\"Beethoven Goldscheider 5\" width=\"226\" height=\"300\" class=\"alignnone size-medium wp-image-53485\" srcset=\"http:\/\/museumek.eu\/wp-content\/uploads\/2020\/04\/Beethoven-Goldscheider-5-226x300.jpg 226w, http:\/\/museumek.eu\/wp-content\/uploads\/2020\/04\/Beethoven-Goldscheider-5-113x150.jpg 113w, http:\/\/museumek.eu\/wp-content\/uploads\/2020\/04\/Beethoven-Goldscheider-5.jpg 480w\" sizes=\"(max-width: 226px) 100vw, 226px\" \/><\/a><\/p>\n<p><a href=\"http:\/\/museumek.eu\/?attachment_id=53486\" rel=\"attachment wp-att-53486\"><img loading=\"lazy\" src=\"http:\/\/museumek.eu\/wp-content\/uploads\/2020\/04\/Beethoven-Goldscheider-6-210x300.jpg\" alt=\"\" title=\"Beethoven Goldscheider 6\" width=\"210\" height=\"300\" class=\"alignnone size-medium wp-image-53486\" srcset=\"http:\/\/museumek.eu\/wp-content\/uploads\/2020\/04\/Beethoven-Goldscheider-6-210x300.jpg 210w, http:\/\/museumek.eu\/wp-content\/uploads\/2020\/04\/Beethoven-Goldscheider-6-105x150.jpg 105w, http:\/\/museumek.eu\/wp-content\/uploads\/2020\/04\/Beethoven-Goldscheider-6.jpg 448w\" sizes=\"(max-width: 210px) 100vw, 210px\" \/><\/a><\/p>\n<p><a href=\"http:\/\/museumek.eu\/?attachment_id=53489\" rel=\"attachment wp-att-53489\"><img loading=\"lazy\" src=\"http:\/\/museumek.eu\/wp-content\/uploads\/2020\/04\/Beethoven-Goldscheider-7-295x300.jpg\" alt=\"\" title=\"Beethoven Goldscheider 7\" width=\"295\" height=\"300\" class=\"alignnone size-medium wp-image-53489\" srcset=\"http:\/\/museumek.eu\/wp-content\/uploads\/2020\/04\/Beethoven-Goldscheider-7-295x300.jpg 295w, http:\/\/museumek.eu\/wp-content\/uploads\/2020\/04\/Beethoven-Goldscheider-7-147x150.jpg 147w, http:\/\/museumek.eu\/wp-content\/uploads\/2020\/04\/Beethoven-Goldscheider-7.jpg 480w\" sizes=\"(max-width: 295px) 100vw, 295px\" \/><\/a><\/p>\n<p><a href=\"http:\/\/museumek.eu\/?attachment_id=53490\" rel=\"attachment wp-att-53490\"><img loading=\"lazy\" src=\"http:\/\/museumek.eu\/wp-content\/uploads\/2020\/04\/Beethoven-Goldscheider-8-223x300.jpg\" alt=\"\" title=\"Beethoven Goldscheider 8\" width=\"223\" height=\"300\" class=\"alignnone size-medium wp-image-53490\" srcset=\"http:\/\/museumek.eu\/wp-content\/uploads\/2020\/04\/Beethoven-Goldscheider-8-223x300.jpg 223w, http:\/\/museumek.eu\/wp-content\/uploads\/2020\/04\/Beethoven-Goldscheider-8-111x150.jpg 111w, http:\/\/museumek.eu\/wp-content\/uploads\/2020\/04\/Beethoven-Goldscheider-8.jpg 477w\" sizes=\"(max-width: 223px) 100vw, 223px\" \/><\/a><\/p>\n<p><a href=\"http:\/\/museumek.eu\/?attachment_id=53491\" rel=\"attachment wp-att-53491\"><img loading=\"lazy\" src=\"http:\/\/museumek.eu\/wp-content\/uploads\/2020\/04\/Beethoven-Goldscheider-9-300x164.jpg\" alt=\"\" title=\"Beethoven Goldscheider 9\" width=\"300\" height=\"164\" class=\"alignnone size-medium wp-image-53491\" srcset=\"http:\/\/museumek.eu\/wp-content\/uploads\/2020\/04\/Beethoven-Goldscheider-9-300x164.jpg 300w, http:\/\/museumek.eu\/wp-content\/uploads\/2020\/04\/Beethoven-Goldscheider-9-150x82.jpg 150w, http:\/\/museumek.eu\/wp-content\/uploads\/2020\/04\/Beethoven-Goldscheider-9-500x274.jpg 500w, http:\/\/museumek.eu\/wp-content\/uploads\/2020\/04\/Beethoven-Goldscheider-9.jpg 640w\" sizes=\"(max-width: 300px) 100vw, 300px\" \/><\/a><\/p>\n<p><a href=\"http:\/\/museumek.eu\/?attachment_id=53492\" rel=\"attachment wp-att-53492\"><img loading=\"lazy\" src=\"http:\/\/museumek.eu\/wp-content\/uploads\/2020\/04\/Beethoven-Goldscheider-10-241x300.jpg\" alt=\"\" title=\"Beethoven Goldscheider 10\" width=\"241\" height=\"300\" class=\"alignnone size-medium wp-image-53492\" srcset=\"http:\/\/museumek.eu\/wp-content\/uploads\/2020\/04\/Beethoven-Goldscheider-10-241x300.jpg 241w, http:\/\/museumek.eu\/wp-content\/uploads\/2020\/04\/Beethoven-Goldscheider-10-120x150.jpg 120w, http:\/\/museumek.eu\/wp-content\/uploads\/2020\/04\/Beethoven-Goldscheider-10.jpg 480w\" sizes=\"(max-width: 241px) 100vw, 241px\" \/><\/a><\/p>\n","protected":false},"excerpt":{"rendered":"<p>Abteilung Austria\/Ungarn\/B\u00f6hmen, Keramik 1860 &#8211; 1960, Inventarnummer A\/I\/185 Friedrich Goldscheider Erste Wiener Terrakottafabrik, Austria, Wien, um 1907\/1908, B\u00fcste Beethoven, K\u00fcnstler Ros\u00e9 (Pseudonym), Werks.-Nr. 3605, Exemplar Nr. 3, Modelleur Nr. 10, gemarkt Firmenmarke mit FRIEDRICH GOLDSCHEIDER darunter WIEN, REPRODUCTION RESERV\u00c9E, 3605, &hellip; <a href=\"http:\/\/museumek.eu\/?page_id=53502\">Weiterlesen <span class=\"meta-nav\">&rarr;<\/span><\/a><\/p>\n","protected":false},"author":1,"featured_media":0,"parent":45965,"menu_order":185,"comment_status":"closed","ping_status":"open","template":"","meta":[],"_links":{"self":[{"href":"http:\/\/museumek.eu\/index.php?rest_route=\/wp\/v2\/pages\/53502"}],"collection":[{"href":"http:\/\/museumek.eu\/index.php?rest_route=\/wp\/v2\/pages"}],"about":[{"href":"http:\/\/museumek.eu\/index.php?rest_route=\/wp\/v2\/types\/page"}],"author":[{"embeddable":true,"href":"http:\/\/museumek.eu\/index.php?rest_route=\/wp\/v2\/users\/1"}],"replies":[{"embeddable":true,"href":"http:\/\/museumek.eu\/index.php?rest_route=%2Fwp%2Fv2%2Fcomments&post=53502"}],"version-history":[{"count":3,"href":"http:\/\/museumek.eu\/index.php?rest_route=\/wp\/v2\/pages\/53502\/revisions"}],"predecessor-version":[{"id":53505,"href":"http:\/\/museumek.eu\/index.php?rest_route=\/wp\/v2\/pages\/53502\/revisions\/53505"}],"up":[{"embeddable":true,"href":"http:\/\/museumek.eu\/index.php?rest_route=\/wp\/v2\/pages\/45965"}],"wp:attachment":[{"href":"http:\/\/museumek.eu\/index.php?rest_route=%2Fwp%2Fv2%2Fmedia&parent=53502"}],"curies":[{"name":"wp","href":"https:\/\/api.w.org\/{rel}","templated":true}]}}