{"id":53575,"date":"2021-02-26T22:49:28","date_gmt":"2021-02-26T21:49:28","guid":{"rendered":"http:\/\/museumek.eu\/?page_id=53575"},"modified":"2021-02-27T13:28:21","modified_gmt":"2021-02-27T12:28:21","slug":"alv2","status":"publish","type":"page","link":"http:\/\/museumek.eu\/?page_id=53575","title":{"rendered":"A\/LV\/2"},"content":{"rendered":"<p><strong>Abteilung Austria, Keramik 1860 \u2013 1960, Inventarnummer A\/LV\/2<\/strong><\/p>\n<p>Porzellanfabrik Oscar &#038; Edgar Gutherz, vormals Porzellanmalerei und Porzellanwarenhandel Marx &#038; Gutherz, Austria, Alt Rohlau, um 1900, Teller mit Pflaumen, K\u00fcnstler N. H. Zimmerman, Werks.-Nr. ohne, Exemplar Nr. ohne, gemarkt im Halbkreis O &#038; E. G. (f\u00fcr Oscar und Edgar Gutherz) darunter im Lorbeerkranz ROYAL darunter AUSTRIA gr\u00fcner Stempel unter Glasur sowie N H Zimmermann schwarz auf Glasur geschrieben, signiert N H Zimmermann, Literatur: Dieter Z\u00fchlsdorff, Markenlexikon Band 1, Porzellan und Keramik Report 1885 &#8211; 1935, Seite 330, Werkteil-Nummer 1., Gruppen-Nummer 12., laufende Nummer innerhalb der Gruppe 142 identische Marke (g\u00fcltig f\u00fcr die 1899 &#8211; 1918) sowie Seite 465, Werk-Teil 3., laufende Nummer des Werkteils 34, dort kurze Beschreibung der Fabrik, weitere Literatur: Ludwig Danckert, Handbuch des Europ\u00e4ischen Porzellans, 7. Auflage, Seite 32, dort kurze Beschreibung der Fabrik sowie Abb. der identischen Marke, die Porzellanfabrik wurde wohl 1876 als Porzellanmalerei und Porzellanwarenhandel Marx und Gutherz gegr\u00fcndet, wahrscheinlich waren beide Br\u00fcder Gutherz Oscar und Edgar von Beginn an Mitinhaber, Firmierung Porzellanmalerei und Porzellanwarenhandel Marx &#038; Gutherz, 1898\/1899 schied Marx aus, alleinige Inhaber nun die Gebr\u00fcder Gutherz, die wohl zu diesem Zeitpunkt die Porzellanmalerei zu einer Porzellanfabrik ausbauten, Firmierung ab da Porzellanfabrik Oscar &#038; Edgar Gutherz, die Fabrik bestand bis 1918 und gliederte sich dann in die \u00d6PIAG (\u00d6sterreichische Porzellan-Industrie AG) ein, die 1920 in EPIAG (Erste B\u00f6hmische Porzellan-Industrie AG) umbenannt wurde, Durchmesser 19 cm<\/p>\n<p><a href=\"http:\/\/museumek.eu\/?attachment_id=53523\" rel=\"attachment wp-att-53523\"><img loading=\"lazy\" src=\"http:\/\/museumek.eu\/wp-content\/uploads\/2020\/06\/Gutherz-Teller-mit-Pflaumen-1-300x298.jpg\" alt=\"\" title=\"Gutherz Teller mit Pflaumen 1\" width=\"300\" height=\"298\" class=\"alignnone size-medium wp-image-53523\" srcset=\"http:\/\/museumek.eu\/wp-content\/uploads\/2020\/06\/Gutherz-Teller-mit-Pflaumen-1-300x298.jpg 300w, http:\/\/museumek.eu\/wp-content\/uploads\/2020\/06\/Gutherz-Teller-mit-Pflaumen-1-150x150.jpg 150w, http:\/\/museumek.eu\/wp-content\/uploads\/2020\/06\/Gutherz-Teller-mit-Pflaumen-1-301x300.jpg 301w, http:\/\/museumek.eu\/wp-content\/uploads\/2020\/06\/Gutherz-Teller-mit-Pflaumen-1.jpg 483w\" sizes=\"(max-width: 300px) 100vw, 300px\" \/><\/a><\/p>\n<p><a href=\"http:\/\/museumek.eu\/?attachment_id=53524\" rel=\"attachment wp-att-53524\"><img loading=\"lazy\" src=\"http:\/\/museumek.eu\/wp-content\/uploads\/2020\/06\/Gutherz-Teller-mit-Pflaumen-2-292x300.jpg\" alt=\"\" title=\"Gutherz Teller mit Pflaumen 2\" width=\"292\" height=\"300\" class=\"alignnone size-medium wp-image-53524\" srcset=\"http:\/\/museumek.eu\/wp-content\/uploads\/2020\/06\/Gutherz-Teller-mit-Pflaumen-2-292x300.jpg 292w, http:\/\/museumek.eu\/wp-content\/uploads\/2020\/06\/Gutherz-Teller-mit-Pflaumen-2-146x150.jpg 146w, http:\/\/museumek.eu\/wp-content\/uploads\/2020\/06\/Gutherz-Teller-mit-Pflaumen-2.jpg 480w\" sizes=\"(max-width: 292px) 100vw, 292px\" \/><\/a><\/p>\n<p><a href=\"http:\/\/museumek.eu\/?attachment_id=53525\" rel=\"attachment wp-att-53525\"><img loading=\"lazy\" src=\"http:\/\/museumek.eu\/wp-content\/uploads\/2020\/06\/Gutherz-Teller-mit-Pflaumen-3-300x242.jpg\" alt=\"\" title=\"Gutherz Teller mit Pflaumen 3\" width=\"300\" height=\"242\" class=\"alignnone size-medium wp-image-53525\" srcset=\"http:\/\/museumek.eu\/wp-content\/uploads\/2020\/06\/Gutherz-Teller-mit-Pflaumen-3-300x242.jpg 300w, http:\/\/museumek.eu\/wp-content\/uploads\/2020\/06\/Gutherz-Teller-mit-Pflaumen-3-150x121.jpg 150w, http:\/\/museumek.eu\/wp-content\/uploads\/2020\/06\/Gutherz-Teller-mit-Pflaumen-3-370x300.jpg 370w, http:\/\/museumek.eu\/wp-content\/uploads\/2020\/06\/Gutherz-Teller-mit-Pflaumen-3.jpg 593w\" sizes=\"(max-width: 300px) 100vw, 300px\" \/><\/a><\/p>\n<p><a href=\"http:\/\/museumek.eu\/?attachment_id=53526\" rel=\"attachment wp-att-53526\"><img loading=\"lazy\" src=\"http:\/\/museumek.eu\/wp-content\/uploads\/2020\/06\/Gutherz-Teller-mit-Pflaumen-4-300x274.jpg\" alt=\"\" title=\"Gutherz Teller mit Pflaumen 4\" width=\"300\" height=\"274\" class=\"alignnone size-medium wp-image-53526\" srcset=\"http:\/\/museumek.eu\/wp-content\/uploads\/2020\/06\/Gutherz-Teller-mit-Pflaumen-4-300x274.jpg 300w, http:\/\/museumek.eu\/wp-content\/uploads\/2020\/06\/Gutherz-Teller-mit-Pflaumen-4-150x137.jpg 150w, http:\/\/museumek.eu\/wp-content\/uploads\/2020\/06\/Gutherz-Teller-mit-Pflaumen-4-328x300.jpg 328w, http:\/\/museumek.eu\/wp-content\/uploads\/2020\/06\/Gutherz-Teller-mit-Pflaumen-4.jpg 525w\" sizes=\"(max-width: 300px) 100vw, 300px\" \/><\/a><\/p>\n<p><a href=\"http:\/\/museumek.eu\/?attachment_id=53527\" rel=\"attachment wp-att-53527\"><img loading=\"lazy\" src=\"http:\/\/museumek.eu\/wp-content\/uploads\/2020\/06\/Gutherz-Teller-mit-Pflaumen-5-300x114.jpg\" alt=\"\" title=\"Gutherz Teller mit Pflaumen 5\" width=\"300\" height=\"114\" class=\"alignnone size-medium wp-image-53527\" srcset=\"http:\/\/museumek.eu\/wp-content\/uploads\/2020\/06\/Gutherz-Teller-mit-Pflaumen-5-300x114.jpg 300w, http:\/\/museumek.eu\/wp-content\/uploads\/2020\/06\/Gutherz-Teller-mit-Pflaumen-5-150x57.jpg 150w, http:\/\/museumek.eu\/wp-content\/uploads\/2020\/06\/Gutherz-Teller-mit-Pflaumen-5-500x191.jpg 500w, http:\/\/museumek.eu\/wp-content\/uploads\/2020\/06\/Gutherz-Teller-mit-Pflaumen-5.jpg 640w\" sizes=\"(max-width: 300px) 100vw, 300px\" \/><\/a><\/p>\n","protected":false},"excerpt":{"rendered":"<p>Abteilung Austria, Keramik 1860 \u2013 1960, Inventarnummer A\/LV\/2 Porzellanfabrik Oscar &#038; Edgar Gutherz, vormals Porzellanmalerei und Porzellanwarenhandel Marx &#038; Gutherz, Austria, Alt Rohlau, um 1900, Teller mit Pflaumen, K\u00fcnstler N. H. Zimmerman, Werks.-Nr. ohne, Exemplar Nr. ohne, gemarkt im Halbkreis &hellip; <a href=\"http:\/\/museumek.eu\/?page_id=53575\">Weiterlesen <span class=\"meta-nav\">&rarr;<\/span><\/a><\/p>\n","protected":false},"author":1,"featured_media":0,"parent":47188,"menu_order":2,"comment_status":"closed","ping_status":"open","template":"","meta":[],"_links":{"self":[{"href":"http:\/\/museumek.eu\/index.php?rest_route=\/wp\/v2\/pages\/53575"}],"collection":[{"href":"http:\/\/museumek.eu\/index.php?rest_route=\/wp\/v2\/pages"}],"about":[{"href":"http:\/\/museumek.eu\/index.php?rest_route=\/wp\/v2\/types\/page"}],"author":[{"embeddable":true,"href":"http:\/\/museumek.eu\/index.php?rest_route=\/wp\/v2\/users\/1"}],"replies":[{"embeddable":true,"href":"http:\/\/museumek.eu\/index.php?rest_route=%2Fwp%2Fv2%2Fcomments&post=53575"}],"version-history":[{"count":6,"href":"http:\/\/museumek.eu\/index.php?rest_route=\/wp\/v2\/pages\/53575\/revisions"}],"predecessor-version":[{"id":53645,"href":"http:\/\/museumek.eu\/index.php?rest_route=\/wp\/v2\/pages\/53575\/revisions\/53645"}],"up":[{"embeddable":true,"href":"http:\/\/museumek.eu\/index.php?rest_route=\/wp\/v2\/pages\/47188"}],"wp:attachment":[{"href":"http:\/\/museumek.eu\/index.php?rest_route=%2Fwp%2Fv2%2Fmedia&parent=53575"}],"curies":[{"name":"wp","href":"https:\/\/api.w.org\/{rel}","templated":true}]}}