{"id":53580,"date":"2021-02-26T22:51:54","date_gmt":"2021-02-26T21:51:54","guid":{"rendered":"http:\/\/museumek.eu\/?page_id=53580"},"modified":"2021-02-27T13:32:50","modified_gmt":"2021-02-27T12:32:50","slug":"alv3","status":"publish","type":"page","link":"http:\/\/museumek.eu\/?page_id=53580","title":{"rendered":"A\/LV\/3"},"content":{"rendered":"<p><strong>Abteilung Austria, Keramik 1860 \u2013 1960, Inventarnummer A\/LV\/3<\/strong><\/p>\n<p>Porzellanfabrik Oscar &#038; Edgar Gutherz, vormals Porzellanmalerei und Porzellanwarenhandel Marx &#038; Gutherz (f\u00fcr die Wei\u00dfware), Austria, Alt Rohlau sowie Paepcke &#038; Sch\u00e4fer Manufaktur dekorierter Porzellane, Austria, Haida (f\u00fcr die Bemalung), um 1920, Mokkatasse mit Unterteller, K\u00fcnstler unbekannt, Werks.-Nr. ohne, Exemplar Nr. ohne, gemarkt, 1. Firmenmarke (unter der Tasse), Epiag (f\u00fcr Erste B\u00f6hmische Porzellan-Industrie AG) darunter Made in Czechoslovakia gr\u00fcner Stempel unter Glasur, 2. Firmenmarke (unter dem Teller) Epiag darunter in einem Lorbeerkranz ROYAL darunter Made in Czechoslovakia gr\u00fcner Stempel unter Glasur sowie Firmenmarke f\u00fcr Paepcke &#038; Sch\u00e4fer in einem Lorbeerkranz P. &#038; S. schwarzer Stempel auf Glasur, nicht signiert, Literatur: Dieter Z\u00fchlsdorff, Markenlexikon Band 1, Porzellan und Keramik Report 1885 &#8211; 1935, Seite 330,  Werkteil-Nummer 1., Gruppen-Nummer 12. laufende Nummer innerhalb der Gruppe 158 identische Marke wie 2. Firmenmarke (g\u00fcltig ab 1920) sowie Seite 465, Werk-Teil 3., laufende Nummer des Werkteils 34, dort kurze Beschreibung der Fabrik, dito Z\u00fchlsdorff, Seite 330, Werkteil-Nummer 1., Gruppen-Nummer 12., laufende Nummer innerhalb der Gruppe 144 identische Marke Paepcke &#038; Sch\u00e4fer (dort f\u00fcr die Zeit ab 1900) sowie Seite 516, Werk-Teil 3., laufende Nummer des Werkteils 484, dort kurze Beschreibung der Manufaktur Paepcke &#038; Sch\u00e4fer, weitere Literatur f\u00fcr Gutherz: Ludwig Danckert, Handbuch des Europ\u00e4ischen Porzellans, 7. Auflage, Seite 32, dort kurze Beschreibung der Fabrik sowie Abb. der identischen Marke, weitere Literatur f\u00fcr Paepcke: Ludwig Danckert, Handbuch des Europ\u00e4ischen Porzellans, 7. Auflage, Seite 224, dort kurze Beschreibung der Fabrik sowie Abb. der identischen Marke, die Porzellanfabrik wurde wohl 1876 als Porzellanmalerei und Porzellanwarenhandel Marx und Gutherz gegr\u00fcndet, wahrscheinlich waren beide Br\u00fcder Gutherz Oscar und Edgar von Beginn an Mitinhaber, Firmierung Porzellanmalerei und Porzellanwarenhandel Marx &#038; Gutherz, 1898\/1899 schied Marx aus, alleinige Inhaber nun die Gebr\u00fcder Gutherz, die wohl zu diesem Zeitpunkt die Porzellanmalerei zu einer Porzellanfabrik ausbauten, Firmierung ab da Porzellanfabrik Oscar &#038; Edgar Gutherz, die Fabrik bestand bis 1918 und gliederte sich dann in die \u00d6PIAG (\u00d6sterreichische Porzellan-Industrie AG) ein, die 1920 in EPIAG (Erste B\u00f6hmische Porzellan-Industrie AG) umbenannt wurde, die Manufaktur Paepcke &#038; Sch\u00e4fer wurde 1865 in Haida gegr\u00fcndet, 1910 waren Inhaber: Paul Paepcke jun. und Ernst Kraushaar, die Manufaktur spezialisierte sich auf die Dekoration von Luxusgegenst\u00e4nden sowie Gebrauchsgeschirren, wie Kaffeeservice, Teeservice oder Mokkatassen sowie Vasen, ab 1928 wird eine andere Marke verwendet, vermutlich nach WK II verstaatlicht, H\u00f6he Tasse: 5,5 cm, Breite Tasse: 7,5 cm, Durchmesser Teller 12,2 cm<\/p>\n<p><a href=\"http:\/\/museumek.eu\/?attachment_id=53532\" rel=\"attachment wp-att-53532\"><img loading=\"lazy\" src=\"http:\/\/museumek.eu\/wp-content\/uploads\/2020\/06\/Paepcke-Sch\u00e4fer-Sammeltasse-1-300x246.jpg\" alt=\"\" title=\"Paepcke &amp; Sch\u00e4fer Sammeltasse 1\" width=\"300\" height=\"246\" class=\"alignnone size-medium wp-image-53532\" srcset=\"http:\/\/museumek.eu\/wp-content\/uploads\/2020\/06\/Paepcke-Sch\u00e4fer-Sammeltasse-1-300x246.jpg 300w, http:\/\/museumek.eu\/wp-content\/uploads\/2020\/06\/Paepcke-Sch\u00e4fer-Sammeltasse-1-150x123.jpg 150w, http:\/\/museumek.eu\/wp-content\/uploads\/2020\/06\/Paepcke-Sch\u00e4fer-Sammeltasse-1-365x300.jpg 365w, http:\/\/museumek.eu\/wp-content\/uploads\/2020\/06\/Paepcke-Sch\u00e4fer-Sammeltasse-1.jpg 585w\" sizes=\"(max-width: 300px) 100vw, 300px\" \/><\/a><\/p>\n<p><a href=\"http:\/\/museumek.eu\/?attachment_id=53533\" rel=\"attachment wp-att-53533\"><img loading=\"lazy\" src=\"http:\/\/museumek.eu\/wp-content\/uploads\/2020\/06\/Paepcke-Sch\u00e4fer-Sammeltasse-2-300x131.jpg\" alt=\"\" title=\"Paepcke &amp; Sch\u00e4fer Sammeltasse 2\" width=\"300\" height=\"131\" class=\"alignnone size-medium wp-image-53533\" srcset=\"http:\/\/museumek.eu\/wp-content\/uploads\/2020\/06\/Paepcke-Sch\u00e4fer-Sammeltasse-2-300x131.jpg 300w, http:\/\/museumek.eu\/wp-content\/uploads\/2020\/06\/Paepcke-Sch\u00e4fer-Sammeltasse-2-150x65.jpg 150w, http:\/\/museumek.eu\/wp-content\/uploads\/2020\/06\/Paepcke-Sch\u00e4fer-Sammeltasse-2-500x218.jpg 500w, http:\/\/museumek.eu\/wp-content\/uploads\/2020\/06\/Paepcke-Sch\u00e4fer-Sammeltasse-2.jpg 640w\" sizes=\"(max-width: 300px) 100vw, 300px\" \/><\/a><\/p>\n<p><a href=\"http:\/\/museumek.eu\/?attachment_id=53534\" rel=\"attachment wp-att-53534\"><img loading=\"lazy\" src=\"http:\/\/museumek.eu\/wp-content\/uploads\/2020\/06\/Paepcke-Sch\u00e4fer-Sammeltasse-3-300x145.jpg\" alt=\"\" title=\"Paepcke &amp; Sch\u00e4fer Sammeltasse 3\" width=\"300\" height=\"145\" class=\"alignnone size-medium wp-image-53534\" srcset=\"http:\/\/museumek.eu\/wp-content\/uploads\/2020\/06\/Paepcke-Sch\u00e4fer-Sammeltasse-3-300x145.jpg 300w, http:\/\/museumek.eu\/wp-content\/uploads\/2020\/06\/Paepcke-Sch\u00e4fer-Sammeltasse-3-150x72.jpg 150w, http:\/\/museumek.eu\/wp-content\/uploads\/2020\/06\/Paepcke-Sch\u00e4fer-Sammeltasse-3-500x242.jpg 500w, http:\/\/museumek.eu\/wp-content\/uploads\/2020\/06\/Paepcke-Sch\u00e4fer-Sammeltasse-3.jpg 640w\" sizes=\"(max-width: 300px) 100vw, 300px\" \/><\/a><\/p>\n<p><a href=\"http:\/\/museumek.eu\/?attachment_id=53535\" rel=\"attachment wp-att-53535\"><img loading=\"lazy\" src=\"http:\/\/museumek.eu\/wp-content\/uploads\/2020\/06\/Paepcke-Sch\u00e4fer-Sammeltasse-4-203x300.jpg\" alt=\"\" title=\"Paepcke &amp; Sch\u00e4fer Sammeltasse 4\" width=\"203\" height=\"300\" class=\"alignnone size-medium wp-image-53535\" srcset=\"http:\/\/museumek.eu\/wp-content\/uploads\/2020\/06\/Paepcke-Sch\u00e4fer-Sammeltasse-4-203x300.jpg 203w, http:\/\/museumek.eu\/wp-content\/uploads\/2020\/06\/Paepcke-Sch\u00e4fer-Sammeltasse-4-101x150.jpg 101w, http:\/\/museumek.eu\/wp-content\/uploads\/2020\/06\/Paepcke-Sch\u00e4fer-Sammeltasse-4.jpg 435w\" sizes=\"(max-width: 203px) 100vw, 203px\" \/><\/a><\/p>\n<p><a href=\"http:\/\/museumek.eu\/?attachment_id=53536\" rel=\"attachment wp-att-53536\"><img loading=\"lazy\" src=\"http:\/\/museumek.eu\/wp-content\/uploads\/2020\/06\/Paepcke-Sch\u00e4fer-Sammeltasse-5-300x264.jpg\" alt=\"\" title=\"Paepcke &amp; Sch\u00e4fer Sammeltasse 5\" width=\"300\" height=\"264\" class=\"alignnone size-medium wp-image-53536\" srcset=\"http:\/\/museumek.eu\/wp-content\/uploads\/2020\/06\/Paepcke-Sch\u00e4fer-Sammeltasse-5-300x264.jpg 300w, http:\/\/museumek.eu\/wp-content\/uploads\/2020\/06\/Paepcke-Sch\u00e4fer-Sammeltasse-5-150x132.jpg 150w, http:\/\/museumek.eu\/wp-content\/uploads\/2020\/06\/Paepcke-Sch\u00e4fer-Sammeltasse-5-340x300.jpg 340w, http:\/\/museumek.eu\/wp-content\/uploads\/2020\/06\/Paepcke-Sch\u00e4fer-Sammeltasse-5.jpg 544w\" sizes=\"(max-width: 300px) 100vw, 300px\" \/><\/a><\/p>\n<p><a href=\"http:\/\/museumek.eu\/?attachment_id=53537\" rel=\"attachment wp-att-53537\"><img loading=\"lazy\" src=\"http:\/\/museumek.eu\/wp-content\/uploads\/2020\/06\/Paepcke-Sch\u00e4fer-Sammeltasse-6-300x227.jpg\" alt=\"\" title=\"Paepcke &amp; Sch\u00e4fer Sammeltasse 6\" width=\"300\" height=\"227\" class=\"alignnone size-medium wp-image-53537\" srcset=\"http:\/\/museumek.eu\/wp-content\/uploads\/2020\/06\/Paepcke-Sch\u00e4fer-Sammeltasse-6-300x227.jpg 300w, http:\/\/museumek.eu\/wp-content\/uploads\/2020\/06\/Paepcke-Sch\u00e4fer-Sammeltasse-6-150x113.jpg 150w, http:\/\/museumek.eu\/wp-content\/uploads\/2020\/06\/Paepcke-Sch\u00e4fer-Sammeltasse-6-396x300.jpg 396w, http:\/\/museumek.eu\/wp-content\/uploads\/2020\/06\/Paepcke-Sch\u00e4fer-Sammeltasse-6.jpg 634w\" sizes=\"(max-width: 300px) 100vw, 300px\" \/><\/a><\/p>\n<p><a href=\"http:\/\/museumek.eu\/?attachment_id=53538\" rel=\"attachment wp-att-53538\"><img loading=\"lazy\" src=\"http:\/\/museumek.eu\/wp-content\/uploads\/2020\/06\/Paepcke-Sch\u00e4fer-Sammeltasse-7-180x300.jpg\" alt=\"\" title=\"Paepcke &amp; Sch\u00e4fer Sammeltasse 7\" width=\"180\" height=\"300\" class=\"alignnone size-medium wp-image-53538\" srcset=\"http:\/\/museumek.eu\/wp-content\/uploads\/2020\/06\/Paepcke-Sch\u00e4fer-Sammeltasse-7-180x300.jpg 180w, http:\/\/museumek.eu\/wp-content\/uploads\/2020\/06\/Paepcke-Sch\u00e4fer-Sammeltasse-7-90x150.jpg 90w\" sizes=\"(max-width: 180px) 100vw, 180px\" \/><\/a><\/p>\n<p><a href=\"http:\/\/museumek.eu\/?attachment_id=53540\" rel=\"attachment wp-att-53540\"><img loading=\"lazy\" src=\"http:\/\/museumek.eu\/wp-content\/uploads\/2020\/06\/Paepcke-Sch\u00e4fer-Sammeltasse-8-296x300.jpg\" alt=\"\" title=\"Paepcke &amp; Sch\u00e4fer Sammeltasse 8\" width=\"296\" height=\"300\" class=\"alignnone size-medium wp-image-53540\" srcset=\"http:\/\/museumek.eu\/wp-content\/uploads\/2020\/06\/Paepcke-Sch\u00e4fer-Sammeltasse-8-296x300.jpg 296w, http:\/\/museumek.eu\/wp-content\/uploads\/2020\/06\/Paepcke-Sch\u00e4fer-Sammeltasse-8-148x150.jpg 148w, http:\/\/museumek.eu\/wp-content\/uploads\/2020\/06\/Paepcke-Sch\u00e4fer-Sammeltasse-8.jpg 480w\" sizes=\"(max-width: 296px) 100vw, 296px\" \/><\/a><\/p>\n<p><a href=\"http:\/\/museumek.eu\/?attachment_id=53539\" rel=\"attachment wp-att-53539\"><img loading=\"lazy\" src=\"http:\/\/museumek.eu\/wp-content\/uploads\/2020\/06\/Paepcke-Sch\u00e4fer-Sammeltasse-9-296x300.jpg\" alt=\"\" title=\"Paepcke &amp; Sch\u00e4fer Sammeltasse 9\" width=\"296\" height=\"300\" class=\"alignnone size-medium wp-image-53539\" srcset=\"http:\/\/museumek.eu\/wp-content\/uploads\/2020\/06\/Paepcke-Sch\u00e4fer-Sammeltasse-9-296x300.jpg 296w, http:\/\/museumek.eu\/wp-content\/uploads\/2020\/06\/Paepcke-Sch\u00e4fer-Sammeltasse-9-148x150.jpg 148w, http:\/\/museumek.eu\/wp-content\/uploads\/2020\/06\/Paepcke-Sch\u00e4fer-Sammeltasse-9.jpg 480w\" sizes=\"(max-width: 296px) 100vw, 296px\" \/><\/a><\/p>\n","protected":false},"excerpt":{"rendered":"<p>Abteilung Austria, Keramik 1860 \u2013 1960, Inventarnummer A\/LV\/3 Porzellanfabrik Oscar &#038; Edgar Gutherz, vormals Porzellanmalerei und Porzellanwarenhandel Marx &#038; Gutherz (f\u00fcr die Wei\u00dfware), Austria, Alt Rohlau sowie Paepcke &#038; Sch\u00e4fer Manufaktur dekorierter Porzellane, Austria, Haida (f\u00fcr die Bemalung), um 1920, &hellip; <a href=\"http:\/\/museumek.eu\/?page_id=53580\">Weiterlesen <span class=\"meta-nav\">&rarr;<\/span><\/a><\/p>\n","protected":false},"author":1,"featured_media":0,"parent":47188,"menu_order":3,"comment_status":"closed","ping_status":"open","template":"","meta":[],"_links":{"self":[{"href":"http:\/\/museumek.eu\/index.php?rest_route=\/wp\/v2\/pages\/53580"}],"collection":[{"href":"http:\/\/museumek.eu\/index.php?rest_route=\/wp\/v2\/pages"}],"about":[{"href":"http:\/\/museumek.eu\/index.php?rest_route=\/wp\/v2\/types\/page"}],"author":[{"embeddable":true,"href":"http:\/\/museumek.eu\/index.php?rest_route=\/wp\/v2\/users\/1"}],"replies":[{"embeddable":true,"href":"http:\/\/museumek.eu\/index.php?rest_route=%2Fwp%2Fv2%2Fcomments&post=53580"}],"version-history":[{"count":5,"href":"http:\/\/museumek.eu\/index.php?rest_route=\/wp\/v2\/pages\/53580\/revisions"}],"predecessor-version":[{"id":53648,"href":"http:\/\/museumek.eu\/index.php?rest_route=\/wp\/v2\/pages\/53580\/revisions\/53648"}],"up":[{"embeddable":true,"href":"http:\/\/museumek.eu\/index.php?rest_route=\/wp\/v2\/pages\/47188"}],"wp:attachment":[{"href":"http:\/\/museumek.eu\/index.php?rest_route=%2Fwp%2Fv2%2Fmedia&parent=53580"}],"curies":[{"name":"wp","href":"https:\/\/api.w.org\/{rel}","templated":true}]}}