{"id":53681,"date":"2021-02-27T15:20:40","date_gmt":"2021-02-27T14:20:40","guid":{"rendered":"http:\/\/museumek.eu\/?page_id=53681"},"modified":"2021-02-27T15:22:27","modified_gmt":"2021-02-27T14:22:27","slug":"alvii2","status":"publish","type":"page","link":"http:\/\/museumek.eu\/?page_id=53681","title":{"rendered":"A\/LVII\/2"},"content":{"rendered":"<p><strong>Abteilung Austria\/Ungarn\/B\u00f6hmen, Keramik 1860 \u2013 1960, Inventarnummer A\/LVII\/2<\/strong><\/p>\n<p>Majolikafabrik Schiller &#038; Gerbing und Nachf. Majolikafabrik F. Gerbing Witwe und Nachf. Gerbing &#038; Stephan Majolika,- Siderolith- und Kunstterrakottafabrik, Bodenbach (Podmokly), Austria\/B\u00f6hmen, 1861 &#8211; 1900, verzierter rechteckiger Beh\u00e4lter, K\u00fcnstler unbekannt, Werks.-Nr. 3355 (?), Exemplar Nr. ohne, gemarkt Firmenmarke G&#038;St (f\u00fcr Gerbing &#038; Stephan) gepresst, 3355, ein H\u00e4kchen sowie Kreis mit innenseitig senkrechtem und waagerechtem Strich geritzt, Strich mit links und rechts zwei Punkten blau unter Glasur gemalt, nicht signiert, Literatur: Volker M\u00f6lle Riessner, Amphora Die Porzellan- und Keramik- Manufaktur in Nordb\u00f6hmen, Seite 180, kurze Beschreibung der Besitzverh\u00e4ltnisse der Fabrik sowie Seite 194, Marke Nr. 23 identisch, im Jahr 1812 gr\u00fcndete Johann Eugenius Philipp Leyhn in Wermsdorf (Sachsen) ein kleines Unternehmen und begann mit der Herstellung von Pfeifenschalen, da f\u00fcr die Arbeit selbst keine erfahrenen Arbeitskr\u00e4fte erforderlich waren, besch\u00e4ftigte Leyhn junge Auszubildende, die nat\u00fcrlich viel billiger als normale Arbeitskr\u00e4fte waren und das kleine Unternehmen begann bald zu florieren, zwei der f\u00fcr Leyhn t\u00e4tigen Auszubildenden waren Wilhelm Leberecht Schiller (geb. 1797 in Kreppendorf bei Wermsdorf) und Friedrich Vincent Meinulph Gerbing (geb. 1798 in Riesa), beide gr\u00fcndeten 1829 eine Fabrik in Bodenbach, Firmierung Majolikafabrik Schiller &#038; Gerbing, Bodenmarke S&#038;G, auch mit Zusatz Tetschen (Bodenbach ist ein Vorort von Tetschen), vorwiegend wurde Terrakotta und dekorative Majolika mit dunkleren Glasur- und Farbkombinationen hergestellt, Gerbing starb 1848 und seine Witwe Karoline Gerbing, eine ausgezeichnete Gesch\u00e4ftsfrau, \u00fcbernahm die Leitung des Unternehmens, Schiller stellte fest, dass er nicht mit Karoline arbeiten konnte und ging 1850, um eine eigene Fabrik in Obergrund zu er\u00f6ffnen (Majolikafabrik W. Schiller &#038; Sohn), Firmierung dann Majolikafabrik F. Gerbing Witwe, Bodenmarke dann FGW (manchmal auch nur F. G), Friedrich und Karoline hatten zwei Kinder, Friedrich Ludwig Gerbing (geb. 1828) und eine Tochter namens Antonie Emelie Gerbing, verheiratet mit einem Herrn Haussschild, 1855 wurde Friedrich Ludwig Gerbing Vater eines Sohnes namens Friedrich Alexander Gerbing und ungef\u00e4hr um die gleiche Zeit lie\u00df sich Antonie von Hausschild scheiden, Anfang 1859 erhielt die Familie dann Besuch von einem preu\u00dfischen Gesch\u00e4ftsmann mit dem Namen Julius Reinhold Hermann Stephan, der M\u00f6glichkeiten f\u00fcr Investitionen suchte, Julius verliebte sich in Karoline, heiratete sie, trat in die Manufaktur ein und investierte in sie, 1861 dann Firmierung Gerbing &#038; Stephan Majolika-, Siderolith- und Kunstterrakottafabrik, Bodenmarke wie MEK Exemplar G&#038;St, ebenfalls 1861 wurde Friedrichs zweiter Sohn Emil Alexander Gerbing geboren, in den fr\u00fchen 1890er Jahren wurde die Manufaktur dann von Friedrich Alexander Gerbing und Emil Alexander Gerbing \u00fcbernommen, die die Manufaktur ohne gr\u00f6\u00dfere \u00c4nderungen gemeinsam leiten, die Firmierung wurde beibehalten, die Bodenmarke wurde jedoch ab etwa 1900 in F &#038; AG ge\u00e4ndert, die Manufaktur war inzwischen vollst\u00e4ndig auf die Herstellung von Majolika im Stil des Historismus spezialisiert, was sich als fatal erwies, da sich inzwischen der Jugendstil etabliert hatte und die Br\u00fcder nicht in der Lage waren, die Produktpalette so zu ver\u00e4ndern, dass ein anhaltender Erfolg m\u00f6glich gewesen w\u00e4re, 1903 mussten sie Insolvenz anmelden und die Fabrik schlie\u00dfen, zwei Jahre bevor ihr Vater Friedrich Ludwig Gerbing im Alter von 77 Jahren starb,<br \/>\nH\u00f6he 11,5 cm, Breite 15 cm<\/p>\n<p><a href=\"http:\/\/museumek.eu\/?attachment_id=53659\" rel=\"attachment wp-att-53659\"><img loading=\"lazy\" src=\"http:\/\/museumek.eu\/wp-content\/uploads\/2020\/07\/Gerbing-Stephan-Schale-1-300x219.jpg\" alt=\"\" title=\"Gerbing &amp; Stephan Schale 1\" width=\"300\" height=\"219\" class=\"alignnone size-medium wp-image-53659\" srcset=\"http:\/\/museumek.eu\/wp-content\/uploads\/2020\/07\/Gerbing-Stephan-Schale-1-300x219.jpg 300w, http:\/\/museumek.eu\/wp-content\/uploads\/2020\/07\/Gerbing-Stephan-Schale-1-150x109.jpg 150w, http:\/\/museumek.eu\/wp-content\/uploads\/2020\/07\/Gerbing-Stephan-Schale-1-409x300.jpg 409w, http:\/\/museumek.eu\/wp-content\/uploads\/2020\/07\/Gerbing-Stephan-Schale-1.jpg 640w\" sizes=\"(max-width: 300px) 100vw, 300px\" \/><\/a><\/p>\n<p><a href=\"http:\/\/museumek.eu\/?attachment_id=53660\" rel=\"attachment wp-att-53660\"><img loading=\"lazy\" src=\"http:\/\/museumek.eu\/wp-content\/uploads\/2020\/07\/Gerbing-Stephan-Schale-2-154x300.jpg\" alt=\"\" title=\"Gerbing &amp; Stephan Schale 2\" width=\"154\" height=\"300\" class=\"alignnone size-medium wp-image-53660\" srcset=\"http:\/\/museumek.eu\/wp-content\/uploads\/2020\/07\/Gerbing-Stephan-Schale-2-154x300.jpg 154w, http:\/\/museumek.eu\/wp-content\/uploads\/2020\/07\/Gerbing-Stephan-Schale-2-77x150.jpg 77w, http:\/\/museumek.eu\/wp-content\/uploads\/2020\/07\/Gerbing-Stephan-Schale-2.jpg 329w\" sizes=\"(max-width: 154px) 100vw, 154px\" \/><\/a><\/p>\n<p><a href=\"http:\/\/museumek.eu\/?attachment_id=53661\" rel=\"attachment wp-att-53661\"><img loading=\"lazy\" src=\"http:\/\/museumek.eu\/wp-content\/uploads\/2020\/07\/Gerbing-Stephan-Schale-3-165x300.jpg\" alt=\"\" title=\"Gerbing &amp; Stephan Schale 3\" width=\"165\" height=\"300\" class=\"alignnone size-medium wp-image-53661\" srcset=\"http:\/\/museumek.eu\/wp-content\/uploads\/2020\/07\/Gerbing-Stephan-Schale-3-165x300.jpg 165w, http:\/\/museumek.eu\/wp-content\/uploads\/2020\/07\/Gerbing-Stephan-Schale-3-82x150.jpg 82w\" sizes=\"(max-width: 165px) 100vw, 165px\" \/><\/a><\/p>\n<p><a href=\"http:\/\/museumek.eu\/?attachment_id=53662\" rel=\"attachment wp-att-53662\"><img loading=\"lazy\" src=\"http:\/\/museumek.eu\/wp-content\/uploads\/2020\/07\/Gerbing-Stephan-Schale-4-300x236.jpg\" alt=\"\" title=\"Gerbing &amp; Stephan Schale 4\" width=\"300\" height=\"236\" class=\"alignnone size-medium wp-image-53662\" srcset=\"http:\/\/museumek.eu\/wp-content\/uploads\/2020\/07\/Gerbing-Stephan-Schale-4-300x236.jpg 300w, http:\/\/museumek.eu\/wp-content\/uploads\/2020\/07\/Gerbing-Stephan-Schale-4-150x118.jpg 150w, http:\/\/museumek.eu\/wp-content\/uploads\/2020\/07\/Gerbing-Stephan-Schale-4-381x300.jpg 381w, http:\/\/museumek.eu\/wp-content\/uploads\/2020\/07\/Gerbing-Stephan-Schale-4.jpg 610w\" sizes=\"(max-width: 300px) 100vw, 300px\" \/><\/a><\/p>\n<p><a href=\"http:\/\/museumek.eu\/?attachment_id=53663\" rel=\"attachment wp-att-53663\"><img loading=\"lazy\" src=\"http:\/\/museumek.eu\/wp-content\/uploads\/2020\/07\/Gerbing-Stephan-Schale-5-300x293.jpg\" alt=\"\" title=\"Gerbing &amp; Stephan Schale 5\" width=\"300\" height=\"293\" class=\"alignnone size-medium wp-image-53663\" srcset=\"http:\/\/museumek.eu\/wp-content\/uploads\/2020\/07\/Gerbing-Stephan-Schale-5-300x293.jpg 300w, http:\/\/museumek.eu\/wp-content\/uploads\/2020\/07\/Gerbing-Stephan-Schale-5-150x146.jpg 150w, http:\/\/museumek.eu\/wp-content\/uploads\/2020\/07\/Gerbing-Stephan-Schale-5-306x300.jpg 306w, http:\/\/museumek.eu\/wp-content\/uploads\/2020\/07\/Gerbing-Stephan-Schale-5.jpg 491w\" sizes=\"(max-width: 300px) 100vw, 300px\" \/><\/a><\/p>\n<p><a href=\"http:\/\/museumek.eu\/?attachment_id=53664\" rel=\"attachment wp-att-53664\"><img loading=\"lazy\" src=\"http:\/\/museumek.eu\/wp-content\/uploads\/2020\/07\/Gerbing-Stephan-Schale-6-295x300.jpg\" alt=\"\" title=\"Gerbing &amp; Stephan Schale 6\" width=\"295\" height=\"300\" class=\"alignnone size-medium wp-image-53664\" srcset=\"http:\/\/museumek.eu\/wp-content\/uploads\/2020\/07\/Gerbing-Stephan-Schale-6-295x300.jpg 295w, http:\/\/museumek.eu\/wp-content\/uploads\/2020\/07\/Gerbing-Stephan-Schale-6-147x150.jpg 147w, http:\/\/museumek.eu\/wp-content\/uploads\/2020\/07\/Gerbing-Stephan-Schale-6.jpg 480w\" sizes=\"(max-width: 295px) 100vw, 295px\" \/><\/a><\/p>\n<p><a href=\"http:\/\/museumek.eu\/?attachment_id=53665\" rel=\"attachment wp-att-53665\"><img loading=\"lazy\" src=\"http:\/\/museumek.eu\/wp-content\/uploads\/2020\/07\/Gerbing-Stephan-Schale-7-184x300.jpg\" alt=\"\" title=\"Gerbing &amp; Stephan Schale 7\" width=\"184\" height=\"300\" class=\"alignnone size-medium wp-image-53665\" srcset=\"http:\/\/museumek.eu\/wp-content\/uploads\/2020\/07\/Gerbing-Stephan-Schale-7-184x300.jpg 184w, http:\/\/museumek.eu\/wp-content\/uploads\/2020\/07\/Gerbing-Stephan-Schale-7-92x150.jpg 92w, http:\/\/museumek.eu\/wp-content\/uploads\/2020\/07\/Gerbing-Stephan-Schale-7.jpg 394w\" sizes=\"(max-width: 184px) 100vw, 184px\" \/><\/a><\/p>\n<p><a href=\"http:\/\/museumek.eu\/?attachment_id=53666\" rel=\"attachment wp-att-53666\"><img loading=\"lazy\" src=\"http:\/\/museumek.eu\/wp-content\/uploads\/2020\/07\/Gerbing-Stephan-Schale-8-133x300.jpg\" alt=\"\" title=\"Gerbing &amp; Stephan Schale 8\" width=\"133\" height=\"300\" class=\"alignnone size-medium wp-image-53666\" srcset=\"http:\/\/museumek.eu\/wp-content\/uploads\/2020\/07\/Gerbing-Stephan-Schale-8-133x300.jpg 133w, http:\/\/museumek.eu\/wp-content\/uploads\/2020\/07\/Gerbing-Stephan-Schale-8-66x150.jpg 66w, http:\/\/museumek.eu\/wp-content\/uploads\/2020\/07\/Gerbing-Stephan-Schale-8.jpg 285w\" sizes=\"(max-width: 133px) 100vw, 133px\" \/><\/a><\/p>\n<p><a href=\"http:\/\/museumek.eu\/?attachment_id=53667\" rel=\"attachment wp-att-53667\"><img loading=\"lazy\" src=\"http:\/\/museumek.eu\/wp-content\/uploads\/2020\/07\/Gerbing-Stephan-Schale-9-300x189.jpg\" alt=\"\" title=\"Gerbing &amp; Stephan Schale 9\" width=\"300\" height=\"189\" class=\"alignnone size-medium wp-image-53667\" srcset=\"http:\/\/museumek.eu\/wp-content\/uploads\/2020\/07\/Gerbing-Stephan-Schale-9-300x189.jpg 300w, http:\/\/museumek.eu\/wp-content\/uploads\/2020\/07\/Gerbing-Stephan-Schale-9-150x94.jpg 150w, http:\/\/museumek.eu\/wp-content\/uploads\/2020\/07\/Gerbing-Stephan-Schale-9-475x300.jpg 475w, http:\/\/museumek.eu\/wp-content\/uploads\/2020\/07\/Gerbing-Stephan-Schale-9.jpg 640w\" sizes=\"(max-width: 300px) 100vw, 300px\" \/><\/a><\/p>\n<p><a href=\"http:\/\/museumek.eu\/?attachment_id=53668\" rel=\"attachment wp-att-53668\"><img loading=\"lazy\" src=\"http:\/\/museumek.eu\/wp-content\/uploads\/2020\/07\/Gerbing-Stephan-Schale-10-300x183.jpg\" alt=\"\" title=\"Gerbing &amp; Stephan Schale 10\" width=\"300\" height=\"183\" class=\"alignnone size-medium wp-image-53668\" srcset=\"http:\/\/museumek.eu\/wp-content\/uploads\/2020\/07\/Gerbing-Stephan-Schale-10-300x183.jpg 300w, http:\/\/museumek.eu\/wp-content\/uploads\/2020\/07\/Gerbing-Stephan-Schale-10-150x91.jpg 150w, http:\/\/museumek.eu\/wp-content\/uploads\/2020\/07\/Gerbing-Stephan-Schale-10-489x300.jpg 489w, http:\/\/museumek.eu\/wp-content\/uploads\/2020\/07\/Gerbing-Stephan-Schale-10.jpg 640w\" sizes=\"(max-width: 300px) 100vw, 300px\" \/><\/a><\/p>\n<p><a href=\"http:\/\/museumek.eu\/?attachment_id=53669\" rel=\"attachment wp-att-53669\"><img loading=\"lazy\" src=\"http:\/\/museumek.eu\/wp-content\/uploads\/2020\/07\/Gerbing-Stephan-Schale-11-300x212.jpg\" alt=\"\" title=\"Gerbing &amp; Stephan Schale 11\" width=\"300\" height=\"212\" class=\"alignnone size-medium wp-image-53669\" srcset=\"http:\/\/museumek.eu\/wp-content\/uploads\/2020\/07\/Gerbing-Stephan-Schale-11-300x212.jpg 300w, http:\/\/museumek.eu\/wp-content\/uploads\/2020\/07\/Gerbing-Stephan-Schale-11-150x106.jpg 150w, http:\/\/museumek.eu\/wp-content\/uploads\/2020\/07\/Gerbing-Stephan-Schale-11-423x300.jpg 423w, http:\/\/museumek.eu\/wp-content\/uploads\/2020\/07\/Gerbing-Stephan-Schale-11.jpg 640w\" sizes=\"(max-width: 300px) 100vw, 300px\" \/><\/a><\/p>\n<p><a href=\"http:\/\/museumek.eu\/?attachment_id=53670\" rel=\"attachment wp-att-53670\"><img loading=\"lazy\" src=\"http:\/\/museumek.eu\/wp-content\/uploads\/2020\/07\/Gerbing-Stephan-Schale-12-298x300.jpg\" alt=\"\" title=\"Gerbing &amp; Stephan Schale 12\" width=\"298\" height=\"300\" class=\"alignnone size-medium wp-image-53670\" srcset=\"http:\/\/museumek.eu\/wp-content\/uploads\/2020\/07\/Gerbing-Stephan-Schale-12-298x300.jpg 298w, http:\/\/museumek.eu\/wp-content\/uploads\/2020\/07\/Gerbing-Stephan-Schale-12-150x150.jpg 150w, http:\/\/museumek.eu\/wp-content\/uploads\/2020\/07\/Gerbing-Stephan-Schale-12.jpg 480w\" sizes=\"(max-width: 298px) 100vw, 298px\" \/><\/a><\/p>\n","protected":false},"excerpt":{"rendered":"<p>Abteilung Austria\/Ungarn\/B\u00f6hmen, Keramik 1860 \u2013 1960, Inventarnummer A\/LVII\/2 Majolikafabrik Schiller &#038; Gerbing und Nachf. Majolikafabrik F. Gerbing Witwe und Nachf. Gerbing &#038; Stephan Majolika,- Siderolith- und Kunstterrakottafabrik, Bodenbach (Podmokly), Austria\/B\u00f6hmen, 1861 &#8211; 1900, verzierter rechteckiger Beh\u00e4lter, K\u00fcnstler unbekannt, Werks.-Nr. 3355 &hellip; <a href=\"http:\/\/museumek.eu\/?page_id=53681\">Weiterlesen <span class=\"meta-nav\">&rarr;<\/span><\/a><\/p>\n","protected":false},"author":1,"featured_media":0,"parent":48219,"menu_order":2,"comment_status":"closed","ping_status":"open","template":"","meta":[],"_links":{"self":[{"href":"http:\/\/museumek.eu\/index.php?rest_route=\/wp\/v2\/pages\/53681"}],"collection":[{"href":"http:\/\/museumek.eu\/index.php?rest_route=\/wp\/v2\/pages"}],"about":[{"href":"http:\/\/museumek.eu\/index.php?rest_route=\/wp\/v2\/types\/page"}],"author":[{"embeddable":true,"href":"http:\/\/museumek.eu\/index.php?rest_route=\/wp\/v2\/users\/1"}],"replies":[{"embeddable":true,"href":"http:\/\/museumek.eu\/index.php?rest_route=%2Fwp%2Fv2%2Fcomments&post=53681"}],"version-history":[{"count":5,"href":"http:\/\/museumek.eu\/index.php?rest_route=\/wp\/v2\/pages\/53681\/revisions"}],"predecessor-version":[{"id":53686,"href":"http:\/\/museumek.eu\/index.php?rest_route=\/wp\/v2\/pages\/53681\/revisions\/53686"}],"up":[{"embeddable":true,"href":"http:\/\/museumek.eu\/index.php?rest_route=\/wp\/v2\/pages\/48219"}],"wp:attachment":[{"href":"http:\/\/museumek.eu\/index.php?rest_route=%2Fwp%2Fv2%2Fmedia&parent=53681"}],"curies":[{"name":"wp","href":"https:\/\/api.w.org\/{rel}","templated":true}]}}