{"id":53758,"date":"2021-02-28T13:42:52","date_gmt":"2021-02-28T12:42:52","guid":{"rendered":"http:\/\/museumek.eu\/?page_id=53758"},"modified":"2021-02-28T13:42:52","modified_gmt":"2021-02-28T12:42:52","slug":"dclxxxi2","status":"publish","type":"page","link":"http:\/\/museumek.eu\/?page_id=53758","title":{"rendered":"D\/CLXXXI\/2"},"content":{"rendered":"<p><strong>Abteilung Deutschland\/B\u00f6hmen, Keramik 1860 \u2013 1960, Inventarnummer D\/CLXXXI\/2<\/strong><\/p>\n<p>Wittenberger Steingutfabrik GmbH, Deutschland, Kleinwittenberg, um 1925, Topf, K\u00fcnstler unbekannt, Werks.-Nr. ohne, Exemplar Nr. ohne, gemarkt Firmenmarke mit Wittenberg dunkelblauer Stempel auf Glasur, nicht signiert, Literatur: Dieter Z\u00fchlsdorff, Markenlexikon Band 1, Porzellan und Keramik Report 1885 &#8211; 1935, Seite 204, Werk-Teil 1., laufende Nummer des Werkteils 2., laufende Nummer der Gruppe 2057, dort gleiche Marke als Press Stempel (dort f\u00fcr die Zeit ab ca. 1910 sowie Seite 533, Werk-Teil 3., laufende Nummer des Werkteils 601, dort kurze Beschreibung der Fabrik, die Fabrik wurde 1887 gegr\u00fcndet, 1923 wird eine Abteilung f\u00fcr Hand- und Kunstmalerei eingerichtet, die unter Leitung von Herta Peters stand, die Fabrik wurde 1930 geschlossen, H\u00f6he 14,3 cm, Breite 12,5 cm<\/p>\n<p><a href=\"http:\/\/museumek.eu\/?attachment_id=53753\" rel=\"attachment wp-att-53753\"><img loading=\"lazy\" src=\"http:\/\/museumek.eu\/wp-content\/uploads\/2021\/01\/Wittenberger-Steingutfabrik-GmbH-Topf-Perlgr\u00fcn-1-255x300.jpg\" alt=\"\" title=\"Wittenberger Steingutfabrik GmbH Topf Perlgr\u00fcn 1\" width=\"255\" height=\"300\" class=\"alignnone size-medium wp-image-53753\" srcset=\"http:\/\/museumek.eu\/wp-content\/uploads\/2021\/01\/Wittenberger-Steingutfabrik-GmbH-Topf-Perlgr\u00fcn-1-255x300.jpg 255w, http:\/\/museumek.eu\/wp-content\/uploads\/2021\/01\/Wittenberger-Steingutfabrik-GmbH-Topf-Perlgr\u00fcn-1-127x150.jpg 127w, http:\/\/museumek.eu\/wp-content\/uploads\/2021\/01\/Wittenberger-Steingutfabrik-GmbH-Topf-Perlgr\u00fcn-1.jpg 480w\" sizes=\"(max-width: 255px) 100vw, 255px\" \/><\/a><\/p>\n<p><a href=\"http:\/\/museumek.eu\/?attachment_id=53754\" rel=\"attachment wp-att-53754\"><img loading=\"lazy\" src=\"http:\/\/museumek.eu\/wp-content\/uploads\/2021\/01\/Wittenberger-Steingutfabrik-GmbH-Topf-Perlgr\u00fcn-2-227x300.jpg\" alt=\"\" title=\"Wittenberger Steingutfabrik GmbH Topf Perlgr\u00fcn 2\" width=\"227\" height=\"300\" class=\"alignnone size-medium wp-image-53754\" srcset=\"http:\/\/museumek.eu\/wp-content\/uploads\/2021\/01\/Wittenberger-Steingutfabrik-GmbH-Topf-Perlgr\u00fcn-2-227x300.jpg 227w, http:\/\/museumek.eu\/wp-content\/uploads\/2021\/01\/Wittenberger-Steingutfabrik-GmbH-Topf-Perlgr\u00fcn-2-113x150.jpg 113w, http:\/\/museumek.eu\/wp-content\/uploads\/2021\/01\/Wittenberger-Steingutfabrik-GmbH-Topf-Perlgr\u00fcn-2.jpg 480w\" sizes=\"(max-width: 227px) 100vw, 227px\" \/><\/a><\/p>\n<p><a href=\"http:\/\/museumek.eu\/?attachment_id=53755\" rel=\"attachment wp-att-53755\"><img loading=\"lazy\" src=\"http:\/\/museumek.eu\/wp-content\/uploads\/2021\/01\/Wittenberger-Steingutfabrik-GmbH-Topf-Perlgr\u00fcn-3-300x105.jpg\" alt=\"\" title=\"Wittenberger Steingutfabrik GmbH Topf Perlgr\u00fcn 3\" width=\"300\" height=\"105\" class=\"alignnone size-medium wp-image-53755\" srcset=\"http:\/\/museumek.eu\/wp-content\/uploads\/2021\/01\/Wittenberger-Steingutfabrik-GmbH-Topf-Perlgr\u00fcn-3-300x105.jpg 300w, http:\/\/museumek.eu\/wp-content\/uploads\/2021\/01\/Wittenberger-Steingutfabrik-GmbH-Topf-Perlgr\u00fcn-3-150x52.jpg 150w, http:\/\/museumek.eu\/wp-content\/uploads\/2021\/01\/Wittenberger-Steingutfabrik-GmbH-Topf-Perlgr\u00fcn-3-500x176.jpg 500w, http:\/\/museumek.eu\/wp-content\/uploads\/2021\/01\/Wittenberger-Steingutfabrik-GmbH-Topf-Perlgr\u00fcn-3.jpg 640w\" sizes=\"(max-width: 300px) 100vw, 300px\" \/><\/a><\/p>\n","protected":false},"excerpt":{"rendered":"<p>Abteilung Deutschland\/B\u00f6hmen, Keramik 1860 \u2013 1960, Inventarnummer D\/CLXXXI\/2 Wittenberger Steingutfabrik GmbH, Deutschland, Kleinwittenberg, um 1925, Topf, K\u00fcnstler unbekannt, Werks.-Nr. ohne, Exemplar Nr. ohne, gemarkt Firmenmarke mit Wittenberg dunkelblauer Stempel auf Glasur, nicht signiert, Literatur: Dieter Z\u00fchlsdorff, Markenlexikon Band 1, Porzellan &hellip; <a href=\"http:\/\/museumek.eu\/?page_id=53758\">Weiterlesen <span class=\"meta-nav\">&rarr;<\/span><\/a><\/p>\n","protected":false},"author":1,"featured_media":0,"parent":52693,"menu_order":2,"comment_status":"closed","ping_status":"open","template":"","meta":[],"_links":{"self":[{"href":"http:\/\/museumek.eu\/index.php?rest_route=\/wp\/v2\/pages\/53758"}],"collection":[{"href":"http:\/\/museumek.eu\/index.php?rest_route=\/wp\/v2\/pages"}],"about":[{"href":"http:\/\/museumek.eu\/index.php?rest_route=\/wp\/v2\/types\/page"}],"author":[{"embeddable":true,"href":"http:\/\/museumek.eu\/index.php?rest_route=\/wp\/v2\/users\/1"}],"replies":[{"embeddable":true,"href":"http:\/\/museumek.eu\/index.php?rest_route=%2Fwp%2Fv2%2Fcomments&post=53758"}],"version-history":[{"count":2,"href":"http:\/\/museumek.eu\/index.php?rest_route=\/wp\/v2\/pages\/53758\/revisions"}],"predecessor-version":[{"id":53760,"href":"http:\/\/museumek.eu\/index.php?rest_route=\/wp\/v2\/pages\/53758\/revisions\/53760"}],"up":[{"embeddable":true,"href":"http:\/\/museumek.eu\/index.php?rest_route=\/wp\/v2\/pages\/52693"}],"wp:attachment":[{"href":"http:\/\/museumek.eu\/index.php?rest_route=%2Fwp%2Fv2%2Fmedia&parent=53758"}],"curies":[{"name":"wp","href":"https:\/\/api.w.org\/{rel}","templated":true}]}}