{"id":53793,"date":"2021-03-05T20:22:14","date_gmt":"2021-03-05T19:22:14","guid":{"rendered":"http:\/\/museumek.eu\/?page_id=53793"},"modified":"2021-03-05T20:22:14","modified_gmt":"2021-03-05T19:22:14","slug":"ai186","status":"publish","type":"page","link":"http:\/\/museumek.eu\/?page_id=53793","title":{"rendered":"A\/I\/186"},"content":{"rendered":"<p><strong>Abteilung Austria\/Ungarn\/B\u00f6hmen, Keramik 1860 &#8211; 1960, Inventarnummer A\/I\/186<\/strong><\/p>\n<p>Friedrich Goldscheider Erste Wiener Terrakottafabrik, Austria, Wien, ca. 1898, Figur Fischerm\u00e4dchen (auf Sockel sitzendes M\u00e4dchen mit Strohhut und Fisch), K\u00fcnstler Hans Schoerck (Cherc), Werks.-Nr. 1901, Exemplar Nr. 15, Modelleur Nr. 35, gemarkt Firmenmarke mit Friedrich Goldscheider Wien, REPRODUCTION RESERVE\u00c9, 1901, 15 sowie 35 alles gepresst, VII. weiss gemalt, Cherc geritzt, signiert Cherc, Literatur: Robert E. Dechant\/Filipp Goldscheider, Goldscheider Firmengeschichte und Werkverzeichnis, Seite 337 dort unvollst\u00e4ndig beschrieben aber nicht abgebildet, ohne Vermerk auf eine Signatur des K\u00fcnstlers, Seite 604, Firmenmarke Nr. GS 7 (f\u00fcr die Zeit 1895 \u2013 1910) identisch sowie Seite 606, dort diese Variante von REPRODUCTION RESERVE\u00c9 nicht erfasst, die Urspr\u00fcnge der Firma gehen zur\u00fcck auf das Pilsener Handelsunternehmen Moritz Goldscheider der 1860\u2018 Jahre, nach dem Tode von Moritz Goldscheider werden die Br\u00fcder Eduard und Friedrich Goldscheider Eigent\u00fcmer und firmieren ab 1877 als M. Goldscheider\u2019s Erben, Thon-und Kunststeinmanufactur Werk Moldau und ab 1878 als Br\u00fcder Goldscheider, im Jahre 1878 wandert Friedrich Goldscheider nach Wien aus und Eduard f\u00fchrt die Firma in Pilsen bis zum Konkurs 1892 allein weiter, Friedrich Goldscheider firmiert in Wien ab 1880 als Goldscheider\u2019sche Porzellan-Manufaktur und Porzellanmalerei, neben Handelsgesch\u00e4ften betreibt die Firma vorwiegend die Porzellanmalerei, das Porzellan wird von b\u00f6hmischen Manufakturen bezogen und teilweise auch in B\u00f6hmen bemalt, ab 1885 \u00e4ndert sich die Firmierung in Goldscheider\u2019sche Porzellan-Manufaktur und Majolicafabrik, das Jahr 1885 gilt als das offizielle Gr\u00fcndungsjahr, ab 1887 bezeichnet Friedrich Goldscheider seine Fabrik als Erste Wiener Terracotta- und Majolika-Fabrik Friedrich Goldscheider oder als Erste Wiener Kunst-Terracotta-Fabrik und kunstgewerbliche Ateliers Friedrich Goldscheider und offiziell ab 1894 als Friedrich Goldscheider Erste Wiener Terrakottafabrik, Friedrich Goldscheider stirbt im Jahre 1897, seine Ehefrau Regine Goldscheider wird Alleineigent\u00fcmer und firmiert ab 1899 als Friedrich Goldscheider in Wien, Berlin und Leipzig, ab 1907 firmiert die Firma als Erste Wiener Terrakottafabrik und Atelier f\u00fcr k\u00fcnstlerische Fayencen Friedrich Goldscheider, im Jahre 1918 stirbt Regine und die S\u00f6hne Walter und Marcell Goldscheider werden Inhaber, ab 1921 \u00e4ndert sich die Firmierung in Wiener Manufaktur Friedrich Goldscheider, 1928 scheidet Marcell Goldscheider aus und gr\u00fcndet seine eigene Firma in Wien, 1939 wird die Firma arisiert und Josef Schuster wird Inhaber, Firmierung ab 1939, Wiener Manufaktur Friedrich Goldscheider Nachf., Inhaber Josef Schuster, ab 1941 lautet die Firmierung Wiener Manufaktur Josef Schuster, vorm. Friedrich Goldscheider, nach dem WK II erh\u00e4lt Friedrich Goldscheider seine Firma zur\u00fcck und firmiert ab 1950 wieder als Wiener Manufaktur Friedrich Goldscheider, in dieser Zeit verkauft er die Firma an die Majolikafabrik Carstens, in Fredelsloh, die in Fredelsloh Wiederauflagen alter Modelle in minderwertigem braunem Ton aber auch neue Modelle ebenfalls in dieser Tonart produziert, ab 1953 firmiert die Firma als Kunstkeramische Manufaktur Goldscheider GmbH und 1960 wird die Produktion in Fredelsloh eingestellt,<strong> das MEK Exemplar dieser Figur ist eines der Wenigen, wenn nicht sogar das einzige weltweit erhalten gebliebene Exemplar dieser Figur<\/strong>,<br \/>\nH\u00f6he 43 cm, Breite 17 cm<\/p>\n<p><a href=\"http:\/\/museumek.eu\/?attachment_id=53771\" rel=\"attachment wp-att-53771\"><img loading=\"lazy\" src=\"http:\/\/museumek.eu\/wp-content\/uploads\/2020\/04\/Goldscheider-M\u00e4dchen-mit-Fisch-1-137x300.jpg\" alt=\"\" title=\"Goldscheider M\u00e4dchen mit Fisch 1\" width=\"137\" height=\"300\" class=\"alignnone size-medium wp-image-53771\" srcset=\"http:\/\/museumek.eu\/wp-content\/uploads\/2020\/04\/Goldscheider-M\u00e4dchen-mit-Fisch-1-137x300.jpg 137w, http:\/\/museumek.eu\/wp-content\/uploads\/2020\/04\/Goldscheider-M\u00e4dchen-mit-Fisch-1-68x150.jpg 68w\" sizes=\"(max-width: 137px) 100vw, 137px\" \/><\/a><\/p>\n<p><a href=\"http:\/\/museumek.eu\/?attachment_id=53772\" rel=\"attachment wp-att-53772\"><img loading=\"lazy\" src=\"http:\/\/museumek.eu\/wp-content\/uploads\/2020\/04\/Goldscheider-M\u00e4dchen-mit-Fisch-2-140x300.jpg\" alt=\"\" title=\"Goldscheider M\u00e4dchen mit Fisch 2\" width=\"140\" height=\"300\" class=\"alignnone size-medium wp-image-53772\" srcset=\"http:\/\/museumek.eu\/wp-content\/uploads\/2020\/04\/Goldscheider-M\u00e4dchen-mit-Fisch-2-140x300.jpg 140w, http:\/\/museumek.eu\/wp-content\/uploads\/2020\/04\/Goldscheider-M\u00e4dchen-mit-Fisch-2-70x150.jpg 70w, http:\/\/museumek.eu\/wp-content\/uploads\/2020\/04\/Goldscheider-M\u00e4dchen-mit-Fisch-2.jpg 299w\" sizes=\"(max-width: 140px) 100vw, 140px\" \/><\/a><\/p>\n<p><a href=\"http:\/\/museumek.eu\/?attachment_id=53773\" rel=\"attachment wp-att-53773\"><img loading=\"lazy\" src=\"http:\/\/museumek.eu\/wp-content\/uploads\/2020\/04\/Goldscheider-M\u00e4dchen-mit-Fisch-3-131x300.jpg\" alt=\"\" title=\"Goldscheider M\u00e4dchen mit Fisch 3\" width=\"131\" height=\"300\" class=\"alignnone size-medium wp-image-53773\" srcset=\"http:\/\/museumek.eu\/wp-content\/uploads\/2020\/04\/Goldscheider-M\u00e4dchen-mit-Fisch-3-131x300.jpg 131w, http:\/\/museumek.eu\/wp-content\/uploads\/2020\/04\/Goldscheider-M\u00e4dchen-mit-Fisch-3-65x150.jpg 65w, http:\/\/museumek.eu\/wp-content\/uploads\/2020\/04\/Goldscheider-M\u00e4dchen-mit-Fisch-3.jpg 280w\" sizes=\"(max-width: 131px) 100vw, 131px\" \/><\/a><\/p>\n<p><a href=\"http:\/\/museumek.eu\/?attachment_id=53774\" rel=\"attachment wp-att-53774\"><img loading=\"lazy\" src=\"http:\/\/museumek.eu\/wp-content\/uploads\/2020\/04\/Goldscheider-M\u00e4dchen-mit-Fisch-4-130x300.jpg\" alt=\"\" title=\"Goldscheider M\u00e4dchen mit Fisch 4\" width=\"130\" height=\"300\" class=\"alignnone size-medium wp-image-53774\" srcset=\"http:\/\/museumek.eu\/wp-content\/uploads\/2020\/04\/Goldscheider-M\u00e4dchen-mit-Fisch-4-130x300.jpg 130w, http:\/\/museumek.eu\/wp-content\/uploads\/2020\/04\/Goldscheider-M\u00e4dchen-mit-Fisch-4-65x150.jpg 65w\" sizes=\"(max-width: 130px) 100vw, 130px\" \/><\/a><\/p>\n<p><a href=\"http:\/\/museumek.eu\/?attachment_id=53775\" rel=\"attachment wp-att-53775\"><img loading=\"lazy\" src=\"http:\/\/museumek.eu\/wp-content\/uploads\/2020\/04\/Goldscheider-M\u00e4dchen-mit-Fisch-5-300x293.jpg\" alt=\"\" title=\"Goldscheider M\u00e4dchen mit Fisch 5\" width=\"300\" height=\"293\" class=\"alignnone size-medium wp-image-53775\" srcset=\"http:\/\/museumek.eu\/wp-content\/uploads\/2020\/04\/Goldscheider-M\u00e4dchen-mit-Fisch-5-300x293.jpg 300w, http:\/\/museumek.eu\/wp-content\/uploads\/2020\/04\/Goldscheider-M\u00e4dchen-mit-Fisch-5-150x146.jpg 150w, http:\/\/museumek.eu\/wp-content\/uploads\/2020\/04\/Goldscheider-M\u00e4dchen-mit-Fisch-5-306x300.jpg 306w, http:\/\/museumek.eu\/wp-content\/uploads\/2020\/04\/Goldscheider-M\u00e4dchen-mit-Fisch-5.jpg 491w\" sizes=\"(max-width: 300px) 100vw, 300px\" \/><\/a><\/p>\n<p><a href=\"http:\/\/museumek.eu\/?attachment_id=53776\" rel=\"attachment wp-att-53776\"><img loading=\"lazy\" src=\"http:\/\/museumek.eu\/wp-content\/uploads\/2020\/04\/Goldscheider-M\u00e4dchen-mit-Fisch-6-300x233.jpg\" alt=\"\" title=\"Goldscheider M\u00e4dchen mit Fisch 6\" width=\"300\" height=\"233\" class=\"alignnone size-medium wp-image-53776\" srcset=\"http:\/\/museumek.eu\/wp-content\/uploads\/2020\/04\/Goldscheider-M\u00e4dchen-mit-Fisch-6-300x233.jpg 300w, http:\/\/museumek.eu\/wp-content\/uploads\/2020\/04\/Goldscheider-M\u00e4dchen-mit-Fisch-6-150x116.jpg 150w, http:\/\/museumek.eu\/wp-content\/uploads\/2020\/04\/Goldscheider-M\u00e4dchen-mit-Fisch-6-385x300.jpg 385w, http:\/\/museumek.eu\/wp-content\/uploads\/2020\/04\/Goldscheider-M\u00e4dchen-mit-Fisch-6.jpg 617w\" sizes=\"(max-width: 300px) 100vw, 300px\" \/><\/a><\/p>\n<p><a href=\"http:\/\/museumek.eu\/?attachment_id=53777\" rel=\"attachment wp-att-53777\"><img loading=\"lazy\" src=\"http:\/\/museumek.eu\/wp-content\/uploads\/2020\/04\/Goldscheider-M\u00e4dchen-mit-Fisch-7-250x300.jpg\" alt=\"\" title=\"Goldscheider M\u00e4dchen mit Fisch 7\" width=\"250\" height=\"300\" class=\"alignnone size-medium wp-image-53777\" srcset=\"http:\/\/museumek.eu\/wp-content\/uploads\/2020\/04\/Goldscheider-M\u00e4dchen-mit-Fisch-7-250x300.jpg 250w, http:\/\/museumek.eu\/wp-content\/uploads\/2020\/04\/Goldscheider-M\u00e4dchen-mit-Fisch-7-125x150.jpg 125w, http:\/\/museumek.eu\/wp-content\/uploads\/2020\/04\/Goldscheider-M\u00e4dchen-mit-Fisch-7.jpg 480w\" sizes=\"(max-width: 250px) 100vw, 250px\" \/><\/a><\/p>\n<p><a href=\"http:\/\/museumek.eu\/?attachment_id=53780\" rel=\"attachment wp-att-53780\"><img loading=\"lazy\" src=\"http:\/\/museumek.eu\/wp-content\/uploads\/2020\/04\/Goldscheider-M\u00e4dchen-mit-Fisch-8-300x254.jpg\" alt=\"\" title=\"Goldscheider M\u00e4dchen mit Fisch 8\" width=\"300\" height=\"254\" class=\"alignnone size-medium wp-image-53780\" srcset=\"http:\/\/museumek.eu\/wp-content\/uploads\/2020\/04\/Goldscheider-M\u00e4dchen-mit-Fisch-8-300x254.jpg 300w, http:\/\/museumek.eu\/wp-content\/uploads\/2020\/04\/Goldscheider-M\u00e4dchen-mit-Fisch-8-150x127.jpg 150w, http:\/\/museumek.eu\/wp-content\/uploads\/2020\/04\/Goldscheider-M\u00e4dchen-mit-Fisch-8-353x300.jpg 353w, http:\/\/museumek.eu\/wp-content\/uploads\/2020\/04\/Goldscheider-M\u00e4dchen-mit-Fisch-8.jpg 566w\" sizes=\"(max-width: 300px) 100vw, 300px\" \/><\/a><\/p>\n<p><a href=\"http:\/\/museumek.eu\/?attachment_id=53781\" rel=\"attachment wp-att-53781\"><img loading=\"lazy\" src=\"http:\/\/museumek.eu\/wp-content\/uploads\/2020\/04\/Goldscheider-M\u00e4dchen-mit-Fisch-9-300x284.jpg\" alt=\"\" title=\"Goldscheider M\u00e4dchen mit Fisch 9\" width=\"300\" height=\"284\" class=\"alignnone size-medium wp-image-53781\" srcset=\"http:\/\/museumek.eu\/wp-content\/uploads\/2020\/04\/Goldscheider-M\u00e4dchen-mit-Fisch-9-300x284.jpg 300w, http:\/\/museumek.eu\/wp-content\/uploads\/2020\/04\/Goldscheider-M\u00e4dchen-mit-Fisch-9-150x142.jpg 150w, http:\/\/museumek.eu\/wp-content\/uploads\/2020\/04\/Goldscheider-M\u00e4dchen-mit-Fisch-9-316x300.jpg 316w, http:\/\/museumek.eu\/wp-content\/uploads\/2020\/04\/Goldscheider-M\u00e4dchen-mit-Fisch-9.jpg 506w\" sizes=\"(max-width: 300px) 100vw, 300px\" \/><\/a><\/p>\n<p><a href=\"http:\/\/museumek.eu\/?attachment_id=53782\" rel=\"attachment wp-att-53782\"><img loading=\"lazy\" src=\"http:\/\/museumek.eu\/wp-content\/uploads\/2020\/04\/Goldscheider-M\u00e4dchen-mit-Fisch-10-300x220.jpg\" alt=\"\" title=\"Goldscheider M\u00e4dchen mit Fisch 10\" width=\"300\" height=\"220\" class=\"alignnone size-medium wp-image-53782\" srcset=\"http:\/\/museumek.eu\/wp-content\/uploads\/2020\/04\/Goldscheider-M\u00e4dchen-mit-Fisch-10-300x220.jpg 300w, http:\/\/museumek.eu\/wp-content\/uploads\/2020\/04\/Goldscheider-M\u00e4dchen-mit-Fisch-10-150x110.jpg 150w, http:\/\/museumek.eu\/wp-content\/uploads\/2020\/04\/Goldscheider-M\u00e4dchen-mit-Fisch-10-407x300.jpg 407w, http:\/\/museumek.eu\/wp-content\/uploads\/2020\/04\/Goldscheider-M\u00e4dchen-mit-Fisch-10.jpg 640w\" sizes=\"(max-width: 300px) 100vw, 300px\" \/><\/a><\/p>\n<p><a href=\"http:\/\/museumek.eu\/?attachment_id=53783\" rel=\"attachment wp-att-53783\"><img loading=\"lazy\" src=\"http:\/\/museumek.eu\/wp-content\/uploads\/2020\/04\/Goldscheider-M\u00e4dchen-mit-Fisch-11-124x300.jpg\" alt=\"\" title=\"Goldscheider M\u00e4dchen mit Fisch 11\" width=\"124\" height=\"300\" class=\"alignnone size-medium wp-image-53783\" srcset=\"http:\/\/museumek.eu\/wp-content\/uploads\/2020\/04\/Goldscheider-M\u00e4dchen-mit-Fisch-11-124x300.jpg 124w, http:\/\/museumek.eu\/wp-content\/uploads\/2020\/04\/Goldscheider-M\u00e4dchen-mit-Fisch-11-62x150.jpg 62w, http:\/\/museumek.eu\/wp-content\/uploads\/2020\/04\/Goldscheider-M\u00e4dchen-mit-Fisch-11.jpg 265w\" sizes=\"(max-width: 124px) 100vw, 124px\" \/><\/a><\/p>\n<p><a href=\"http:\/\/museumek.eu\/?attachment_id=53784\" rel=\"attachment wp-att-53784\"><img loading=\"lazy\" src=\"http:\/\/museumek.eu\/wp-content\/uploads\/2020\/04\/Goldscheider-M\u00e4dchen-mit-Fisch-12-300x235.jpg\" alt=\"\" title=\"Goldscheider M\u00e4dchen mit Fisch 12\" width=\"300\" height=\"235\" class=\"alignnone size-medium wp-image-53784\" srcset=\"http:\/\/museumek.eu\/wp-content\/uploads\/2020\/04\/Goldscheider-M\u00e4dchen-mit-Fisch-12-300x235.jpg 300w, http:\/\/museumek.eu\/wp-content\/uploads\/2020\/04\/Goldscheider-M\u00e4dchen-mit-Fisch-12-150x117.jpg 150w, http:\/\/museumek.eu\/wp-content\/uploads\/2020\/04\/Goldscheider-M\u00e4dchen-mit-Fisch-12-381x300.jpg 381w, http:\/\/museumek.eu\/wp-content\/uploads\/2020\/04\/Goldscheider-M\u00e4dchen-mit-Fisch-12.jpg 611w\" sizes=\"(max-width: 300px) 100vw, 300px\" \/><\/a><\/p>\n<p><a href=\"http:\/\/museumek.eu\/?attachment_id=53785\" rel=\"attachment wp-att-53785\"><img loading=\"lazy\" src=\"http:\/\/museumek.eu\/wp-content\/uploads\/2020\/04\/Goldscheider-M\u00e4dchen-mit-Fisch-13-254x300.jpg\" alt=\"\" title=\"Goldscheider M\u00e4dchen mit Fisch 13\" width=\"254\" height=\"300\" class=\"alignnone size-medium wp-image-53785\" srcset=\"http:\/\/museumek.eu\/wp-content\/uploads\/2020\/04\/Goldscheider-M\u00e4dchen-mit-Fisch-13-254x300.jpg 254w, http:\/\/museumek.eu\/wp-content\/uploads\/2020\/04\/Goldscheider-M\u00e4dchen-mit-Fisch-13-127x150.jpg 127w, http:\/\/museumek.eu\/wp-content\/uploads\/2020\/04\/Goldscheider-M\u00e4dchen-mit-Fisch-13.jpg 480w\" sizes=\"(max-width: 254px) 100vw, 254px\" \/><\/a><\/p>\n","protected":false},"excerpt":{"rendered":"<p>Abteilung Austria\/Ungarn\/B\u00f6hmen, Keramik 1860 &#8211; 1960, Inventarnummer A\/I\/186 Friedrich Goldscheider Erste Wiener Terrakottafabrik, Austria, Wien, ca. 1898, Figur Fischerm\u00e4dchen (auf Sockel sitzendes M\u00e4dchen mit Strohhut und Fisch), K\u00fcnstler Hans Schoerck (Cherc), Werks.-Nr. 1901, Exemplar Nr. 15, Modelleur Nr. 35, gemarkt &hellip; <a href=\"http:\/\/museumek.eu\/?page_id=53793\">Weiterlesen <span class=\"meta-nav\">&rarr;<\/span><\/a><\/p>\n","protected":false},"author":1,"featured_media":0,"parent":45965,"menu_order":186,"comment_status":"closed","ping_status":"open","template":"","meta":[],"_links":{"self":[{"href":"http:\/\/museumek.eu\/index.php?rest_route=\/wp\/v2\/pages\/53793"}],"collection":[{"href":"http:\/\/museumek.eu\/index.php?rest_route=\/wp\/v2\/pages"}],"about":[{"href":"http:\/\/museumek.eu\/index.php?rest_route=\/wp\/v2\/types\/page"}],"author":[{"embeddable":true,"href":"http:\/\/museumek.eu\/index.php?rest_route=\/wp\/v2\/users\/1"}],"replies":[{"embeddable":true,"href":"http:\/\/museumek.eu\/index.php?rest_route=%2Fwp%2Fv2%2Fcomments&post=53793"}],"version-history":[{"count":2,"href":"http:\/\/museumek.eu\/index.php?rest_route=\/wp\/v2\/pages\/53793\/revisions"}],"predecessor-version":[{"id":53795,"href":"http:\/\/museumek.eu\/index.php?rest_route=\/wp\/v2\/pages\/53793\/revisions\/53795"}],"up":[{"embeddable":true,"href":"http:\/\/museumek.eu\/index.php?rest_route=\/wp\/v2\/pages\/45965"}],"wp:attachment":[{"href":"http:\/\/museumek.eu\/index.php?rest_route=%2Fwp%2Fv2%2Fmedia&parent=53793"}],"curies":[{"name":"wp","href":"https:\/\/api.w.org\/{rel}","templated":true}]}}