{"id":53811,"date":"2021-03-05T21:20:07","date_gmt":"2021-03-05T20:20:07","guid":{"rendered":"http:\/\/museumek.eu\/?page_id=53811"},"modified":"2021-03-05T21:20:07","modified_gmt":"2021-03-05T20:20:07","slug":"dcxxxiv4","status":"publish","type":"page","link":"http:\/\/museumek.eu\/?page_id=53811","title":{"rendered":"D\/CXXXIV\/4"},"content":{"rendered":"<p><strong>Abteilung Deutschland, Keramik 1860 \u2013 1960, Inventarnummer D\/CXXXIV\/4<\/strong><\/p>\n<p>Porzellan-Manufaktur Burgau a. S. Ferdinand Selle, Deutschland, Burgau, 1909 &#8211; 1911, Teller mit Dekor Weinlaub, K\u00fcnstler unbekannt, Werks.-Nr. ohne, Exemplar Nr. ohne, gemarkt Firmenmarke in einem Schild-f\u00f6rmigen Rahmen PBM (f\u00fcr Porzellan-Manufaktur Burgau), darunter ein Querstrich, darunter ein S-f\u00f6rmiger nach rechts blickender Fisch (das S steht entweder f\u00fcr Selle oder f\u00fcr den Fluss Saale) auf Wellengrund gr\u00fcner Stempel unter Glasur, nicht signiert, Literatur: Bernd Fritz und Birgitt Hellmann, St\u00e4dtische Museen Jena, Porzellan-Manufaktur Burgau a. d. Saale Ferdinand Selle 1901 \u2013 1929, Seite 22, Firmenbrief, dort identische Marke in schwarz-weiss abgebildet, Seite 25, Chronologie der Erzeugnisse der Porzellanmanufaktur, dort unter Jahr 1909 \u2013 1911 Dekor Weinlaub aufgef\u00fchrt sowie Seiten 77 Abbildungen von Geschirrteilen mit diesem Dekor (auch der MEK Teller) wie folgt beschrieben: Weinlaub-Dekor, Randborte aus unterglasurgr\u00fcnen Bl\u00e4ttern und Ranken schabloniert und gemalt, weitere Literatur: Otto Pelka, Keramik der Neuzeit, Markentafel II, Marke Nr. 13 identisch, Seite 209, Herstellerverzeichnis, dort unter Burgau: Porzellan-Manufaktur Burgau Ferdinand Selle sowie Seite 221, Namenverzeichnis, dort Selle, Ferdinand, Burgau, 1901 gr\u00fcndet der Leipziger Kaufmann (Porzellanhandlung zusammen mit seinen zwei Br\u00fcdern in Leipzig) Ferdinand Otto Reinhold Selle in Burgau bei Jena eine Porzellanfabrik, handelsgerichtliche Eintragungen: 20.11.1901 Anmeldung, 26.03.1902 Eintragung, Firmierung Porzellan-Manufaktur Burgau a. S. Ferdinand Selle (a. S. steht f\u00fcr an der Saale), die Entw\u00fcrfe, die unter anderem von van de Velde und Albin M\u00fcller stammen, bilden fast ausschlie\u00dflich den Zeitgeschmack des Jugendstils ab, am 09.02.1915 stirbt Selle und seine Witwe Anna Agnes Selle f\u00fchrt die Fabrik fort, 1929 wird die Fabrik geschlossen, Durchmesser 28 cm<\/p>\n<p><a href=\"http:\/\/museumek.eu\/?attachment_id=53805\" rel=\"attachment wp-att-53805\"><img loading=\"lazy\" src=\"http:\/\/museumek.eu\/wp-content\/uploads\/2015\/06\/Ferdinand-Selle-Teller-mit-Weinlaubdekor-1-300x291.jpg\" alt=\"\" title=\"Ferdinand Selle Teller mit Weinlaubdekor 1\" width=\"300\" height=\"291\" class=\"alignnone size-medium wp-image-53805\" srcset=\"http:\/\/museumek.eu\/wp-content\/uploads\/2015\/06\/Ferdinand-Selle-Teller-mit-Weinlaubdekor-1-300x291.jpg 300w, http:\/\/museumek.eu\/wp-content\/uploads\/2015\/06\/Ferdinand-Selle-Teller-mit-Weinlaubdekor-1-150x145.jpg 150w, http:\/\/museumek.eu\/wp-content\/uploads\/2015\/06\/Ferdinand-Selle-Teller-mit-Weinlaubdekor-1-308x300.jpg 308w, http:\/\/museumek.eu\/wp-content\/uploads\/2015\/06\/Ferdinand-Selle-Teller-mit-Weinlaubdekor-1.jpg 494w\" sizes=\"(max-width: 300px) 100vw, 300px\" \/><\/a><\/p>\n<p><a href=\"http:\/\/museumek.eu\/?attachment_id=53806\" rel=\"attachment wp-att-53806\"><img loading=\"lazy\" src=\"http:\/\/museumek.eu\/wp-content\/uploads\/2015\/06\/Ferdinand-Selle-Teller-mit-Weinlaubdekor-2-300x133.jpg\" alt=\"\" title=\"Ferdinand Selle Teller mit Weinlaubdekor 2\" width=\"300\" height=\"133\" class=\"alignnone size-medium wp-image-53806\" srcset=\"http:\/\/museumek.eu\/wp-content\/uploads\/2015\/06\/Ferdinand-Selle-Teller-mit-Weinlaubdekor-2-300x133.jpg 300w, http:\/\/museumek.eu\/wp-content\/uploads\/2015\/06\/Ferdinand-Selle-Teller-mit-Weinlaubdekor-2-150x66.jpg 150w, http:\/\/museumek.eu\/wp-content\/uploads\/2015\/06\/Ferdinand-Selle-Teller-mit-Weinlaubdekor-2-500x222.jpg 500w, http:\/\/museumek.eu\/wp-content\/uploads\/2015\/06\/Ferdinand-Selle-Teller-mit-Weinlaubdekor-2.jpg 640w\" sizes=\"(max-width: 300px) 100vw, 300px\" \/><\/a><\/p>\n<p><a href=\"http:\/\/museumek.eu\/?attachment_id=53807\" rel=\"attachment wp-att-53807\"><img loading=\"lazy\" src=\"http:\/\/museumek.eu\/wp-content\/uploads\/2015\/06\/Ferdinand-Selle-Teller-mit-Weinlaubdekor-3-300x289.jpg\" alt=\"\" title=\"Ferdinand Selle Teller mit Weinlaubdekor 3\" width=\"300\" height=\"289\" class=\"alignnone size-medium wp-image-53807\" srcset=\"http:\/\/museumek.eu\/wp-content\/uploads\/2015\/06\/Ferdinand-Selle-Teller-mit-Weinlaubdekor-3-300x289.jpg 300w, http:\/\/museumek.eu\/wp-content\/uploads\/2015\/06\/Ferdinand-Selle-Teller-mit-Weinlaubdekor-3-150x144.jpg 150w, http:\/\/museumek.eu\/wp-content\/uploads\/2015\/06\/Ferdinand-Selle-Teller-mit-Weinlaubdekor-3-311x300.jpg 311w, http:\/\/museumek.eu\/wp-content\/uploads\/2015\/06\/Ferdinand-Selle-Teller-mit-Weinlaubdekor-3.jpg 498w\" sizes=\"(max-width: 300px) 100vw, 300px\" \/><\/a><\/p>\n<p><a href=\"http:\/\/museumek.eu\/?attachment_id=53808\" rel=\"attachment wp-att-53808\"><img loading=\"lazy\" src=\"http:\/\/museumek.eu\/wp-content\/uploads\/2015\/06\/Ferdinand-Selle-Teller-mit-Weinlaubdekor-4-282x300.jpg\" alt=\"\" title=\"Ferdinand Selle Teller mit Weinlaubdekor 4\" width=\"282\" height=\"300\" class=\"alignnone size-medium wp-image-53808\" srcset=\"http:\/\/museumek.eu\/wp-content\/uploads\/2015\/06\/Ferdinand-Selle-Teller-mit-Weinlaubdekor-4-282x300.jpg 282w, http:\/\/museumek.eu\/wp-content\/uploads\/2015\/06\/Ferdinand-Selle-Teller-mit-Weinlaubdekor-4-141x150.jpg 141w, http:\/\/museumek.eu\/wp-content\/uploads\/2015\/06\/Ferdinand-Selle-Teller-mit-Weinlaubdekor-4.jpg 453w\" sizes=\"(max-width: 282px) 100vw, 282px\" \/><\/a><\/p>\n","protected":false},"excerpt":{"rendered":"<p>Abteilung Deutschland, Keramik 1860 \u2013 1960, Inventarnummer D\/CXXXIV\/4 Porzellan-Manufaktur Burgau a. S. Ferdinand Selle, Deutschland, Burgau, 1909 &#8211; 1911, Teller mit Dekor Weinlaub, K\u00fcnstler unbekannt, Werks.-Nr. ohne, Exemplar Nr. ohne, gemarkt Firmenmarke in einem Schild-f\u00f6rmigen Rahmen PBM (f\u00fcr Porzellan-Manufaktur Burgau), &hellip; <a href=\"http:\/\/museumek.eu\/?page_id=53811\">Weiterlesen <span class=\"meta-nav\">&rarr;<\/span><\/a><\/p>\n","protected":false},"author":1,"featured_media":0,"parent":41083,"menu_order":4,"comment_status":"closed","ping_status":"open","template":"","meta":[],"_links":{"self":[{"href":"http:\/\/museumek.eu\/index.php?rest_route=\/wp\/v2\/pages\/53811"}],"collection":[{"href":"http:\/\/museumek.eu\/index.php?rest_route=\/wp\/v2\/pages"}],"about":[{"href":"http:\/\/museumek.eu\/index.php?rest_route=\/wp\/v2\/types\/page"}],"author":[{"embeddable":true,"href":"http:\/\/museumek.eu\/index.php?rest_route=\/wp\/v2\/users\/1"}],"replies":[{"embeddable":true,"href":"http:\/\/museumek.eu\/index.php?rest_route=%2Fwp%2Fv2%2Fcomments&post=53811"}],"version-history":[{"count":2,"href":"http:\/\/museumek.eu\/index.php?rest_route=\/wp\/v2\/pages\/53811\/revisions"}],"predecessor-version":[{"id":53813,"href":"http:\/\/museumek.eu\/index.php?rest_route=\/wp\/v2\/pages\/53811\/revisions\/53813"}],"up":[{"embeddable":true,"href":"http:\/\/museumek.eu\/index.php?rest_route=\/wp\/v2\/pages\/41083"}],"wp:attachment":[{"href":"http:\/\/museumek.eu\/index.php?rest_route=%2Fwp%2Fv2%2Fmedia&parent=53811"}],"curies":[{"name":"wp","href":"https:\/\/api.w.org\/{rel}","templated":true}]}}