{"id":53967,"date":"2021-03-07T12:12:05","date_gmt":"2021-03-07T11:12:05","guid":{"rendered":"http:\/\/museumek.eu\/?page_id=53967"},"modified":"2021-03-07T12:13:45","modified_gmt":"2021-03-07T11:13:45","slug":"alx2","status":"publish","type":"page","link":"http:\/\/museumek.eu\/?page_id=53967","title":{"rendered":"A\/LX\/2"},"content":{"rendered":"<p><strong>Abteilung Austria, Keramik 1860 \u2013 1960, Inventarnummer A\/LX\/2<\/strong><\/p>\n<p>Porzellanfabrik &#8222;Victoria&#8220; AG, vormals Porzellanfabrik &#8222;Victoria&#8220; Schmidt &#038; Co. OHG, Austria, Alt Rohlau, vor 1945, Kanne, K\u00fcnstler unbekannt, Werks.-Nr. ohne, Exemplar Nr. ohne, gemarkt Firmenmarke Krone, darunter VICTORIA, darunter Schn\u00f6rkel ST Schn\u00f6rkel (nicht gedeutet) gr\u00fcner Stempel unter Glasur, 270 in Silber auf Glasur gestempelt sowie 1200 und 2 gepresst, nicht signiert, Literatur: Dieter Z\u00fchlsdorff, Markenlexikon Band 1, Porzellan und Keramik Report 1885 &#8211; 1935, Seite 199, Werk-Teil 1., Gruppennummer 2., laufende Nummer innerhalb der Gruppe 1941, identische Marke (dort mit dem Zusatz Czechoslovakia, dort g\u00fcltig f\u00fcr die Zeit ab 1930) sowie Seite 466, Werk-Teil 3., laufende Nummer des Werkteils 37, dort kurze Beschreibung der Fabrik, weitere Literatur, Ludwig Danckert, Handbuch des Europ\u00e4ischen Porzellans, 7. Auflage, Seite 31, kurze Beschreibung der Fabrik sowie Seite 32, Abbildung der identischen Marke (ohne Schn\u00f6rkel ST Schn\u00f6rkel), die Porzellanfabrik wurde 1883 in Altrohlau gegr\u00fcndet, Firmierung Porzellanfabrik &#8222;Victoria&#8220; Schmidt &#038; Co. OHG, 1927 wurde die Fabrik in eine AG umgewandelt, Firmierung Porzellanfabrik &#8222;Victoria&#8220; AG, die Fabrik produzierte vorwiegend Service und Luxusartikel, 1893 erhielt die Fabrik die h\u00f6chste auszeichnung auf der Weltausstellung in Chicago, wann die Fabrik in die  EPIAG eingeliedert wurde, ist nicht bekannt, H\u00f6he 22,5 cm, Breite 25 cm<\/p>\n<p><a href=\"http:\/\/museumek.eu\/?attachment_id=53951\" rel=\"attachment wp-att-53951\"><img loading=\"lazy\" src=\"http:\/\/museumek.eu\/wp-content\/uploads\/2021\/02\/Victoria-art-deco-Kanne-1-300x288.jpg\" alt=\"\" title=\"Victoria art deco Kanne 1\" width=\"300\" height=\"288\" class=\"alignnone size-medium wp-image-53951\" srcset=\"http:\/\/museumek.eu\/wp-content\/uploads\/2021\/02\/Victoria-art-deco-Kanne-1-300x288.jpg 300w, http:\/\/museumek.eu\/wp-content\/uploads\/2021\/02\/Victoria-art-deco-Kanne-1-150x144.jpg 150w, http:\/\/museumek.eu\/wp-content\/uploads\/2021\/02\/Victoria-art-deco-Kanne-1-311x300.jpg 311w, http:\/\/museumek.eu\/wp-content\/uploads\/2021\/02\/Victoria-art-deco-Kanne-1.jpg 759w\" sizes=\"(max-width: 300px) 100vw, 300px\" \/><\/a><\/p>\n<p><a href=\"http:\/\/museumek.eu\/?attachment_id=53952\" rel=\"attachment wp-att-53952\"><img loading=\"lazy\" src=\"http:\/\/museumek.eu\/wp-content\/uploads\/2021\/02\/Victoria-art-deco-Kanne-2-297x300.jpg\" alt=\"\" title=\"Victoria art deco Kanne 2\" width=\"297\" height=\"300\" class=\"alignnone size-medium wp-image-53952\" srcset=\"http:\/\/museumek.eu\/wp-content\/uploads\/2021\/02\/Victoria-art-deco-Kanne-2-297x300.jpg 297w, http:\/\/museumek.eu\/wp-content\/uploads\/2021\/02\/Victoria-art-deco-Kanne-2-148x150.jpg 148w, http:\/\/museumek.eu\/wp-content\/uploads\/2021\/02\/Victoria-art-deco-Kanne-2.jpg 706w\" sizes=\"(max-width: 297px) 100vw, 297px\" \/><\/a><\/p>\n<p><a href=\"http:\/\/museumek.eu\/?attachment_id=53954\" rel=\"attachment wp-att-53954\"><img loading=\"lazy\" src=\"http:\/\/museumek.eu\/wp-content\/uploads\/2021\/02\/Victoria-art-deco-Kanne-3-192x300.jpg\" alt=\"\" title=\"Victoria art deco Kanne 3\" width=\"192\" height=\"300\" class=\"alignnone size-medium wp-image-53954\" srcset=\"http:\/\/museumek.eu\/wp-content\/uploads\/2021\/02\/Victoria-art-deco-Kanne-3-192x300.jpg 192w, http:\/\/museumek.eu\/wp-content\/uploads\/2021\/02\/Victoria-art-deco-Kanne-3-96x150.jpg 96w, http:\/\/museumek.eu\/wp-content\/uploads\/2021\/02\/Victoria-art-deco-Kanne-3.jpg 465w\" sizes=\"(max-width: 192px) 100vw, 192px\" \/><\/a><\/p>\n<p><a href=\"http:\/\/museumek.eu\/?attachment_id=53955\" rel=\"attachment wp-att-53955\"><img loading=\"lazy\" src=\"http:\/\/museumek.eu\/wp-content\/uploads\/2021\/02\/Victoria-art-deco-Kanne-4-200x300.jpg\" alt=\"\" title=\"Victoria art deco Kanne 4\" width=\"200\" height=\"300\" class=\"alignnone size-medium wp-image-53955\" srcset=\"http:\/\/museumek.eu\/wp-content\/uploads\/2021\/02\/Victoria-art-deco-Kanne-4-200x300.jpg 200w, http:\/\/museumek.eu\/wp-content\/uploads\/2021\/02\/Victoria-art-deco-Kanne-4-100x150.jpg 100w, http:\/\/museumek.eu\/wp-content\/uploads\/2021\/02\/Victoria-art-deco-Kanne-4.jpg 472w\" sizes=\"(max-width: 200px) 100vw, 200px\" \/><\/a><\/p>\n<p><a href=\"http:\/\/museumek.eu\/?attachment_id=53956\" rel=\"attachment wp-att-53956\"><img loading=\"lazy\" src=\"http:\/\/museumek.eu\/wp-content\/uploads\/2021\/02\/Victoria-art-deco-Kanne-5-173x300.jpg\" alt=\"\" title=\"Victoria art deco Kanne 5\" width=\"173\" height=\"300\" class=\"alignnone size-medium wp-image-53956\" srcset=\"http:\/\/museumek.eu\/wp-content\/uploads\/2021\/02\/Victoria-art-deco-Kanne-5-173x300.jpg 173w, http:\/\/museumek.eu\/wp-content\/uploads\/2021\/02\/Victoria-art-deco-Kanne-5-86x150.jpg 86w, http:\/\/museumek.eu\/wp-content\/uploads\/2021\/02\/Victoria-art-deco-Kanne-5.jpg 421w\" sizes=\"(max-width: 173px) 100vw, 173px\" \/><\/a><\/p>\n<p><a href=\"http:\/\/museumek.eu\/?attachment_id=53957\" rel=\"attachment wp-att-53957\"><img loading=\"lazy\" src=\"http:\/\/museumek.eu\/wp-content\/uploads\/2021\/02\/Victoria-art-deco-Kanne-6-300x262.jpg\" alt=\"\" title=\"Victoria art deco Kanne 6\" width=\"300\" height=\"262\" class=\"alignnone size-medium wp-image-53957\" srcset=\"http:\/\/museumek.eu\/wp-content\/uploads\/2021\/02\/Victoria-art-deco-Kanne-6-300x262.jpg 300w, http:\/\/museumek.eu\/wp-content\/uploads\/2021\/02\/Victoria-art-deco-Kanne-6-150x131.jpg 150w, http:\/\/museumek.eu\/wp-content\/uploads\/2021\/02\/Victoria-art-deco-Kanne-6-342x300.jpg 342w, http:\/\/museumek.eu\/wp-content\/uploads\/2021\/02\/Victoria-art-deco-Kanne-6.jpg 822w\" sizes=\"(max-width: 300px) 100vw, 300px\" \/><\/a><\/p>\n<p><a href=\"http:\/\/museumek.eu\/?attachment_id=53958\" rel=\"attachment wp-att-53958\"><img loading=\"lazy\" src=\"http:\/\/museumek.eu\/wp-content\/uploads\/2021\/02\/Victoria-art-deco-Kanne-7-300x285.jpg\" alt=\"\" title=\"Victoria art deco Kanne 7\" width=\"300\" height=\"285\" class=\"alignnone size-medium wp-image-53958\" srcset=\"http:\/\/museumek.eu\/wp-content\/uploads\/2021\/02\/Victoria-art-deco-Kanne-7-300x285.jpg 300w, http:\/\/museumek.eu\/wp-content\/uploads\/2021\/02\/Victoria-art-deco-Kanne-7-150x142.jpg 150w, http:\/\/museumek.eu\/wp-content\/uploads\/2021\/02\/Victoria-art-deco-Kanne-7-315x300.jpg 315w, http:\/\/museumek.eu\/wp-content\/uploads\/2021\/02\/Victoria-art-deco-Kanne-7.jpg 757w\" sizes=\"(max-width: 300px) 100vw, 300px\" \/><\/a><\/p>\n<p><a href=\"http:\/\/museumek.eu\/?attachment_id=53959\" rel=\"attachment wp-att-53959\"><img loading=\"lazy\" src=\"http:\/\/museumek.eu\/wp-content\/uploads\/2021\/02\/Victoria-art-deco-Kanne-8-248x300.jpg\" alt=\"\" title=\"Victoria art deco Kanne 8\" width=\"248\" height=\"300\" class=\"alignnone size-medium wp-image-53959\" srcset=\"http:\/\/museumek.eu\/wp-content\/uploads\/2021\/02\/Victoria-art-deco-Kanne-8-248x300.jpg 248w, http:\/\/museumek.eu\/wp-content\/uploads\/2021\/02\/Victoria-art-deco-Kanne-8-124x150.jpg 124w, http:\/\/museumek.eu\/wp-content\/uploads\/2021\/02\/Victoria-art-deco-Kanne-8.jpg 561w\" sizes=\"(max-width: 248px) 100vw, 248px\" \/><\/a><\/p>\n<p><a href=\"http:\/\/museumek.eu\/?attachment_id=53960\" rel=\"attachment wp-att-53960\"><img loading=\"lazy\" src=\"http:\/\/museumek.eu\/wp-content\/uploads\/2021\/02\/Victoria-art-deco-Kanne-9-300x263.jpg\" alt=\"\" title=\"Victoria art deco Kanne 9\" width=\"300\" height=\"263\" class=\"alignnone size-medium wp-image-53960\" srcset=\"http:\/\/museumek.eu\/wp-content\/uploads\/2021\/02\/Victoria-art-deco-Kanne-9-300x263.jpg 300w, http:\/\/museumek.eu\/wp-content\/uploads\/2021\/02\/Victoria-art-deco-Kanne-9-150x131.jpg 150w, http:\/\/museumek.eu\/wp-content\/uploads\/2021\/02\/Victoria-art-deco-Kanne-9-341x300.jpg 341w, http:\/\/museumek.eu\/wp-content\/uploads\/2021\/02\/Victoria-art-deco-Kanne-9.jpg 698w\" sizes=\"(max-width: 300px) 100vw, 300px\" \/><\/a><\/p>\n<p><a href=\"http:\/\/museumek.eu\/?attachment_id=53961\" rel=\"attachment wp-att-53961\"><img loading=\"lazy\" src=\"http:\/\/museumek.eu\/wp-content\/uploads\/2021\/02\/Victoria-art-deco-Kanne-10-300x170.jpg\" alt=\"\" title=\"Victoria art deco Kanne 10\" width=\"300\" height=\"170\" class=\"alignnone size-medium wp-image-53961\" srcset=\"http:\/\/museumek.eu\/wp-content\/uploads\/2021\/02\/Victoria-art-deco-Kanne-10-300x170.jpg 300w, http:\/\/museumek.eu\/wp-content\/uploads\/2021\/02\/Victoria-art-deco-Kanne-10-150x85.jpg 150w, http:\/\/museumek.eu\/wp-content\/uploads\/2021\/02\/Victoria-art-deco-Kanne-10-500x283.jpg 500w, http:\/\/museumek.eu\/wp-content\/uploads\/2021\/02\/Victoria-art-deco-Kanne-10.jpg 531w\" sizes=\"(max-width: 300px) 100vw, 300px\" \/><\/a><\/p>\n<p><a href=\"http:\/\/museumek.eu\/?attachment_id=53962\" rel=\"attachment wp-att-53962\"><img loading=\"lazy\" src=\"http:\/\/museumek.eu\/wp-content\/uploads\/2021\/02\/Victoria-art-deco-Kanne-11-300x235.jpg\" alt=\"\" title=\"Victoria art deco Kanne 11\" width=\"300\" height=\"235\" class=\"alignnone size-medium wp-image-53962\" srcset=\"http:\/\/museumek.eu\/wp-content\/uploads\/2021\/02\/Victoria-art-deco-Kanne-11-300x235.jpg 300w, http:\/\/museumek.eu\/wp-content\/uploads\/2021\/02\/Victoria-art-deco-Kanne-11-150x117.jpg 150w, http:\/\/museumek.eu\/wp-content\/uploads\/2021\/02\/Victoria-art-deco-Kanne-11-382x300.jpg 382w, http:\/\/museumek.eu\/wp-content\/uploads\/2021\/02\/Victoria-art-deco-Kanne-11.jpg 868w\" sizes=\"(max-width: 300px) 100vw, 300px\" \/><\/a><\/p>\n","protected":false},"excerpt":{"rendered":"<p>Abteilung Austria, Keramik 1860 \u2013 1960, Inventarnummer A\/LX\/2 Porzellanfabrik &#8222;Victoria&#8220; AG, vormals Porzellanfabrik &#8222;Victoria&#8220; Schmidt &#038; Co. OHG, Austria, Alt Rohlau, vor 1945, Kanne, K\u00fcnstler unbekannt, Werks.-Nr. ohne, Exemplar Nr. ohne, gemarkt Firmenmarke Krone, darunter VICTORIA, darunter Schn\u00f6rkel ST Schn\u00f6rkel &hellip; <a href=\"http:\/\/museumek.eu\/?page_id=53967\">Weiterlesen <span class=\"meta-nav\">&rarr;<\/span><\/a><\/p>\n","protected":false},"author":1,"featured_media":0,"parent":53626,"menu_order":2,"comment_status":"closed","ping_status":"open","template":"","meta":[],"_links":{"self":[{"href":"http:\/\/museumek.eu\/index.php?rest_route=\/wp\/v2\/pages\/53967"}],"collection":[{"href":"http:\/\/museumek.eu\/index.php?rest_route=\/wp\/v2\/pages"}],"about":[{"href":"http:\/\/museumek.eu\/index.php?rest_route=\/wp\/v2\/types\/page"}],"author":[{"embeddable":true,"href":"http:\/\/museumek.eu\/index.php?rest_route=\/wp\/v2\/users\/1"}],"replies":[{"embeddable":true,"href":"http:\/\/museumek.eu\/index.php?rest_route=%2Fwp%2Fv2%2Fcomments&post=53967"}],"version-history":[{"count":5,"href":"http:\/\/museumek.eu\/index.php?rest_route=\/wp\/v2\/pages\/53967\/revisions"}],"predecessor-version":[{"id":53972,"href":"http:\/\/museumek.eu\/index.php?rest_route=\/wp\/v2\/pages\/53967\/revisions\/53972"}],"up":[{"embeddable":true,"href":"http:\/\/museumek.eu\/index.php?rest_route=\/wp\/v2\/pages\/53626"}],"wp:attachment":[{"href":"http:\/\/museumek.eu\/index.php?rest_route=%2Fwp%2Fv2%2Fmedia&parent=53967"}],"curies":[{"name":"wp","href":"https:\/\/api.w.org\/{rel}","templated":true}]}}