{"id":5402,"date":"2011-09-30T17:18:16","date_gmt":"2011-09-30T15:18:16","guid":{"rendered":"http:\/\/museumek.eu\/?page_id=5402"},"modified":"2013-04-25T21:12:43","modified_gmt":"2013-04-25T19:12:43","slug":"kurzbiografie-und-inventar-zum-kunstler","status":"publish","type":"page","link":"http:\/\/museumek.eu\/?page_id=5402","title":{"rendered":"Kurzbiografie und Inventar zum K\u00fcnstler"},"content":{"rendered":"<p>\u00dcber den K\u00fcnstler Hahn konnten keine Lebensdaten recherchiert werden. Evtl. \u00edst Hahn auch ein Pseudonym. \u00cdm Goldscheider Werkverzeichnis stehen auch keinerlei Angaben zum K\u00fcnstler.<\/p>\n<p><strong>Abteilung Austria\/Ungarn\/B\u00f6hmen, Keramik 1860 \u2013 1960, Inventarnummer A\/I\/64<\/strong><\/p>\n<p>Friedrich Goldscheider, Austria, Wien, um 1927, Figur Chinesischer M\u00f6nch, K\u00fcnstler Hahn, Werks.-Nr. 5672\/Exemplar Nr. 2 \/Modelleur Nr. 10, gemarkt Goldscheider Wien, Made in Austria, Hand &#8211; Decorated, Malermarke L schwarz gemalt , 5672 sowie 2 im Quadrat geritzt, signiert Hahn geritzt, Literatur: Robert E. Dechant\/Filipp Goldscheider, Firmengeschichte und Werkverzeichnis, Seite 413 dort unvollst\u00e4ndig und<br \/>\nohne Foto erfasst, H\u00f6he 19,8 cm, Breite 10,8 cm<\/p>\n<p><a href=\"http:\/\/museumek.eu\/wp-content\/uploads\/2011\/09\/Museum-Europ\u00e4ischer-Keramikkunst-1166.jpg\"><img loading=\"lazy\" src=\"http:\/\/museumek.eu\/wp-content\/uploads\/2011\/09\/Museum-Europ\u00e4ischer-Keramikkunst-1166-174x300.jpg\" alt=\"\" title=\"Museum Europ\u00e4ischer Keramikkunst 1166\" width=\"174\" height=\"300\" class=\"alignnone size-medium wp-image-5388\" srcset=\"http:\/\/museumek.eu\/wp-content\/uploads\/2011\/09\/Museum-Europ\u00e4ischer-Keramikkunst-1166-174x300.jpg 174w, http:\/\/museumek.eu\/wp-content\/uploads\/2011\/09\/Museum-Europ\u00e4ischer-Keramikkunst-1166.jpg 502w\" sizes=\"(max-width: 174px) 100vw, 174px\" \/><\/a><\/p>\n<p><a href=\"http:\/\/museumek.eu\/wp-content\/uploads\/2011\/09\/Museum-Europ\u00e4ischer-Keramikkunst-11151.jpg\"><img loading=\"lazy\" src=\"http:\/\/museumek.eu\/wp-content\/uploads\/2011\/09\/Museum-Europ\u00e4ischer-Keramikkunst-11151-157x300.jpg\" alt=\"\" title=\"Museum Europ\u00e4ischer Keramikkunst 1115\" width=\"157\" height=\"300\" class=\"alignnone size-medium wp-image-5390\" srcset=\"http:\/\/museumek.eu\/wp-content\/uploads\/2011\/09\/Museum-Europ\u00e4ischer-Keramikkunst-11151-157x300.jpg 157w, http:\/\/museumek.eu\/wp-content\/uploads\/2011\/09\/Museum-Europ\u00e4ischer-Keramikkunst-11151.jpg 494w\" sizes=\"(max-width: 157px) 100vw, 157px\" \/><\/a><\/p>\n<p><a href=\"http:\/\/museumek.eu\/wp-content\/uploads\/2011\/09\/Museum-Europ\u00e4ischer-Keramikkunst-1117.jpg\"><img loading=\"lazy\" src=\"http:\/\/museumek.eu\/wp-content\/uploads\/2011\/09\/Museum-Europ\u00e4ischer-Keramikkunst-1117-300x241.jpg\" alt=\"\" title=\"Museum Europ\u00e4ischer Keramikkunst 1117\" width=\"300\" height=\"241\" class=\"alignnone size-medium wp-image-5391\" srcset=\"http:\/\/museumek.eu\/wp-content\/uploads\/2011\/09\/Museum-Europ\u00e4ischer-Keramikkunst-1117-300x241.jpg 300w, http:\/\/museumek.eu\/wp-content\/uploads\/2011\/09\/Museum-Europ\u00e4ischer-Keramikkunst-1117-373x300.jpg 373w, http:\/\/museumek.eu\/wp-content\/uploads\/2011\/09\/Museum-Europ\u00e4ischer-Keramikkunst-1117.jpg 576w\" sizes=\"(max-width: 300px) 100vw, 300px\" \/><\/a><\/p>\n<p><a href=\"http:\/\/museumek.eu\/wp-content\/uploads\/2011\/09\/Museum-Europ\u00e4ischer-Keramikkunst-1167.jpg\"><img loading=\"lazy\" src=\"http:\/\/museumek.eu\/wp-content\/uploads\/2011\/09\/Museum-Europ\u00e4ischer-Keramikkunst-1167-264x300.jpg\" alt=\"\" title=\"Museum Europ\u00e4ischer Keramikkunst 1167\" width=\"264\" height=\"300\" class=\"alignnone size-medium wp-image-5392\" srcset=\"http:\/\/museumek.eu\/wp-content\/uploads\/2011\/09\/Museum-Europ\u00e4ischer-Keramikkunst-1167-264x300.jpg 264w, http:\/\/museumek.eu\/wp-content\/uploads\/2011\/09\/Museum-Europ\u00e4ischer-Keramikkunst-1167.jpg 374w\" sizes=\"(max-width: 264px) 100vw, 264px\" \/><\/a><\/p>\n<p><a href=\"http:\/\/museumek.eu\/wp-content\/uploads\/2011\/09\/Museum-Europ\u00e4ischer-Keramikkunst-1119.jpg\"><img loading=\"lazy\" src=\"http:\/\/museumek.eu\/wp-content\/uploads\/2011\/09\/Museum-Europ\u00e4ischer-Keramikkunst-1119-300x266.jpg\" alt=\"\" title=\"Museum Europ\u00e4ischer Keramikkunst 1119\" width=\"300\" height=\"266\" class=\"alignnone size-medium wp-image-5393\" srcset=\"http:\/\/museumek.eu\/wp-content\/uploads\/2011\/09\/Museum-Europ\u00e4ischer-Keramikkunst-1119-300x266.jpg 300w, http:\/\/museumek.eu\/wp-content\/uploads\/2011\/09\/Museum-Europ\u00e4ischer-Keramikkunst-1119-337x300.jpg 337w, http:\/\/museumek.eu\/wp-content\/uploads\/2011\/09\/Museum-Europ\u00e4ischer-Keramikkunst-1119.jpg 454w\" sizes=\"(max-width: 300px) 100vw, 300px\" \/><\/a><\/p>\n<p><a href=\"http:\/\/museumek.eu\/wp-content\/uploads\/2011\/09\/Museum-Europ\u00e4ischer-Keramikkunst-1170.jpg\"><img loading=\"lazy\" src=\"http:\/\/museumek.eu\/wp-content\/uploads\/2011\/09\/Museum-Europ\u00e4ischer-Keramikkunst-1170-300x148.jpg\" alt=\"\" title=\"Museum Europ\u00e4ischer Keramikkunst 1170\" width=\"300\" height=\"148\" class=\"alignnone size-medium wp-image-5394\" srcset=\"http:\/\/museumek.eu\/wp-content\/uploads\/2011\/09\/Museum-Europ\u00e4ischer-Keramikkunst-1170-300x148.jpg 300w, http:\/\/museumek.eu\/wp-content\/uploads\/2011\/09\/Museum-Europ\u00e4ischer-Keramikkunst-1170-500x248.jpg 500w, http:\/\/museumek.eu\/wp-content\/uploads\/2011\/09\/Museum-Europ\u00e4ischer-Keramikkunst-1170.jpg 576w\" sizes=\"(max-width: 300px) 100vw, 300px\" \/><\/a><\/p>\n","protected":false},"excerpt":{"rendered":"<p>\u00dcber den K\u00fcnstler Hahn konnten keine Lebensdaten recherchiert werden. Evtl. \u00edst Hahn auch ein Pseudonym. \u00cdm Goldscheider Werkverzeichnis stehen auch keinerlei Angaben zum K\u00fcnstler. Abteilung Austria\/Ungarn\/B\u00f6hmen, Keramik 1860 \u2013 1960, Inventarnummer A\/I\/64 Friedrich Goldscheider, Austria, Wien, um 1927, Figur Chinesischer &hellip; <a href=\"http:\/\/museumek.eu\/?page_id=5402\">Weiterlesen <span class=\"meta-nav\">&rarr;<\/span><\/a><\/p>\n","protected":false},"author":1,"featured_media":0,"parent":5399,"menu_order":0,"comment_status":"closed","ping_status":"closed","template":"","meta":[],"_links":{"self":[{"href":"http:\/\/museumek.eu\/index.php?rest_route=\/wp\/v2\/pages\/5402"}],"collection":[{"href":"http:\/\/museumek.eu\/index.php?rest_route=\/wp\/v2\/pages"}],"about":[{"href":"http:\/\/museumek.eu\/index.php?rest_route=\/wp\/v2\/types\/page"}],"author":[{"embeddable":true,"href":"http:\/\/museumek.eu\/index.php?rest_route=\/wp\/v2\/users\/1"}],"replies":[{"embeddable":true,"href":"http:\/\/museumek.eu\/index.php?rest_route=%2Fwp%2Fv2%2Fcomments&post=5402"}],"version-history":[{"count":4,"href":"http:\/\/museumek.eu\/index.php?rest_route=\/wp\/v2\/pages\/5402\/revisions"}],"predecessor-version":[{"id":20491,"href":"http:\/\/museumek.eu\/index.php?rest_route=\/wp\/v2\/pages\/5402\/revisions\/20491"}],"up":[{"embeddable":true,"href":"http:\/\/museumek.eu\/index.php?rest_route=\/wp\/v2\/pages\/5399"}],"wp:attachment":[{"href":"http:\/\/museumek.eu\/index.php?rest_route=%2Fwp%2Fv2%2Fmedia&parent=5402"}],"curies":[{"name":"wp","href":"https:\/\/api.w.org\/{rel}","templated":true}]}}