{"id":54026,"date":"2021-03-07T14:39:27","date_gmt":"2021-03-07T13:39:27","guid":{"rendered":"http:\/\/museumek.eu\/?page_id=54026"},"modified":"2021-03-07T15:48:19","modified_gmt":"2021-03-07T14:48:19","slug":"fotos-und-beschreibung","status":"publish","type":"page","link":"http:\/\/museumek.eu\/?page_id=54026","title":{"rendered":"Fotos und Beschreibung"},"content":{"rendered":"<p><strong>Abteilung Austria, Keramik 1860 \u2013 1960, Inventarnummer A\/LXII\/1<\/strong><\/p>\n<p>Porzellanfabrik J. S. Maier &#038; Comp., Austria, Chodau, dann Poschetzau, 1920 &#8211; 1939, Zuckerdose, K\u00fcnstler unbekannt, Werks.-Nr. ohne, Exemplar Nr. ohne, gemarkt Firmenmarke mit Krone, darunter in einem Wappenrahmen mittig l\u00e4ngs ein Unterarm mit einer Fackel, links daneben M (f\u00fcr Maier) darunter P (f\u00fcr Porzellanfabrik), rechts neben der Fackel C (f\u00fcr Chodau), unter dem Rahmen CZECHOSLOVAKIA hellgr\u00fcner Stempel sowie 343 und 6 gepresst, im Deckel 3225 und 3 dunkelrot auf Glasur gemalt, nicht signiert, Literatur: Dieter Z\u00fchlsdorff, Markenlexikon Band 1, Porzellan und Keramik Report 1885 &#8211; 1935, Seite 271, Werkteil-Nummer 1., Gruppen-Nummer 4. fortlaufende Nummer innerhalb der Gruppe 637 identische Marke (g\u00fcltig f\u00fcr die Zeit 1920 &#8211; 1939) sowie Seite 484, Werk-Teil 3., laufende Nummer des Werkteils 206, dort kurze Beschreibung der Fabrik, 1890 gr\u00fcndet J. S. Maier eine Porzellanmalerei in Chodau, noch vor 1910 beginnt er mit der eigenen Porzellanproduktion, Firmierung wohl ab da Porzellanfabrik J. S. Maier &#038; Comp., um 1920 verlegt er den Firmensitz nach Poschetzau bei Chodau, produziert werden vorwiegend Gebrauchsgeschirre mit und ohne Dekoration, H\u00f6he 13,5, Breite 18 cm<\/p>\n<p><a href=\"http:\/\/museumek.eu\/?attachment_id=54029\" rel=\"attachment wp-att-54029\"><img loading=\"lazy\" src=\"http:\/\/museumek.eu\/wp-content\/uploads\/2021\/03\/Porzellanfabrik-Mayer-Chodau-1-300x253.jpg\" alt=\"\" title=\"Porzellanfabrik Mayer Chodau 1\" width=\"300\" height=\"253\" class=\"alignnone size-medium wp-image-54029\" srcset=\"http:\/\/museumek.eu\/wp-content\/uploads\/2021\/03\/Porzellanfabrik-Mayer-Chodau-1-300x253.jpg 300w, http:\/\/museumek.eu\/wp-content\/uploads\/2021\/03\/Porzellanfabrik-Mayer-Chodau-1-150x126.jpg 150w, http:\/\/museumek.eu\/wp-content\/uploads\/2021\/03\/Porzellanfabrik-Mayer-Chodau-1-354x300.jpg 354w, http:\/\/museumek.eu\/wp-content\/uploads\/2021\/03\/Porzellanfabrik-Mayer-Chodau-1.jpg 567w\" sizes=\"(max-width: 300px) 100vw, 300px\" \/><\/a><\/p>\n<p><a href=\"http:\/\/museumek.eu\/?attachment_id=54030\" rel=\"attachment wp-att-54030\"><img loading=\"lazy\" src=\"http:\/\/museumek.eu\/wp-content\/uploads\/2021\/03\/Porzellanfabrik-Mayer-Chodau-2-288x300.jpg\" alt=\"\" title=\"Porzellanfabrik Mayer Chodau 2\" width=\"288\" height=\"300\" class=\"alignnone size-medium wp-image-54030\" srcset=\"http:\/\/museumek.eu\/wp-content\/uploads\/2021\/03\/Porzellanfabrik-Mayer-Chodau-2-288x300.jpg 288w, http:\/\/museumek.eu\/wp-content\/uploads\/2021\/03\/Porzellanfabrik-Mayer-Chodau-2-144x150.jpg 144w, http:\/\/museumek.eu\/wp-content\/uploads\/2021\/03\/Porzellanfabrik-Mayer-Chodau-2.jpg 480w\" sizes=\"(max-width: 288px) 100vw, 288px\" \/><\/a><\/p>\n<p><a href=\"http:\/\/museumek.eu\/?attachment_id=54031\" rel=\"attachment wp-att-54031\"><img loading=\"lazy\" src=\"http:\/\/museumek.eu\/wp-content\/uploads\/2021\/03\/Porzellanfabrik-Mayer-Chodau-3-212x300.jpg\" alt=\"\" title=\"Porzellanfabrik Mayer Chodau 3\" width=\"212\" height=\"300\" class=\"alignnone size-medium wp-image-54031\" srcset=\"http:\/\/museumek.eu\/wp-content\/uploads\/2021\/03\/Porzellanfabrik-Mayer-Chodau-3-212x300.jpg 212w, http:\/\/museumek.eu\/wp-content\/uploads\/2021\/03\/Porzellanfabrik-Mayer-Chodau-3-106x150.jpg 106w, http:\/\/museumek.eu\/wp-content\/uploads\/2021\/03\/Porzellanfabrik-Mayer-Chodau-3.jpg 454w\" sizes=\"(max-width: 212px) 100vw, 212px\" \/><\/a><\/p>\n<p><a href=\"http:\/\/museumek.eu\/?attachment_id=54032\" rel=\"attachment wp-att-54032\"><img loading=\"lazy\" src=\"http:\/\/museumek.eu\/wp-content\/uploads\/2021\/03\/Porzellanfabrik-Mayer-Chodau-4-300x292.jpg\" alt=\"\" title=\"Porzellanfabrik Mayer Chodau 4\" width=\"300\" height=\"292\" class=\"alignnone size-medium wp-image-54032\" srcset=\"http:\/\/museumek.eu\/wp-content\/uploads\/2021\/03\/Porzellanfabrik-Mayer-Chodau-4-300x292.jpg 300w, http:\/\/museumek.eu\/wp-content\/uploads\/2021\/03\/Porzellanfabrik-Mayer-Chodau-4-150x146.jpg 150w, http:\/\/museumek.eu\/wp-content\/uploads\/2021\/03\/Porzellanfabrik-Mayer-Chodau-4-308x300.jpg 308w, http:\/\/museumek.eu\/wp-content\/uploads\/2021\/03\/Porzellanfabrik-Mayer-Chodau-4.jpg 493w\" sizes=\"(max-width: 300px) 100vw, 300px\" \/><\/a><\/p>\n<p><a href=\"http:\/\/museumek.eu\/?attachment_id=54033\" rel=\"attachment wp-att-54033\"><img loading=\"lazy\" src=\"http:\/\/museumek.eu\/wp-content\/uploads\/2021\/03\/Porzellanfabrik-Mayer-Chodau-5-300x224.jpg\" alt=\"\" title=\"Porzellanfabrik Mayer Chodau 5\" width=\"300\" height=\"224\" class=\"alignnone size-medium wp-image-54033\" srcset=\"http:\/\/museumek.eu\/wp-content\/uploads\/2021\/03\/Porzellanfabrik-Mayer-Chodau-5-300x224.jpg 300w, http:\/\/museumek.eu\/wp-content\/uploads\/2021\/03\/Porzellanfabrik-Mayer-Chodau-5-150x112.jpg 150w, http:\/\/museumek.eu\/wp-content\/uploads\/2021\/03\/Porzellanfabrik-Mayer-Chodau-5-401x300.jpg 401w, http:\/\/museumek.eu\/wp-content\/uploads\/2021\/03\/Porzellanfabrik-Mayer-Chodau-5.jpg 640w\" sizes=\"(max-width: 300px) 100vw, 300px\" \/><\/a><\/p>\n<p><a href=\"http:\/\/museumek.eu\/?attachment_id=54034\" rel=\"attachment wp-att-54034\"><img loading=\"lazy\" src=\"http:\/\/museumek.eu\/wp-content\/uploads\/2021\/03\/Porzellanfabrik-Mayer-Chodau-6-245x300.jpg\" alt=\"\" title=\"Porzellanfabrik Mayer Chodau 6\" width=\"245\" height=\"300\" class=\"alignnone size-medium wp-image-54034\" srcset=\"http:\/\/museumek.eu\/wp-content\/uploads\/2021\/03\/Porzellanfabrik-Mayer-Chodau-6-245x300.jpg 245w, http:\/\/museumek.eu\/wp-content\/uploads\/2021\/03\/Porzellanfabrik-Mayer-Chodau-6-122x150.jpg 122w, http:\/\/museumek.eu\/wp-content\/uploads\/2021\/03\/Porzellanfabrik-Mayer-Chodau-6.jpg 480w\" sizes=\"(max-width: 245px) 100vw, 245px\" \/><\/a><\/p>\n<p><a href=\"http:\/\/museumek.eu\/?attachment_id=54035\" rel=\"attachment wp-att-54035\"><img loading=\"lazy\" src=\"http:\/\/museumek.eu\/wp-content\/uploads\/2021\/03\/Porzellanfabrik-Mayer-Chodau-7-300x173.jpg\" alt=\"\" title=\"Porzellanfabrik Mayer Chodau 7\" width=\"300\" height=\"173\" class=\"alignnone size-medium wp-image-54035\" srcset=\"http:\/\/museumek.eu\/wp-content\/uploads\/2021\/03\/Porzellanfabrik-Mayer-Chodau-7-300x173.jpg 300w, http:\/\/museumek.eu\/wp-content\/uploads\/2021\/03\/Porzellanfabrik-Mayer-Chodau-7-150x86.jpg 150w, http:\/\/museumek.eu\/wp-content\/uploads\/2021\/03\/Porzellanfabrik-Mayer-Chodau-7-500x289.jpg 500w, http:\/\/museumek.eu\/wp-content\/uploads\/2021\/03\/Porzellanfabrik-Mayer-Chodau-7.jpg 640w\" sizes=\"(max-width: 300px) 100vw, 300px\" \/><\/a><\/p>\n","protected":false},"excerpt":{"rendered":"<p>Abteilung Austria, Keramik 1860 \u2013 1960, Inventarnummer A\/LXII\/1 Porzellanfabrik J. S. Maier &#038; Comp., Austria, Chodau, dann Poschetzau, 1920 &#8211; 1939, Zuckerdose, K\u00fcnstler unbekannt, Werks.-Nr. ohne, Exemplar Nr. ohne, gemarkt Firmenmarke mit Krone, darunter in einem Wappenrahmen mittig l\u00e4ngs ein &hellip; <a href=\"http:\/\/museumek.eu\/?page_id=54026\">Weiterlesen <span class=\"meta-nav\">&rarr;<\/span><\/a><\/p>\n","protected":false},"author":1,"featured_media":0,"parent":53980,"menu_order":1,"comment_status":"closed","ping_status":"open","template":"","meta":[],"_links":{"self":[{"href":"http:\/\/museumek.eu\/index.php?rest_route=\/wp\/v2\/pages\/54026"}],"collection":[{"href":"http:\/\/museumek.eu\/index.php?rest_route=\/wp\/v2\/pages"}],"about":[{"href":"http:\/\/museumek.eu\/index.php?rest_route=\/wp\/v2\/types\/page"}],"author":[{"embeddable":true,"href":"http:\/\/museumek.eu\/index.php?rest_route=\/wp\/v2\/users\/1"}],"replies":[{"embeddable":true,"href":"http:\/\/museumek.eu\/index.php?rest_route=%2Fwp%2Fv2%2Fcomments&post=54026"}],"version-history":[{"count":4,"href":"http:\/\/museumek.eu\/index.php?rest_route=\/wp\/v2\/pages\/54026\/revisions"}],"predecessor-version":[{"id":54037,"href":"http:\/\/museumek.eu\/index.php?rest_route=\/wp\/v2\/pages\/54026\/revisions\/54037"}],"up":[{"embeddable":true,"href":"http:\/\/museumek.eu\/index.php?rest_route=\/wp\/v2\/pages\/53980"}],"wp:attachment":[{"href":"http:\/\/museumek.eu\/index.php?rest_route=%2Fwp%2Fv2%2Fmedia&parent=54026"}],"curies":[{"name":"wp","href":"https:\/\/api.w.org\/{rel}","templated":true}]}}