{"id":54085,"date":"2021-03-10T16:48:31","date_gmt":"2021-03-10T15:48:31","guid":{"rendered":"http:\/\/museumek.eu\/?page_id=54085"},"modified":"2021-03-10T16:48:31","modified_gmt":"2021-03-10T15:48:31","slug":"dxcv6","status":"publish","type":"page","link":"http:\/\/museumek.eu\/?page_id=54085","title":{"rendered":"D\/XCV\/6"},"content":{"rendered":"<p><strong>Abteilung Deutschland, Keramik 1860 \u2013 1960, Inventarnummer D\/XCV\/6<\/strong><\/p>\n<p>Porzellanfabrik Arzberg, Zweigwerk der Porzellanfabrik Kahla AG, vormals Porzellanfabrik Sch\u00f6nwald, Abteilung Arzberg, vormals Porzellanfabrik Theodor Lehmann, vormals Porzellanfabrik Lehmann &#038; Ro\u00dfberg, vormals Porzellanfabrik Christoph Schumann, Deutschland, Arzberg, um 1931, Souciere Form 1382 mit Goldrand, K\u00fcnstler Hermann Gretsch, Werks.-Nr. ohne, Exemplar Nr. ohne, gemarkt Firmenmarke Schriftzug Porzellanfabrik Arzberg, darunter Arzberg (Bayern) gr\u00fcner Stempel unter Glasur (Marke g\u00fcltig f\u00fcr die Zeit 1930 bis 1947), 1382\/1, darunter 81 gepresst (nicht fotografierbar, da sehr schwach gepresst), nicht signiert, Literatur: J. G. Th. Graesse und E. Jaenicke, F\u00fchrer f\u00fcr Sammler von Porzellan und Fayence, Steinzeug, Steingut usw., Seite 432, Marke Nr. 2 identisch, weitere Literatur: Gustav Wei\u00df, Ullstein Porzellanbuch, Seite 240, Marke Nr. 9 identisch, weitere Literatur: Robert E. R\u00f6ntgen, Deutsche Porzellanmarken von 1710 bis heute (Ausgabe Jahr 2000), Seite 40, Marke 130 identisch (dort angegeben f\u00fcr die Zeit von 1930 bis 1947), weitere Literatur: Dieter Z\u00fchlsdorff, Markenlexikon, Band 1, Porzellan und Keramik Report 1885 &#8211; 1935, Seite 182, Werk-Teil 1., Gruppennummer des Werkteils 2., laufende Nummer der Gruppe 1523, identische Marke (dort f\u00fcr die Zeit ab 1931, dort geschrieben: Marke f\u00fcr moderne Formen) sowie Seite 467, Werk-Teil 3., laufende Nummer des Werkteils 54, dort Beschreibung der Fabrik, weitere Literatur: Ludwig Danckert, Handbuch des Europ\u00e4ischen Porzellans, 7. Auflage, Seite 41\/42, Beschreibung der Fabrik und Seite 42, identische Marke (dort f\u00fcr die Zeit 1931 &#8211; 1946), 1887 gr\u00fcndete Christoph Schumann, Sohn des Arzberger Porzellanfabrikanten Christian Heinrich Schumann in Arzberg, bei der Jakobsburg, eine eigene Porzellanfabrik (ab da zwei eigenst\u00e4ndige Schumann\u2019sche Porzellanfabriken in Arzberg, die dann unter wechselnden Eigent\u00fcmern, Firmierungen und Firmenmarken, rund 100 Jahre nebeneinander betrieben worden sind), Firmierung Porzellanfabrik Christoph Schumann, um 1892 verkaufte Christoph Schumann die Fabrik an Theodor Lehmann und dessen Gesch\u00e4ftspartner Ro\u00dfberg, Firmierung Porzellanfabrik Lehmann &#038; Ro\u00dfberg, Christoph Schumann wanderte nach Schwarzenhammer aus und gr\u00fcndete dort 1905 zusammen mit seinem Schwiegervater Schreider die Porzellanfabrik Schumann &#038; Schreider, ab 1897 ist Lehmann Alleineigent\u00fcmer, Firmierung Porzellanfabrik Theodor Lehmann, die Fabrik fusionierte 1902 mit der Porzellanfabrik Sch\u00f6nwald AG, die Firmierung \u00e4nderte sich in Porzellanfabrik Sch\u00f6nwald AG, Abteilung Arzberg, 1927 fusionierte die Porzellanfabrik Sch\u00f6nwald AG mit der Porzellanfabrik Kahla AG, die Firmierung \u00e4nderte sich in Porzellanfabrik Kahla AG, Zweigwerk Arzberg, 1972 fusionierte der westdeutsche Teil der Porzellanfabrik Kahla AG mit der Hutschenreuther AG, die Fabrik in Arzberg wurde mit gleichem Namen weitergef\u00fchrt, 1998 ist die Arzberger Fabrik der Winterling Porzellan AG zugeh\u00f6rig und im Jahr 2000 geh\u00f6rt die Fabrik zur SKV Porzellan-Union, siehe auch MEK D\/XCV\/5 identische Souciere mit Rotrandbemalung, H\u00f6he 9,2 cm, Breite 20 cm<\/p>\n<p><a href=\"http:\/\/museumek.eu\/?attachment_id=54054\" rel=\"attachment wp-att-54054\"><img loading=\"lazy\" src=\"http:\/\/museumek.eu\/wp-content\/uploads\/2013\/07\/Arzberg-Gretsch-Souciere-in-Gold-1-300x183.jpg\" alt=\"\" title=\"Arzberg Gretsch Souciere in Gold 1\" width=\"300\" height=\"183\" class=\"alignnone size-medium wp-image-54054\" srcset=\"http:\/\/museumek.eu\/wp-content\/uploads\/2013\/07\/Arzberg-Gretsch-Souciere-in-Gold-1-300x183.jpg 300w, http:\/\/museumek.eu\/wp-content\/uploads\/2013\/07\/Arzberg-Gretsch-Souciere-in-Gold-1-150x91.jpg 150w, http:\/\/museumek.eu\/wp-content\/uploads\/2013\/07\/Arzberg-Gretsch-Souciere-in-Gold-1-489x300.jpg 489w, http:\/\/museumek.eu\/wp-content\/uploads\/2013\/07\/Arzberg-Gretsch-Souciere-in-Gold-1.jpg 640w\" sizes=\"(max-width: 300px) 100vw, 300px\" \/><\/a><\/p>\n<p><a href=\"http:\/\/museumek.eu\/?attachment_id=54055\" rel=\"attachment wp-att-54055\"><img loading=\"lazy\" src=\"http:\/\/museumek.eu\/wp-content\/uploads\/2013\/07\/Arzberg-Gretsch-Souciere-in-Gold-2-213x300.jpg\" alt=\"\" title=\"Arzberg Gretsch Souciere in Gold 2\" width=\"213\" height=\"300\" class=\"alignnone size-medium wp-image-54055\" srcset=\"http:\/\/museumek.eu\/wp-content\/uploads\/2013\/07\/Arzberg-Gretsch-Souciere-in-Gold-2-213x300.jpg 213w, http:\/\/museumek.eu\/wp-content\/uploads\/2013\/07\/Arzberg-Gretsch-Souciere-in-Gold-2-106x150.jpg 106w, http:\/\/museumek.eu\/wp-content\/uploads\/2013\/07\/Arzberg-Gretsch-Souciere-in-Gold-2.jpg 456w\" sizes=\"(max-width: 213px) 100vw, 213px\" \/><\/a><\/p>\n<p><a href=\"http:\/\/museumek.eu\/?attachment_id=54056\" rel=\"attachment wp-att-54056\"><img loading=\"lazy\" src=\"http:\/\/museumek.eu\/wp-content\/uploads\/2013\/07\/Arzberg-Gretsch-Souciere-in-Gold-3-234x300.jpg\" alt=\"\" title=\"Arzberg Gretsch Souciere in Gold 3\" width=\"234\" height=\"300\" class=\"alignnone size-medium wp-image-54056\" srcset=\"http:\/\/museumek.eu\/wp-content\/uploads\/2013\/07\/Arzberg-Gretsch-Souciere-in-Gold-3-234x300.jpg 234w, http:\/\/museumek.eu\/wp-content\/uploads\/2013\/07\/Arzberg-Gretsch-Souciere-in-Gold-3-117x150.jpg 117w, http:\/\/museumek.eu\/wp-content\/uploads\/2013\/07\/Arzberg-Gretsch-Souciere-in-Gold-3.jpg 480w\" sizes=\"(max-width: 234px) 100vw, 234px\" \/><\/a><\/p>\n<p><a href=\"http:\/\/museumek.eu\/?attachment_id=54057\" rel=\"attachment wp-att-54057\"><img loading=\"lazy\" src=\"http:\/\/museumek.eu\/wp-content\/uploads\/2013\/07\/Arzberg-Gretsch-Souciere-in-Gold-4-156x300.jpg\" alt=\"\" title=\"Arzberg Gretsch Souciere in Gold 4\" width=\"156\" height=\"300\" class=\"alignnone size-medium wp-image-54057\" srcset=\"http:\/\/museumek.eu\/wp-content\/uploads\/2013\/07\/Arzberg-Gretsch-Souciere-in-Gold-4-156x300.jpg 156w, http:\/\/museumek.eu\/wp-content\/uploads\/2013\/07\/Arzberg-Gretsch-Souciere-in-Gold-4-78x150.jpg 78w, http:\/\/museumek.eu\/wp-content\/uploads\/2013\/07\/Arzberg-Gretsch-Souciere-in-Gold-4.jpg 334w\" sizes=\"(max-width: 156px) 100vw, 156px\" \/><\/a><\/p>\n<p><a href=\"http:\/\/museumek.eu\/?attachment_id=54058\" rel=\"attachment wp-att-54058\"><img loading=\"lazy\" src=\"http:\/\/museumek.eu\/wp-content\/uploads\/2013\/07\/Arzberg-Gretsch-Souciere-in-Gold-5-189x300.jpg\" alt=\"\" title=\"Arzberg Gretsch Souciere in Gold 5\" width=\"189\" height=\"300\" class=\"alignnone size-medium wp-image-54058\" srcset=\"http:\/\/museumek.eu\/wp-content\/uploads\/2013\/07\/Arzberg-Gretsch-Souciere-in-Gold-5-189x300.jpg 189w, http:\/\/museumek.eu\/wp-content\/uploads\/2013\/07\/Arzberg-Gretsch-Souciere-in-Gold-5-94x150.jpg 94w, http:\/\/museumek.eu\/wp-content\/uploads\/2013\/07\/Arzberg-Gretsch-Souciere-in-Gold-5.jpg 405w\" sizes=\"(max-width: 189px) 100vw, 189px\" \/><\/a><\/p>\n<p><a href=\"http:\/\/museumek.eu\/?attachment_id=54059\" rel=\"attachment wp-att-54059\"><img loading=\"lazy\" src=\"http:\/\/museumek.eu\/wp-content\/uploads\/2013\/07\/Arzberg-Gretsch-Souciere-in-Gold-6-300x108.jpg\" alt=\"\" title=\"Arzberg Gretsch Souciere in Gold 6\" width=\"300\" height=\"108\" class=\"alignnone size-medium wp-image-54059\" srcset=\"http:\/\/museumek.eu\/wp-content\/uploads\/2013\/07\/Arzberg-Gretsch-Souciere-in-Gold-6-300x108.jpg 300w, http:\/\/museumek.eu\/wp-content\/uploads\/2013\/07\/Arzberg-Gretsch-Souciere-in-Gold-6-150x54.jpg 150w, http:\/\/museumek.eu\/wp-content\/uploads\/2013\/07\/Arzberg-Gretsch-Souciere-in-Gold-6-500x180.jpg 500w, http:\/\/museumek.eu\/wp-content\/uploads\/2013\/07\/Arzberg-Gretsch-Souciere-in-Gold-6.jpg 640w\" sizes=\"(max-width: 300px) 100vw, 300px\" \/><\/a><\/p>\n","protected":false},"excerpt":{"rendered":"<p>Abteilung Deutschland, Keramik 1860 \u2013 1960, Inventarnummer D\/XCV\/6 Porzellanfabrik Arzberg, Zweigwerk der Porzellanfabrik Kahla AG, vormals Porzellanfabrik Sch\u00f6nwald, Abteilung Arzberg, vormals Porzellanfabrik Theodor Lehmann, vormals Porzellanfabrik Lehmann &#038; Ro\u00dfberg, vormals Porzellanfabrik Christoph Schumann, Deutschland, Arzberg, um 1931, Souciere Form 1382 &hellip; <a href=\"http:\/\/museumek.eu\/?page_id=54085\">Weiterlesen <span class=\"meta-nav\">&rarr;<\/span><\/a><\/p>\n","protected":false},"author":1,"featured_media":0,"parent":24295,"menu_order":6,"comment_status":"closed","ping_status":"open","template":"","meta":[],"_links":{"self":[{"href":"http:\/\/museumek.eu\/index.php?rest_route=\/wp\/v2\/pages\/54085"}],"collection":[{"href":"http:\/\/museumek.eu\/index.php?rest_route=\/wp\/v2\/pages"}],"about":[{"href":"http:\/\/museumek.eu\/index.php?rest_route=\/wp\/v2\/types\/page"}],"author":[{"embeddable":true,"href":"http:\/\/museumek.eu\/index.php?rest_route=\/wp\/v2\/users\/1"}],"replies":[{"embeddable":true,"href":"http:\/\/museumek.eu\/index.php?rest_route=%2Fwp%2Fv2%2Fcomments&post=54085"}],"version-history":[{"count":2,"href":"http:\/\/museumek.eu\/index.php?rest_route=\/wp\/v2\/pages\/54085\/revisions"}],"predecessor-version":[{"id":54087,"href":"http:\/\/museumek.eu\/index.php?rest_route=\/wp\/v2\/pages\/54085\/revisions\/54087"}],"up":[{"embeddable":true,"href":"http:\/\/museumek.eu\/index.php?rest_route=\/wp\/v2\/pages\/24295"}],"wp:attachment":[{"href":"http:\/\/museumek.eu\/index.php?rest_route=%2Fwp%2Fv2%2Fmedia&parent=54085"}],"curies":[{"name":"wp","href":"https:\/\/api.w.org\/{rel}","templated":true}]}}