{"id":54109,"date":"2021-03-10T21:23:10","date_gmt":"2021-03-10T20:23:10","guid":{"rendered":"http:\/\/museumek.eu\/?page_id=54109"},"modified":"2021-03-10T21:23:10","modified_gmt":"2021-03-10T20:23:10","slug":"dclxxxvi1","status":"publish","type":"page","link":"http:\/\/museumek.eu\/?page_id=54109","title":{"rendered":"D\/CLXXXVI\/1"},"content":{"rendered":"<p><strong>Abteilung Deutschland, Keramik 1860 \u2013 1960, Inventarnummer D\/CLXXXVI\/1<\/strong><\/p>\n<p>Porzellanfabrik Gebr\u00fcder Hofmann, Deutschland, Erkersreuth, um 1930, Souciere, K\u00fcnstler unbekannt, Werks.-Nr. ohne, Exemplar Nr. ohne, gemarkt Firmenmarke mit Gebr. (f\u00fcr Gebr\u00fcder) darunter Buchstabe H (f\u00fcr Hofmann) mit mittig einem Schleifen \u00e4hnlichem Schn\u00f6rkel, links und rechts neben H Fl\u00fcgel, unter dem H BAVARIA gr\u00fcner Stempel unter Glasur, 123 und nicht aufgel\u00f6stes Zeichen in Gold auf Glasur gemalt (wohl die Nummer des Goldmalers), nicht signiert, Literatur: Gustav Wei\u00df, Ullstein Porzellanbuch, Seite 253, Marke 11 identisch, weitere Literatur: Emanuel Poche, Porzellanmarken, Marke Nr. 494 identisch, weitere Literatur: Robert E. R\u00f6ntgen, Deutsche Porzellanmarken von 1710 bis heute, Seite 86, Marke 519 identisch (dort f\u00fcr die Zeit 1920 &#8211; 1939), weitere Literatur: Dieter Z\u00fchlsdorff, Markenlexikon, Band 1, Porzellan und Keramik Report 1885 &#8211; 1935, Seite 382, Werkteil 1., Gruppenummer des Werkteils 22., laufende Nummer innerhalb der Gruppe 33, identische Marke (dort f\u00fcr die Zeit von 1920 bis 1936) sowie Seite 498, Werkteil- Nummer 3, fortlaufende Nummer des Werkteils 335, dort kurze Beschreibung der Fabrik, weitere Literatur: Ludwig Danckert, Handbuch des Europ\u00e4ischen Porzellans, 7. Auflage, Seite 164, dort sehr kurze unvollst\u00e4ndige Beschreibung der Fabrik sowie Marke 237 identisch (die Marke wurde am 21.10.1920 in das RWZR eingetragen), 1920 gr\u00fcndeten die Br\u00fcder Julius und Wilhelm Hofmann in Erkersreuth eine Porzellanfabrik, Firmierung Porzellanfabrik Gebr\u00fcder Hofmann, die Fabrik produzierte vorwiegend Gebrauchgeschirre, 1939 wird die Fabrik von der Rosenthal-Isolatoren GmbH \u00fcber nommen, die h\u00e4lftig der porzellanfabrik Philipp rosenthal &#038; Co. in selb und der AEG geh\u00f6rt, es werden nur noch technische Porzellane produziert, H\u00f6he 9,5 cm, Breite 22,5 cm<\/p>\n<p><a href=\"http:\/\/museumek.eu\/?attachment_id=54093\" rel=\"attachment wp-att-54093\"><img loading=\"lazy\" src=\"http:\/\/museumek.eu\/wp-content\/uploads\/2021\/03\/Gebr\u00fcder-Hoffmann-Souciere-1-300x165.jpg\" alt=\"\" title=\"Gebr\u00fcder Hoffmann Souciere 1\" width=\"300\" height=\"165\" class=\"alignnone size-medium wp-image-54093\" srcset=\"http:\/\/museumek.eu\/wp-content\/uploads\/2021\/03\/Gebr\u00fcder-Hoffmann-Souciere-1-300x165.jpg 300w, http:\/\/museumek.eu\/wp-content\/uploads\/2021\/03\/Gebr\u00fcder-Hoffmann-Souciere-1-150x82.jpg 150w, http:\/\/museumek.eu\/wp-content\/uploads\/2021\/03\/Gebr\u00fcder-Hoffmann-Souciere-1-500x275.jpg 500w, http:\/\/museumek.eu\/wp-content\/uploads\/2021\/03\/Gebr\u00fcder-Hoffmann-Souciere-1.jpg 640w\" sizes=\"(max-width: 300px) 100vw, 300px\" \/><\/a><\/p>\n<p><a href=\"http:\/\/museumek.eu\/?attachment_id=54094\" rel=\"attachment wp-att-54094\"><img loading=\"lazy\" src=\"http:\/\/museumek.eu\/wp-content\/uploads\/2021\/03\/Gebr\u00fcder-Hoffmann-Souciere-2-279x300.jpg\" alt=\"\" title=\"Gebr\u00fcder Hoffmann Souciere 2\" width=\"279\" height=\"300\" class=\"alignnone size-medium wp-image-54094\" srcset=\"http:\/\/museumek.eu\/wp-content\/uploads\/2021\/03\/Gebr\u00fcder-Hoffmann-Souciere-2-279x300.jpg 279w, http:\/\/museumek.eu\/wp-content\/uploads\/2021\/03\/Gebr\u00fcder-Hoffmann-Souciere-2-139x150.jpg 139w, http:\/\/museumek.eu\/wp-content\/uploads\/2021\/03\/Gebr\u00fcder-Hoffmann-Souciere-2.jpg 480w\" sizes=\"(max-width: 279px) 100vw, 279px\" \/><\/a><\/p>\n<p><a href=\"http:\/\/museumek.eu\/?attachment_id=54095\" rel=\"attachment wp-att-54095\"><img loading=\"lazy\" src=\"http:\/\/museumek.eu\/wp-content\/uploads\/2021\/03\/Gebr\u00fcder-Hoffmann-Souciere-3-150x300.jpg\" alt=\"\" title=\"Gebr\u00fcder Hoffmann Souciere 3\" width=\"150\" height=\"300\" class=\"alignnone size-medium wp-image-54095\" srcset=\"http:\/\/museumek.eu\/wp-content\/uploads\/2021\/03\/Gebr\u00fcder-Hoffmann-Souciere-3-150x300.jpg 150w, http:\/\/museumek.eu\/wp-content\/uploads\/2021\/03\/Gebr\u00fcder-Hoffmann-Souciere-3-75x150.jpg 75w\" sizes=\"(max-width: 150px) 100vw, 150px\" \/><\/a><\/p>\n<p><a href=\"http:\/\/museumek.eu\/?attachment_id=54097\" rel=\"attachment wp-att-54097\"><img loading=\"lazy\" src=\"http:\/\/museumek.eu\/wp-content\/uploads\/2021\/03\/Gebr\u00fcder-Hoffmann-Souciere-4-193x300.jpg\" alt=\"\" title=\"Gebr\u00fcder Hoffmann Souciere 4\" width=\"193\" height=\"300\" class=\"alignnone size-medium wp-image-54097\" srcset=\"http:\/\/museumek.eu\/wp-content\/uploads\/2021\/03\/Gebr\u00fcder-Hoffmann-Souciere-4-193x300.jpg 193w, http:\/\/museumek.eu\/wp-content\/uploads\/2021\/03\/Gebr\u00fcder-Hoffmann-Souciere-4-96x150.jpg 96w, http:\/\/museumek.eu\/wp-content\/uploads\/2021\/03\/Gebr\u00fcder-Hoffmann-Souciere-4.jpg 413w\" sizes=\"(max-width: 193px) 100vw, 193px\" \/><\/a><\/p>\n<p><a href=\"http:\/\/museumek.eu\/?attachment_id=54096\" rel=\"attachment wp-att-54096\"><img loading=\"lazy\" src=\"http:\/\/museumek.eu\/wp-content\/uploads\/2021\/03\/Gebr\u00fcder-Hoffmann-Souciere-5-246x300.jpg\" alt=\"\" title=\"Gebr\u00fcder Hoffmann Souciere 5\" width=\"246\" height=\"300\" class=\"alignnone size-medium wp-image-54096\" srcset=\"http:\/\/museumek.eu\/wp-content\/uploads\/2021\/03\/Gebr\u00fcder-Hoffmann-Souciere-5-246x300.jpg 246w, http:\/\/museumek.eu\/wp-content\/uploads\/2021\/03\/Gebr\u00fcder-Hoffmann-Souciere-5-123x150.jpg 123w, http:\/\/museumek.eu\/wp-content\/uploads\/2021\/03\/Gebr\u00fcder-Hoffmann-Souciere-5.jpg 480w\" sizes=\"(max-width: 246px) 100vw, 246px\" \/><\/a><\/p>\n<p><a href=\"http:\/\/museumek.eu\/?attachment_id=54098\" rel=\"attachment wp-att-54098\"><img loading=\"lazy\" src=\"http:\/\/museumek.eu\/wp-content\/uploads\/2021\/03\/Gebr\u00fcder-Hoffmann-Souciere-6-300x235.jpg\" alt=\"\" title=\"Gebr\u00fcder Hoffmann Souciere 6\" width=\"300\" height=\"235\" class=\"alignnone size-medium wp-image-54098\" srcset=\"http:\/\/museumek.eu\/wp-content\/uploads\/2021\/03\/Gebr\u00fcder-Hoffmann-Souciere-6-300x235.jpg 300w, http:\/\/museumek.eu\/wp-content\/uploads\/2021\/03\/Gebr\u00fcder-Hoffmann-Souciere-6-150x117.jpg 150w, http:\/\/museumek.eu\/wp-content\/uploads\/2021\/03\/Gebr\u00fcder-Hoffmann-Souciere-6-381x300.jpg 381w, http:\/\/museumek.eu\/wp-content\/uploads\/2021\/03\/Gebr\u00fcder-Hoffmann-Souciere-6.jpg 611w\" sizes=\"(max-width: 300px) 100vw, 300px\" \/><\/a><\/p>\n<p><a href=\"http:\/\/museumek.eu\/?attachment_id=54099\" rel=\"attachment wp-att-54099\"><img loading=\"lazy\" src=\"http:\/\/museumek.eu\/wp-content\/uploads\/2021\/03\/Gebr\u00fcder-Hoffmann-Souciere-7-300x270.jpg\" alt=\"\" title=\"Gebr\u00fcder Hoffmann Souciere 7\" width=\"300\" height=\"270\" class=\"alignnone size-medium wp-image-54099\" srcset=\"http:\/\/museumek.eu\/wp-content\/uploads\/2021\/03\/Gebr\u00fcder-Hoffmann-Souciere-7-300x270.jpg 300w, http:\/\/museumek.eu\/wp-content\/uploads\/2021\/03\/Gebr\u00fcder-Hoffmann-Souciere-7-150x135.jpg 150w, http:\/\/museumek.eu\/wp-content\/uploads\/2021\/03\/Gebr\u00fcder-Hoffmann-Souciere-7-333x300.jpg 333w, http:\/\/museumek.eu\/wp-content\/uploads\/2021\/03\/Gebr\u00fcder-Hoffmann-Souciere-7.jpg 533w\" sizes=\"(max-width: 300px) 100vw, 300px\" \/><\/a><\/p>\n","protected":false},"excerpt":{"rendered":"<p>Abteilung Deutschland, Keramik 1860 \u2013 1960, Inventarnummer D\/CLXXXVI\/1 Porzellanfabrik Gebr\u00fcder Hofmann, Deutschland, Erkersreuth, um 1930, Souciere, K\u00fcnstler unbekannt, Werks.-Nr. ohne, Exemplar Nr. ohne, gemarkt Firmenmarke mit Gebr. (f\u00fcr Gebr\u00fcder) darunter Buchstabe H (f\u00fcr Hofmann) mit mittig einem Schleifen \u00e4hnlichem Schn\u00f6rkel, &hellip; <a href=\"http:\/\/museumek.eu\/?page_id=54109\">Weiterlesen <span class=\"meta-nav\">&rarr;<\/span><\/a><\/p>\n","protected":false},"author":1,"featured_media":0,"parent":54107,"menu_order":1,"comment_status":"closed","ping_status":"open","template":"","meta":[],"_links":{"self":[{"href":"http:\/\/museumek.eu\/index.php?rest_route=\/wp\/v2\/pages\/54109"}],"collection":[{"href":"http:\/\/museumek.eu\/index.php?rest_route=\/wp\/v2\/pages"}],"about":[{"href":"http:\/\/museumek.eu\/index.php?rest_route=\/wp\/v2\/types\/page"}],"author":[{"embeddable":true,"href":"http:\/\/museumek.eu\/index.php?rest_route=\/wp\/v2\/users\/1"}],"replies":[{"embeddable":true,"href":"http:\/\/museumek.eu\/index.php?rest_route=%2Fwp%2Fv2%2Fcomments&post=54109"}],"version-history":[{"count":2,"href":"http:\/\/museumek.eu\/index.php?rest_route=\/wp\/v2\/pages\/54109\/revisions"}],"predecessor-version":[{"id":54111,"href":"http:\/\/museumek.eu\/index.php?rest_route=\/wp\/v2\/pages\/54109\/revisions\/54111"}],"up":[{"embeddable":true,"href":"http:\/\/museumek.eu\/index.php?rest_route=\/wp\/v2\/pages\/54107"}],"wp:attachment":[{"href":"http:\/\/museumek.eu\/index.php?rest_route=%2Fwp%2Fv2%2Fmedia&parent=54109"}],"curies":[{"name":"wp","href":"https:\/\/api.w.org\/{rel}","templated":true}]}}