{"id":54170,"date":"2021-03-12T18:44:13","date_gmt":"2021-03-12T17:44:13","guid":{"rendered":"http:\/\/museumek.eu\/?page_id=54170"},"modified":"2021-03-12T18:44:13","modified_gmt":"2021-03-12T17:44:13","slug":"dclxxxvii1","status":"publish","type":"page","link":"http:\/\/museumek.eu\/?page_id=54170","title":{"rendered":"D\/CLXXXVII\/1"},"content":{"rendered":"<p><strong>Abteilung Deutschland, Keramik 1860 \u2013 1960, Inventarnummer D\/CLXXXVII\/1<\/strong><\/p>\n<p>Porzellanmanufaktur D\u00fcssel &#038; Co. und Nachf. Porzellanmanufaktur D\u00fcssel, Roth &#038; Co., Deutschland, Rehau, vor 1922, Vase mit Motiv Insel Mainau, K\u00fcnstler unbekannt, Werks.-Nr. ohne, Exemplar Nr. ohne, gemarkt Firmenmarke mit Krone, darunter D\u00fc-Co (f\u00fcr D\u00fcssel &#038; Co.), darunter KUNST, darunter REHAU, darunter ein Punkt, darunter BAVARIA, links und rechts neben der Schrift eine S f\u00f6rmige Umrahmung goldener Stempel auf Glasur, nicht signiert, Literatur: Robert E. R\u00f6ntgen, Deutsche Porzellanmarken von 1710 bis heute, Seite 285, Marke 2221 identisch (dort f\u00fcr die Zeit 1892 &#8211; 1922), weitere Literatur: Dieter Z\u00fchlsdorff, Markenlexikon, Band 1, Porzellan und Keramik Report 1885 &#8211; 1935, Seite 270, Werkteil 1., Gruppenummer des Werkteils 4., laufende Nummer innerhalb der Gruppe 613, identische Marke (dort f\u00fcr die Zeit bis 1922) sowie Seite 592, Werkteil- Nummer 3, fortlaufende Nummer des Werkteils 1052, dort kurze Beschreibung der Fabrik, weitere Literatur: Ludwig Danckert, Handbuch des Europ\u00e4ischen Porzellans, 7. Auflage, Seite 578, dort sehr kurze unvollst\u00e4ndige Beschreibung der Fabrik sowie identische Marke, 1892 gr\u00fcndet Andreas D\u00fcssel in Rehau eine Porzellanmalerei, die sp\u00e4ter auch selbst Porzellan produziert, Firmierung Porzellanmanufaktur D\u00fcssel &#038; Co., ab wann die eigene Porzellanproduktion aufgenommen wurde, konnte das MEK nicht recherchieren, 1922 \u00e4ndert sich die Firmierung in Porzellanmanufaktur D\u00fcssel, Roth &#038; Co., ab da \u00e4ndert sich auch die Firmenmarke, siehe diese andere Firmenmarke unter MEK  D\/CLXXXVII\/2, Eigent\u00fcmer ab 1922 sind Karl D\u00fcssel, Gustav D\u00fcssel, Ludwig Voit und Hermann Roth, die Fabrik besteht bis 1971, H\u00f6he 7,5 cm, Breite 5 cm  <\/p>\n<p><a href=\"http:\/\/museumek.eu\/?attachment_id=54147\" rel=\"attachment wp-att-54147\"><img loading=\"lazy\" src=\"http:\/\/museumek.eu\/wp-content\/uploads\/2021\/03\/D\u00fc-Co-Vase-Insel-Mainau-1-207x300.jpg\" alt=\"\" title=\"D\u00fc Co Vase Insel Mainau 1\" width=\"207\" height=\"300\" class=\"alignnone size-medium wp-image-54147\" srcset=\"http:\/\/museumek.eu\/wp-content\/uploads\/2021\/03\/D\u00fc-Co-Vase-Insel-Mainau-1-207x300.jpg 207w, http:\/\/museumek.eu\/wp-content\/uploads\/2021\/03\/D\u00fc-Co-Vase-Insel-Mainau-1-103x150.jpg 103w, http:\/\/museumek.eu\/wp-content\/uploads\/2021\/03\/D\u00fc-Co-Vase-Insel-Mainau-1.jpg 478w\" sizes=\"(max-width: 207px) 100vw, 207px\" \/><\/a><\/p>\n<p><a href=\"http:\/\/museumek.eu\/?attachment_id=54148\" rel=\"attachment wp-att-54148\"><img loading=\"lazy\" src=\"http:\/\/museumek.eu\/wp-content\/uploads\/2021\/03\/D\u00fc-Co-Vase-Insel-Mainau-2-300x290.jpg\" alt=\"\" title=\"D\u00fc Co Vase Insel Mainau 2\" width=\"300\" height=\"290\" class=\"alignnone size-medium wp-image-54148\" srcset=\"http:\/\/museumek.eu\/wp-content\/uploads\/2021\/03\/D\u00fc-Co-Vase-Insel-Mainau-2-300x290.jpg 300w, http:\/\/museumek.eu\/wp-content\/uploads\/2021\/03\/D\u00fc-Co-Vase-Insel-Mainau-2-150x145.jpg 150w, http:\/\/museumek.eu\/wp-content\/uploads\/2021\/03\/D\u00fc-Co-Vase-Insel-Mainau-2-310x300.jpg 310w, http:\/\/museumek.eu\/wp-content\/uploads\/2021\/03\/D\u00fc-Co-Vase-Insel-Mainau-2.jpg 496w\" sizes=\"(max-width: 300px) 100vw, 300px\" \/><\/a><\/p>\n<p><a href=\"http:\/\/museumek.eu\/?attachment_id=54149\" rel=\"attachment wp-att-54149\"><img loading=\"lazy\" src=\"http:\/\/museumek.eu\/wp-content\/uploads\/2021\/03\/D\u00fc-Co-Vase-Insel-Mainau-3-215x300.jpg\" alt=\"\" title=\"D\u00fc Co Vase Insel Mainau 3\" width=\"215\" height=\"300\" class=\"alignnone size-medium wp-image-54149\" srcset=\"http:\/\/museumek.eu\/wp-content\/uploads\/2021\/03\/D\u00fc-Co-Vase-Insel-Mainau-3-215x300.jpg 215w, http:\/\/museumek.eu\/wp-content\/uploads\/2021\/03\/D\u00fc-Co-Vase-Insel-Mainau-3-107x150.jpg 107w, http:\/\/museumek.eu\/wp-content\/uploads\/2021\/03\/D\u00fc-Co-Vase-Insel-Mainau-3.jpg 460w\" sizes=\"(max-width: 215px) 100vw, 215px\" \/><\/a><\/p>\n<p><a href=\"http:\/\/museumek.eu\/?attachment_id=54150\" rel=\"attachment wp-att-54150\"><img loading=\"lazy\" src=\"http:\/\/museumek.eu\/wp-content\/uploads\/2021\/03\/D\u00fc-Co-Vase-Insel-Mainau-4-250x300.jpg\" alt=\"\" title=\"D\u00fc Co Vase Insel Mainau 4\" width=\"250\" height=\"300\" class=\"alignnone size-medium wp-image-54150\" srcset=\"http:\/\/museumek.eu\/wp-content\/uploads\/2021\/03\/D\u00fc-Co-Vase-Insel-Mainau-4-250x300.jpg 250w, http:\/\/museumek.eu\/wp-content\/uploads\/2021\/03\/D\u00fc-Co-Vase-Insel-Mainau-4-125x150.jpg 125w, http:\/\/museumek.eu\/wp-content\/uploads\/2021\/03\/D\u00fc-Co-Vase-Insel-Mainau-4.jpg 480w\" sizes=\"(max-width: 250px) 100vw, 250px\" \/><\/a><\/p>\n","protected":false},"excerpt":{"rendered":"<p>Abteilung Deutschland, Keramik 1860 \u2013 1960, Inventarnummer D\/CLXXXVII\/1 Porzellanmanufaktur D\u00fcssel &#038; Co. und Nachf. Porzellanmanufaktur D\u00fcssel, Roth &#038; Co., Deutschland, Rehau, vor 1922, Vase mit Motiv Insel Mainau, K\u00fcnstler unbekannt, Werks.-Nr. ohne, Exemplar Nr. ohne, gemarkt Firmenmarke mit Krone, darunter &hellip; <a href=\"http:\/\/museumek.eu\/?page_id=54170\">Weiterlesen <span class=\"meta-nav\">&rarr;<\/span><\/a><\/p>\n","protected":false},"author":1,"featured_media":0,"parent":54168,"menu_order":1,"comment_status":"closed","ping_status":"open","template":"","meta":[],"_links":{"self":[{"href":"http:\/\/museumek.eu\/index.php?rest_route=\/wp\/v2\/pages\/54170"}],"collection":[{"href":"http:\/\/museumek.eu\/index.php?rest_route=\/wp\/v2\/pages"}],"about":[{"href":"http:\/\/museumek.eu\/index.php?rest_route=\/wp\/v2\/types\/page"}],"author":[{"embeddable":true,"href":"http:\/\/museumek.eu\/index.php?rest_route=\/wp\/v2\/users\/1"}],"replies":[{"embeddable":true,"href":"http:\/\/museumek.eu\/index.php?rest_route=%2Fwp%2Fv2%2Fcomments&post=54170"}],"version-history":[{"count":2,"href":"http:\/\/museumek.eu\/index.php?rest_route=\/wp\/v2\/pages\/54170\/revisions"}],"predecessor-version":[{"id":54172,"href":"http:\/\/museumek.eu\/index.php?rest_route=\/wp\/v2\/pages\/54170\/revisions\/54172"}],"up":[{"embeddable":true,"href":"http:\/\/museumek.eu\/index.php?rest_route=\/wp\/v2\/pages\/54168"}],"wp:attachment":[{"href":"http:\/\/museumek.eu\/index.php?rest_route=%2Fwp%2Fv2%2Fmedia&parent=54170"}],"curies":[{"name":"wp","href":"https:\/\/api.w.org\/{rel}","templated":true}]}}