{"id":54173,"date":"2021-03-12T18:45:43","date_gmt":"2021-03-12T17:45:43","guid":{"rendered":"http:\/\/museumek.eu\/?page_id=54173"},"modified":"2021-03-12T18:45:43","modified_gmt":"2021-03-12T17:45:43","slug":"dclxxxvii2","status":"publish","type":"page","link":"http:\/\/museumek.eu\/?page_id=54173","title":{"rendered":"D\/CLXXXVII\/2"},"content":{"rendered":"<p><strong>Abteilung Deutschland, Keramik 1860 \u2013 1960, Inventarnummer D\/CLXXXVII\/2<\/strong><\/p>\n<p>Porzellanmanufaktur D\u00fcssel &#038; Co. und Nachf. Porzellanmanufaktur D\u00fcssel, Roth &#038; Co., Deutschland, Rehau, um 1930, Souciere, K\u00fcnstler unbekannt, Werks.-Nr. ohne, Exemplar Nr. ohne, gemarkt Firmenmarke eine Tasse aus der ein L\u00f6ffelstiel oder ein Strohhalm ragt, unter der Tasse wohl zwei F\u00fc\u00dfe der Tasse, darunter D\u00fcroco (wohl f\u00fcr D\u00fcssel, Roth, Co), darunter Bavaria hellgr\u00fcner Stempel unter Glasur, nicht signiert, Literatur: Robert E. R\u00f6ntgen, Deutsche Porzellanmarken von 1710 bis heute, Seite 285, Marke 2222 identisch (dort f\u00fcr die Zeit 1922 &#8211; 1971), weitere Literatur: Dieter Z\u00fchlsdorff, Markenlexikon, Band 1, Porzellan und Keramik Report 1885 &#8211; 1935, Seite 142, Werkteil 1., Gruppenummer des Werkteils 2., laufende Nummer innerhalb der Gruppe 516, identische Marke (dort f\u00fcr die Zeit ab 1922) sowie Seite 592, Werkteil- Nummer 3, fortlaufende Nummer des Werkteils 1052, dort kurze Beschreibung der Fabrik, weitere Literatur: Ludwig Danckert, Handbuch des Europ\u00e4ischen Porzellans, 7. Auflage, Seite 578, dort sehr kurze unvollst\u00e4ndige Beschreibung der Fabrik sowie identische Marke, 1892 gr\u00fcndet Andreas D\u00fcssel in Rehau eine Porzellanmalerei, die sp\u00e4ter auch selbst Porzellan produziert, Firmierung Porzellanmanufaktur D\u00fcssel &#038; Co., ab wann die eigene Porzellanproduktion aufgenommen wurde, konnte das MEK nicht recherchieren, 1922 \u00e4ndert sich die Firmierung in Porzellanmanufaktur D\u00fcssel, Roth &#038; Co., bis 1922 wurde eine andere Firmenmarke verwendet, siehe diese andere Firmenmarke unter MEK  D\/CLXXXVII\/2, Eigent\u00fcmer ab 1922 sind Karl D\u00fcssel, Gustav D\u00fcssel, Ludwig Voit und Hermann Roth, die Fabrik besteht bis 1971, H\u00f6he 11 cm, Breite 23 cm  <\/p>\n<p><a href=\"http:\/\/museumek.eu\/?attachment_id=54151\" rel=\"attachment wp-att-54151\"><img loading=\"lazy\" src=\"http:\/\/museumek.eu\/wp-content\/uploads\/2021\/03\/D\u00fcrocor-Souciere-1-300x179.jpg\" alt=\"\" title=\"D\u00fcrocor Souciere 1\" width=\"300\" height=\"179\" class=\"alignnone size-medium wp-image-54151\" srcset=\"http:\/\/museumek.eu\/wp-content\/uploads\/2021\/03\/D\u00fcrocor-Souciere-1-300x179.jpg 300w, http:\/\/museumek.eu\/wp-content\/uploads\/2021\/03\/D\u00fcrocor-Souciere-1-150x89.jpg 150w, http:\/\/museumek.eu\/wp-content\/uploads\/2021\/03\/D\u00fcrocor-Souciere-1-500x298.jpg 500w, http:\/\/museumek.eu\/wp-content\/uploads\/2021\/03\/D\u00fcrocor-Souciere-1.jpg 640w\" sizes=\"(max-width: 300px) 100vw, 300px\" \/><\/a><\/p>\n<p><a href=\"http:\/\/museumek.eu\/?attachment_id=54152\" rel=\"attachment wp-att-54152\"><img loading=\"lazy\" src=\"http:\/\/museumek.eu\/wp-content\/uploads\/2021\/03\/D\u00fcrocor-Souciere-2-300x190.jpg\" alt=\"\" title=\"D\u00fcrocor Souciere 2\" width=\"300\" height=\"190\" class=\"alignnone size-medium wp-image-54152\" srcset=\"http:\/\/museumek.eu\/wp-content\/uploads\/2021\/03\/D\u00fcrocor-Souciere-2-300x190.jpg 300w, http:\/\/museumek.eu\/wp-content\/uploads\/2021\/03\/D\u00fcrocor-Souciere-2-150x95.jpg 150w, http:\/\/museumek.eu\/wp-content\/uploads\/2021\/03\/D\u00fcrocor-Souciere-2-471x300.jpg 471w, http:\/\/museumek.eu\/wp-content\/uploads\/2021\/03\/D\u00fcrocor-Souciere-2.jpg 640w\" sizes=\"(max-width: 300px) 100vw, 300px\" \/><\/a><\/p>\n<p><a href=\"http:\/\/museumek.eu\/?attachment_id=54153\" rel=\"attachment wp-att-54153\"><img loading=\"lazy\" src=\"http:\/\/museumek.eu\/wp-content\/uploads\/2021\/03\/D\u00fcrocor-Souciere-3-191x300.jpg\" alt=\"\" title=\"D\u00fcrocor Souciere 3\" width=\"191\" height=\"300\" class=\"alignnone size-medium wp-image-54153\" srcset=\"http:\/\/museumek.eu\/wp-content\/uploads\/2021\/03\/D\u00fcrocor-Souciere-3-191x300.jpg 191w, http:\/\/museumek.eu\/wp-content\/uploads\/2021\/03\/D\u00fcrocor-Souciere-3-95x150.jpg 95w, http:\/\/museumek.eu\/wp-content\/uploads\/2021\/03\/D\u00fcrocor-Souciere-3.jpg 408w\" sizes=\"(max-width: 191px) 100vw, 191px\" \/><\/a><\/p>\n<p><a href=\"http:\/\/museumek.eu\/?attachment_id=54154\" rel=\"attachment wp-att-54154\"><img loading=\"lazy\" src=\"http:\/\/museumek.eu\/wp-content\/uploads\/2021\/03\/D\u00fcrocor-Souciere-4-202x300.jpg\" alt=\"\" title=\"D\u00fcrocor Souciere 4\" width=\"202\" height=\"300\" class=\"alignnone size-medium wp-image-54154\" srcset=\"http:\/\/museumek.eu\/wp-content\/uploads\/2021\/03\/D\u00fcrocor-Souciere-4-202x300.jpg 202w, http:\/\/museumek.eu\/wp-content\/uploads\/2021\/03\/D\u00fcrocor-Souciere-4-101x150.jpg 101w, http:\/\/museumek.eu\/wp-content\/uploads\/2021\/03\/D\u00fcrocor-Souciere-4.jpg 432w\" sizes=\"(max-width: 202px) 100vw, 202px\" \/><\/a><\/p>\n<p><a href=\"http:\/\/museumek.eu\/?attachment_id=54155\" rel=\"attachment wp-att-54155\"><img loading=\"lazy\" src=\"http:\/\/museumek.eu\/wp-content\/uploads\/2021\/03\/D\u00fcrocor-Souciere-5-168x300.jpg\" alt=\"\" title=\"D\u00fcrocor Souciere 5\" width=\"168\" height=\"300\" class=\"alignnone size-medium wp-image-54155\" srcset=\"http:\/\/museumek.eu\/wp-content\/uploads\/2021\/03\/D\u00fcrocor-Souciere-5-168x300.jpg 168w, http:\/\/museumek.eu\/wp-content\/uploads\/2021\/03\/D\u00fcrocor-Souciere-5-84x150.jpg 84w, http:\/\/museumek.eu\/wp-content\/uploads\/2021\/03\/D\u00fcrocor-Souciere-5.jpg 359w\" sizes=\"(max-width: 168px) 100vw, 168px\" \/><\/a><\/p>\n<p><a href=\"http:\/\/museumek.eu\/?attachment_id=54156\" rel=\"attachment wp-att-54156\"><img loading=\"lazy\" src=\"http:\/\/museumek.eu\/wp-content\/uploads\/2021\/03\/D\u00fcrocor-Souciere-6-217x300.jpg\" alt=\"\" title=\"D\u00fcrocor Souciere 6\" width=\"217\" height=\"300\" class=\"alignnone size-medium wp-image-54156\" srcset=\"http:\/\/museumek.eu\/wp-content\/uploads\/2021\/03\/D\u00fcrocor-Souciere-6-217x300.jpg 217w, http:\/\/museumek.eu\/wp-content\/uploads\/2021\/03\/D\u00fcrocor-Souciere-6-108x150.jpg 108w, http:\/\/museumek.eu\/wp-content\/uploads\/2021\/03\/D\u00fcrocor-Souciere-6.jpg 464w\" sizes=\"(max-width: 217px) 100vw, 217px\" \/><\/a><\/p>\n<p><a href=\"http:\/\/museumek.eu\/?attachment_id=54157\" rel=\"attachment wp-att-54157\"><img loading=\"lazy\" src=\"http:\/\/museumek.eu\/wp-content\/uploads\/2021\/03\/D\u00fcrocor-Souciere-7-300x241.jpg\" alt=\"\" title=\"D\u00fcrocor Souciere 7\" width=\"300\" height=\"241\" class=\"alignnone size-medium wp-image-54157\" srcset=\"http:\/\/museumek.eu\/wp-content\/uploads\/2021\/03\/D\u00fcrocor-Souciere-7-300x241.jpg 300w, http:\/\/museumek.eu\/wp-content\/uploads\/2021\/03\/D\u00fcrocor-Souciere-7-150x120.jpg 150w, http:\/\/museumek.eu\/wp-content\/uploads\/2021\/03\/D\u00fcrocor-Souciere-7-373x300.jpg 373w, http:\/\/museumek.eu\/wp-content\/uploads\/2021\/03\/D\u00fcrocor-Souciere-7.jpg 597w\" sizes=\"(max-width: 300px) 100vw, 300px\" \/><\/a><\/p>\n","protected":false},"excerpt":{"rendered":"<p>Abteilung Deutschland, Keramik 1860 \u2013 1960, Inventarnummer D\/CLXXXVII\/2 Porzellanmanufaktur D\u00fcssel &#038; Co. und Nachf. Porzellanmanufaktur D\u00fcssel, Roth &#038; Co., Deutschland, Rehau, um 1930, Souciere, K\u00fcnstler unbekannt, Werks.-Nr. ohne, Exemplar Nr. ohne, gemarkt Firmenmarke eine Tasse aus der ein L\u00f6ffelstiel oder &hellip; <a href=\"http:\/\/museumek.eu\/?page_id=54173\">Weiterlesen <span class=\"meta-nav\">&rarr;<\/span><\/a><\/p>\n","protected":false},"author":1,"featured_media":0,"parent":54168,"menu_order":2,"comment_status":"closed","ping_status":"open","template":"","meta":[],"_links":{"self":[{"href":"http:\/\/museumek.eu\/index.php?rest_route=\/wp\/v2\/pages\/54173"}],"collection":[{"href":"http:\/\/museumek.eu\/index.php?rest_route=\/wp\/v2\/pages"}],"about":[{"href":"http:\/\/museumek.eu\/index.php?rest_route=\/wp\/v2\/types\/page"}],"author":[{"embeddable":true,"href":"http:\/\/museumek.eu\/index.php?rest_route=\/wp\/v2\/users\/1"}],"replies":[{"embeddable":true,"href":"http:\/\/museumek.eu\/index.php?rest_route=%2Fwp%2Fv2%2Fcomments&post=54173"}],"version-history":[{"count":2,"href":"http:\/\/museumek.eu\/index.php?rest_route=\/wp\/v2\/pages\/54173\/revisions"}],"predecessor-version":[{"id":54175,"href":"http:\/\/museumek.eu\/index.php?rest_route=\/wp\/v2\/pages\/54173\/revisions\/54175"}],"up":[{"embeddable":true,"href":"http:\/\/museumek.eu\/index.php?rest_route=\/wp\/v2\/pages\/54168"}],"wp:attachment":[{"href":"http:\/\/museumek.eu\/index.php?rest_route=%2Fwp%2Fv2%2Fmedia&parent=54173"}],"curies":[{"name":"wp","href":"https:\/\/api.w.org\/{rel}","templated":true}]}}