{"id":54207,"date":"2021-03-12T20:15:07","date_gmt":"2021-03-12T19:15:07","guid":{"rendered":"http:\/\/museumek.eu\/?page_id=54207"},"modified":"2021-03-12T20:15:07","modified_gmt":"2021-03-12T19:15:07","slug":"dxxx11","status":"publish","type":"page","link":"http:\/\/museumek.eu\/?page_id=54207","title":{"rendered":"D\/XXX\/11"},"content":{"rendered":"<p><strong>Abteilung Deutschland, Keramik 1860 \u2013 1960, Inventarnummer D\/XXX\/11<\/strong><\/p>\n<p>Rosenthal Porzellan AG, vormals Philipp Rosenthal &#038; Co. AG, vormals Philipp Rosenthal &#038; Co., vormals Porzellanmalerei Philipp Rosenthal, Deutschland, Erkersreuth, Kronach, Marktredewitz, Selb, Selb-Pl\u00f6ssberg, Sophienthal, Waldenburg, Waldershof, um 1905, Souciere, K\u00fcnstler unbekannt, Werks.-Nr. ohne, Exemplar-Nr. ohne, gemarkt Firmenmarke zwei gekreuzte St\u00e4be, in der oberen H\u00e4lfte des Kreuzes eine Krone, links R., rechts C., darunter KRONACH-BAVARIA, darunter ELSA (oder ELSE, wohl eher ELSA) gr\u00fcne Stempel unter Glasur, 584 sowie ein nicht zu identifizierendes Schn\u00f6rkel rot auf Glasur gemalt, Literatur: Ludwig Danckert, Handbuch des Europ\u00e4ischen Porzellans, 7. Auflage, Seite 296, dort kurze Beschreibung der Fabrik sowie Marke 3 identisch (dort f\u00fcr die Zeit 1901 &#8211; 1927) weitere Literatur: Dieter Z\u00fchlsdorff, Markenlexikon, Band 1, Porzellan und Keramik Report 1885 &#8211; 1935, Seite 253, Werk-Teil 1., Gruppennummer des Werkteils 4., laufende Nummer innerhalb der Gruppe 190 identische Marke (dort f\u00fcr die Zeit 1901 &#8211; 1927, dort geschrieben: Farbstempel in Gr\u00fcn unter Glasur sowie Seite 540, Werk-Teil 3., laufende Nummer des Werkteils 654, dort Beschreibung der Fabrik, zur Firmenhistorie, siehe die \u00dcbersichten nach den Inventarfotos, die bis auf einige Details in soweit richtig sind, 1879\/1880 pachtete der aus Werl nach Selb zugezogene Porzellanmaler Philipp Rosenthal das Schlo\u00df Erkersreuth bei Selb und gr\u00fcndete eine Porzellanmalerei, anf\u00e4nglich arbeitete er nur mit einem b\u00f6hmischen Mitarbeiter, die Weissware bezog er von den benachbarten Porzellanfabriken Hutschenreuther und Zeidler, die Firmierung lautete Porzellanmalerei Philipp Rosenthal, 1889\/1891 begann Rosenthal selbst Porzellan in Selb zu produzieren und firmierte als Philipp Rosenthal &#038; Co., am 28.08. 1897 wurde die Fabrik in eine AG umgewandelt, diese firmierte als Philipp Rosenthal &#038; Co. AG (1920 Verlegung des AG Sitzes nach Berlin, 1934 R\u00fcckverlegung des Sitzes nach Selb), zur gleichen Zeit gr\u00fcndete Rosenthal zusammen mit einem Herrn Bauer und weiteren Investoren eine Porzellanfabrik in Kronach, die als Bauer, Rosenthal &#038; Co. firmierte, diese Fabrik wurde gleich 1897 wieder in die AG integriert, evtl. auch erst 1901, dies ist in der Literatur mal so oder so beschrieben, 1934 scheidet Geheimrat Philipp Rosenthal aus der Fabrikleitung aus, ab 1939 lautete die Firmierung der Aktiengesellschaft Rosenthal Porzellan AG, ab 1965 Rosenthal Glas &#038; Porzellan AG und ab 1969 Rosenthal AG, Rosenthal kaufte diverse Porzellanfabriken zu, die in die AG integriert worden sind, z. B. firmierte die ehemalige Zeidler\u2019sche Fabrik dann als Rosenthal Porzellanfabrik Bahnhof Selb GmbH, diese Souciere Ausf\u00fchrung Werk Kronach, vormals Porzellanfabrik Bauer, Rosenthal &#038; Co. (von 1897 bis um 1901),<br \/>\nH\u00f6he 9 cm, Breite 22 cm <\/p>\n<p><a href=\"http:\/\/museumek.eu\/?attachment_id=54183\" rel=\"attachment wp-att-54183\"><img loading=\"lazy\" src=\"http:\/\/museumek.eu\/wp-content\/uploads\/2015\/09\/Rosenthal-Souciere-Dekor-Elsa-1-300x182.jpg\" alt=\"\" title=\"Rosenthal Souciere Dekor Elsa 1\" width=\"300\" height=\"182\" class=\"alignnone size-medium wp-image-54183\" srcset=\"http:\/\/museumek.eu\/wp-content\/uploads\/2015\/09\/Rosenthal-Souciere-Dekor-Elsa-1-300x182.jpg 300w, http:\/\/museumek.eu\/wp-content\/uploads\/2015\/09\/Rosenthal-Souciere-Dekor-Elsa-1-150x91.jpg 150w, http:\/\/museumek.eu\/wp-content\/uploads\/2015\/09\/Rosenthal-Souciere-Dekor-Elsa-1-492x300.jpg 492w, http:\/\/museumek.eu\/wp-content\/uploads\/2015\/09\/Rosenthal-Souciere-Dekor-Elsa-1.jpg 640w\" sizes=\"(max-width: 300px) 100vw, 300px\" \/><\/a><\/p>\n<p><a href=\"http:\/\/museumek.eu\/?attachment_id=54184\" rel=\"attachment wp-att-54184\"><img loading=\"lazy\" src=\"http:\/\/museumek.eu\/wp-content\/uploads\/2015\/09\/Rosenthal-Souciere-Dekor-Elsa-2-300x274.jpg\" alt=\"\" title=\"Rosenthal Souciere Dekor Elsa 2\" width=\"300\" height=\"274\" class=\"alignnone size-medium wp-image-54184\" srcset=\"http:\/\/museumek.eu\/wp-content\/uploads\/2015\/09\/Rosenthal-Souciere-Dekor-Elsa-2-300x274.jpg 300w, http:\/\/museumek.eu\/wp-content\/uploads\/2015\/09\/Rosenthal-Souciere-Dekor-Elsa-2-150x137.jpg 150w, http:\/\/museumek.eu\/wp-content\/uploads\/2015\/09\/Rosenthal-Souciere-Dekor-Elsa-2-328x300.jpg 328w, http:\/\/museumek.eu\/wp-content\/uploads\/2015\/09\/Rosenthal-Souciere-Dekor-Elsa-2.jpg 525w\" sizes=\"(max-width: 300px) 100vw, 300px\" \/><\/a><\/p>\n<p><a href=\"http:\/\/museumek.eu\/?attachment_id=54185\" rel=\"attachment wp-att-54185\"><img loading=\"lazy\" src=\"http:\/\/museumek.eu\/wp-content\/uploads\/2015\/09\/Rosenthal-Souciere-Dekor-Elsa-3-264x300.jpg\" alt=\"\" title=\"Rosenthal Souciere Dekor Elsa 3\" width=\"264\" height=\"300\" class=\"alignnone size-medium wp-image-54185\" srcset=\"http:\/\/museumek.eu\/wp-content\/uploads\/2015\/09\/Rosenthal-Souciere-Dekor-Elsa-3-264x300.jpg 264w, http:\/\/museumek.eu\/wp-content\/uploads\/2015\/09\/Rosenthal-Souciere-Dekor-Elsa-3-132x150.jpg 132w, http:\/\/museumek.eu\/wp-content\/uploads\/2015\/09\/Rosenthal-Souciere-Dekor-Elsa-3.jpg 480w\" sizes=\"(max-width: 264px) 100vw, 264px\" \/><\/a><\/p>\n<p><a href=\"http:\/\/museumek.eu\/?attachment_id=54186\" rel=\"attachment wp-att-54186\"><img loading=\"lazy\" src=\"http:\/\/museumek.eu\/wp-content\/uploads\/2015\/09\/Rosenthal-Souciere-Dekor-Elsa-4-165x300.jpg\" alt=\"\" title=\"Rosenthal Souciere Dekor Elsa 4\" width=\"165\" height=\"300\" class=\"alignnone size-medium wp-image-54186\" srcset=\"http:\/\/museumek.eu\/wp-content\/uploads\/2015\/09\/Rosenthal-Souciere-Dekor-Elsa-4-165x300.jpg 165w, http:\/\/museumek.eu\/wp-content\/uploads\/2015\/09\/Rosenthal-Souciere-Dekor-Elsa-4-82x150.jpg 82w, http:\/\/museumek.eu\/wp-content\/uploads\/2015\/09\/Rosenthal-Souciere-Dekor-Elsa-4.jpg 352w\" sizes=\"(max-width: 165px) 100vw, 165px\" \/><\/a><\/p>\n<p><a href=\"http:\/\/museumek.eu\/?attachment_id=54187\" rel=\"attachment wp-att-54187\"><img loading=\"lazy\" src=\"http:\/\/museumek.eu\/wp-content\/uploads\/2015\/09\/Rosenthal-Souciere-Dekor-Elsa-5-205x300.jpg\" alt=\"\" title=\"Rosenthal Souciere Dekor Elsa 5\" width=\"205\" height=\"300\" class=\"alignnone size-medium wp-image-54187\" srcset=\"http:\/\/museumek.eu\/wp-content\/uploads\/2015\/09\/Rosenthal-Souciere-Dekor-Elsa-5-205x300.jpg 205w, http:\/\/museumek.eu\/wp-content\/uploads\/2015\/09\/Rosenthal-Souciere-Dekor-Elsa-5-102x150.jpg 102w, http:\/\/museumek.eu\/wp-content\/uploads\/2015\/09\/Rosenthal-Souciere-Dekor-Elsa-5.jpg 439w\" sizes=\"(max-width: 205px) 100vw, 205px\" \/><\/a><\/p>\n<p><a href=\"http:\/\/museumek.eu\/?attachment_id=54188\" rel=\"attachment wp-att-54188\"><img loading=\"lazy\" src=\"http:\/\/museumek.eu\/wp-content\/uploads\/2015\/09\/Rosenthal-Souciere-Dekor-Elsa-6-281x300.jpg\" alt=\"\" title=\"Rosenthal Souciere Dekor Elsa 6\" width=\"281\" height=\"300\" class=\"alignnone size-medium wp-image-54188\" srcset=\"http:\/\/museumek.eu\/wp-content\/uploads\/2015\/09\/Rosenthal-Souciere-Dekor-Elsa-6-281x300.jpg 281w, http:\/\/museumek.eu\/wp-content\/uploads\/2015\/09\/Rosenthal-Souciere-Dekor-Elsa-6-140x150.jpg 140w, http:\/\/museumek.eu\/wp-content\/uploads\/2015\/09\/Rosenthal-Souciere-Dekor-Elsa-6.jpg 480w\" sizes=\"(max-width: 281px) 100vw, 281px\" \/><\/a><\/p>\n<p><a href=\"http:\/\/museumek.eu\/?attachment_id=54189\" rel=\"attachment wp-att-54189\"><img loading=\"lazy\" src=\"http:\/\/museumek.eu\/wp-content\/uploads\/2015\/09\/Rosenthal-Souciere-Dekor-Elsa-7-300x300.jpg\" alt=\"\" title=\"Rosenthal Souciere Dekor Elsa 7\" width=\"300\" height=\"300\" class=\"alignnone size-medium wp-image-54189\" srcset=\"http:\/\/museumek.eu\/wp-content\/uploads\/2015\/09\/Rosenthal-Souciere-Dekor-Elsa-7-300x300.jpg 300w, http:\/\/museumek.eu\/wp-content\/uploads\/2015\/09\/Rosenthal-Souciere-Dekor-Elsa-7-150x150.jpg 150w, http:\/\/museumek.eu\/wp-content\/uploads\/2015\/09\/Rosenthal-Souciere-Dekor-Elsa-7-299x300.jpg 299w, http:\/\/museumek.eu\/wp-content\/uploads\/2015\/09\/Rosenthal-Souciere-Dekor-Elsa-7.jpg 480w\" sizes=\"(max-width: 300px) 100vw, 300px\" \/><\/a><\/p>\n<p><a href=\"http:\/\/museumek.eu\/?attachment_id=54199\" rel=\"attachment wp-att-54199\"><img loading=\"lazy\" src=\"http:\/\/museumek.eu\/wp-content\/uploads\/2015\/09\/Rosenthal-Souciere-Dekor-Elsa-8-300x173.jpg\" alt=\"\" title=\"Rosenthal Souciere Dekor Elsa 8\" width=\"300\" height=\"173\" class=\"alignnone size-medium wp-image-54199\" srcset=\"http:\/\/museumek.eu\/wp-content\/uploads\/2015\/09\/Rosenthal-Souciere-Dekor-Elsa-8-300x173.jpg 300w, http:\/\/museumek.eu\/wp-content\/uploads\/2015\/09\/Rosenthal-Souciere-Dekor-Elsa-8-150x86.jpg 150w, http:\/\/museumek.eu\/wp-content\/uploads\/2015\/09\/Rosenthal-Souciere-Dekor-Elsa-8-500x289.jpg 500w, http:\/\/museumek.eu\/wp-content\/uploads\/2015\/09\/Rosenthal-Souciere-Dekor-Elsa-8.jpg 640w\" sizes=\"(max-width: 300px) 100vw, 300px\" \/><\/a><\/p>\n<p><a href=\"http:\/\/museumek.eu\/?attachment_id=24754\" rel=\"attachment wp-att-24754\"><img loading=\"lazy\" src=\"http:\/\/museumek.eu\/wp-content\/uploads\/2011\/12\/002-Geschichte-Rosenthal-Porzellan-300x216.jpg\" alt=\"\" title=\"002 Geschichte Rosenthal Porzellan\" width=\"300\" height=\"216\" class=\"alignnone size-medium wp-image-24754\" srcset=\"http:\/\/museumek.eu\/wp-content\/uploads\/2011\/12\/002-Geschichte-Rosenthal-Porzellan-300x216.jpg 300w, http:\/\/museumek.eu\/wp-content\/uploads\/2011\/12\/002-Geschichte-Rosenthal-Porzellan-150x108.jpg 150w, http:\/\/museumek.eu\/wp-content\/uploads\/2011\/12\/002-Geschichte-Rosenthal-Porzellan-415x300.jpg 415w, http:\/\/museumek.eu\/wp-content\/uploads\/2011\/12\/002-Geschichte-Rosenthal-Porzellan.jpg 917w\" sizes=\"(max-width: 300px) 100vw, 300px\" \/><\/a><\/p>\n<p><a href=\"http:\/\/museumek.eu\/?attachment_id=24755\" rel=\"attachment wp-att-24755\"><img loading=\"lazy\" src=\"http:\/\/museumek.eu\/wp-content\/uploads\/2011\/12\/004-Geschichte-Rosenthal-Porzellan-300x220.jpg\" alt=\"\" title=\"004 Geschichte Rosenthal Porzellan\" width=\"300\" height=\"220\" class=\"alignnone size-medium wp-image-24755\" srcset=\"http:\/\/museumek.eu\/wp-content\/uploads\/2011\/12\/004-Geschichte-Rosenthal-Porzellan-300x220.jpg 300w, http:\/\/museumek.eu\/wp-content\/uploads\/2011\/12\/004-Geschichte-Rosenthal-Porzellan-150x110.jpg 150w, http:\/\/museumek.eu\/wp-content\/uploads\/2011\/12\/004-Geschichte-Rosenthal-Porzellan-407x300.jpg 407w, http:\/\/museumek.eu\/wp-content\/uploads\/2011\/12\/004-Geschichte-Rosenthal-Porzellan.jpg 943w\" sizes=\"(max-width: 300px) 100vw, 300px\" \/><\/a><\/p>\n","protected":false},"excerpt":{"rendered":"<p>Abteilung Deutschland, Keramik 1860 \u2013 1960, Inventarnummer D\/XXX\/11 Rosenthal Porzellan AG, vormals Philipp Rosenthal &#038; Co. AG, vormals Philipp Rosenthal &#038; Co., vormals Porzellanmalerei Philipp Rosenthal, Deutschland, Erkersreuth, Kronach, Marktredewitz, Selb, Selb-Pl\u00f6ssberg, Sophienthal, Waldenburg, Waldershof, um 1905, Souciere, K\u00fcnstler unbekannt, &hellip; <a href=\"http:\/\/museumek.eu\/?page_id=54207\">Weiterlesen <span class=\"meta-nav\">&rarr;<\/span><\/a><\/p>\n","protected":false},"author":1,"featured_media":0,"parent":54204,"menu_order":11,"comment_status":"closed","ping_status":"open","template":"","meta":[],"_links":{"self":[{"href":"http:\/\/museumek.eu\/index.php?rest_route=\/wp\/v2\/pages\/54207"}],"collection":[{"href":"http:\/\/museumek.eu\/index.php?rest_route=\/wp\/v2\/pages"}],"about":[{"href":"http:\/\/museumek.eu\/index.php?rest_route=\/wp\/v2\/types\/page"}],"author":[{"embeddable":true,"href":"http:\/\/museumek.eu\/index.php?rest_route=\/wp\/v2\/users\/1"}],"replies":[{"embeddable":true,"href":"http:\/\/museumek.eu\/index.php?rest_route=%2Fwp%2Fv2%2Fcomments&post=54207"}],"version-history":[{"count":2,"href":"http:\/\/museumek.eu\/index.php?rest_route=\/wp\/v2\/pages\/54207\/revisions"}],"predecessor-version":[{"id":54209,"href":"http:\/\/museumek.eu\/index.php?rest_route=\/wp\/v2\/pages\/54207\/revisions\/54209"}],"up":[{"embeddable":true,"href":"http:\/\/museumek.eu\/index.php?rest_route=\/wp\/v2\/pages\/54204"}],"wp:attachment":[{"href":"http:\/\/museumek.eu\/index.php?rest_route=%2Fwp%2Fv2%2Fmedia&parent=54207"}],"curies":[{"name":"wp","href":"https:\/\/api.w.org\/{rel}","templated":true}]}}