{"id":54224,"date":"2021-03-13T11:44:15","date_gmt":"2021-03-13T10:44:15","guid":{"rendered":"http:\/\/museumek.eu\/?page_id=54224"},"modified":"2021-03-13T13:48:30","modified_gmt":"2021-03-13T12:48:30","slug":"fotos-und-beschreibung","status":"publish","type":"page","link":"http:\/\/museumek.eu\/?page_id=54224","title":{"rendered":"Fotos und Beschreibung"},"content":{"rendered":"<p><strong>Abteilung Austria, Keramik 1860 \u2013 1960, Inventarnummer A\/LXIII\/1<\/strong><\/p>\n<p>K. k. priv. Wilhelmsburger Steingutfabrik Gebr. Lichtenstern und Nachf. Wilhelmsburger Steingutfabrik R. Lichtenstern &#038; Co. und Nachf. Wilhelmsburger Steingut- und Porzellanfabrik AG und Nachf. Ostmark-Keramik AG, Austria, Wilhelmsburg, um 1900, Zierteller, K\u00fcnstler unbekannt, Werks.-Nr. ohne, Exemplar Nr. ohne, gemarkt Firmenmarke mit  Krone, darunter \u00e4lteres Stadtwappen von Wilhelmsburg, mit stehendem bekr\u00f6nten L\u00f6wen und 3 Lilien, um das Wappen OPAQUE (f\u00fcr undurchsichtig, damit ist gemeint, dass das Produkt, Porzellan oder Steinzeug, nicht durchsichtig ist) WILHELMSBURG sowie 3 gepresst, nicht signiert, Literatur: Dieter Z\u00fchlsdorff, Markenlexikon Band 1, Porzellan und Keramik Report 1885 &#8211; 1935, Seite 203, Marke Werkteil-Nummer 1, Gruppen-Nummer 2 fortlaufende Nummer innerhalb der Gruppe 2049 identische Marke (dort f\u00fcr die Zeit 1882 &#8211; 1918, als Pre\u00dfmarke) sowie Seite 649, Werk-Teil 3., laufende Nummer des Werkteils 1407, dort Beschreibung der Fabrik, die Fabrik wurde 1790 oder 1835 gegr\u00fcndet, bis 1882 erfolgten diverse Besitzerwechsel, 1882 \u00fcbernahm die Familie Lichtenstern die Fabrik, Firmierung ab da K. k. priv. Wilhelmsburger Steingutfabrik Gebr. Lichtenstern, Haupteigent\u00fcmer sind wohl die Br\u00fcder Richard und Oskar Lichtenstern, 1910 kauft die Fabrik die Kunst- und Tonwarenfabrik Rudolf Ditmar in Znaim, M\u00e4hren als zus\u00e4tzliche Fabrik, 1912 erfolgt die Angliederung beider Fabriken an die Porzellanfabrik Triptis AG, Triptis, die bereits seit 1906 im Besitz der Steingut- Majolika- und Fayencefabrik Br\u00fcder Urbach, Turn bei Teplitz, B\u00f6hmen ist, Direktoren der Porzellanfabrik Triptis AG zu diesem Zeitpunkt sind: Kurt Gretschel, Alfred Urbach, Julius Fischmann und Oskar Lichtenstern, dieser Zusammenschluss h\u00e4lt aber nur wenige Jahre, denn die Br\u00fcder Lichtenstern \u00fcbernehmen aus diesem Verbund (wann genau ist unklar) die Fabriken in Turn und in Znaim und firmieren mit diesen beiden Fabriken als Ditmar Urbach AG, wohl ab 1919 firmiert die Wilhelmsburger Fabrik als Wilhelmsburger Steingutfabrik R. Lichtenstern &#038; Co., Inhaber sind: Richard und Oskar Lichtenstern, Paul Mocsari, Georg Fischmann und Ernst Mayer, 1932 wird die Fabrik in eine AG umgewandelt, Firmierung ab da Wilhelmsburger Steingut- und Porzellanfabrik AG, Pr\u00e4sident der AG ist Richard Lichtenstern, um 1939 flieht die Familie Lichtenstern in die USA und die Fabrik geht durch Arisierung in den Besitz der Creditanstalt Ostmark-Keramik AG, Hauptsitz Wien, Firmierung ab da Ostmark Keramik AG, Durchmesser 22,5 cm<\/p>\n<p><a href=\"http:\/\/museumek.eu\/?attachment_id=54286\" rel=\"attachment wp-att-54286\"><img loading=\"lazy\" src=\"http:\/\/museumek.eu\/wp-content\/uploads\/2021\/03\/Wilhelmsburg-Teller-1-300x296.jpg\" alt=\"\" title=\"Wilhelmsburg Teller 1\" width=\"300\" height=\"296\" class=\"alignnone size-medium wp-image-54286\" srcset=\"http:\/\/museumek.eu\/wp-content\/uploads\/2021\/03\/Wilhelmsburg-Teller-1-300x296.jpg 300w, http:\/\/museumek.eu\/wp-content\/uploads\/2021\/03\/Wilhelmsburg-Teller-1-150x148.jpg 150w, http:\/\/museumek.eu\/wp-content\/uploads\/2021\/03\/Wilhelmsburg-Teller-1-303x300.jpg 303w, http:\/\/museumek.eu\/wp-content\/uploads\/2021\/03\/Wilhelmsburg-Teller-1.jpg 485w\" sizes=\"(max-width: 300px) 100vw, 300px\" \/><\/a><\/p>\n<p><a href=\"http:\/\/museumek.eu\/?attachment_id=54287\" rel=\"attachment wp-att-54287\"><img loading=\"lazy\" src=\"http:\/\/museumek.eu\/wp-content\/uploads\/2021\/03\/Wilhelmsburg-Teller-2-291x300.jpg\" alt=\"\" title=\"Wilhelmsburg Teller 2\" width=\"291\" height=\"300\" class=\"alignnone size-medium wp-image-54287\" srcset=\"http:\/\/museumek.eu\/wp-content\/uploads\/2021\/03\/Wilhelmsburg-Teller-2-291x300.jpg 291w, http:\/\/museumek.eu\/wp-content\/uploads\/2021\/03\/Wilhelmsburg-Teller-2-145x150.jpg 145w, http:\/\/museumek.eu\/wp-content\/uploads\/2021\/03\/Wilhelmsburg-Teller-2.jpg 480w\" sizes=\"(max-width: 291px) 100vw, 291px\" \/><\/a><\/p>\n<p><a href=\"http:\/\/museumek.eu\/?attachment_id=54288\" rel=\"attachment wp-att-54288\"><img loading=\"lazy\" src=\"http:\/\/museumek.eu\/wp-content\/uploads\/2021\/03\/Wilhelmsburg-Teller-3-254x300.jpg\" alt=\"\" title=\"Wilhelmsburg Teller 3\" width=\"254\" height=\"300\" class=\"alignnone size-medium wp-image-54288\" srcset=\"http:\/\/museumek.eu\/wp-content\/uploads\/2021\/03\/Wilhelmsburg-Teller-3-254x300.jpg 254w, http:\/\/museumek.eu\/wp-content\/uploads\/2021\/03\/Wilhelmsburg-Teller-3-127x150.jpg 127w, http:\/\/museumek.eu\/wp-content\/uploads\/2021\/03\/Wilhelmsburg-Teller-3.jpg 480w\" sizes=\"(max-width: 254px) 100vw, 254px\" \/><\/a><\/p>\n<p><a href=\"http:\/\/museumek.eu\/?attachment_id=54289\" rel=\"attachment wp-att-54289\"><img loading=\"lazy\" src=\"http:\/\/museumek.eu\/wp-content\/uploads\/2021\/03\/Wilhelmsburg-Teller-4-195x300.jpg\" alt=\"\" title=\"Wilhelmsburg Teller 4\" width=\"195\" height=\"300\" class=\"alignnone size-medium wp-image-54289\" srcset=\"http:\/\/museumek.eu\/wp-content\/uploads\/2021\/03\/Wilhelmsburg-Teller-4-195x300.jpg 195w, http:\/\/museumek.eu\/wp-content\/uploads\/2021\/03\/Wilhelmsburg-Teller-4-97x150.jpg 97w, http:\/\/museumek.eu\/wp-content\/uploads\/2021\/03\/Wilhelmsburg-Teller-4.jpg 416w\" sizes=\"(max-width: 195px) 100vw, 195px\" \/><\/a><\/p>\n<p><a href=\"http:\/\/museumek.eu\/?attachment_id=54290\" rel=\"attachment wp-att-54290\"><img loading=\"lazy\" src=\"http:\/\/museumek.eu\/wp-content\/uploads\/2021\/03\/Wilhelmsburg-Teller-5-127x300.jpg\" alt=\"\" title=\"Wilhelmsburg Teller 5\" width=\"127\" height=\"300\" class=\"alignnone size-medium wp-image-54290\" srcset=\"http:\/\/museumek.eu\/wp-content\/uploads\/2021\/03\/Wilhelmsburg-Teller-5-127x300.jpg 127w, http:\/\/museumek.eu\/wp-content\/uploads\/2021\/03\/Wilhelmsburg-Teller-5-63x150.jpg 63w\" sizes=\"(max-width: 127px) 100vw, 127px\" \/><\/a><\/p>\n","protected":false},"excerpt":{"rendered":"<p>Abteilung Austria, Keramik 1860 \u2013 1960, Inventarnummer A\/LXIII\/1 K. k. priv. Wilhelmsburger Steingutfabrik Gebr. Lichtenstern und Nachf. Wilhelmsburger Steingutfabrik R. Lichtenstern &#038; Co. und Nachf. Wilhelmsburger Steingut- und Porzellanfabrik AG und Nachf. Ostmark-Keramik AG, Austria, Wilhelmsburg, um 1900, Zierteller, K\u00fcnstler &hellip; <a href=\"http:\/\/museumek.eu\/?page_id=54224\">Weiterlesen <span class=\"meta-nav\">&rarr;<\/span><\/a><\/p>\n","protected":false},"author":1,"featured_media":0,"parent":54212,"menu_order":1,"comment_status":"closed","ping_status":"open","template":"","meta":[],"_links":{"self":[{"href":"http:\/\/museumek.eu\/index.php?rest_route=\/wp\/v2\/pages\/54224"}],"collection":[{"href":"http:\/\/museumek.eu\/index.php?rest_route=\/wp\/v2\/pages"}],"about":[{"href":"http:\/\/museumek.eu\/index.php?rest_route=\/wp\/v2\/types\/page"}],"author":[{"embeddable":true,"href":"http:\/\/museumek.eu\/index.php?rest_route=\/wp\/v2\/users\/1"}],"replies":[{"embeddable":true,"href":"http:\/\/museumek.eu\/index.php?rest_route=%2Fwp%2Fv2%2Fcomments&post=54224"}],"version-history":[{"count":10,"href":"http:\/\/museumek.eu\/index.php?rest_route=\/wp\/v2\/pages\/54224\/revisions"}],"predecessor-version":[{"id":54298,"href":"http:\/\/museumek.eu\/index.php?rest_route=\/wp\/v2\/pages\/54224\/revisions\/54298"}],"up":[{"embeddable":true,"href":"http:\/\/museumek.eu\/index.php?rest_route=\/wp\/v2\/pages\/54212"}],"wp:attachment":[{"href":"http:\/\/museumek.eu\/index.php?rest_route=%2Fwp%2Fv2%2Fmedia&parent=54224"}],"curies":[{"name":"wp","href":"https:\/\/api.w.org\/{rel}","templated":true}]}}