{"id":54320,"date":"2021-03-13T18:30:02","date_gmt":"2021-03-13T17:30:02","guid":{"rendered":"http:\/\/museumek.eu\/?page_id=54320"},"modified":"2021-03-13T18:30:59","modified_gmt":"2021-03-13T17:30:59","slug":"fotos-und-beschreibung","status":"publish","type":"page","link":"http:\/\/museumek.eu\/?page_id=54320","title":{"rendered":"Fotos und Beschreibung"},"content":{"rendered":"<p><strong>Abteilung Austria\/Ungarn\/B\u00f6hmen, Keramik 1860 \u2013 1960, Inventarnummer A\/LXIV\/1<\/strong><\/p>\n<p>Baruch (Porzellanmalerei ?), Austria, Temesvar (heute Rum\u00e4nien), um 1900, Souciere, K\u00fcnstler unbekannt, Werks.-Nr. ohne, Exemplar Nr. ohne, gemarkt Firmenmarke zwei Kreise, zwischen den Kreisen BARUCH sowie TEMESVAR, in der Mitte des inneren Kreises eine Bl\u00fcte (?) violetter Stempel auf Glasur sowie 9104 und 38 in violetter Farbe auf Glasur gemalt, nicht signiert, wahrscheinlich stammt die Weissware von einer der gro\u00dfen \u00f6sterreichischen Porzellanfabriken, \u00fcber Baruch konnte das MEK nichts recherchieren, mit hoher Wahrscheinlichkeit handelt es sich um eine Porzellanmalerei evtl. auch ein Handelshaus mit Porzellanmalerei, H\u00f6he 10,5 cm, Breite 20 cm<\/p>\n<p><a href=\"http:\/\/museumek.eu\/?attachment_id=54321\" rel=\"attachment wp-att-54321\"><img loading=\"lazy\" src=\"http:\/\/museumek.eu\/wp-content\/uploads\/2021\/03\/Baruch-Temesvar-Souciere-1-300x281.jpg\" alt=\"\" title=\"Baruch Temesvar Souciere 1\" width=\"300\" height=\"281\" class=\"alignnone size-medium wp-image-54321\" srcset=\"http:\/\/museumek.eu\/wp-content\/uploads\/2021\/03\/Baruch-Temesvar-Souciere-1-300x281.jpg 300w, http:\/\/museumek.eu\/wp-content\/uploads\/2021\/03\/Baruch-Temesvar-Souciere-1-150x140.jpg 150w, http:\/\/museumek.eu\/wp-content\/uploads\/2021\/03\/Baruch-Temesvar-Souciere-1-320x300.jpg 320w, http:\/\/museumek.eu\/wp-content\/uploads\/2021\/03\/Baruch-Temesvar-Souciere-1.jpg 512w\" sizes=\"(max-width: 300px) 100vw, 300px\" \/><\/a><\/p>\n<p><a href=\"http:\/\/museumek.eu\/?attachment_id=54322\" rel=\"attachment wp-att-54322\"><img loading=\"lazy\" src=\"http:\/\/museumek.eu\/wp-content\/uploads\/2021\/03\/Baruch-Temesvar-Souciere-2-300x244.jpg\" alt=\"\" title=\"Baruch Temesvar Souciere 2\" width=\"300\" height=\"244\" class=\"alignnone size-medium wp-image-54322\" srcset=\"http:\/\/museumek.eu\/wp-content\/uploads\/2021\/03\/Baruch-Temesvar-Souciere-2-300x244.jpg 300w, http:\/\/museumek.eu\/wp-content\/uploads\/2021\/03\/Baruch-Temesvar-Souciere-2-150x122.jpg 150w, http:\/\/museumek.eu\/wp-content\/uploads\/2021\/03\/Baruch-Temesvar-Souciere-2-368x300.jpg 368w, http:\/\/museumek.eu\/wp-content\/uploads\/2021\/03\/Baruch-Temesvar-Souciere-2.jpg 589w\" sizes=\"(max-width: 300px) 100vw, 300px\" \/><\/a><\/p>\n<p><a href=\"http:\/\/museumek.eu\/?attachment_id=54323\" rel=\"attachment wp-att-54323\"><img loading=\"lazy\" src=\"http:\/\/museumek.eu\/wp-content\/uploads\/2021\/03\/Baruch-Temesvar-Souciere-3-206x300.jpg\" alt=\"\" title=\"Baruch Temesvar Souciere 3\" width=\"206\" height=\"300\" class=\"alignnone size-medium wp-image-54323\" srcset=\"http:\/\/museumek.eu\/wp-content\/uploads\/2021\/03\/Baruch-Temesvar-Souciere-3-206x300.jpg 206w, http:\/\/museumek.eu\/wp-content\/uploads\/2021\/03\/Baruch-Temesvar-Souciere-3-103x150.jpg 103w, http:\/\/museumek.eu\/wp-content\/uploads\/2021\/03\/Baruch-Temesvar-Souciere-3.jpg 440w\" sizes=\"(max-width: 206px) 100vw, 206px\" \/><\/a><\/p>\n<p><a href=\"http:\/\/museumek.eu\/?attachment_id=54324\" rel=\"attachment wp-att-54324\"><img loading=\"lazy\" src=\"http:\/\/museumek.eu\/wp-content\/uploads\/2021\/03\/Baruch-Temesvar-Souciere-4-214x300.jpg\" alt=\"\" title=\"Baruch Temesvar Souciere 4\" width=\"214\" height=\"300\" class=\"alignnone size-medium wp-image-54324\" srcset=\"http:\/\/museumek.eu\/wp-content\/uploads\/2021\/03\/Baruch-Temesvar-Souciere-4-214x300.jpg 214w, http:\/\/museumek.eu\/wp-content\/uploads\/2021\/03\/Baruch-Temesvar-Souciere-4-107x150.jpg 107w, http:\/\/museumek.eu\/wp-content\/uploads\/2021\/03\/Baruch-Temesvar-Souciere-4.jpg 458w\" sizes=\"(max-width: 214px) 100vw, 214px\" \/><\/a><\/p>\n<p><a href=\"http:\/\/museumek.eu\/?attachment_id=54325\" rel=\"attachment wp-att-54325\"><img loading=\"lazy\" src=\"http:\/\/museumek.eu\/wp-content\/uploads\/2021\/03\/Baruch-Temesvar-Souciere-5-300x260.jpg\" alt=\"\" title=\"Baruch Temesvar Souciere 5\" width=\"300\" height=\"260\" class=\"alignnone size-medium wp-image-54325\" srcset=\"http:\/\/museumek.eu\/wp-content\/uploads\/2021\/03\/Baruch-Temesvar-Souciere-5-300x260.jpg 300w, http:\/\/museumek.eu\/wp-content\/uploads\/2021\/03\/Baruch-Temesvar-Souciere-5-150x130.jpg 150w, http:\/\/museumek.eu\/wp-content\/uploads\/2021\/03\/Baruch-Temesvar-Souciere-5-345x300.jpg 345w, http:\/\/museumek.eu\/wp-content\/uploads\/2021\/03\/Baruch-Temesvar-Souciere-5.jpg 553w\" sizes=\"(max-width: 300px) 100vw, 300px\" \/><\/a><\/p>\n<p><a href=\"http:\/\/museumek.eu\/?attachment_id=54326\" rel=\"attachment wp-att-54326\"><img loading=\"lazy\" src=\"http:\/\/museumek.eu\/wp-content\/uploads\/2021\/03\/Baruch-Temesvar-Souciere-6-279x300.jpg\" alt=\"\" title=\"Baruch Temesvar Souciere 6\" width=\"279\" height=\"300\" class=\"alignnone size-medium wp-image-54326\" srcset=\"http:\/\/museumek.eu\/wp-content\/uploads\/2021\/03\/Baruch-Temesvar-Souciere-6-279x300.jpg 279w, http:\/\/museumek.eu\/wp-content\/uploads\/2021\/03\/Baruch-Temesvar-Souciere-6-139x150.jpg 139w, http:\/\/museumek.eu\/wp-content\/uploads\/2021\/03\/Baruch-Temesvar-Souciere-6.jpg 480w\" sizes=\"(max-width: 279px) 100vw, 279px\" \/><\/a><\/p>\n","protected":false},"excerpt":{"rendered":"<p>Abteilung Austria\/Ungarn\/B\u00f6hmen, Keramik 1860 \u2013 1960, Inventarnummer A\/LXIV\/1 Baruch (Porzellanmalerei ?), Austria, Temesvar (heute Rum\u00e4nien), um 1900, Souciere, K\u00fcnstler unbekannt, Werks.-Nr. ohne, Exemplar Nr. ohne, gemarkt Firmenmarke zwei Kreise, zwischen den Kreisen BARUCH sowie TEMESVAR, in der Mitte des inneren &hellip; <a href=\"http:\/\/museumek.eu\/?page_id=54320\">Weiterlesen <span class=\"meta-nav\">&rarr;<\/span><\/a><\/p>\n","protected":false},"author":1,"featured_media":0,"parent":54317,"menu_order":1,"comment_status":"closed","ping_status":"open","template":"","meta":[],"_links":{"self":[{"href":"http:\/\/museumek.eu\/index.php?rest_route=\/wp\/v2\/pages\/54320"}],"collection":[{"href":"http:\/\/museumek.eu\/index.php?rest_route=\/wp\/v2\/pages"}],"about":[{"href":"http:\/\/museumek.eu\/index.php?rest_route=\/wp\/v2\/types\/page"}],"author":[{"embeddable":true,"href":"http:\/\/museumek.eu\/index.php?rest_route=\/wp\/v2\/users\/1"}],"replies":[{"embeddable":true,"href":"http:\/\/museumek.eu\/index.php?rest_route=%2Fwp%2Fv2%2Fcomments&post=54320"}],"version-history":[{"count":4,"href":"http:\/\/museumek.eu\/index.php?rest_route=\/wp\/v2\/pages\/54320\/revisions"}],"predecessor-version":[{"id":54330,"href":"http:\/\/museumek.eu\/index.php?rest_route=\/wp\/v2\/pages\/54320\/revisions\/54330"}],"up":[{"embeddable":true,"href":"http:\/\/museumek.eu\/index.php?rest_route=\/wp\/v2\/pages\/54317"}],"wp:attachment":[{"href":"http:\/\/museumek.eu\/index.php?rest_route=%2Fwp%2Fv2%2Fmedia&parent=54320"}],"curies":[{"name":"wp","href":"https:\/\/api.w.org\/{rel}","templated":true}]}}