{"id":54359,"date":"2021-03-13T20:09:43","date_gmt":"2021-03-13T19:09:43","guid":{"rendered":"http:\/\/museumek.eu\/?page_id=54359"},"modified":"2021-03-13T20:09:43","modified_gmt":"2021-03-13T19:09:43","slug":"dclxxxviii1","status":"publish","type":"page","link":"http:\/\/museumek.eu\/?page_id=54359","title":{"rendered":"D\/CLXXXVIII\/1"},"content":{"rendered":"<p><strong>Abteilung Deutschland, Keramik 1860 \u2013 1960, Inventarnummer D\/CLXXXVIII\/1<\/strong><\/p>\n<p>Porzellanfabrik Schwaben GmbH und Nachf. Keramische Fabrik M\u00fcnchen-Schwaben AG, Deutschland, Markt Schwaben bei M\u00fcnchen, um 1930, Vase, K\u00fcnstler unbekannt, Werks.-Nr. ohne, Exemplar Nr. ohne, gemarkt Firmenmarke in einem waagerechten ovalem Rahmen ein L\u00f6wenkopf, der die Zunge herausstreckt, oben um das Oval KERAM. FABRIK, unten um das Oval M\u00dcNCHEN-SCHWABEN, darunter A.-G. roter Stempel unter Glasur, nicht signiert, Literatur: Dieter Z\u00fchlsdorff, Markenlexikon, Band 1, Porzellan und Keramik Report 1885 &#8211; 1935, Seite 319, Werkteil 1., Gruppennummer des Werkteils 11., laufende Nummer innerhalb der Gruppe 177, fast identische (dort mit Schriftzug BAVARIA) sowie Seite 558, Werkteil- Nummer 3., fortlaufende Nummer des Werkteils 805, dort Beschreibung der Fabrik, weitere Literatur: Ludwig Danckert, Handbuch des Europ\u00e4ischen Porzellans, 7. Auflage, Seite 422, dort sehr kurze unvollst\u00e4ndige Beschreibung der Fabrik sowie \u00e4hnliche Marke, die Porzellanfabrik wird 1921 in Markt Schwaben, bei M\u00fcnchen, gegr\u00fcndet, Firmierung Porzellanfabrik Schwaben GmbH, die Direktoren sind Karl Fischmann und Christoph Achtziger, 1927 wird die Fabrik in eine AG umgewandelt, Firmierung ab da Keramische Fabrik M\u00fcnchen-Schwaben AG, ab da auch Herstellung von Tonwaren, um 1935 wird die Produktion eingestellt, somit ergibt sich die Datierung der Vase aus der Fabrikmarke, zwischen 1927 und 1935, H\u00f6he 16,7 cm, Breite 10 cm<\/p>\n<p><a href=\"http:\/\/museumek.eu\/?attachment_id=54345\" rel=\"attachment wp-att-54345\"><img loading=\"lazy\" src=\"http:\/\/museumek.eu\/wp-content\/uploads\/2021\/03\/Keramische-Fabrik-M\u00fcnchen-Schwabing-Vase-1-195x300.jpg\" alt=\"\" title=\"Keramische Fabrik M\u00fcnchen-Schwabing Vase 1\" width=\"195\" height=\"300\" class=\"alignnone size-medium wp-image-54345\" srcset=\"http:\/\/museumek.eu\/wp-content\/uploads\/2021\/03\/Keramische-Fabrik-M\u00fcnchen-Schwabing-Vase-1-195x300.jpg 195w, http:\/\/museumek.eu\/wp-content\/uploads\/2021\/03\/Keramische-Fabrik-M\u00fcnchen-Schwabing-Vase-1-97x150.jpg 97w, http:\/\/museumek.eu\/wp-content\/uploads\/2021\/03\/Keramische-Fabrik-M\u00fcnchen-Schwabing-Vase-1.jpg 417w\" sizes=\"(max-width: 195px) 100vw, 195px\" \/><\/a><\/p>\n<p><a href=\"http:\/\/museumek.eu\/?attachment_id=54346\" rel=\"attachment wp-att-54346\"><img loading=\"lazy\" src=\"http:\/\/museumek.eu\/wp-content\/uploads\/2021\/03\/Keramische-Fabrik-M\u00fcnchen-Schwabing-Vase-2-184x300.jpg\" alt=\"\" title=\"Keramische Fabrik M\u00fcnchen-Schwabing Vase 2\" width=\"184\" height=\"300\" class=\"alignnone size-medium wp-image-54346\" srcset=\"http:\/\/museumek.eu\/wp-content\/uploads\/2021\/03\/Keramische-Fabrik-M\u00fcnchen-Schwabing-Vase-2-184x300.jpg 184w, http:\/\/museumek.eu\/wp-content\/uploads\/2021\/03\/Keramische-Fabrik-M\u00fcnchen-Schwabing-Vase-2-92x150.jpg 92w, http:\/\/museumek.eu\/wp-content\/uploads\/2021\/03\/Keramische-Fabrik-M\u00fcnchen-Schwabing-Vase-2.jpg 394w\" sizes=\"(max-width: 184px) 100vw, 184px\" \/><\/a><\/p>\n<p><a href=\"http:\/\/museumek.eu\/?attachment_id=54347\" rel=\"attachment wp-att-54347\"><img loading=\"lazy\" src=\"http:\/\/museumek.eu\/wp-content\/uploads\/2021\/03\/Keramische-Fabrik-M\u00fcnchen-Schwabing-Vase-3-176x300.jpg\" alt=\"\" title=\"Keramische Fabrik M\u00fcnchen-Schwabing Vase 3\" width=\"176\" height=\"300\" class=\"alignnone size-medium wp-image-54347\" srcset=\"http:\/\/museumek.eu\/wp-content\/uploads\/2021\/03\/Keramische-Fabrik-M\u00fcnchen-Schwabing-Vase-3-176x300.jpg 176w, http:\/\/museumek.eu\/wp-content\/uploads\/2021\/03\/Keramische-Fabrik-M\u00fcnchen-Schwabing-Vase-3-88x150.jpg 88w, http:\/\/museumek.eu\/wp-content\/uploads\/2021\/03\/Keramische-Fabrik-M\u00fcnchen-Schwabing-Vase-3.jpg 376w\" sizes=\"(max-width: 176px) 100vw, 176px\" \/><\/a><\/p>\n<p><a href=\"http:\/\/museumek.eu\/?attachment_id=54348\" rel=\"attachment wp-att-54348\"><img loading=\"lazy\" src=\"http:\/\/museumek.eu\/wp-content\/uploads\/2021\/03\/Keramische-Fabrik-M\u00fcnchen-Schwabing-Vase-4-163x300.jpg\" alt=\"\" title=\"Keramische Fabrik M\u00fcnchen-Schwabing Vase 4\" width=\"163\" height=\"300\" class=\"alignnone size-medium wp-image-54348\" srcset=\"http:\/\/museumek.eu\/wp-content\/uploads\/2021\/03\/Keramische-Fabrik-M\u00fcnchen-Schwabing-Vase-4-163x300.jpg 163w, http:\/\/museumek.eu\/wp-content\/uploads\/2021\/03\/Keramische-Fabrik-M\u00fcnchen-Schwabing-Vase-4-81x150.jpg 81w, http:\/\/museumek.eu\/wp-content\/uploads\/2021\/03\/Keramische-Fabrik-M\u00fcnchen-Schwabing-Vase-4.jpg 349w\" sizes=\"(max-width: 163px) 100vw, 163px\" \/><\/a><\/p>\n<p><a href=\"http:\/\/museumek.eu\/?attachment_id=54350\" rel=\"attachment wp-att-54350\"><img loading=\"lazy\" src=\"http:\/\/museumek.eu\/wp-content\/uploads\/2021\/03\/Keramische-Fabrik-M\u00fcnchen-Schwabing-Vase-5-300x260.jpg\" alt=\"\" title=\"Keramische Fabrik M\u00fcnchen-Schwabing Vase 5\" width=\"300\" height=\"260\" class=\"alignnone size-medium wp-image-54350\" srcset=\"http:\/\/museumek.eu\/wp-content\/uploads\/2021\/03\/Keramische-Fabrik-M\u00fcnchen-Schwabing-Vase-5-300x260.jpg 300w, http:\/\/museumek.eu\/wp-content\/uploads\/2021\/03\/Keramische-Fabrik-M\u00fcnchen-Schwabing-Vase-5-150x130.jpg 150w, http:\/\/museumek.eu\/wp-content\/uploads\/2021\/03\/Keramische-Fabrik-M\u00fcnchen-Schwabing-Vase-5-345x300.jpg 345w, http:\/\/museumek.eu\/wp-content\/uploads\/2021\/03\/Keramische-Fabrik-M\u00fcnchen-Schwabing-Vase-5.jpg 552w\" sizes=\"(max-width: 300px) 100vw, 300px\" \/><\/a> <\/p>\n","protected":false},"excerpt":{"rendered":"<p>Abteilung Deutschland, Keramik 1860 \u2013 1960, Inventarnummer D\/CLXXXVIII\/1 Porzellanfabrik Schwaben GmbH und Nachf. Keramische Fabrik M\u00fcnchen-Schwaben AG, Deutschland, Markt Schwaben bei M\u00fcnchen, um 1930, Vase, K\u00fcnstler unbekannt, Werks.-Nr. ohne, Exemplar Nr. ohne, gemarkt Firmenmarke in einem waagerechten ovalem Rahmen ein &hellip; <a href=\"http:\/\/museumek.eu\/?page_id=54359\">Weiterlesen <span class=\"meta-nav\">&rarr;<\/span><\/a><\/p>\n","protected":false},"author":1,"featured_media":0,"parent":54357,"menu_order":1,"comment_status":"closed","ping_status":"open","template":"","meta":[],"_links":{"self":[{"href":"http:\/\/museumek.eu\/index.php?rest_route=\/wp\/v2\/pages\/54359"}],"collection":[{"href":"http:\/\/museumek.eu\/index.php?rest_route=\/wp\/v2\/pages"}],"about":[{"href":"http:\/\/museumek.eu\/index.php?rest_route=\/wp\/v2\/types\/page"}],"author":[{"embeddable":true,"href":"http:\/\/museumek.eu\/index.php?rest_route=\/wp\/v2\/users\/1"}],"replies":[{"embeddable":true,"href":"http:\/\/museumek.eu\/index.php?rest_route=%2Fwp%2Fv2%2Fcomments&post=54359"}],"version-history":[{"count":2,"href":"http:\/\/museumek.eu\/index.php?rest_route=\/wp\/v2\/pages\/54359\/revisions"}],"predecessor-version":[{"id":54361,"href":"http:\/\/museumek.eu\/index.php?rest_route=\/wp\/v2\/pages\/54359\/revisions\/54361"}],"up":[{"embeddable":true,"href":"http:\/\/museumek.eu\/index.php?rest_route=\/wp\/v2\/pages\/54357"}],"wp:attachment":[{"href":"http:\/\/museumek.eu\/index.php?rest_route=%2Fwp%2Fv2%2Fmedia&parent=54359"}],"curies":[{"name":"wp","href":"https:\/\/api.w.org\/{rel}","templated":true}]}}