{"id":5445,"date":"2011-09-30T21:21:17","date_gmt":"2011-09-30T19:21:17","guid":{"rendered":"http:\/\/museumek.eu\/?page_id=5445"},"modified":"2021-01-23T19:15:53","modified_gmt":"2021-01-23T18:15:53","slug":"dxxiii1","status":"publish","type":"page","link":"http:\/\/museumek.eu\/?page_id=5445","title":{"rendered":"D\/XXIII\/1"},"content":{"rendered":"<p><strong>Abteilung Deutschland, Keramik 1860 \u2013 1960, Inventarnummer D\/XXIII\/1<\/strong><\/p>\n<p>Steingut-Fabrik und Kunstt\u00f6pferei Franz Anton Mehlem, Inhaber Franz Guilleaume und Vorg\u00e4nger Porzellan-Fayence-Fabrik, Malerei u. Vergoldung Franz Ant. Mehlem in Bonn a. Rhein, Inh. Franz Guilleaume vormals Porzellan-Fayence-Fabrik von Franz Ant. Mehlem, Deutschland, Bonn, um 1900, Schale, K\u00fcnstler unbekannt, Werks.-Nr. ohne, Exemplar Nr. ohne, gemarkt Firmenmarke mit Turm, im Turm FAM (f\u00fcr Franz Anton Mehlem), BONN sowie dem Zusatz GERMANY gr\u00fcner Stempel unter Glasur, AB, 8 in einem Rhombus sowie Firmenmarke als runder Trockenstempel mit FAM, FRANZ ANT. MEHLEM und BONN A\/RHEIN gepresst, nicht signiert, Literatur: Margit Berwig, Michael Weisser und Adelhart Zippelius, Steingutfabrik und Kunstt\u00f6pferei Franz Anton Mehlem in Bonn und Steingutfabrik Villeroy &#038; Boch Bonn, Katalog 3 zur Ausstellung Volkskunst im Wandel, Seite 141, Marken Nr. 11 (Trocken-Rund-Stempel) sowie Nr. 10 (Turmstempel) identisch, weitere Literatur: Otto Pelka, Keramik der Neuzeit, Markentafel II, Markenkasten 9, gepresste Marke identisch sowie gestempelte Marke \u00e4hnlich, Seite 209, Herstellerverzeichnis, unter 9., Bonn, Franz Anton Mehlem sowie Seite 220, Namensverzeichnis, Mehlem, Franz Anton, M 9, weitere Literatur: Dieter Z\u00fchlsdorff, Markenlexikon Band 1, Porzellan und Keramik Report 1885 &#8211; 1935, Seite 213, Werk-Teil Nr. 1., Gruppen Nr. des Werkteils 2., laufende Nr. in der Gruppe 2294, dort identische Marke (Trocken-Rund-Stempel, f\u00fcr die Zeit ab 1894, dort bezeichnet als Hauptmarke), Seite 339, Werk-Teil Nr. 1., Gruppen Nr. des Werkteils 14., laufende Nr. in der Gruppe 52, dort identische Marke (Turm-Stempel, f\u00fcr die Zeit ab 1896, dort erw\u00e4hnt, auch mit Zusatz GERMANY) sowie Seite 476, Werk-Teil Nr. 3., laufende Nr. des Werkteils 131, dort kurze Beschreibung der Fabrik, die Geschichte der Fabrik, geht ebenso wie die der Bonner Fabrik von Ludwig Wessel auf den K\u00f6lner Kurf\u00fcrsten Clemens August zur\u00fcck, welcher 1755 den geistlichen Konferenzrat Ferdinand von Stockhausen und dessen Schwager Johann Jacob Kaisin damit beauftragte, auf dem Gel\u00e4nde der Katzenburg, nahe seines Schlosses in Poppelsdorf das Arcunum der Porzellanherstellung aufzudecken, nachdem der Kurf\u00fcrst 2 Jahre lang vergeblich Geld investiert hatte, teilte er den beiden Unternehmern mit, dass sie von nun an den Betrieb auf eigene Kosten zu f\u00fchren h\u00e4tten, deshalb gab es seit 1757 immer wieder finanzielle Probleme und diverse Eigent\u00fcmerwechsel, \u00fcber die Firmierungen bis zu dieser Zeit konnte das MEK nichts recherchieren, 1805 \u00fcbernimmt der, seit 1780 in der Fabrik besch\u00e4ftigte Fayence- und Steingutmaler Johann Mathias Rosenkranz, zusammen mit seinem Schwiegervater Mauritz Wulf die Fabrik, die Fabrik entwickelte sich gut und wurde auch baulich erweitert, Firmierung nicht bekannt, ab dem Jahre 1821 kam die Fabrik in finanzielle Schwierigkeiten, die letztlich dadurch gel\u00f6st worden sind, dass der Bonner Kaufmann Ludwig Wessel und Johann Wilhelm Bruckmann aus Deutz, die neuen Eigent\u00fcmer werden und Rosenkranz die Fabrik zur\u00fcckpachtete, die Pacht endete dann mit dem Tode von Rosenkranz 1828, Wessel erh\u00e4lt aus dem Nachlass ein Terrain, welches sich neben der Fabrik befand und baut darauf eine Fayencerie, Wessel \u00fcberl\u00e4\u00dft die alte Rosenkranz Fabrik den Schwiegers\u00f6hnen von Rosenkranz, Firmierung nicht bekannt, diese bewirtschaften bis 1836 die Fabrik mehr schlecht als recht, ihr Hauptgl\u00e4ubiger ist der K\u00f6lner Advokat von Recklinghausen, an den die Fabrik 1836 abgetreten wird, Recklinghausen saniert die Fabrik zusammen mit seinen Schw\u00e4gern Paul Joseph und Everhard Joseph Mehlem (S\u00f6hne des Bonner Kaufmanns Anton Mehlem), allerdings war f\u00fcr eine weitere gute Entwicklung der Fabrik die Verkehrslage in Bonn, Poppelsdorf nicht so g\u00fcnstig und die angrenzende Steingutfabrik von Ludwig Wessel behinderte die weitere r\u00e4umliche Expansion, deshalb wurde entschieden, ein Grundst\u00fcck direkt am Rhein zu erwerben, um darauf eine Steingutfabrik zu errichten, die amtliche Ver\u00f6ffentlichung des Vorhabens erfolgte am 14. September 1838 im K\u00f6lner Wochenblatt Nr. 111, 1839 war die Fabrik fertiggestellt und der Umzug von Poppelsdorf wurde vollzogen, die Poppelsdorfer Fabrik wurde an die Wesselsche Fabrik verkauft, die Fabrik firmierte als Porzellan-Fayence-Fabrik von Franz Ant. Mehlem, Mehrheitseigner war sicher Franz Anton Mehlem, Miteigent\u00fcmer dessen o. g. S\u00f6hne und der Advokat von Recklinghausen, bis zum Jahre 1865 wird die Fabrik weiter ausgebaut und bis 1865 waren alle Inhaber verstorben, das gesamt Verm\u00f6gen f\u00e4llt an ein Erbengemeinschaft namens Braubach und Kaeser, zeitgleich trat die Fabrik Villeroy &#038; Boch in Verhandlungen zum Erwerb der Fabrik ein, deren Ergebnis das MEK nicht recherchieren konnte, 1874 wird der Kaufmann Franz Guilleaume als Leiter und Inhaber der Fabrik genannt, der die Fabrik weiter ausbaute und die wirtschaftliche Rentabilit\u00e4t erh\u00f6hte, Firmierung wohl ab 1874 Porzellan-Fayence-Fabrik, Malerei u. Vergoldung Franz Ant. Mehlem in Bonn a. Rhein, Inh. Franz Guilleaume, ab 1899 ist folgende Firmierung nachgewiesen, Steingut-Fabrik und Kunstt\u00f6pferei Franz Ant. Mehlem, Inh. Franz Guilleaume, Franz Guilleaume verstirbt am 03.Januar 1914, zuvor \u00fcbertrug er die Fabrik auf seinen Sohn Walter Guilleaume, am 01. Juni 1920 verkauft Walter Guilleaume die Fabrik an Villeroy &#038; Boch, V &#038; B behielt die Fabrik bis 1931, produzierte aber bereits ab 1925 keine Kunstkeramik mehr, sondern Sanit\u00e4rware, warum er verkaufte, ist nicht genau nachvollziehbar, wahrscheinlich sah er seine Zukunft in der Produktion technisch nutzbarer Ware, denn er gr\u00fcndete kurz darauf eine Schleifscheibenfabrik, Durchmesser 17 cm<\/p>\n<p><a href=\"http:\/\/museumek.eu\/wp-content\/uploads\/2011\/09\/Museum-Europ\u00e4ischer-Keramikkunst-1129.jpg\"><img loading=\"lazy\" src=\"http:\/\/museumek.eu\/wp-content\/uploads\/2011\/09\/Museum-Europ\u00e4ischer-Keramikkunst-1129-300x231.jpg\" alt=\"\" title=\"Museum Europ\u00e4ischer Keramikkunst 1129\" width=\"300\" height=\"231\" class=\"alignnone size-medium wp-image-5446\" srcset=\"http:\/\/museumek.eu\/wp-content\/uploads\/2011\/09\/Museum-Europ\u00e4ischer-Keramikkunst-1129-300x231.jpg 300w, http:\/\/museumek.eu\/wp-content\/uploads\/2011\/09\/Museum-Europ\u00e4ischer-Keramikkunst-1129-388x300.jpg 388w, http:\/\/museumek.eu\/wp-content\/uploads\/2011\/09\/Museum-Europ\u00e4ischer-Keramikkunst-1129.jpg 774w\" sizes=\"(max-width: 300px) 100vw, 300px\" \/><\/a><\/p>\n<p><a href=\"http:\/\/museumek.eu\/wp-content\/uploads\/2011\/09\/Museum-Europ\u00e4ischer-Keramikkunst-1130.jpg\"><img loading=\"lazy\" src=\"http:\/\/museumek.eu\/wp-content\/uploads\/2011\/09\/Museum-Europ\u00e4ischer-Keramikkunst-1130-300x234.jpg\" alt=\"\" title=\"Museum Europ\u00e4ischer Keramikkunst 1130\" width=\"300\" height=\"234\" class=\"alignnone size-medium wp-image-5447\" srcset=\"http:\/\/museumek.eu\/wp-content\/uploads\/2011\/09\/Museum-Europ\u00e4ischer-Keramikkunst-1130-300x234.jpg 300w, http:\/\/museumek.eu\/wp-content\/uploads\/2011\/09\/Museum-Europ\u00e4ischer-Keramikkunst-1130-383x300.jpg 383w, http:\/\/museumek.eu\/wp-content\/uploads\/2011\/09\/Museum-Europ\u00e4ischer-Keramikkunst-1130.jpg 424w\" sizes=\"(max-width: 300px) 100vw, 300px\" \/><\/a><\/p>\n<p><a href=\"http:\/\/museumek.eu\/wp-content\/uploads\/2011\/09\/Museum-Europ\u00e4ischer-Keramikkunst-1134.jpg\"><img loading=\"lazy\" src=\"http:\/\/museumek.eu\/wp-content\/uploads\/2011\/09\/Museum-Europ\u00e4ischer-Keramikkunst-1134-281x300.jpg\" alt=\"\" title=\"Museum Europ\u00e4ischer Keramikkunst 1134\" width=\"281\" height=\"300\" class=\"alignnone size-medium wp-image-5448\" srcset=\"http:\/\/museumek.eu\/wp-content\/uploads\/2011\/09\/Museum-Europ\u00e4ischer-Keramikkunst-1134-281x300.jpg 281w, http:\/\/museumek.eu\/wp-content\/uploads\/2011\/09\/Museum-Europ\u00e4ischer-Keramikkunst-1134.jpg 510w\" sizes=\"(max-width: 281px) 100vw, 281px\" \/><\/a><\/p>\n","protected":false},"excerpt":{"rendered":"<p>Abteilung Deutschland, Keramik 1860 \u2013 1960, Inventarnummer D\/XXIII\/1 Steingut-Fabrik und Kunstt\u00f6pferei Franz Anton Mehlem, Inhaber Franz Guilleaume und Vorg\u00e4nger Porzellan-Fayence-Fabrik, Malerei u. Vergoldung Franz Ant. Mehlem in Bonn a. Rhein, Inh. Franz Guilleaume vormals Porzellan-Fayence-Fabrik von Franz Ant. Mehlem, Deutschland, &hellip; <a href=\"http:\/\/museumek.eu\/?page_id=5445\">Weiterlesen <span class=\"meta-nav\">&rarr;<\/span><\/a><\/p>\n","protected":false},"author":1,"featured_media":0,"parent":5442,"menu_order":1,"comment_status":"closed","ping_status":"closed","template":"","meta":[],"_links":{"self":[{"href":"http:\/\/museumek.eu\/index.php?rest_route=\/wp\/v2\/pages\/5445"}],"collection":[{"href":"http:\/\/museumek.eu\/index.php?rest_route=\/wp\/v2\/pages"}],"about":[{"href":"http:\/\/museumek.eu\/index.php?rest_route=\/wp\/v2\/types\/page"}],"author":[{"embeddable":true,"href":"http:\/\/museumek.eu\/index.php?rest_route=\/wp\/v2\/users\/1"}],"replies":[{"embeddable":true,"href":"http:\/\/museumek.eu\/index.php?rest_route=%2Fwp%2Fv2%2Fcomments&post=5445"}],"version-history":[{"count":8,"href":"http:\/\/museumek.eu\/index.php?rest_route=\/wp\/v2\/pages\/5445\/revisions"}],"predecessor-version":[{"id":52512,"href":"http:\/\/museumek.eu\/index.php?rest_route=\/wp\/v2\/pages\/5445\/revisions\/52512"}],"up":[{"embeddable":true,"href":"http:\/\/museumek.eu\/index.php?rest_route=\/wp\/v2\/pages\/5442"}],"wp:attachment":[{"href":"http:\/\/museumek.eu\/index.php?rest_route=%2Fwp%2Fv2%2Fmedia&parent=5445"}],"curies":[{"name":"wp","href":"https:\/\/api.w.org\/{rel}","templated":true}]}}