{"id":54489,"date":"2021-03-17T22:25:38","date_gmt":"2021-03-17T21:25:38","guid":{"rendered":"http:\/\/museumek.eu\/?page_id=54489"},"modified":"2021-03-17T22:25:38","modified_gmt":"2021-03-17T21:25:38","slug":"alxv1","status":"publish","type":"page","link":"http:\/\/museumek.eu\/?page_id=54489","title":{"rendered":"A\/LXV\/1"},"content":{"rendered":"<p><strong>Abteilung Austria, Keramik 1860 \u2013 1960, Inventarnummer A\/LXV\/1<\/strong><\/p>\n<p>Porzellanmanufaktur Gloria, Austria, Alt Rohlau, um 1925, Kanne eines Mokkaservice, K\u00fcnstler Pavel Jan\u00e1k (attr.), Werks.-Nr. 1670.5 (Formnummer?), Exemplar Nr. ohne, gemarkt Firmenmarke auf Glasur, in einer mit Gold umrahmten Krone, die innen gr\u00fcn gef\u00fcllt ist, die Buchstaben AW (f\u00fcr Anton Weidl) in Gold, darunter ein goldener Rahmen, innen gr\u00fcn gef\u00fcllt, in diesem Rahmen ein Brunnen mit Font\u00e4ne, mittig durch das Wort GLORIA geteilt sowie 1670.5 gepresst (schwer zu erkennen), nicht signiert, die Porzellanmanufaktur wurde von Anton Weidl jun. und dessen Bruder Ernst Weidl 1920 in Altrohlau gegr\u00fcndet, Firmierung Porzellanmanufaktur Gloria, wobei Anton die Manufaktur leitete, die Br\u00fcder waren 2 von 8 Kindern des Anton Weidl sen., der zuerst als Porzellanmaler und Leiter der Porzellanmalerei der Porzellanfabrik Gie\u00dfh\u00fcbel arbeitete und 1913 eine eigene Porzellanfabrik in Falkenau  gr\u00fcndete, dort erhielten Anton Weidl jun. und sein Bruder Ernst ihre Ausbildung, bekannt ist, dass Anton Weidl jun. 1899 geboren wurde und seine Ausbildung zum Porzelliner in der v\u00e4terlichen Fabrik 1913 begann, Anton Weidl sen. wurde 1917 zum Milit\u00e4rdienst einberufen und Anton Weidl jun., \u00fcbernahm die Leitung der Fabrik bis Kriegsende, die Porzellanmanufaktur Gloria entwickelte sich schnell zu einer der gr\u00f6\u00dften Porzellanhersteller dieser Zeit und exportierte auch ins Ausland, um so verwunderlicher ist es, dass diese Manufaktur in keiner Literatur aufgef\u00fchrt wird und dass es so wenig erhaltene St\u00fccke dieser Manufaktur gibt, 1945 wurde die Manufaktur beschlagnahmt und die Familie Weidl wurde aus der Heimat vertrieben, danach gr\u00fcndete die Familie Weidl eine neue Fabrik in Bayreuth, die Zuschreibung zum K\u00fcnstler Pavel Jan\u00e1k erfolgt, weil dieser, in dieser Zeit, \u00e4hnliche Dekore im art deco Stil entworfen hat, so dass auf den ersten Blick der Eindruck der Zuordnung zu Jan\u00e1k erfolgt, H\u00f6he 19 cm, Breite 20 cm<\/p>\n<p><a href=\"http:\/\/museumek.eu\/?attachment_id=54391\" rel=\"attachment wp-att-54391\"><img loading=\"lazy\" src=\"http:\/\/museumek.eu\/wp-content\/uploads\/2021\/03\/Porzellanfabrik-Gloria-Moccaservice-1-300x248.jpg\" alt=\"\" title=\"Porzellanfabrik Gloria Moccaservice 1\" width=\"300\" height=\"248\" class=\"alignnone size-medium wp-image-54391\" srcset=\"http:\/\/museumek.eu\/wp-content\/uploads\/2021\/03\/Porzellanfabrik-Gloria-Moccaservice-1-300x248.jpg 300w, http:\/\/museumek.eu\/wp-content\/uploads\/2021\/03\/Porzellanfabrik-Gloria-Moccaservice-1-150x124.jpg 150w, http:\/\/museumek.eu\/wp-content\/uploads\/2021\/03\/Porzellanfabrik-Gloria-Moccaservice-1-362x300.jpg 362w, http:\/\/museumek.eu\/wp-content\/uploads\/2021\/03\/Porzellanfabrik-Gloria-Moccaservice-1.jpg 580w\" sizes=\"(max-width: 300px) 100vw, 300px\" \/><\/a><\/p>\n<p><a href=\"http:\/\/museumek.eu\/?attachment_id=54392\" rel=\"attachment wp-att-54392\"><img loading=\"lazy\" src=\"http:\/\/museumek.eu\/wp-content\/uploads\/2021\/03\/Porzellanfabrik-Gloria-Kanne-1-286x300.jpg\" alt=\"\" title=\"Porzellanfabrik Gloria Kanne 1\" width=\"286\" height=\"300\" class=\"alignnone size-medium wp-image-54392\" srcset=\"http:\/\/museumek.eu\/wp-content\/uploads\/2021\/03\/Porzellanfabrik-Gloria-Kanne-1-286x300.jpg 286w, http:\/\/museumek.eu\/wp-content\/uploads\/2021\/03\/Porzellanfabrik-Gloria-Kanne-1-143x150.jpg 143w, http:\/\/museumek.eu\/wp-content\/uploads\/2021\/03\/Porzellanfabrik-Gloria-Kanne-1.jpg 480w\" sizes=\"(max-width: 286px) 100vw, 286px\" \/><\/a><\/p>\n<p><a href=\"http:\/\/museumek.eu\/?attachment_id=54393\" rel=\"attachment wp-att-54393\"><img loading=\"lazy\" src=\"http:\/\/museumek.eu\/wp-content\/uploads\/2021\/03\/Porzellanfabrik-Gloria-Kanne-2-275x300.jpg\" alt=\"\" title=\"Porzellanfabrik Gloria Kanne 2\" width=\"275\" height=\"300\" class=\"alignnone size-medium wp-image-54393\" srcset=\"http:\/\/museumek.eu\/wp-content\/uploads\/2021\/03\/Porzellanfabrik-Gloria-Kanne-2-275x300.jpg 275w, http:\/\/museumek.eu\/wp-content\/uploads\/2021\/03\/Porzellanfabrik-Gloria-Kanne-2-137x150.jpg 137w, http:\/\/museumek.eu\/wp-content\/uploads\/2021\/03\/Porzellanfabrik-Gloria-Kanne-2.jpg 480w\" sizes=\"(max-width: 275px) 100vw, 275px\" \/><\/a><\/p>\n<p><a href=\"http:\/\/museumek.eu\/?attachment_id=54394\" rel=\"attachment wp-att-54394\"><img loading=\"lazy\" src=\"http:\/\/museumek.eu\/wp-content\/uploads\/2021\/03\/Porzellanfabrik-Gloria-Kanne-3-151x300.jpg\" alt=\"\" title=\"Porzellanfabrik Gloria Kanne 3\" width=\"151\" height=\"300\" class=\"alignnone size-medium wp-image-54394\" srcset=\"http:\/\/museumek.eu\/wp-content\/uploads\/2021\/03\/Porzellanfabrik-Gloria-Kanne-3-151x300.jpg 151w, http:\/\/museumek.eu\/wp-content\/uploads\/2021\/03\/Porzellanfabrik-Gloria-Kanne-3-75x150.jpg 75w\" sizes=\"(max-width: 151px) 100vw, 151px\" \/><\/a><\/p>\n<p><a href=\"http:\/\/museumek.eu\/?attachment_id=54395\" rel=\"attachment wp-att-54395\"><img loading=\"lazy\" src=\"http:\/\/museumek.eu\/wp-content\/uploads\/2021\/03\/Porzellanfabrik-Gloria-Kanne-4-157x300.jpg\" alt=\"\" title=\"Porzellanfabrik Gloria Kanne 4\" width=\"157\" height=\"300\" class=\"alignnone size-medium wp-image-54395\" srcset=\"http:\/\/museumek.eu\/wp-content\/uploads\/2021\/03\/Porzellanfabrik-Gloria-Kanne-4-157x300.jpg 157w, http:\/\/museumek.eu\/wp-content\/uploads\/2021\/03\/Porzellanfabrik-Gloria-Kanne-4-78x150.jpg 78w, http:\/\/museumek.eu\/wp-content\/uploads\/2021\/03\/Porzellanfabrik-Gloria-Kanne-4.jpg 336w\" sizes=\"(max-width: 157px) 100vw, 157px\" \/><\/a><\/p>\n<p><a href=\"http:\/\/museumek.eu\/?attachment_id=54396\" rel=\"attachment wp-att-54396\"><img loading=\"lazy\" src=\"http:\/\/museumek.eu\/wp-content\/uploads\/2021\/03\/Porzellanfabrik-Gloria-Kanne-5-292x300.jpg\" alt=\"\" title=\"Porzellanfabrik Gloria Kanne 5\" width=\"292\" height=\"300\" class=\"alignnone size-medium wp-image-54396\" srcset=\"http:\/\/museumek.eu\/wp-content\/uploads\/2021\/03\/Porzellanfabrik-Gloria-Kanne-5-292x300.jpg 292w, http:\/\/museumek.eu\/wp-content\/uploads\/2021\/03\/Porzellanfabrik-Gloria-Kanne-5-146x150.jpg 146w, http:\/\/museumek.eu\/wp-content\/uploads\/2021\/03\/Porzellanfabrik-Gloria-Kanne-5.jpg 480w\" sizes=\"(max-width: 292px) 100vw, 292px\" \/><\/a><\/p>\n<p><a href=\"http:\/\/museumek.eu\/?attachment_id=54397\" rel=\"attachment wp-att-54397\"><img loading=\"lazy\" src=\"http:\/\/museumek.eu\/wp-content\/uploads\/2021\/03\/Porzellanfabrik-Gloria-Kanne-6-237x300.jpg\" alt=\"\" title=\"Porzellanfabrik Gloria Kanne 6\" width=\"237\" height=\"300\" class=\"alignnone size-medium wp-image-54397\" srcset=\"http:\/\/museumek.eu\/wp-content\/uploads\/2021\/03\/Porzellanfabrik-Gloria-Kanne-6-237x300.jpg 237w, http:\/\/museumek.eu\/wp-content\/uploads\/2021\/03\/Porzellanfabrik-Gloria-Kanne-6-118x150.jpg 118w, http:\/\/museumek.eu\/wp-content\/uploads\/2021\/03\/Porzellanfabrik-Gloria-Kanne-6.jpg 480w\" sizes=\"(max-width: 237px) 100vw, 237px\" \/><\/a><\/p>\n<p><a href=\"http:\/\/museumek.eu\/?attachment_id=54398\" rel=\"attachment wp-att-54398\"><img loading=\"lazy\" src=\"http:\/\/museumek.eu\/wp-content\/uploads\/2021\/03\/Porzellanfabrik-Gloria-Kanne-7-279x300.jpg\" alt=\"\" title=\"Porzellanfabrik Gloria Kanne 7\" width=\"279\" height=\"300\" class=\"alignnone size-medium wp-image-54398\" srcset=\"http:\/\/museumek.eu\/wp-content\/uploads\/2021\/03\/Porzellanfabrik-Gloria-Kanne-7-279x300.jpg 279w, http:\/\/museumek.eu\/wp-content\/uploads\/2021\/03\/Porzellanfabrik-Gloria-Kanne-7-139x150.jpg 139w, http:\/\/museumek.eu\/wp-content\/uploads\/2021\/03\/Porzellanfabrik-Gloria-Kanne-7.jpg 480w\" sizes=\"(max-width: 279px) 100vw, 279px\" \/><\/a><\/p>\n<p><a href=\"http:\/\/museumek.eu\/?attachment_id=54399\" rel=\"attachment wp-att-54399\"><img loading=\"lazy\" src=\"http:\/\/museumek.eu\/wp-content\/uploads\/2021\/03\/Porzellanfabrik-Gloria-Kanne-8-269x300.jpg\" alt=\"\" title=\"Porzellanfabrik Gloria Kanne 8\" width=\"269\" height=\"300\" class=\"alignnone size-medium wp-image-54399\" srcset=\"http:\/\/museumek.eu\/wp-content\/uploads\/2021\/03\/Porzellanfabrik-Gloria-Kanne-8-269x300.jpg 269w, http:\/\/museumek.eu\/wp-content\/uploads\/2021\/03\/Porzellanfabrik-Gloria-Kanne-8-134x150.jpg 134w, http:\/\/museumek.eu\/wp-content\/uploads\/2021\/03\/Porzellanfabrik-Gloria-Kanne-8.jpg 480w\" sizes=\"(max-width: 269px) 100vw, 269px\" \/><\/a><\/p>\n","protected":false},"excerpt":{"rendered":"<p>Abteilung Austria, Keramik 1860 \u2013 1960, Inventarnummer A\/LXV\/1 Porzellanmanufaktur Gloria, Austria, Alt Rohlau, um 1925, Kanne eines Mokkaservice, K\u00fcnstler Pavel Jan\u00e1k (attr.), Werks.-Nr. 1670.5 (Formnummer?), Exemplar Nr. ohne, gemarkt Firmenmarke auf Glasur, in einer mit Gold umrahmten Krone, die innen &hellip; <a href=\"http:\/\/museumek.eu\/?page_id=54489\">Weiterlesen <span class=\"meta-nav\">&rarr;<\/span><\/a><\/p>\n","protected":false},"author":1,"featured_media":0,"parent":54478,"menu_order":1,"comment_status":"closed","ping_status":"open","template":"","meta":[],"_links":{"self":[{"href":"http:\/\/museumek.eu\/index.php?rest_route=\/wp\/v2\/pages\/54489"}],"collection":[{"href":"http:\/\/museumek.eu\/index.php?rest_route=\/wp\/v2\/pages"}],"about":[{"href":"http:\/\/museumek.eu\/index.php?rest_route=\/wp\/v2\/types\/page"}],"author":[{"embeddable":true,"href":"http:\/\/museumek.eu\/index.php?rest_route=\/wp\/v2\/users\/1"}],"replies":[{"embeddable":true,"href":"http:\/\/museumek.eu\/index.php?rest_route=%2Fwp%2Fv2%2Fcomments&post=54489"}],"version-history":[{"count":2,"href":"http:\/\/museumek.eu\/index.php?rest_route=\/wp\/v2\/pages\/54489\/revisions"}],"predecessor-version":[{"id":54491,"href":"http:\/\/museumek.eu\/index.php?rest_route=\/wp\/v2\/pages\/54489\/revisions\/54491"}],"up":[{"embeddable":true,"href":"http:\/\/museumek.eu\/index.php?rest_route=\/wp\/v2\/pages\/54478"}],"wp:attachment":[{"href":"http:\/\/museumek.eu\/index.php?rest_route=%2Fwp%2Fv2%2Fmedia&parent=54489"}],"curies":[{"name":"wp","href":"https:\/\/api.w.org\/{rel}","templated":true}]}}