{"id":54513,"date":"2021-03-17T22:34:16","date_gmt":"2021-03-17T21:34:16","guid":{"rendered":"http:\/\/museumek.eu\/?page_id=54513"},"modified":"2021-03-17T22:34:16","modified_gmt":"2021-03-17T21:34:16","slug":"alxv9","status":"publish","type":"page","link":"http:\/\/museumek.eu\/?page_id=54513","title":{"rendered":"A\/LXV\/9"},"content":{"rendered":"<p><strong>Abteilung Austria, Keramik 1860 \u2013 1960, Inventarnummer A\/LXV\/9<\/strong><\/p>\n<p>Porzellanmanufaktur Gloria, Austria, Alt Rohlau, um 1925, Tasse eines Mokkaservice, K\u00fcnstler Pavel Jan\u00e1k (attr.), Werks.-Nr. ohne, Exemplar Nr. ohne, gemarkt Firmenmarke auf Glasur, in einer mit Gold umrahmten Krone, die innen gr\u00fcn gef\u00fcllt ist, die Buchstaben AW (f\u00fcr Anton Weidl) in Gold, darunter ein goldener Rahmen, innen gr\u00fcn gef\u00fcllt, in diesem Rahmen ein Brunnen mit Font\u00e4ne, mittig durch das Wort GLORIA geteilt, nicht signiert, die Porzellanmanufaktur wurde von Anton Weidl jun. und dessen Bruder Ernst Weidl 1920 in Altrohlau gegr\u00fcndet, Firmierung Porzellanmanufaktur Gloria, wobei Anton die Manufaktur leitete, die Br\u00fcder waren 2 von 8 Kindern des Anton Weidl sen., der zuerst als Porzellanmaler und Leiter der Porzellanmalerei der Porzellanfabrik Gie\u00dfh\u00fcbel arbeitete und 1913 eine eigene Porzellanfabrik in Falkenau  gr\u00fcndete, dort erhielten Anton Weidl jun. und sein Bruder Ernst ihre Ausbildung, bekannt ist, dass Anton Weidl jun. 1899 geboren wurde und seine Ausbildung zum Porzelliner in der v\u00e4terlichen Fabrik 1913 begann, Anton Weidl sen. wurde 1917 zum Milit\u00e4rdienst einberufen und Anton Weidl jun., \u00fcbernahm die Leitung der Fabrik bis Kriegsende, die Porzellanmanufaktur Gloria entwickelte sich schnell zu einer der gr\u00f6\u00dften Porzellanhersteller dieser Zeit und exportierte auch ins Ausland, um so verwunderlicher ist es, dass diese Manufaktur in keiner Literatur aufgef\u00fchrt wird und dass es so wenig erhaltene St\u00fccke dieser Manufaktur gibt, 1945 wurde die Manufaktur beschlagnahmt und die Familie Weidl wurde aus der Heimat vertrieben, danach gr\u00fcndete die Familie Weidl eine neue Fabrik in Bayreuth, die Zuschreibung zum K\u00fcnstler Pavel Jan\u00e1k erfolgt, weil dieser, in dieser Zeit, \u00e4hnliche Dekore im art deco Stil entworfen hat, so dass auf den ersten Blick der Eindruck der Zuordnung zu Jan\u00e1k erfolgt, H\u00f6he 4 cm, Breite 9 cm<\/p>\n<p><a href=\"http:\/\/museumek.eu\/?attachment_id=54391\" rel=\"attachment wp-att-54391\"><img loading=\"lazy\" src=\"http:\/\/museumek.eu\/wp-content\/uploads\/2021\/03\/Porzellanfabrik-Gloria-Moccaservice-1-300x248.jpg\" alt=\"\" title=\"Porzellanfabrik Gloria Moccaservice 1\" width=\"300\" height=\"248\" class=\"alignnone size-medium wp-image-54391\" srcset=\"http:\/\/museumek.eu\/wp-content\/uploads\/2021\/03\/Porzellanfabrik-Gloria-Moccaservice-1-300x248.jpg 300w, http:\/\/museumek.eu\/wp-content\/uploads\/2021\/03\/Porzellanfabrik-Gloria-Moccaservice-1-150x124.jpg 150w, http:\/\/museumek.eu\/wp-content\/uploads\/2021\/03\/Porzellanfabrik-Gloria-Moccaservice-1-362x300.jpg 362w, http:\/\/museumek.eu\/wp-content\/uploads\/2021\/03\/Porzellanfabrik-Gloria-Moccaservice-1.jpg 580w\" sizes=\"(max-width: 300px) 100vw, 300px\" \/><\/a><\/p>\n<p><a href=\"http:\/\/museumek.eu\/?attachment_id=54469\" rel=\"attachment wp-att-54469\"><img loading=\"lazy\" src=\"http:\/\/museumek.eu\/wp-content\/uploads\/2021\/03\/Porzellanfabrik-Gloria-vierte-Tasse-ohne-Unterteller-1-300x233.jpg\" alt=\"\" title=\"Porzellanfabrik Gloria vierte Tasse ohne Unterteller 1\" width=\"300\" height=\"233\" class=\"alignnone size-medium wp-image-54469\" srcset=\"http:\/\/museumek.eu\/wp-content\/uploads\/2021\/03\/Porzellanfabrik-Gloria-vierte-Tasse-ohne-Unterteller-1-300x233.jpg 300w, http:\/\/museumek.eu\/wp-content\/uploads\/2021\/03\/Porzellanfabrik-Gloria-vierte-Tasse-ohne-Unterteller-1-150x116.jpg 150w, http:\/\/museumek.eu\/wp-content\/uploads\/2021\/03\/Porzellanfabrik-Gloria-vierte-Tasse-ohne-Unterteller-1-385x300.jpg 385w, http:\/\/museumek.eu\/wp-content\/uploads\/2021\/03\/Porzellanfabrik-Gloria-vierte-Tasse-ohne-Unterteller-1.jpg 616w\" sizes=\"(max-width: 300px) 100vw, 300px\" \/><\/a><\/p>\n<p><a href=\"http:\/\/museumek.eu\/?attachment_id=54470\" rel=\"attachment wp-att-54470\"><img loading=\"lazy\" src=\"http:\/\/museumek.eu\/wp-content\/uploads\/2021\/03\/Porzellanfabrik-Gloria-vierte-Tasse-ohne-Unterteller-2-300x279.jpg\" alt=\"\" title=\"Porzellanfabrik Gloria vierte Tasse ohne Unterteller 2\" width=\"300\" height=\"279\" class=\"alignnone size-medium wp-image-54470\" srcset=\"http:\/\/museumek.eu\/wp-content\/uploads\/2021\/03\/Porzellanfabrik-Gloria-vierte-Tasse-ohne-Unterteller-2-300x279.jpg 300w, http:\/\/museumek.eu\/wp-content\/uploads\/2021\/03\/Porzellanfabrik-Gloria-vierte-Tasse-ohne-Unterteller-2-150x139.jpg 150w, http:\/\/museumek.eu\/wp-content\/uploads\/2021\/03\/Porzellanfabrik-Gloria-vierte-Tasse-ohne-Unterteller-2-321x300.jpg 321w, http:\/\/museumek.eu\/wp-content\/uploads\/2021\/03\/Porzellanfabrik-Gloria-vierte-Tasse-ohne-Unterteller-2.jpg 515w\" sizes=\"(max-width: 300px) 100vw, 300px\" \/><\/a><\/p>\n<p><a href=\"http:\/\/museumek.eu\/?attachment_id=54471\" rel=\"attachment wp-att-54471\"><img loading=\"lazy\" src=\"http:\/\/museumek.eu\/wp-content\/uploads\/2021\/03\/Porzellanfabrik-Gloria-vierte-Tasse-ohne-Unterteller-3-282x300.jpg\" alt=\"\" title=\"Porzellanfabrik Gloria vierte Tasse ohne Unterteller 3\" width=\"282\" height=\"300\" class=\"alignnone size-medium wp-image-54471\" srcset=\"http:\/\/museumek.eu\/wp-content\/uploads\/2021\/03\/Porzellanfabrik-Gloria-vierte-Tasse-ohne-Unterteller-3-282x300.jpg 282w, http:\/\/museumek.eu\/wp-content\/uploads\/2021\/03\/Porzellanfabrik-Gloria-vierte-Tasse-ohne-Unterteller-3-141x150.jpg 141w, http:\/\/museumek.eu\/wp-content\/uploads\/2021\/03\/Porzellanfabrik-Gloria-vierte-Tasse-ohne-Unterteller-3.jpg 480w\" sizes=\"(max-width: 282px) 100vw, 282px\" \/><\/a><\/p>\n","protected":false},"excerpt":{"rendered":"<p>Abteilung Austria, Keramik 1860 \u2013 1960, Inventarnummer A\/LXV\/9 Porzellanmanufaktur Gloria, Austria, Alt Rohlau, um 1925, Tasse eines Mokkaservice, K\u00fcnstler Pavel Jan\u00e1k (attr.), Werks.-Nr. ohne, Exemplar Nr. ohne, gemarkt Firmenmarke auf Glasur, in einer mit Gold umrahmten Krone, die innen gr\u00fcn &hellip; <a href=\"http:\/\/museumek.eu\/?page_id=54513\">Weiterlesen <span class=\"meta-nav\">&rarr;<\/span><\/a><\/p>\n","protected":false},"author":1,"featured_media":0,"parent":54478,"menu_order":9,"comment_status":"closed","ping_status":"open","template":"","meta":[],"_links":{"self":[{"href":"http:\/\/museumek.eu\/index.php?rest_route=\/wp\/v2\/pages\/54513"}],"collection":[{"href":"http:\/\/museumek.eu\/index.php?rest_route=\/wp\/v2\/pages"}],"about":[{"href":"http:\/\/museumek.eu\/index.php?rest_route=\/wp\/v2\/types\/page"}],"author":[{"embeddable":true,"href":"http:\/\/museumek.eu\/index.php?rest_route=\/wp\/v2\/users\/1"}],"replies":[{"embeddable":true,"href":"http:\/\/museumek.eu\/index.php?rest_route=%2Fwp%2Fv2%2Fcomments&post=54513"}],"version-history":[{"count":2,"href":"http:\/\/museumek.eu\/index.php?rest_route=\/wp\/v2\/pages\/54513\/revisions"}],"predecessor-version":[{"id":54515,"href":"http:\/\/museumek.eu\/index.php?rest_route=\/wp\/v2\/pages\/54513\/revisions\/54515"}],"up":[{"embeddable":true,"href":"http:\/\/museumek.eu\/index.php?rest_route=\/wp\/v2\/pages\/54478"}],"wp:attachment":[{"href":"http:\/\/museumek.eu\/index.php?rest_route=%2Fwp%2Fv2%2Fmedia&parent=54513"}],"curies":[{"name":"wp","href":"https:\/\/api.w.org\/{rel}","templated":true}]}}