{"id":5460,"date":"2011-09-30T22:17:08","date_gmt":"2011-09-30T20:17:08","guid":{"rendered":"http:\/\/museumek.eu\/?page_id=5460"},"modified":"2011-10-28T16:42:18","modified_gmt":"2011-10-28T14:42:18","slug":"avii3","status":"publish","type":"page","link":"http:\/\/museumek.eu\/?page_id=5460","title":{"rendered":"A\/VII\/3"},"content":{"rendered":"<p><strong>Abteilung Austria\/Ungarn\/B\u00f6hmen, Keramik 1860 \u2013 1960, Inventarnummer A\/VII\/3<\/strong><\/p>\n<p>Manufaktur Vereinigte Wiener und Gmundner Keramik und Tonwarenfabrik Schlei\u00df G.m.b.H. (VWGK), Austria, Gmunden, um 1916, Schale mit Bl\u00fctenbl\u00e4ttern und zwei Kr\u00fcge, K\u00fcnstler unbekannt, Werksnummer 680, Exemplar Nr. ohne, gemarkt Werkst\u00e4ttenmarke WK Wiener Keramik und GK Gmundner Keramik sowie IV. geritzt, 680 gepresst, Kr\u00fcge nicht gemarkt, nicht signiert, Literatur: Waltraud Neuwirth, Wiener Keramik, Seite 486, Markentafel Nr. 282 Marke Wiener Keramik und Markentafel 283 Marke Gmundner Keramik, weitere Literatur: Irmgard Gollner, Gmundner Keramik, Kunst aus Ton, Feuer &#038; Farbe, Seite 153, Marken der Gmundner und der Wiener Keramik, evtl. Puppenstubeninventar, Schale H\u00f6he 7 cm, Breite 10,5 cm,<br \/>\nKr\u00fcge H\u00f6he 4,7 cm, Breite 6 cm<\/p>\n<p><a href=\"http:\/\/museumek.eu\/wp-content\/uploads\/2011\/09\/Museum-Europ\u00e4ischer-Keramikkunst-1122.jpg\"><img loading=\"lazy\" src=\"http:\/\/museumek.eu\/wp-content\/uploads\/2011\/09\/Museum-Europ\u00e4ischer-Keramikkunst-1122-300x177.jpg\" alt=\"\" title=\"Museum Europ\u00e4ischer Keramikkunst 1122\" width=\"300\" height=\"177\" class=\"alignnone size-medium wp-image-5461\" srcset=\"http:\/\/museumek.eu\/wp-content\/uploads\/2011\/09\/Museum-Europ\u00e4ischer-Keramikkunst-1122-300x177.jpg 300w, http:\/\/museumek.eu\/wp-content\/uploads\/2011\/09\/Museum-Europ\u00e4ischer-Keramikkunst-1122-500x296.jpg 500w, http:\/\/museumek.eu\/wp-content\/uploads\/2011\/09\/Museum-Europ\u00e4ischer-Keramikkunst-1122.jpg 946w\" sizes=\"(max-width: 300px) 100vw, 300px\" \/><\/a><\/p>\n<p><a href=\"http:\/\/museumek.eu\/wp-content\/uploads\/2011\/09\/Museum-Europ\u00e4ischer-Keramikkunst-1123.jpg\"><img loading=\"lazy\" src=\"http:\/\/museumek.eu\/wp-content\/uploads\/2011\/09\/Museum-Europ\u00e4ischer-Keramikkunst-1123-300x245.jpg\" alt=\"\" title=\"Museum Europ\u00e4ischer Keramikkunst 1123\" width=\"300\" height=\"245\" class=\"alignnone size-medium wp-image-5462\" srcset=\"http:\/\/museumek.eu\/wp-content\/uploads\/2011\/09\/Museum-Europ\u00e4ischer-Keramikkunst-1123-300x245.jpg 300w, http:\/\/museumek.eu\/wp-content\/uploads\/2011\/09\/Museum-Europ\u00e4ischer-Keramikkunst-1123-367x300.jpg 367w, http:\/\/museumek.eu\/wp-content\/uploads\/2011\/09\/Museum-Europ\u00e4ischer-Keramikkunst-1123.jpg 464w\" sizes=\"(max-width: 300px) 100vw, 300px\" \/><\/a><\/p>\n<p><a href=\"http:\/\/museumek.eu\/wp-content\/uploads\/2011\/09\/Museum-Europ\u00e4ischer-Keramikkunst-1127.jpg\"><img loading=\"lazy\" src=\"http:\/\/museumek.eu\/wp-content\/uploads\/2011\/09\/Museum-Europ\u00e4ischer-Keramikkunst-1127.jpg\" alt=\"\" title=\"Museum Europ\u00e4ischer Keramikkunst 1127\" width=\"143\" height=\"121\" class=\"alignnone size-full wp-image-5463\" \/><\/a><\/p>\n","protected":false},"excerpt":{"rendered":"<p>Abteilung Austria\/Ungarn\/B\u00f6hmen, Keramik 1860 \u2013 1960, Inventarnummer A\/VII\/3 Manufaktur Vereinigte Wiener und Gmundner Keramik und Tonwarenfabrik Schlei\u00df G.m.b.H. (VWGK), Austria, Gmunden, um 1916, Schale mit Bl\u00fctenbl\u00e4ttern und zwei Kr\u00fcge, K\u00fcnstler unbekannt, Werksnummer 680, Exemplar Nr. ohne, gemarkt Werkst\u00e4ttenmarke WK Wiener &hellip; <a href=\"http:\/\/museumek.eu\/?page_id=5460\">Weiterlesen <span class=\"meta-nav\">&rarr;<\/span><\/a><\/p>\n","protected":false},"author":1,"featured_media":0,"parent":830,"menu_order":3,"comment_status":"closed","ping_status":"closed","template":"","meta":[],"_links":{"self":[{"href":"http:\/\/museumek.eu\/index.php?rest_route=\/wp\/v2\/pages\/5460"}],"collection":[{"href":"http:\/\/museumek.eu\/index.php?rest_route=\/wp\/v2\/pages"}],"about":[{"href":"http:\/\/museumek.eu\/index.php?rest_route=\/wp\/v2\/types\/page"}],"author":[{"embeddable":true,"href":"http:\/\/museumek.eu\/index.php?rest_route=\/wp\/v2\/users\/1"}],"replies":[{"embeddable":true,"href":"http:\/\/museumek.eu\/index.php?rest_route=%2Fwp%2Fv2%2Fcomments&post=5460"}],"version-history":[{"count":5,"href":"http:\/\/museumek.eu\/index.php?rest_route=\/wp\/v2\/pages\/5460\/revisions"}],"predecessor-version":[{"id":6780,"href":"http:\/\/museumek.eu\/index.php?rest_route=\/wp\/v2\/pages\/5460\/revisions\/6780"}],"up":[{"embeddable":true,"href":"http:\/\/museumek.eu\/index.php?rest_route=\/wp\/v2\/pages\/830"}],"wp:attachment":[{"href":"http:\/\/museumek.eu\/index.php?rest_route=%2Fwp%2Fv2%2Fmedia&parent=5460"}],"curies":[{"name":"wp","href":"https:\/\/api.w.org\/{rel}","templated":true}]}}