{"id":54670,"date":"2021-03-20T16:37:10","date_gmt":"2021-03-20T15:37:10","guid":{"rendered":"http:\/\/museumek.eu\/?page_id=54670"},"modified":"2021-03-20T16:37:10","modified_gmt":"2021-03-20T15:37:10","slug":"alxvi1","status":"publish","type":"page","link":"http:\/\/museumek.eu\/?page_id=54670","title":{"rendered":"A\/LXVI\/1"},"content":{"rendered":"<p><strong>Abteilung Austria, Keramik 1860 \u2013 1960, Inventarnummer A\/LXVI\/1<\/strong><\/p>\n<p>Porzellanfabrik Richter, Fenkl &#038; Hahn, Austria, Chodau, um 1920, Kanne eines Kaffeekerns, K\u00fcnstler unbekannt, Werks.-Nr. ohne, Exemplar Nr. ohne, gemarkt, die Kanne hat keine Firmenmarke, Firmenmarke siehe zugeh\u00f6rige Zuckerdose MEK A\/LXVI\/2 und zugeh\u00f6riges Milchk\u00e4nnchen MEK A\/LXVI\/3, nicht signiert, Literatur: Dieter Z\u00fchlsdorff, Markenlexikon Band 1, Porzellan und Keramik Report 1885 &#8211; 1935, Seite 484, Werk-Teil 3., laufende Nummer des Werkteils 207, dort kurze Beschreibung der Fabrik, weitere Literatur: Ludwig Danckert, Handbuch des Europ\u00e4ischen Porzellans, 7. Auflage, Seite 109, kurze Beschreibung der Fabrik, 1883 gr\u00fcndeten Albert Richter, Karl Fenkl und Alois Hahn eine Porzellanfabrik in Chodau bei Karlsbad, Firmierung Porzellanfabrik Richter, Fenkl &#038; Hahn, 1885 verstarb Hahn und Albert Richter \u00fcberlie\u00df seinen Anteil seinem Schwiegersohn Anton Langner, Inhaber waren jetzt Karl Fenkl und Anton Langner, die die Porzellanfabrik zu einer der gr\u00f6\u00dften im Karlsbader Raum ausbauten, ob sich die Firmierung in Fenkl &#038; Langner \u00e4nderte ist nicht bekannt, die Fabrik exportierte weltweit und wurde 1947\/1948 stillgelegt, H\u00f6he 21,5 cm, Breite 25 cm<\/p>\n<p><a href=\"http:\/\/museumek.eu\/?attachment_id=54621\" rel=\"attachment wp-att-54621\"><img loading=\"lazy\" src=\"http:\/\/museumek.eu\/wp-content\/uploads\/2021\/03\/Richter-Fenkl-und-Hahn-Kaffeekern-Kanne-1-300x160.jpg\" alt=\"\" title=\"Richter, Fenkl und Hahn Kaffeekern Kanne 1\" width=\"300\" height=\"160\" class=\"alignnone size-medium wp-image-54621\" srcset=\"http:\/\/museumek.eu\/wp-content\/uploads\/2021\/03\/Richter-Fenkl-und-Hahn-Kaffeekern-Kanne-1-300x160.jpg 300w, http:\/\/museumek.eu\/wp-content\/uploads\/2021\/03\/Richter-Fenkl-und-Hahn-Kaffeekern-Kanne-1-150x80.jpg 150w, http:\/\/museumek.eu\/wp-content\/uploads\/2021\/03\/Richter-Fenkl-und-Hahn-Kaffeekern-Kanne-1-500x267.jpg 500w, http:\/\/museumek.eu\/wp-content\/uploads\/2021\/03\/Richter-Fenkl-und-Hahn-Kaffeekern-Kanne-1.jpg 640w\" sizes=\"(max-width: 300px) 100vw, 300px\" \/><\/a><\/p>\n<p><a href=\"http:\/\/museumek.eu\/?attachment_id=54622\" rel=\"attachment wp-att-54622\"><img loading=\"lazy\" src=\"http:\/\/museumek.eu\/wp-content\/uploads\/2021\/03\/Richter-Fenkl-und-Hahn-Kaffeekern-Kanne-2-300x277.jpg\" alt=\"\" title=\"Richter, Fenkl und Hahn Kaffeekern Kanne 2\" width=\"300\" height=\"277\" class=\"alignnone size-medium wp-image-54622\" srcset=\"http:\/\/museumek.eu\/wp-content\/uploads\/2021\/03\/Richter-Fenkl-und-Hahn-Kaffeekern-Kanne-2-300x277.jpg 300w, http:\/\/museumek.eu\/wp-content\/uploads\/2021\/03\/Richter-Fenkl-und-Hahn-Kaffeekern-Kanne-2-150x138.jpg 150w, http:\/\/museumek.eu\/wp-content\/uploads\/2021\/03\/Richter-Fenkl-und-Hahn-Kaffeekern-Kanne-2-324x300.jpg 324w, http:\/\/museumek.eu\/wp-content\/uploads\/2021\/03\/Richter-Fenkl-und-Hahn-Kaffeekern-Kanne-2.jpg 519w\" sizes=\"(max-width: 300px) 100vw, 300px\" \/><\/a><\/p>\n<p><a href=\"http:\/\/museumek.eu\/?attachment_id=54623\" rel=\"attachment wp-att-54623\"><img loading=\"lazy\" src=\"http:\/\/museumek.eu\/wp-content\/uploads\/2021\/03\/Richter-Fenkl-und-Hahn-Kaffeekern-Kanne-3-210x300.jpg\" alt=\"\" title=\"Richter, Fenkl und Hahn Kaffeekern Kanne 3\" width=\"210\" height=\"300\" class=\"alignnone size-medium wp-image-54623\" srcset=\"http:\/\/museumek.eu\/wp-content\/uploads\/2021\/03\/Richter-Fenkl-und-Hahn-Kaffeekern-Kanne-3-210x300.jpg 210w, http:\/\/museumek.eu\/wp-content\/uploads\/2021\/03\/Richter-Fenkl-und-Hahn-Kaffeekern-Kanne-3-105x150.jpg 105w, http:\/\/museumek.eu\/wp-content\/uploads\/2021\/03\/Richter-Fenkl-und-Hahn-Kaffeekern-Kanne-3.jpg 450w\" sizes=\"(max-width: 210px) 100vw, 210px\" \/><\/a><\/p>\n<p><a href=\"http:\/\/museumek.eu\/?attachment_id=54624\" rel=\"attachment wp-att-54624\"><img loading=\"lazy\" src=\"http:\/\/museumek.eu\/wp-content\/uploads\/2021\/03\/Richter-Fenkl-und-Hahn-Kaffeekern-Kanne-4-205x300.jpg\" alt=\"\" title=\"Richter, Fenkl und Hahn Kaffeekern Kanne 4\" width=\"205\" height=\"300\" class=\"alignnone size-medium wp-image-54624\" srcset=\"http:\/\/museumek.eu\/wp-content\/uploads\/2021\/03\/Richter-Fenkl-und-Hahn-Kaffeekern-Kanne-4-205x300.jpg 205w, http:\/\/museumek.eu\/wp-content\/uploads\/2021\/03\/Richter-Fenkl-und-Hahn-Kaffeekern-Kanne-4-102x150.jpg 102w, http:\/\/museumek.eu\/wp-content\/uploads\/2021\/03\/Richter-Fenkl-und-Hahn-Kaffeekern-Kanne-4.jpg 439w\" sizes=\"(max-width: 205px) 100vw, 205px\" \/><\/a><\/p>\n<p><a href=\"http:\/\/museumek.eu\/?attachment_id=54625\" rel=\"attachment wp-att-54625\"><img loading=\"lazy\" src=\"http:\/\/museumek.eu\/wp-content\/uploads\/2021\/03\/Richter-Fenkl-und-Hahn-Kaffeekern-Kanne-5-139x300.jpg\" alt=\"\" title=\"Richter, Fenkl und Hahn Kaffeekern Kanne 5\" width=\"139\" height=\"300\" class=\"alignnone size-medium wp-image-54625\" srcset=\"http:\/\/museumek.eu\/wp-content\/uploads\/2021\/03\/Richter-Fenkl-und-Hahn-Kaffeekern-Kanne-5-139x300.jpg 139w, http:\/\/museumek.eu\/wp-content\/uploads\/2021\/03\/Richter-Fenkl-und-Hahn-Kaffeekern-Kanne-5-69x150.jpg 69w, http:\/\/museumek.eu\/wp-content\/uploads\/2021\/03\/Richter-Fenkl-und-Hahn-Kaffeekern-Kanne-5.jpg 297w\" sizes=\"(max-width: 139px) 100vw, 139px\" \/><\/a><\/p>\n<p><a href=\"http:\/\/museumek.eu\/?attachment_id=54626\" rel=\"attachment wp-att-54626\"><img loading=\"lazy\" src=\"http:\/\/museumek.eu\/wp-content\/uploads\/2021\/03\/Richter-Fenkl-und-Hahn-Kaffeekern-Kanne-6-300x176.jpg\" alt=\"\" title=\"Richter, Fenkl und Hahn Kaffeekern Kanne 6\" width=\"300\" height=\"176\" class=\"alignnone size-medium wp-image-54626\" srcset=\"http:\/\/museumek.eu\/wp-content\/uploads\/2021\/03\/Richter-Fenkl-und-Hahn-Kaffeekern-Kanne-6-300x176.jpg 300w, http:\/\/museumek.eu\/wp-content\/uploads\/2021\/03\/Richter-Fenkl-und-Hahn-Kaffeekern-Kanne-6-150x88.jpg 150w, http:\/\/museumek.eu\/wp-content\/uploads\/2021\/03\/Richter-Fenkl-und-Hahn-Kaffeekern-Kanne-6-500x294.jpg 500w, http:\/\/museumek.eu\/wp-content\/uploads\/2021\/03\/Richter-Fenkl-und-Hahn-Kaffeekern-Kanne-6.jpg 640w\" sizes=\"(max-width: 300px) 100vw, 300px\" \/><\/a><\/p>\n<p><a href=\"http:\/\/museumek.eu\/?attachment_id=54627\" rel=\"attachment wp-att-54627\"><img loading=\"lazy\" src=\"http:\/\/museumek.eu\/wp-content\/uploads\/2021\/03\/Richter-Fenkl-und-Hahn-Kaffeekern-Kanne-7-300x254.jpg\" alt=\"\" title=\"Richter, Fenkl und Hahn Kaffeekern Kanne 7\" width=\"300\" height=\"254\" class=\"alignnone size-medium wp-image-54627\" srcset=\"http:\/\/museumek.eu\/wp-content\/uploads\/2021\/03\/Richter-Fenkl-und-Hahn-Kaffeekern-Kanne-7-300x254.jpg 300w, http:\/\/museumek.eu\/wp-content\/uploads\/2021\/03\/Richter-Fenkl-und-Hahn-Kaffeekern-Kanne-7-150x127.jpg 150w, http:\/\/museumek.eu\/wp-content\/uploads\/2021\/03\/Richter-Fenkl-und-Hahn-Kaffeekern-Kanne-7-353x300.jpg 353w, http:\/\/museumek.eu\/wp-content\/uploads\/2021\/03\/Richter-Fenkl-und-Hahn-Kaffeekern-Kanne-7.jpg 565w\" sizes=\"(max-width: 300px) 100vw, 300px\" \/><\/a><\/p>\n","protected":false},"excerpt":{"rendered":"<p>Abteilung Austria, Keramik 1860 \u2013 1960, Inventarnummer A\/LXVI\/1 Porzellanfabrik Richter, Fenkl &#038; Hahn, Austria, Chodau, um 1920, Kanne eines Kaffeekerns, K\u00fcnstler unbekannt, Werks.-Nr. ohne, Exemplar Nr. ohne, gemarkt, die Kanne hat keine Firmenmarke, Firmenmarke siehe zugeh\u00f6rige Zuckerdose MEK A\/LXVI\/2 und &hellip; <a href=\"http:\/\/museumek.eu\/?page_id=54670\">Weiterlesen <span class=\"meta-nav\">&rarr;<\/span><\/a><\/p>\n","protected":false},"author":1,"featured_media":0,"parent":54668,"menu_order":1,"comment_status":"closed","ping_status":"open","template":"","meta":[],"_links":{"self":[{"href":"http:\/\/museumek.eu\/index.php?rest_route=\/wp\/v2\/pages\/54670"}],"collection":[{"href":"http:\/\/museumek.eu\/index.php?rest_route=\/wp\/v2\/pages"}],"about":[{"href":"http:\/\/museumek.eu\/index.php?rest_route=\/wp\/v2\/types\/page"}],"author":[{"embeddable":true,"href":"http:\/\/museumek.eu\/index.php?rest_route=\/wp\/v2\/users\/1"}],"replies":[{"embeddable":true,"href":"http:\/\/museumek.eu\/index.php?rest_route=%2Fwp%2Fv2%2Fcomments&post=54670"}],"version-history":[{"count":2,"href":"http:\/\/museumek.eu\/index.php?rest_route=\/wp\/v2\/pages\/54670\/revisions"}],"predecessor-version":[{"id":54672,"href":"http:\/\/museumek.eu\/index.php?rest_route=\/wp\/v2\/pages\/54670\/revisions\/54672"}],"up":[{"embeddable":true,"href":"http:\/\/museumek.eu\/index.php?rest_route=\/wp\/v2\/pages\/54668"}],"wp:attachment":[{"href":"http:\/\/museumek.eu\/index.php?rest_route=%2Fwp%2Fv2%2Fmedia&parent=54670"}],"curies":[{"name":"wp","href":"https:\/\/api.w.org\/{rel}","templated":true}]}}