{"id":54676,"date":"2021-03-20T16:39:22","date_gmt":"2021-03-20T15:39:22","guid":{"rendered":"http:\/\/museumek.eu\/?page_id=54676"},"modified":"2021-03-20T16:39:22","modified_gmt":"2021-03-20T15:39:22","slug":"alxvi3","status":"publish","type":"page","link":"http:\/\/museumek.eu\/?page_id=54676","title":{"rendered":"A\/LXVI\/3"},"content":{"rendered":"<p><strong>Abteilung Austria, Keramik 1860 \u2013 1960, Inventarnummer A\/LXVI\/3<\/strong><\/p>\n<p>Porzellanfabrik Richter, Fenkl &#038; Hahn, Austria, Chodau, um 1920, Milchk\u00e4nnchen eines Kaffeekerns, K\u00fcnstler unbekannt, Werks.-Nr. ohne, Exemplar Nr. ohne, gemarkt Firmenmarke mit RFH (f\u00fcr Richter, Fenkl und Hahn) darunter Czechoslovakia gr\u00fcner Stempel unter Glasur sowie 720, darunter 2. gepresst, nicht signiert, Literatur: Dieter Z\u00fchlsdorff, Markenlexikon Band 1, Porzellan und Keramik Report 1885 &#8211; 1935, Seite 59, Werk-Teil 1., Gruppennummer des Werkteils 1., laufende Nummer innerhalb der Gruppe 1058, identische Marke (dort f\u00fcr die Zeit ab 1918) sowie Seite 484, Werk-Teil 3., laufende Nummer des Werkteils 207, dort kurze Beschreibung der Fabrik, weitere Literatur: Ludwig Danckert, Handbuch des Europ\u00e4ischen Porzellans, 7. Auflage, Seite 109, kurze Beschreibung der Fabrik sowie Abbildung der identischen Marke, 1883 gr\u00fcndeten Albert Richter, Karl Fenkl und Alois Hahn eine Porzellanfabrik in Chodau bei Karlsbad, Firmierung Porzellanfabrik Richter, Fenkl &#038; Hahn, 1885 verstarb Hahn und Albert Richter \u00fcberlie\u00df seinen Anteil seinem Schwiegersohn Anton Langner, Inhaber waren jetzt Karl Fenkl und Anton Langner, die die Porzellanfabrik zu einer der gr\u00f6\u00dften im Karlsbader Raum ausbauten, ob sich die Firmierung in Fenkl &#038; Langner \u00e4nderte ist nicht bekannt, die Fabrik exportierte weltweit und wurde 1947\/1948 still gelegt,<br \/>\nH\u00f6he 11 cm, Breite 18 cm<\/p>\n<p><a href=\"http:\/\/museumek.eu\/?attachment_id=54621\" rel=\"attachment wp-att-54621\"><img loading=\"lazy\" src=\"http:\/\/museumek.eu\/wp-content\/uploads\/2021\/03\/Richter-Fenkl-und-Hahn-Kaffeekern-Kanne-1-300x160.jpg\" alt=\"\" title=\"Richter, Fenkl und Hahn Kaffeekern Kanne 1\" width=\"300\" height=\"160\" class=\"alignnone size-medium wp-image-54621\" srcset=\"http:\/\/museumek.eu\/wp-content\/uploads\/2021\/03\/Richter-Fenkl-und-Hahn-Kaffeekern-Kanne-1-300x160.jpg 300w, http:\/\/museumek.eu\/wp-content\/uploads\/2021\/03\/Richter-Fenkl-und-Hahn-Kaffeekern-Kanne-1-150x80.jpg 150w, http:\/\/museumek.eu\/wp-content\/uploads\/2021\/03\/Richter-Fenkl-und-Hahn-Kaffeekern-Kanne-1-500x267.jpg 500w, http:\/\/museumek.eu\/wp-content\/uploads\/2021\/03\/Richter-Fenkl-und-Hahn-Kaffeekern-Kanne-1.jpg 640w\" sizes=\"(max-width: 300px) 100vw, 300px\" \/><\/a><\/p>\n<p><a href=\"http:\/\/museumek.eu\/?attachment_id=54651\" rel=\"attachment wp-att-54651\"><img loading=\"lazy\" src=\"http:\/\/museumek.eu\/wp-content\/uploads\/2021\/03\/Richter-Fenkl-und-Hahn-Kaffeekern-Milchk\u00e4nnchen-1-300x216.jpg\" alt=\"\" title=\"Richter, Fenkl und Hahn Kaffeekern Milchk\u00e4nnchen 1\" width=\"300\" height=\"216\" class=\"alignnone size-medium wp-image-54651\" srcset=\"http:\/\/museumek.eu\/wp-content\/uploads\/2021\/03\/Richter-Fenkl-und-Hahn-Kaffeekern-Milchk\u00e4nnchen-1-300x216.jpg 300w, http:\/\/museumek.eu\/wp-content\/uploads\/2021\/03\/Richter-Fenkl-und-Hahn-Kaffeekern-Milchk\u00e4nnchen-1-150x108.jpg 150w, http:\/\/museumek.eu\/wp-content\/uploads\/2021\/03\/Richter-Fenkl-und-Hahn-Kaffeekern-Milchk\u00e4nnchen-1-416x300.jpg 416w, http:\/\/museumek.eu\/wp-content\/uploads\/2021\/03\/Richter-Fenkl-und-Hahn-Kaffeekern-Milchk\u00e4nnchen-1.jpg 640w\" sizes=\"(max-width: 300px) 100vw, 300px\" \/><\/a><\/p>\n<p><a href=\"http:\/\/museumek.eu\/?attachment_id=54652\" rel=\"attachment wp-att-54652\"><img loading=\"lazy\" src=\"http:\/\/museumek.eu\/wp-content\/uploads\/2021\/03\/Richter-Fenkl-und-Hahn-Kaffeekern-Milchk\u00e4nnchen-2-265x300.jpg\" alt=\"\" title=\"Richter, Fenkl und Hahn Kaffeekern Milchk\u00e4nnchen 2\" width=\"265\" height=\"300\" class=\"alignnone size-medium wp-image-54652\" srcset=\"http:\/\/museumek.eu\/wp-content\/uploads\/2021\/03\/Richter-Fenkl-und-Hahn-Kaffeekern-Milchk\u00e4nnchen-2-265x300.jpg 265w, http:\/\/museumek.eu\/wp-content\/uploads\/2021\/03\/Richter-Fenkl-und-Hahn-Kaffeekern-Milchk\u00e4nnchen-2-132x150.jpg 132w, http:\/\/museumek.eu\/wp-content\/uploads\/2021\/03\/Richter-Fenkl-und-Hahn-Kaffeekern-Milchk\u00e4nnchen-2.jpg 480w\" sizes=\"(max-width: 265px) 100vw, 265px\" \/><\/a><\/p>\n<p><a href=\"http:\/\/museumek.eu\/?attachment_id=54653\" rel=\"attachment wp-att-54653\"><img loading=\"lazy\" src=\"http:\/\/museumek.eu\/wp-content\/uploads\/2021\/03\/Richter-Fenkl-und-Hahn-Kaffeekern-Milchk\u00e4nnchen-3-300x238.jpg\" alt=\"\" title=\"Richter, Fenkl und Hahn Kaffeekern Milchk\u00e4nnchen 3\" width=\"300\" height=\"238\" class=\"alignnone size-medium wp-image-54653\" srcset=\"http:\/\/museumek.eu\/wp-content\/uploads\/2021\/03\/Richter-Fenkl-und-Hahn-Kaffeekern-Milchk\u00e4nnchen-3-300x238.jpg 300w, http:\/\/museumek.eu\/wp-content\/uploads\/2021\/03\/Richter-Fenkl-und-Hahn-Kaffeekern-Milchk\u00e4nnchen-3-150x119.jpg 150w, http:\/\/museumek.eu\/wp-content\/uploads\/2021\/03\/Richter-Fenkl-und-Hahn-Kaffeekern-Milchk\u00e4nnchen-3-377x300.jpg 377w, http:\/\/museumek.eu\/wp-content\/uploads\/2021\/03\/Richter-Fenkl-und-Hahn-Kaffeekern-Milchk\u00e4nnchen-3.jpg 604w\" sizes=\"(max-width: 300px) 100vw, 300px\" \/><\/a><\/p>\n<p><a href=\"http:\/\/museumek.eu\/?attachment_id=54654\" rel=\"attachment wp-att-54654\"><img loading=\"lazy\" src=\"http:\/\/museumek.eu\/wp-content\/uploads\/2021\/03\/Richter-Fenkl-und-Hahn-Kaffeekern-Milchk\u00e4nnchen-4-162x300.jpg\" alt=\"\" title=\"Richter, Fenkl und Hahn Kaffeekern Milchk\u00e4nnchen 4\" width=\"162\" height=\"300\" class=\"alignnone size-medium wp-image-54654\" srcset=\"http:\/\/museumek.eu\/wp-content\/uploads\/2021\/03\/Richter-Fenkl-und-Hahn-Kaffeekern-Milchk\u00e4nnchen-4-162x300.jpg 162w, http:\/\/museumek.eu\/wp-content\/uploads\/2021\/03\/Richter-Fenkl-und-Hahn-Kaffeekern-Milchk\u00e4nnchen-4-81x150.jpg 81w, http:\/\/museumek.eu\/wp-content\/uploads\/2021\/03\/Richter-Fenkl-und-Hahn-Kaffeekern-Milchk\u00e4nnchen-4.jpg 346w\" sizes=\"(max-width: 162px) 100vw, 162px\" \/><\/a><\/p>\n<p><a href=\"http:\/\/museumek.eu\/?attachment_id=54655\" rel=\"attachment wp-att-54655\"><img loading=\"lazy\" src=\"http:\/\/museumek.eu\/wp-content\/uploads\/2021\/03\/Richter-Fenkl-und-Hahn-Kaffeekern-Milchk\u00e4nnchen-5-300x187.jpg\" alt=\"\" title=\"Richter, Fenkl und Hahn Kaffeekern Milchk\u00e4nnchen 5\" width=\"300\" height=\"187\" class=\"alignnone size-medium wp-image-54655\" srcset=\"http:\/\/museumek.eu\/wp-content\/uploads\/2021\/03\/Richter-Fenkl-und-Hahn-Kaffeekern-Milchk\u00e4nnchen-5-300x187.jpg 300w, http:\/\/museumek.eu\/wp-content\/uploads\/2021\/03\/Richter-Fenkl-und-Hahn-Kaffeekern-Milchk\u00e4nnchen-5-150x93.jpg 150w, http:\/\/museumek.eu\/wp-content\/uploads\/2021\/03\/Richter-Fenkl-und-Hahn-Kaffeekern-Milchk\u00e4nnchen-5-481x300.jpg 481w, http:\/\/museumek.eu\/wp-content\/uploads\/2021\/03\/Richter-Fenkl-und-Hahn-Kaffeekern-Milchk\u00e4nnchen-5.jpg 640w\" sizes=\"(max-width: 300px) 100vw, 300px\" \/><\/a><\/p>\n<p><a href=\"http:\/\/museumek.eu\/?attachment_id=54656\" rel=\"attachment wp-att-54656\"><img loading=\"lazy\" src=\"http:\/\/museumek.eu\/wp-content\/uploads\/2021\/03\/Richter-Fenkl-und-Hahn-Kaffeekern-Milchk\u00e4nnchen-6-300x226.jpg\" alt=\"\" title=\"Richter, Fenkl und Hahn Kaffeekern Milchk\u00e4nnchen 6\" width=\"300\" height=\"226\" class=\"alignnone size-medium wp-image-54656\" srcset=\"http:\/\/museumek.eu\/wp-content\/uploads\/2021\/03\/Richter-Fenkl-und-Hahn-Kaffeekern-Milchk\u00e4nnchen-6-300x226.jpg 300w, http:\/\/museumek.eu\/wp-content\/uploads\/2021\/03\/Richter-Fenkl-und-Hahn-Kaffeekern-Milchk\u00e4nnchen-6-150x113.jpg 150w, http:\/\/museumek.eu\/wp-content\/uploads\/2021\/03\/Richter-Fenkl-und-Hahn-Kaffeekern-Milchk\u00e4nnchen-6-398x300.jpg 398w, http:\/\/museumek.eu\/wp-content\/uploads\/2021\/03\/Richter-Fenkl-und-Hahn-Kaffeekern-Milchk\u00e4nnchen-6.jpg 637w\" sizes=\"(max-width: 300px) 100vw, 300px\" \/><\/a><\/p>\n<p><a href=\"http:\/\/museumek.eu\/?attachment_id=54657\" rel=\"attachment wp-att-54657\"><img loading=\"lazy\" src=\"http:\/\/museumek.eu\/wp-content\/uploads\/2021\/03\/Richter-Fenkl-und-Hahn-Kaffeekern-Milchk\u00e4nnchen-7-300x238.jpg\" alt=\"\" title=\"Richter, Fenkl und Hahn Kaffeekern Milchk\u00e4nnchen 7\" width=\"300\" height=\"238\" class=\"alignnone size-medium wp-image-54657\" srcset=\"http:\/\/museumek.eu\/wp-content\/uploads\/2021\/03\/Richter-Fenkl-und-Hahn-Kaffeekern-Milchk\u00e4nnchen-7-300x238.jpg 300w, http:\/\/museumek.eu\/wp-content\/uploads\/2021\/03\/Richter-Fenkl-und-Hahn-Kaffeekern-Milchk\u00e4nnchen-7-150x119.jpg 150w, http:\/\/museumek.eu\/wp-content\/uploads\/2021\/03\/Richter-Fenkl-und-Hahn-Kaffeekern-Milchk\u00e4nnchen-7-376x300.jpg 376w, http:\/\/museumek.eu\/wp-content\/uploads\/2021\/03\/Richter-Fenkl-und-Hahn-Kaffeekern-Milchk\u00e4nnchen-7.jpg 603w\" sizes=\"(max-width: 300px) 100vw, 300px\" \/><\/a><\/p>\n","protected":false},"excerpt":{"rendered":"<p>Abteilung Austria, Keramik 1860 \u2013 1960, Inventarnummer A\/LXVI\/3 Porzellanfabrik Richter, Fenkl &#038; Hahn, Austria, Chodau, um 1920, Milchk\u00e4nnchen eines Kaffeekerns, K\u00fcnstler unbekannt, Werks.-Nr. ohne, Exemplar Nr. ohne, gemarkt Firmenmarke mit RFH (f\u00fcr Richter, Fenkl und Hahn) darunter Czechoslovakia gr\u00fcner Stempel &hellip; <a href=\"http:\/\/museumek.eu\/?page_id=54676\">Weiterlesen <span class=\"meta-nav\">&rarr;<\/span><\/a><\/p>\n","protected":false},"author":1,"featured_media":0,"parent":54668,"menu_order":3,"comment_status":"closed","ping_status":"open","template":"","meta":[],"_links":{"self":[{"href":"http:\/\/museumek.eu\/index.php?rest_route=\/wp\/v2\/pages\/54676"}],"collection":[{"href":"http:\/\/museumek.eu\/index.php?rest_route=\/wp\/v2\/pages"}],"about":[{"href":"http:\/\/museumek.eu\/index.php?rest_route=\/wp\/v2\/types\/page"}],"author":[{"embeddable":true,"href":"http:\/\/museumek.eu\/index.php?rest_route=\/wp\/v2\/users\/1"}],"replies":[{"embeddable":true,"href":"http:\/\/museumek.eu\/index.php?rest_route=%2Fwp%2Fv2%2Fcomments&post=54676"}],"version-history":[{"count":2,"href":"http:\/\/museumek.eu\/index.php?rest_route=\/wp\/v2\/pages\/54676\/revisions"}],"predecessor-version":[{"id":54678,"href":"http:\/\/museumek.eu\/index.php?rest_route=\/wp\/v2\/pages\/54676\/revisions\/54678"}],"up":[{"embeddable":true,"href":"http:\/\/museumek.eu\/index.php?rest_route=\/wp\/v2\/pages\/54668"}],"wp:attachment":[{"href":"http:\/\/museumek.eu\/index.php?rest_route=%2Fwp%2Fv2%2Fmedia&parent=54676"}],"curies":[{"name":"wp","href":"https:\/\/api.w.org\/{rel}","templated":true}]}}