{"id":54778,"date":"2021-03-21T15:49:03","date_gmt":"2021-03-21T14:49:03","guid":{"rendered":"http:\/\/museumek.eu\/?page_id=54778"},"modified":"2021-03-21T15:49:03","modified_gmt":"2021-03-21T14:49:03","slug":"dclxxxix1","status":"publish","type":"page","link":"http:\/\/museumek.eu\/?page_id=54778","title":{"rendered":"D\/CLXXXIX\/1"},"content":{"rendered":"<p><strong>Abteilung Deutschland, Keramik 1860 \u2013 1960, Inventarnummer D\/CLXXXIX\/1<\/strong><\/p>\n<p>Porzellan-Manufaktur und Porzellanmalerei Rudolf W\u00e4chter, Deutschland, H\u00fcttensteinach und dann Kirchenlamitz, f\u00fcr das Feinsilberdekor sowie Johann Haviland Porzellanfabrik Waldershof und Nachfolger Porzellanfabrik Waldershof AG vormals Johann Haviland, Deutschland, Waldershof, f\u00fcr die Weissware, ab\/nach 1935, Vase mit Silberdekor, K\u00fcnstler unbekannt, Werks.-Nr. ohne, Exemplar Nr. ohne, gemarkt Firmenmarke der Haviland Fabrik mit JOHANN HAVILAND, darunter Krone, darunter JH ? (f\u00fcr Johann Haviland) so ligiert, dass das JH wie ein R aussieht oder tats\u00e4chlich ein R (evtl. f\u00fcr Rosenthal), darunter BAVARIA, darunter zwei Punkte (evtl. machen diese Punkte eine Aussage \u00fcber den Herstellungszeitraum) dunkelgr\u00fcner Stempel unter Glasur sowie Firmenmarke der W\u00e4chter Manufaktur in einem Kreis RW (f\u00fcr Rudolf W\u00e4chter) darunter ein Strich, der den Kreis mittig quer teilt, darunter BAVARIA, darunter 58, \u00fcber dem Kreis das Wort Dekor, unter dem Kreis das Wort Feinsilber (steht f\u00fcr Dekor Feinsilber als ein Zusammenhang) hellgr\u00fcner Stempel auf Glasur, nicht signiert, Literatur: Gustav Wei\u00df, Ullstein Porzellanbuch, Seite 314, eine der Marken Nr. 8 identisch mit Firmenmarke JOHANN HAVILAND, Krone, BAVARIA, beschrieben mit Waldershof, 1907 (hier nicht als Datierung der Marke, sondern als Gr\u00fcndungsjahr gemeint) sowie Johann Haviland, weitere Literatur: J. G. Th. Graesse und E. Jaennicke, F\u00fchrer f\u00fcr Sammler, Porzellan und Fayence, Steinzeug, Steingut usw, Seite 515, Marke Nr. 42 identisch (dort allerdings nur mit einem Punkt unter BAVARIA) g\u00fcltig f\u00fcr die Zeit von 1939 \u2013 1945, weitere Literatur: Emanuel Poche, Porzellan-Marken aus aller Welt, Marke Nr. 921 identisch mit Marke JOHANN HAVILAND, Krone, BAVARIA (dort aber falsch f\u00fcr die Zeit von 1907 \u2013 1924 datiert), weitere Literatur: Robert E. R\u00f6ntgen, Deutsche Porzellanmarken von 1710 bis heute, Seite 363, Marke Nr. 2884 identisch (dort f\u00fcr die Zeit ab 1928), weitere Literatur: Dieter Z\u00fchlsdorff, Markenlexikon, Porzellan und Keramikreport 1885 &#8211; 1935, Seite 157, Werkteil 1., Gruppennummer des Werkteils 2., laufende Nummer der Gruppe 881, dort Marke identisch (f\u00fcr die Zeit ab 1935 und beschrieben als Rosenthal Marke) sowie Seite 638, Werkteil 3., laufende Nummer des Werkteils 1343, dort Beschreibung der Fabrik, Literatur f\u00fcr die Rudolf W\u00e4chter Marke: Robert E. R\u00f6ntgen, Deutsche Porzellanmarken von 1710 bis heute, Seite 155, Marke Nr. 1143 identisch (dort f\u00fcr die Zeit ab 1928), weitere Literatur: Ludwig Danckert, Handbuch des Europ\u00e4ischen Porzellans, 7. Auflage, Seite 274, dort kurze Beschreibung der Fabrik sowie Abbildung der identischen Marke, weitere Literatur: Dieter Z\u00fchlsdorff, Markenlexikon, Porzellan und Keramikreport 1885 &#8211; 1935, Seite 97, Werkteil 1., Gruppennummer des Werkteils 1., laufende Nummer der Gruppe 2025, dort Marke identisch (f\u00fcr die Zeit ab 1927) sowie Seite 525, Werkteil 3., laufende Nummer des Werkteils 555, dort Beschreibung der Fabrik, Oberingenieur Johann Haviland, Sohn von David Haviland, Inhaber der Porzellanfabriken Haviland &#038; Co., Limoges, Frankreich, gr\u00fcndete 1907 (handelsgerichtlicher Eintragungstag 19.07.1907) in Waldershof eine Porzellanfabrik, er firmierte als Johann Haviland Porzellanfabrik Waldershof, die Finanzierung wurde durch die o. g. v\u00e4terlichen Fabriken sichergestellt, die eigentliche Porzellanproduktion wurde ab 1910 aufgenommen, 1919 verstarb David Haviland und Erbauseinandersetzungen mit seinem Bruder George Haviland sowie die 1923 einsetzende Inflation f\u00fchrten dazu, dass Johann Haviland die Fabrik im Februar 1924, r\u00fcckwirkend zum 01.01.1924, an die Societa Ceramika Richard-Ginori verkaufte, Richard-Ginorie gr\u00fcndete daraufhin f\u00fcr die Fabrik eine AG, diese firmierte als Porzellanfabrik Waldershof AG, vormals Johann Haviland, es wurden dann auch Fabrikate f\u00fcr Richard-Ginori produziert, die einen Stempel mit RICHARD-GINORI erhielten, 1937 erwarb die Rosenthal Porzellan AG das gesamte Aktienpaket und wurde neuer Eigent\u00fcmer, Rosenthal behielt die Firmierung bei und f\u00fcgte der Marke JOHANN HAVILAND, Krone, BAVARIA, lediglich Punkte, wie sie auch unter die Firmenmarke von Rosenthal gemalt worden sind und Zus\u00e4tze wie Buchstabe R und Germany hinzu, Fabrikbeschreibung Porzellan-Manufaktur Rudolf W\u00e4chter: 1883 gr\u00fcndete Rudolf W\u00e4chter in H\u00fcttensteinach\/Th\u00fcringen eine Porzellanmalerei, welche sich auf L\u00fcsterdekore spezialisierte, Firmierung Porzellanmalerei Rudolf W\u00e4chter, 1914 \u00fcbersiedelte W\u00e4chter mit seiner Porzellanmalerei nach Kirchenlamitz\/Bayern, ab 1927 spezialisierte sich W\u00e4chter auf Dekore in Silber, um 1930 Aufnahme der eigenen Porzellanproduktion und wohl ab da Firmierung Porzellan-Manufaktur und Porzellanmalerei Rudolf W\u00e4chter, vorwiegend wurde Porzellan mit komplettem Silberdekor produziert, ab 1938 ist der Schwiegersohn von W\u00e4chter, Franz Schaller, Mitinhaber, W\u00e4chter verstirbt 1942 und Franz Schaller f\u00fchrt die Manufaktur fort, die Manufaktur existierte bis 1974, H\u00f6he 11,5 cm, Breite 9 cm<\/p>\n<p>MEK Hinweis: die Vase ist beim Hersteller der Weissware Johan Haviland gleichfalls wie folgt gelistet:<\/p>\n<p><strong>Abteilung Deutschland, Keramik 1860 \u2013 1960, Inventarnummer D\/CXXVIII\/1<\/strong><\/p>\n<p><a href=\"http:\/\/museumek.eu\/?attachment_id=40512\" rel=\"attachment wp-att-40512\"><img loading=\"lazy\" src=\"http:\/\/museumek.eu\/wp-content\/uploads\/2015\/05\/3635-226x300.jpg\" alt=\"\" title=\"3635\" width=\"226\" height=\"300\" class=\"alignnone size-medium wp-image-40512\" srcset=\"http:\/\/museumek.eu\/wp-content\/uploads\/2015\/05\/3635-226x300.jpg 226w, http:\/\/museumek.eu\/wp-content\/uploads\/2015\/05\/3635-113x150.jpg 113w, http:\/\/museumek.eu\/wp-content\/uploads\/2015\/05\/3635.jpg 600w\" sizes=\"(max-width: 226px) 100vw, 226px\" \/><\/a><\/p>\n<p><a href=\"http:\/\/museumek.eu\/?attachment_id=40513\" rel=\"attachment wp-att-40513\"><img loading=\"lazy\" src=\"http:\/\/museumek.eu\/wp-content\/uploads\/2015\/05\/3634-217x300.jpg\" alt=\"\" title=\"3634\" width=\"217\" height=\"300\" class=\"alignnone size-medium wp-image-40513\" srcset=\"http:\/\/museumek.eu\/wp-content\/uploads\/2015\/05\/3634-217x300.jpg 217w, http:\/\/museumek.eu\/wp-content\/uploads\/2015\/05\/3634-108x150.jpg 108w, http:\/\/museumek.eu\/wp-content\/uploads\/2015\/05\/3634.jpg 579w\" sizes=\"(max-width: 217px) 100vw, 217px\" \/><\/a><\/p>\n<p><a href=\"http:\/\/museumek.eu\/?attachment_id=40514\" rel=\"attachment wp-att-40514\"><img loading=\"lazy\" src=\"http:\/\/museumek.eu\/wp-content\/uploads\/2015\/05\/3636-211x300.jpg\" alt=\"\" title=\"3636\" width=\"211\" height=\"300\" class=\"alignnone size-medium wp-image-40514\" srcset=\"http:\/\/museumek.eu\/wp-content\/uploads\/2015\/05\/3636-211x300.jpg 211w, http:\/\/museumek.eu\/wp-content\/uploads\/2015\/05\/3636-105x150.jpg 105w, http:\/\/museumek.eu\/wp-content\/uploads\/2015\/05\/3636.jpg 565w\" sizes=\"(max-width: 211px) 100vw, 211px\" \/><\/a><\/p>\n<p><a href=\"http:\/\/museumek.eu\/?attachment_id=40515\" rel=\"attachment wp-att-40515\"><img loading=\"lazy\" src=\"http:\/\/museumek.eu\/wp-content\/uploads\/2015\/05\/3638-277x300.jpg\" alt=\"\" title=\"3638\" width=\"277\" height=\"300\" class=\"alignnone size-medium wp-image-40515\" srcset=\"http:\/\/museumek.eu\/wp-content\/uploads\/2015\/05\/3638-277x300.jpg 277w, http:\/\/museumek.eu\/wp-content\/uploads\/2015\/05\/3638-138x150.jpg 138w, http:\/\/museumek.eu\/wp-content\/uploads\/2015\/05\/3638.jpg 600w\" sizes=\"(max-width: 277px) 100vw, 277px\" \/><\/a><\/p>\n<p><a href=\"http:\/\/museumek.eu\/?attachment_id=40516\" rel=\"attachment wp-att-40516\"><img loading=\"lazy\" src=\"http:\/\/museumek.eu\/wp-content\/uploads\/2015\/05\/3637-300x291.jpg\" alt=\"\" title=\"3637\" width=\"300\" height=\"291\" class=\"alignnone size-medium wp-image-40516\" srcset=\"http:\/\/museumek.eu\/wp-content\/uploads\/2015\/05\/3637-300x291.jpg 300w, http:\/\/museumek.eu\/wp-content\/uploads\/2015\/05\/3637-150x145.jpg 150w, http:\/\/museumek.eu\/wp-content\/uploads\/2015\/05\/3637-308x300.jpg 308w, http:\/\/museumek.eu\/wp-content\/uploads\/2015\/05\/3637.jpg 584w\" sizes=\"(max-width: 300px) 100vw, 300px\" \/><\/a><\/p>\n","protected":false},"excerpt":{"rendered":"<p>Abteilung Deutschland, Keramik 1860 \u2013 1960, Inventarnummer D\/CLXXXIX\/1 Porzellan-Manufaktur und Porzellanmalerei Rudolf W\u00e4chter, Deutschland, H\u00fcttensteinach und dann Kirchenlamitz, f\u00fcr das Feinsilberdekor sowie Johann Haviland Porzellanfabrik Waldershof und Nachfolger Porzellanfabrik Waldershof AG vormals Johann Haviland, Deutschland, Waldershof, f\u00fcr die Weissware, ab\/nach &hellip; <a href=\"http:\/\/museumek.eu\/?page_id=54778\">Weiterlesen <span class=\"meta-nav\">&rarr;<\/span><\/a><\/p>\n","protected":false},"author":1,"featured_media":0,"parent":54776,"menu_order":1,"comment_status":"closed","ping_status":"open","template":"","meta":[],"_links":{"self":[{"href":"http:\/\/museumek.eu\/index.php?rest_route=\/wp\/v2\/pages\/54778"}],"collection":[{"href":"http:\/\/museumek.eu\/index.php?rest_route=\/wp\/v2\/pages"}],"about":[{"href":"http:\/\/museumek.eu\/index.php?rest_route=\/wp\/v2\/types\/page"}],"author":[{"embeddable":true,"href":"http:\/\/museumek.eu\/index.php?rest_route=\/wp\/v2\/users\/1"}],"replies":[{"embeddable":true,"href":"http:\/\/museumek.eu\/index.php?rest_route=%2Fwp%2Fv2%2Fcomments&post=54778"}],"version-history":[{"count":2,"href":"http:\/\/museumek.eu\/index.php?rest_route=\/wp\/v2\/pages\/54778\/revisions"}],"predecessor-version":[{"id":54780,"href":"http:\/\/museumek.eu\/index.php?rest_route=\/wp\/v2\/pages\/54778\/revisions\/54780"}],"up":[{"embeddable":true,"href":"http:\/\/museumek.eu\/index.php?rest_route=\/wp\/v2\/pages\/54776"}],"wp:attachment":[{"href":"http:\/\/museumek.eu\/index.php?rest_route=%2Fwp%2Fv2%2Fmedia&parent=54778"}],"curies":[{"name":"wp","href":"https:\/\/api.w.org\/{rel}","templated":true}]}}