{"id":54915,"date":"2021-03-27T19:53:59","date_gmt":"2021-03-27T18:53:59","guid":{"rendered":"http:\/\/museumek.eu\/?page_id=54915"},"modified":"2021-03-27T19:53:59","modified_gmt":"2021-03-27T18:53:59","slug":"axxxvi10","status":"publish","type":"page","link":"http:\/\/museumek.eu\/?page_id=54915","title":{"rendered":"A\/XXXVI\/10"},"content":{"rendered":"<p><strong>Abteilung Austria\/Ungarn\/B\u00f6hmen, Keramik 1860 \u2013 1960, Inventarnummer A\/XXXVI\/10<\/strong><\/p>\n<p>B. Bloch &#038; Co. Porzellan-, Majolika-, Ofen- u. Terracottafabriken, B\u00f6hmen\/Austria, Eichwald\/Dubi, um 1930, Kanne eines Service, K\u00fcnstler unbekannt, Werks.-Nr. ohne, Exemplar Nr. ohne, gemarkt keine Firmenmarke aber in einem Oval MADE IN Czechoslovakia hellgr\u00fcner Stempel auf Glasur, 1 br\u00e4unlicher Stempel auf Glasur sowie 73519 und in braun auf Glasur gemalt, nicht signiert, Literatur: Waltraud Neuwirth, Bl\u00fchender Jugendstil, Band II, S. 223 ff., Beschreibung der Fabrik, weitere Literatur: Volker M\u00f6lle Riessner, Amphora, Die Porzellan- und Keramikmanufaktur in Nord-B\u00f6hmen, Seite 183, Beschreibung der Bloch&#8217;schen Fabriken, weitere Literatur: Dieter Z\u00fchlsdorff, Markenlexikon, Porzellan und Keramikreport 1885 &#8211; 1935, Seite 495, Werk- Teil 3., laufende Nummer des Werkteils 305, dort Beschreibung der Bloch&#8217;schen Fabriken, weitere Literatur: Ludwig Danckert, Handbuch des Europ\u00e4ischen Porzellans, 7. Auflage, Seite 150\/151, kurze Beschreibung der Bloch&#8216; schen Fabriken, 1869 Gr\u00fcndung durch Anton Tschinkel Siderolithwaarenfabrik, aufgekauft 1885 von C. Teichert und firmiert als Mei\u00dfner Ofen- und Porzellanfabrik Filiale Eichwald, 1899 \u00dcbernahme durch Bernhard Bloch und Firmierung als B. Bloch &#038; Co. Porzellan-, Majolika-, Ofen- u. Terracottafabriken oder auch B. Bloch &#038; Co. Ofen- und Porzellanfabrik, 1921 Trennung in zwei Firmen, erstens Eichwalder Porzellan- und Ofenfabrik Bernhard Bloch &#038; Co. und zweitens B. Bloch (Inhaber Stella Bloch), sp\u00e4ter firmierte eine der Fabriken dann noch als Eichwalder Porzellan-, Ofen- und Wandplattenfabrik Dr. Widera &#038; Co., in unterschiedlicher Literatur wird die Historie der Bloch\u2018schen Fabriken unterschiedlich dargestellt, H\u00f6he 26 cm, Breite 26 cm<\/p>\n<p><a href=\"http:\/\/museumek.eu\/?attachment_id=54862\" rel=\"attachment wp-att-54862\"><img loading=\"lazy\" src=\"http:\/\/museumek.eu\/wp-content\/uploads\/2011\/09\/Bloch-Service-Kanne-1-300x179.jpg\" alt=\"\" title=\"Bloch Service Kanne 1\" width=\"300\" height=\"179\" class=\"alignnone size-medium wp-image-54862\" srcset=\"http:\/\/museumek.eu\/wp-content\/uploads\/2011\/09\/Bloch-Service-Kanne-1-300x179.jpg 300w, http:\/\/museumek.eu\/wp-content\/uploads\/2011\/09\/Bloch-Service-Kanne-1-150x89.jpg 150w, http:\/\/museumek.eu\/wp-content\/uploads\/2011\/09\/Bloch-Service-Kanne-1-500x298.jpg 500w, http:\/\/museumek.eu\/wp-content\/uploads\/2011\/09\/Bloch-Service-Kanne-1.jpg 640w\" sizes=\"(max-width: 300px) 100vw, 300px\" \/><\/a><\/p>\n<p><a href=\"http:\/\/museumek.eu\/?attachment_id=54863\" rel=\"attachment wp-att-54863\"><img loading=\"lazy\" src=\"http:\/\/museumek.eu\/wp-content\/uploads\/2011\/09\/Bloch-Service-Kanne-2-271x300.jpg\" alt=\"\" title=\"Bloch Service Kanne 2\" width=\"271\" height=\"300\" class=\"alignnone size-medium wp-image-54863\" srcset=\"http:\/\/museumek.eu\/wp-content\/uploads\/2011\/09\/Bloch-Service-Kanne-2-271x300.jpg 271w, http:\/\/museumek.eu\/wp-content\/uploads\/2011\/09\/Bloch-Service-Kanne-2-135x150.jpg 135w, http:\/\/museumek.eu\/wp-content\/uploads\/2011\/09\/Bloch-Service-Kanne-2.jpg 480w\" sizes=\"(max-width: 271px) 100vw, 271px\" \/><\/a><\/p>\n<p><a href=\"http:\/\/museumek.eu\/?attachment_id=54864\" rel=\"attachment wp-att-54864\"><img loading=\"lazy\" src=\"http:\/\/museumek.eu\/wp-content\/uploads\/2011\/09\/Bloch-Service-Kanne-3-211x300.jpg\" alt=\"\" title=\"Bloch Service Kanne 3\" width=\"211\" height=\"300\" class=\"alignnone size-medium wp-image-54864\" srcset=\"http:\/\/museumek.eu\/wp-content\/uploads\/2011\/09\/Bloch-Service-Kanne-3-211x300.jpg 211w, http:\/\/museumek.eu\/wp-content\/uploads\/2011\/09\/Bloch-Service-Kanne-3-105x150.jpg 105w, http:\/\/museumek.eu\/wp-content\/uploads\/2011\/09\/Bloch-Service-Kanne-3.jpg 451w\" sizes=\"(max-width: 211px) 100vw, 211px\" \/><\/a><\/p>\n<p><a href=\"http:\/\/museumek.eu\/?attachment_id=54865\" rel=\"attachment wp-att-54865\"><img loading=\"lazy\" src=\"http:\/\/museumek.eu\/wp-content\/uploads\/2011\/09\/Bloch-Service-Kanne-4-192x300.jpg\" alt=\"\" title=\"Bloch Service Kanne 4\" width=\"192\" height=\"300\" class=\"alignnone size-medium wp-image-54865\" srcset=\"http:\/\/museumek.eu\/wp-content\/uploads\/2011\/09\/Bloch-Service-Kanne-4-192x300.jpg 192w, http:\/\/museumek.eu\/wp-content\/uploads\/2011\/09\/Bloch-Service-Kanne-4-96x150.jpg 96w, http:\/\/museumek.eu\/wp-content\/uploads\/2011\/09\/Bloch-Service-Kanne-4.jpg 410w\" sizes=\"(max-width: 192px) 100vw, 192px\" \/><\/a><\/p>\n<p><a href=\"http:\/\/museumek.eu\/?attachment_id=54866\" rel=\"attachment wp-att-54866\"><img loading=\"lazy\" src=\"http:\/\/museumek.eu\/wp-content\/uploads\/2011\/09\/Bloch-Service-Kanne-5-280x300.jpg\" alt=\"\" title=\"Bloch Service Kanne 5\" width=\"280\" height=\"300\" class=\"alignnone size-medium wp-image-54866\" srcset=\"http:\/\/museumek.eu\/wp-content\/uploads\/2011\/09\/Bloch-Service-Kanne-5-280x300.jpg 280w, http:\/\/museumek.eu\/wp-content\/uploads\/2011\/09\/Bloch-Service-Kanne-5-140x150.jpg 140w, http:\/\/museumek.eu\/wp-content\/uploads\/2011\/09\/Bloch-Service-Kanne-5.jpg 480w\" sizes=\"(max-width: 280px) 100vw, 280px\" \/><\/a><\/p>\n<p><a href=\"http:\/\/museumek.eu\/?attachment_id=54867\" rel=\"attachment wp-att-54867\"><img loading=\"lazy\" src=\"http:\/\/museumek.eu\/wp-content\/uploads\/2011\/09\/Bloch-Service-Kanne-6-275x300.jpg\" alt=\"\" title=\"Bloch Service Kanne 6\" width=\"275\" height=\"300\" class=\"alignnone size-medium wp-image-54867\" srcset=\"http:\/\/museumek.eu\/wp-content\/uploads\/2011\/09\/Bloch-Service-Kanne-6-275x300.jpg 275w, http:\/\/museumek.eu\/wp-content\/uploads\/2011\/09\/Bloch-Service-Kanne-6-137x150.jpg 137w, http:\/\/museumek.eu\/wp-content\/uploads\/2011\/09\/Bloch-Service-Kanne-6.jpg 480w\" sizes=\"(max-width: 275px) 100vw, 275px\" \/><\/a><\/p>\n<p><a href=\"http:\/\/museumek.eu\/?attachment_id=54868\" rel=\"attachment wp-att-54868\"><img loading=\"lazy\" src=\"http:\/\/museumek.eu\/wp-content\/uploads\/2011\/09\/Bloch-Service-Kanne-7-185x300.jpg\" alt=\"\" title=\"Bloch Service Kanne 7\" width=\"185\" height=\"300\" class=\"alignnone size-medium wp-image-54868\" srcset=\"http:\/\/museumek.eu\/wp-content\/uploads\/2011\/09\/Bloch-Service-Kanne-7-185x300.jpg 185w, http:\/\/museumek.eu\/wp-content\/uploads\/2011\/09\/Bloch-Service-Kanne-7-92x150.jpg 92w, http:\/\/museumek.eu\/wp-content\/uploads\/2011\/09\/Bloch-Service-Kanne-7.jpg 396w\" sizes=\"(max-width: 185px) 100vw, 185px\" \/><\/a><\/p>\n<p><a href=\"http:\/\/museumek.eu\/?attachment_id=54869\" rel=\"attachment wp-att-54869\"><img loading=\"lazy\" src=\"http:\/\/museumek.eu\/wp-content\/uploads\/2011\/09\/Bloch-Service-Kanne-8-300x188.jpg\" alt=\"\" title=\"Bloch Service Kanne 8\" width=\"300\" height=\"188\" class=\"alignnone size-medium wp-image-54869\" srcset=\"http:\/\/museumek.eu\/wp-content\/uploads\/2011\/09\/Bloch-Service-Kanne-8-300x188.jpg 300w, http:\/\/museumek.eu\/wp-content\/uploads\/2011\/09\/Bloch-Service-Kanne-8-150x94.jpg 150w, http:\/\/museumek.eu\/wp-content\/uploads\/2011\/09\/Bloch-Service-Kanne-8-477x300.jpg 477w, http:\/\/museumek.eu\/wp-content\/uploads\/2011\/09\/Bloch-Service-Kanne-8.jpg 640w\" sizes=\"(max-width: 300px) 100vw, 300px\" \/><\/a><\/p>\n<p><a href=\"http:\/\/museumek.eu\/?attachment_id=54870\" rel=\"attachment wp-att-54870\"><img loading=\"lazy\" src=\"http:\/\/museumek.eu\/wp-content\/uploads\/2011\/09\/Bloch-Service-Kanne-9-300x162.jpg\" alt=\"\" title=\"Bloch Service Kanne 9\" width=\"300\" height=\"162\" class=\"alignnone size-medium wp-image-54870\" srcset=\"http:\/\/museumek.eu\/wp-content\/uploads\/2011\/09\/Bloch-Service-Kanne-9-300x162.jpg 300w, http:\/\/museumek.eu\/wp-content\/uploads\/2011\/09\/Bloch-Service-Kanne-9-150x81.jpg 150w, http:\/\/museumek.eu\/wp-content\/uploads\/2011\/09\/Bloch-Service-Kanne-9-500x270.jpg 500w, http:\/\/museumek.eu\/wp-content\/uploads\/2011\/09\/Bloch-Service-Kanne-9.jpg 640w\" sizes=\"(max-width: 300px) 100vw, 300px\" \/><\/a><\/p>\n<p><a href=\"http:\/\/museumek.eu\/?attachment_id=54871\" rel=\"attachment wp-att-54871\"><img loading=\"lazy\" src=\"http:\/\/museumek.eu\/wp-content\/uploads\/2011\/09\/Bloch-Service-Kanne-10-298x300.jpg\" alt=\"\" title=\"Bloch Service Kanne 10\" width=\"298\" height=\"300\" class=\"alignnone size-medium wp-image-54871\" srcset=\"http:\/\/museumek.eu\/wp-content\/uploads\/2011\/09\/Bloch-Service-Kanne-10-298x300.jpg 298w, http:\/\/museumek.eu\/wp-content\/uploads\/2011\/09\/Bloch-Service-Kanne-10-150x150.jpg 150w, http:\/\/museumek.eu\/wp-content\/uploads\/2011\/09\/Bloch-Service-Kanne-10.jpg 480w\" sizes=\"(max-width: 298px) 100vw, 298px\" \/><\/a><\/p>\n<p><a href=\"http:\/\/museumek.eu\/?attachment_id=54872\" rel=\"attachment wp-att-54872\"><img loading=\"lazy\" src=\"http:\/\/museumek.eu\/wp-content\/uploads\/2011\/09\/Bloch-Service-Kanne-11-237x300.jpg\" alt=\"\" title=\"Bloch Service Kanne 11\" width=\"237\" height=\"300\" class=\"alignnone size-medium wp-image-54872\" srcset=\"http:\/\/museumek.eu\/wp-content\/uploads\/2011\/09\/Bloch-Service-Kanne-11-237x300.jpg 237w, http:\/\/museumek.eu\/wp-content\/uploads\/2011\/09\/Bloch-Service-Kanne-11-118x150.jpg 118w, http:\/\/museumek.eu\/wp-content\/uploads\/2011\/09\/Bloch-Service-Kanne-11.jpg 480w\" sizes=\"(max-width: 237px) 100vw, 237px\" \/><\/a><\/p>\n","protected":false},"excerpt":{"rendered":"<p>Abteilung Austria\/Ungarn\/B\u00f6hmen, Keramik 1860 \u2013 1960, Inventarnummer A\/XXXVI\/10 B. Bloch &#038; Co. Porzellan-, Majolika-, Ofen- u. Terracottafabriken, B\u00f6hmen\/Austria, Eichwald\/Dubi, um 1930, Kanne eines Service, K\u00fcnstler unbekannt, Werks.-Nr. ohne, Exemplar Nr. ohne, gemarkt keine Firmenmarke aber in einem Oval MADE IN &hellip; <a href=\"http:\/\/museumek.eu\/?page_id=54915\">Weiterlesen <span class=\"meta-nav\">&rarr;<\/span><\/a><\/p>\n","protected":false},"author":1,"featured_media":0,"parent":12948,"menu_order":10,"comment_status":"closed","ping_status":"open","template":"","meta":[],"_links":{"self":[{"href":"http:\/\/museumek.eu\/index.php?rest_route=\/wp\/v2\/pages\/54915"}],"collection":[{"href":"http:\/\/museumek.eu\/index.php?rest_route=\/wp\/v2\/pages"}],"about":[{"href":"http:\/\/museumek.eu\/index.php?rest_route=\/wp\/v2\/types\/page"}],"author":[{"embeddable":true,"href":"http:\/\/museumek.eu\/index.php?rest_route=\/wp\/v2\/users\/1"}],"replies":[{"embeddable":true,"href":"http:\/\/museumek.eu\/index.php?rest_route=%2Fwp%2Fv2%2Fcomments&post=54915"}],"version-history":[{"count":2,"href":"http:\/\/museumek.eu\/index.php?rest_route=\/wp\/v2\/pages\/54915\/revisions"}],"predecessor-version":[{"id":54917,"href":"http:\/\/museumek.eu\/index.php?rest_route=\/wp\/v2\/pages\/54915\/revisions\/54917"}],"up":[{"embeddable":true,"href":"http:\/\/museumek.eu\/index.php?rest_route=\/wp\/v2\/pages\/12948"}],"wp:attachment":[{"href":"http:\/\/museumek.eu\/index.php?rest_route=%2Fwp%2Fv2%2Fmedia&parent=54915"}],"curies":[{"name":"wp","href":"https:\/\/api.w.org\/{rel}","templated":true}]}}