{"id":54920,"date":"2021-03-27T19:55:43","date_gmt":"2021-03-27T18:55:43","guid":{"rendered":"http:\/\/museumek.eu\/?page_id=54920"},"modified":"2021-03-27T19:55:43","modified_gmt":"2021-03-27T18:55:43","slug":"axxxvi11","status":"publish","type":"page","link":"http:\/\/museumek.eu\/?page_id=54920","title":{"rendered":"A\/XXXVI\/11"},"content":{"rendered":"<p><strong>Abteilung Austria\/Ungarn\/B\u00f6hmen, Keramik 1860 \u2013 1960, Inventarnummer A\/XXXVI\/11<\/strong><\/p>\n<p>B. Bloch &#038; Co. Porzellan-, Majolika-, Ofen- u. Terracottafabriken, B\u00f6hmen\/Austria, Eichwald\/Dubi, um 1930, Milchk\u00e4nnchen eines Service, K\u00fcnstler unbekannt, Werks.-Nr. ohne, Exemplar Nr. ohne), gemarkt Firmenmarke mit dem Wort ORIGINAL halbkreisf\u00f6rmig, darunter in einem Sechseck E, neben dem E mittig ein Punkt, unter dem Sechseck Bloch &#038; Co, darunter EICHWALD, darunter Czechoslovakia gr\u00fcner Stempel auf Glasur sowie zweimal die Zahl zwei schwarze Stempel auf Glasur, nicht signiert, Literatur: Waltraud Neuwirth, Bl\u00fchender Jugendstil, Band II, S. 223 ff., Beschreibung der Fabrik, weitere Literatur: Volker M\u00f6lle Riessner, Amphora, Die Porzellan- und Keramikmanufaktur in Nord-B\u00f6hmen, Seite 183, Beschreibung der Bloch&#8217;schen Fabriken, weitere Literatur: Dieter Z\u00fchlsdorff, Markenlexikon, Porzellan und Keramikreport 1885 &#8211; 1935, Seite 369, Werk-Teil 1., Gruppennummer des Werkteils 19., laufende Nummer der Gruppe 128, identische Marke (dort f\u00fcr die Zeit ab 1928) sowie Werk-Teil 3., laufende Nummer des Werkteils 305, dort Beschreibung der Bloch&#8217;schen Fabriken, weitere Literatur: Ludwig Danckert, Handbuch des Europ\u00e4ischen Porzellans, 7. Auflage, Seite 150\/151, kurze Beschreibung der Bloch&#8216; schen Fabriken, Seite 151, identische Marke, 1869 Gr\u00fcndung durch Anton Tschinkel Siderolithwaarenfabrik, aufgekauft 1885 von C. Teichert und firmiert als Mei\u00dfner Ofen- und Porzellanfabrik Filiale Eichwald, 1899 \u00dcbernahme durch Bernhard Bloch und Firmierung als B. Bloch &#038; Co. Porzellan-, Majolika-, Ofen- u. Terracottafabriken oder auch B. Bloch &#038; Co. Ofen- und Porzellanfabrik, 1921 Trennung in zwei Firmen, erstens Eichwalder Porzellan- und Ofenfabrik Bernhard Bloch &#038; Co. und zweitens B. Bloch (Inhaber Stella Bloch), sp\u00e4ter firmierte eine der Fabriken dann noch als Eichwalder Porzellan-, Ofen- und Wandplattenfabrik Dr. Widera &#038; Co., in unterschiedlicher Literatur wird die Historie der Bloch\u2018schen Fabriken unterschiedlich dargestellt,<br \/>\nH\u00f6he 17 cm, Breite 17 cm<\/p>\n<p><a href=\"http:\/\/museumek.eu\/?attachment_id=54862\" rel=\"attachment wp-att-54862\"><img loading=\"lazy\" src=\"http:\/\/museumek.eu\/wp-content\/uploads\/2011\/09\/Bloch-Service-Kanne-1-300x179.jpg\" alt=\"\" title=\"Bloch Service Kanne 1\" width=\"300\" height=\"179\" class=\"alignnone size-medium wp-image-54862\" srcset=\"http:\/\/museumek.eu\/wp-content\/uploads\/2011\/09\/Bloch-Service-Kanne-1-300x179.jpg 300w, http:\/\/museumek.eu\/wp-content\/uploads\/2011\/09\/Bloch-Service-Kanne-1-150x89.jpg 150w, http:\/\/museumek.eu\/wp-content\/uploads\/2011\/09\/Bloch-Service-Kanne-1-500x298.jpg 500w, http:\/\/museumek.eu\/wp-content\/uploads\/2011\/09\/Bloch-Service-Kanne-1.jpg 640w\" sizes=\"(max-width: 300px) 100vw, 300px\" \/><\/a><\/p>\n<p><a href=\"http:\/\/museumek.eu\/?attachment_id=54877\" rel=\"attachment wp-att-54877\"><img loading=\"lazy\" src=\"http:\/\/museumek.eu\/wp-content\/uploads\/2011\/09\/Bloch-Service-Milchk\u00e4nnchen-1-278x300.jpg\" alt=\"\" title=\"Bloch Service Milchk\u00e4nnchen 1\" width=\"278\" height=\"300\" class=\"alignnone size-medium wp-image-54877\" srcset=\"http:\/\/museumek.eu\/wp-content\/uploads\/2011\/09\/Bloch-Service-Milchk\u00e4nnchen-1-278x300.jpg 278w, http:\/\/museumek.eu\/wp-content\/uploads\/2011\/09\/Bloch-Service-Milchk\u00e4nnchen-1-139x150.jpg 139w, http:\/\/museumek.eu\/wp-content\/uploads\/2011\/09\/Bloch-Service-Milchk\u00e4nnchen-1.jpg 480w\" sizes=\"(max-width: 278px) 100vw, 278px\" \/><\/a><\/p>\n<p><a href=\"http:\/\/museumek.eu\/?attachment_id=54878\" rel=\"attachment wp-att-54878\"><img loading=\"lazy\" src=\"http:\/\/museumek.eu\/wp-content\/uploads\/2011\/09\/Bloch-Service-Milchk\u00e4nnchen-2-237x300.jpg\" alt=\"\" title=\"Bloch Service Milchk\u00e4nnchen 2\" width=\"237\" height=\"300\" class=\"alignnone size-medium wp-image-54878\" srcset=\"http:\/\/museumek.eu\/wp-content\/uploads\/2011\/09\/Bloch-Service-Milchk\u00e4nnchen-2-237x300.jpg 237w, http:\/\/museumek.eu\/wp-content\/uploads\/2011\/09\/Bloch-Service-Milchk\u00e4nnchen-2-118x150.jpg 118w, http:\/\/museumek.eu\/wp-content\/uploads\/2011\/09\/Bloch-Service-Milchk\u00e4nnchen-2.jpg 480w\" sizes=\"(max-width: 237px) 100vw, 237px\" \/><\/a><\/p>\n<p><a href=\"http:\/\/museumek.eu\/?attachment_id=54879\" rel=\"attachment wp-att-54879\"><img loading=\"lazy\" src=\"http:\/\/museumek.eu\/wp-content\/uploads\/2011\/09\/Bloch-Service-Milchk\u00e4nnchen-3-225x300.jpg\" alt=\"\" title=\"Bloch Service Milchk\u00e4nnchen 3\" width=\"225\" height=\"300\" class=\"alignnone size-medium wp-image-54879\" srcset=\"http:\/\/museumek.eu\/wp-content\/uploads\/2011\/09\/Bloch-Service-Milchk\u00e4nnchen-3-225x300.jpg 225w, http:\/\/museumek.eu\/wp-content\/uploads\/2011\/09\/Bloch-Service-Milchk\u00e4nnchen-3-112x150.jpg 112w, http:\/\/museumek.eu\/wp-content\/uploads\/2011\/09\/Bloch-Service-Milchk\u00e4nnchen-3.jpg 480w\" sizes=\"(max-width: 225px) 100vw, 225px\" \/><\/a><\/p>\n<p><a href=\"http:\/\/museumek.eu\/?attachment_id=54880\" rel=\"attachment wp-att-54880\"><img loading=\"lazy\" src=\"http:\/\/museumek.eu\/wp-content\/uploads\/2011\/09\/Bloch-Service-Milchk\u00e4nnchen-4-251x300.jpg\" alt=\"\" title=\"Bloch Service Milchk\u00e4nnchen 4\" width=\"251\" height=\"300\" class=\"alignnone size-medium wp-image-54880\" srcset=\"http:\/\/museumek.eu\/wp-content\/uploads\/2011\/09\/Bloch-Service-Milchk\u00e4nnchen-4-251x300.jpg 251w, http:\/\/museumek.eu\/wp-content\/uploads\/2011\/09\/Bloch-Service-Milchk\u00e4nnchen-4-125x150.jpg 125w, http:\/\/museumek.eu\/wp-content\/uploads\/2011\/09\/Bloch-Service-Milchk\u00e4nnchen-4.jpg 480w\" sizes=\"(max-width: 251px) 100vw, 251px\" \/><\/a><\/p>\n<p><a href=\"http:\/\/museumek.eu\/?attachment_id=54881\" rel=\"attachment wp-att-54881\"><img loading=\"lazy\" src=\"http:\/\/museumek.eu\/wp-content\/uploads\/2011\/09\/Bloch-Service-Milchk\u00e4nnchen-5-300x179.jpg\" alt=\"\" title=\"Bloch Service Milchk\u00e4nnchen 5\" width=\"300\" height=\"179\" class=\"alignnone size-medium wp-image-54881\" srcset=\"http:\/\/museumek.eu\/wp-content\/uploads\/2011\/09\/Bloch-Service-Milchk\u00e4nnchen-5-300x179.jpg 300w, http:\/\/museumek.eu\/wp-content\/uploads\/2011\/09\/Bloch-Service-Milchk\u00e4nnchen-5-150x89.jpg 150w, http:\/\/museumek.eu\/wp-content\/uploads\/2011\/09\/Bloch-Service-Milchk\u00e4nnchen-5-500x300.jpg 500w, http:\/\/museumek.eu\/wp-content\/uploads\/2011\/09\/Bloch-Service-Milchk\u00e4nnchen-5.jpg 640w\" sizes=\"(max-width: 300px) 100vw, 300px\" \/><\/a><\/p>\n<p><a href=\"http:\/\/museumek.eu\/?attachment_id=54882\" rel=\"attachment wp-att-54882\"><img loading=\"lazy\" src=\"http:\/\/museumek.eu\/wp-content\/uploads\/2011\/09\/Bloch-Service-Milchk\u00e4nnchen-6-241x300.jpg\" alt=\"\" title=\"Bloch Service Milchk\u00e4nnchen 6\" width=\"241\" height=\"300\" class=\"alignnone size-medium wp-image-54882\" srcset=\"http:\/\/museumek.eu\/wp-content\/uploads\/2011\/09\/Bloch-Service-Milchk\u00e4nnchen-6-241x300.jpg 241w, http:\/\/museumek.eu\/wp-content\/uploads\/2011\/09\/Bloch-Service-Milchk\u00e4nnchen-6-120x150.jpg 120w, http:\/\/museumek.eu\/wp-content\/uploads\/2011\/09\/Bloch-Service-Milchk\u00e4nnchen-6.jpg 480w\" sizes=\"(max-width: 241px) 100vw, 241px\" \/><\/a><\/p>\n<p><a href=\"http:\/\/museumek.eu\/?attachment_id=54883\" rel=\"attachment wp-att-54883\"><img loading=\"lazy\" src=\"http:\/\/museumek.eu\/wp-content\/uploads\/2011\/09\/Bloch-Service-Milchk\u00e4nnchen-7-243x300.jpg\" alt=\"\" title=\"Bloch Service Milchk\u00e4nnchen 7\" width=\"243\" height=\"300\" class=\"alignnone size-medium wp-image-54883\" srcset=\"http:\/\/museumek.eu\/wp-content\/uploads\/2011\/09\/Bloch-Service-Milchk\u00e4nnchen-7-243x300.jpg 243w, http:\/\/museumek.eu\/wp-content\/uploads\/2011\/09\/Bloch-Service-Milchk\u00e4nnchen-7-121x150.jpg 121w, http:\/\/museumek.eu\/wp-content\/uploads\/2011\/09\/Bloch-Service-Milchk\u00e4nnchen-7.jpg 480w\" sizes=\"(max-width: 243px) 100vw, 243px\" \/><\/a><\/p>\n","protected":false},"excerpt":{"rendered":"<p>Abteilung Austria\/Ungarn\/B\u00f6hmen, Keramik 1860 \u2013 1960, Inventarnummer A\/XXXVI\/11 B. Bloch &#038; Co. Porzellan-, Majolika-, Ofen- u. Terracottafabriken, B\u00f6hmen\/Austria, Eichwald\/Dubi, um 1930, Milchk\u00e4nnchen eines Service, K\u00fcnstler unbekannt, Werks.-Nr. ohne, Exemplar Nr. ohne), gemarkt Firmenmarke mit dem Wort ORIGINAL halbkreisf\u00f6rmig, darunter in &hellip; <a href=\"http:\/\/museumek.eu\/?page_id=54920\">Weiterlesen <span class=\"meta-nav\">&rarr;<\/span><\/a><\/p>\n","protected":false},"author":1,"featured_media":0,"parent":54918,"menu_order":11,"comment_status":"closed","ping_status":"open","template":"","meta":[],"_links":{"self":[{"href":"http:\/\/museumek.eu\/index.php?rest_route=\/wp\/v2\/pages\/54920"}],"collection":[{"href":"http:\/\/museumek.eu\/index.php?rest_route=\/wp\/v2\/pages"}],"about":[{"href":"http:\/\/museumek.eu\/index.php?rest_route=\/wp\/v2\/types\/page"}],"author":[{"embeddable":true,"href":"http:\/\/museumek.eu\/index.php?rest_route=\/wp\/v2\/users\/1"}],"replies":[{"embeddable":true,"href":"http:\/\/museumek.eu\/index.php?rest_route=%2Fwp%2Fv2%2Fcomments&post=54920"}],"version-history":[{"count":2,"href":"http:\/\/museumek.eu\/index.php?rest_route=\/wp\/v2\/pages\/54920\/revisions"}],"predecessor-version":[{"id":54922,"href":"http:\/\/museumek.eu\/index.php?rest_route=\/wp\/v2\/pages\/54920\/revisions\/54922"}],"up":[{"embeddable":true,"href":"http:\/\/museumek.eu\/index.php?rest_route=\/wp\/v2\/pages\/54918"}],"wp:attachment":[{"href":"http:\/\/museumek.eu\/index.php?rest_route=%2Fwp%2Fv2%2Fmedia&parent=54920"}],"curies":[{"name":"wp","href":"https:\/\/api.w.org\/{rel}","templated":true}]}}