{"id":54923,"date":"2021-03-27T19:56:53","date_gmt":"2021-03-27T18:56:53","guid":{"rendered":"http:\/\/museumek.eu\/?page_id=54923"},"modified":"2021-03-27T19:56:53","modified_gmt":"2021-03-27T18:56:53","slug":"axxxvi12","status":"publish","type":"page","link":"http:\/\/museumek.eu\/?page_id=54923","title":{"rendered":"A\/XXXVI\/12"},"content":{"rendered":"<p><strong>Abteilung Austria\/Ungarn\/B\u00f6hmen, Keramik 1860 \u2013 1960, Inventarnummer A\/XXXVI\/12<\/strong><\/p>\n<p>B. Bloch &#038; Co. Porzellan-, Majolika-, Ofen- u. Terracottafabriken, B\u00f6hmen\/Austria, Eichwald\/Dubi, um 1930, Zuckerdose eines Service, K\u00fcnstler unbekannt, Werks.-Nr. ohne, Exemplar Nr. ohne, gemarkt keine Firmenmarke aber in einem Oval MADE IN Czechoslovakia hellgr\u00fcner Stempel auf Glasur, 1 br\u00e4unlicher Stempel auf Glasur sowie 8 schwarz auf Glasur gestempelt, nicht signiert, Literatur: Waltraud Neuwirth, Bl\u00fchender Jugendstil, Band II, S. 223 ff., Beschreibung der Fabrik, weitere Literatur: Volker M\u00f6lle Riessner, Amphora, Die Porzellan- und Keramikmanufaktur in Nord-B\u00f6hmen, Seite 183, Beschreibung der Bloch&#8217;schen Fabriken, weitere Literatur: Dieter Z\u00fchlsdorff, Markenlexikon, Porzellan und Keramikreport 1885 &#8211; 1935, Seite 495, Werk-Teil 3., laufende Nummer des Werkteils 305, dort Beschreibung der Bloch&#8217;schen Fabriken, weitere Literatur: Ludwig Danckert, Handbuch des Europ\u00e4ischen Porzellans, 7. Auflage, Seite 150\/151, kurze Beschreibung der Bloch&#8216; schen Fabriken, 1869 Gr\u00fcndung durch Anton Tschinkel Siderolithwaarenfabrik, aufgekauft 1885 von C. Teichert und firmiert als Mei\u00dfner Ofen- und Porzellanfabrik Filiale Eichwald, 1899 \u00dcbernahme durch Bernhard Bloch und Firmierung als B. Bloch &#038; Co. Porzellan-, Majolika-, Ofen- u. Terracottafabriken oder auch B. Bloch &#038; Co. Ofen- und Porzellanfabrik, 1921 Trennung in zwei Firmen, erstens Eichwalder Porzellan- und Ofenfabrik Bernhard Bloch &#038; Co. und zweitens B. Bloch (Inhaber Stella Bloch), sp\u00e4ter firmierte eine der Fabriken dann noch als Eichwalder Porzellan-, Ofen- und Wandplattenfabrik Dr. Widera &#038; Co., in unterschiedlicher Literatur wird die Historie der Bloch\u2018schen Fabriken unterschiedlich dargestellt, H\u00f6he 19 cm, Breite 22 cm<\/p>\n<p><a href=\"http:\/\/museumek.eu\/?attachment_id=54862\" rel=\"attachment wp-att-54862\"><img loading=\"lazy\" src=\"http:\/\/museumek.eu\/wp-content\/uploads\/2011\/09\/Bloch-Service-Kanne-1-300x179.jpg\" alt=\"\" title=\"Bloch Service Kanne 1\" width=\"300\" height=\"179\" class=\"alignnone size-medium wp-image-54862\" srcset=\"http:\/\/museumek.eu\/wp-content\/uploads\/2011\/09\/Bloch-Service-Kanne-1-300x179.jpg 300w, http:\/\/museumek.eu\/wp-content\/uploads\/2011\/09\/Bloch-Service-Kanne-1-150x89.jpg 150w, http:\/\/museumek.eu\/wp-content\/uploads\/2011\/09\/Bloch-Service-Kanne-1-500x298.jpg 500w, http:\/\/museumek.eu\/wp-content\/uploads\/2011\/09\/Bloch-Service-Kanne-1.jpg 640w\" sizes=\"(max-width: 300px) 100vw, 300px\" \/><\/a><\/p>\n<p><a href=\"http:\/\/museumek.eu\/?attachment_id=54890\" rel=\"attachment wp-att-54890\"><img loading=\"lazy\" src=\"http:\/\/museumek.eu\/wp-content\/uploads\/2011\/09\/Bloch-Service-Zuckerdose-1-300x275.jpg\" alt=\"\" title=\"Bloch Service Zuckerdose 1\" width=\"300\" height=\"275\" class=\"alignnone size-medium wp-image-54890\" srcset=\"http:\/\/museumek.eu\/wp-content\/uploads\/2011\/09\/Bloch-Service-Zuckerdose-1-300x275.jpg 300w, http:\/\/museumek.eu\/wp-content\/uploads\/2011\/09\/Bloch-Service-Zuckerdose-1-150x137.jpg 150w, http:\/\/museumek.eu\/wp-content\/uploads\/2011\/09\/Bloch-Service-Zuckerdose-1-326x300.jpg 326w, http:\/\/museumek.eu\/wp-content\/uploads\/2011\/09\/Bloch-Service-Zuckerdose-1.jpg 523w\" sizes=\"(max-width: 300px) 100vw, 300px\" \/><\/a><\/p>\n<p><a href=\"http:\/\/museumek.eu\/?attachment_id=54891\" rel=\"attachment wp-att-54891\"><img loading=\"lazy\" src=\"http:\/\/museumek.eu\/wp-content\/uploads\/2011\/09\/Bloch-Service-Zuckerdose-2-223x300.jpg\" alt=\"\" title=\"Bloch Service Zuckerdose 2\" width=\"223\" height=\"300\" class=\"alignnone size-medium wp-image-54891\" srcset=\"http:\/\/museumek.eu\/wp-content\/uploads\/2011\/09\/Bloch-Service-Zuckerdose-2-223x300.jpg 223w, http:\/\/museumek.eu\/wp-content\/uploads\/2011\/09\/Bloch-Service-Zuckerdose-2-111x150.jpg 111w, http:\/\/museumek.eu\/wp-content\/uploads\/2011\/09\/Bloch-Service-Zuckerdose-2.jpg 477w\" sizes=\"(max-width: 223px) 100vw, 223px\" \/><\/a><\/p>\n<p><a href=\"http:\/\/museumek.eu\/?attachment_id=54892\" rel=\"attachment wp-att-54892\"><img loading=\"lazy\" src=\"http:\/\/museumek.eu\/wp-content\/uploads\/2011\/09\/Bloch-Service-Zuckerdose-3-255x300.jpg\" alt=\"\" title=\"Bloch Service Zuckerdose 3\" width=\"255\" height=\"300\" class=\"alignnone size-medium wp-image-54892\" srcset=\"http:\/\/museumek.eu\/wp-content\/uploads\/2011\/09\/Bloch-Service-Zuckerdose-3-255x300.jpg 255w, http:\/\/museumek.eu\/wp-content\/uploads\/2011\/09\/Bloch-Service-Zuckerdose-3-127x150.jpg 127w, http:\/\/museumek.eu\/wp-content\/uploads\/2011\/09\/Bloch-Service-Zuckerdose-3.jpg 480w\" sizes=\"(max-width: 255px) 100vw, 255px\" \/><\/a><\/p>\n<p><a href=\"http:\/\/museumek.eu\/?attachment_id=54893\" rel=\"attachment wp-att-54893\"><img loading=\"lazy\" src=\"http:\/\/museumek.eu\/wp-content\/uploads\/2011\/09\/Bloch-Service-Zuckerdose-4-266x300.jpg\" alt=\"\" title=\"Bloch Service Zuckerdose 4\" width=\"266\" height=\"300\" class=\"alignnone size-medium wp-image-54893\" srcset=\"http:\/\/museumek.eu\/wp-content\/uploads\/2011\/09\/Bloch-Service-Zuckerdose-4-266x300.jpg 266w, http:\/\/museumek.eu\/wp-content\/uploads\/2011\/09\/Bloch-Service-Zuckerdose-4-133x150.jpg 133w, http:\/\/museumek.eu\/wp-content\/uploads\/2011\/09\/Bloch-Service-Zuckerdose-4.jpg 480w\" sizes=\"(max-width: 266px) 100vw, 266px\" \/><\/a><\/p>\n<p><a href=\"http:\/\/museumek.eu\/?attachment_id=54894\" rel=\"attachment wp-att-54894\"><img loading=\"lazy\" src=\"http:\/\/museumek.eu\/wp-content\/uploads\/2011\/09\/Bloch-Service-Zuckerdose-5-300x296.jpg\" alt=\"\" title=\"Bloch Service Zuckerdose 5\" width=\"300\" height=\"296\" class=\"alignnone size-medium wp-image-54894\" srcset=\"http:\/\/museumek.eu\/wp-content\/uploads\/2011\/09\/Bloch-Service-Zuckerdose-5-300x296.jpg 300w, http:\/\/museumek.eu\/wp-content\/uploads\/2011\/09\/Bloch-Service-Zuckerdose-5-150x148.jpg 150w, http:\/\/museumek.eu\/wp-content\/uploads\/2011\/09\/Bloch-Service-Zuckerdose-5-303x300.jpg 303w, http:\/\/museumek.eu\/wp-content\/uploads\/2011\/09\/Bloch-Service-Zuckerdose-5.jpg 486w\" sizes=\"(max-width: 300px) 100vw, 300px\" \/><\/a><\/p>\n<p><a href=\"http:\/\/museumek.eu\/?attachment_id=54895\" rel=\"attachment wp-att-54895\"><img loading=\"lazy\" src=\"http:\/\/museumek.eu\/wp-content\/uploads\/2011\/09\/Bloch-Service-Zuckerdose-6-300x144.jpg\" alt=\"\" title=\"Bloch Service Zuckerdose 6\" width=\"300\" height=\"144\" class=\"alignnone size-medium wp-image-54895\" srcset=\"http:\/\/museumek.eu\/wp-content\/uploads\/2011\/09\/Bloch-Service-Zuckerdose-6-300x144.jpg 300w, http:\/\/museumek.eu\/wp-content\/uploads\/2011\/09\/Bloch-Service-Zuckerdose-6-150x72.jpg 150w, http:\/\/museumek.eu\/wp-content\/uploads\/2011\/09\/Bloch-Service-Zuckerdose-6-500x240.jpg 500w, http:\/\/museumek.eu\/wp-content\/uploads\/2011\/09\/Bloch-Service-Zuckerdose-6.jpg 640w\" sizes=\"(max-width: 300px) 100vw, 300px\" \/><\/a><\/p>\n<p><a href=\"http:\/\/museumek.eu\/?attachment_id=54896\" rel=\"attachment wp-att-54896\"><img loading=\"lazy\" src=\"http:\/\/museumek.eu\/wp-content\/uploads\/2011\/09\/Bloch-Service-Zuckerdose-7-300x177.jpg\" alt=\"\" title=\"Bloch Service Zuckerdose 7\" width=\"300\" height=\"177\" class=\"alignnone size-medium wp-image-54896\" srcset=\"http:\/\/museumek.eu\/wp-content\/uploads\/2011\/09\/Bloch-Service-Zuckerdose-7-300x177.jpg 300w, http:\/\/museumek.eu\/wp-content\/uploads\/2011\/09\/Bloch-Service-Zuckerdose-7-150x88.jpg 150w, http:\/\/museumek.eu\/wp-content\/uploads\/2011\/09\/Bloch-Service-Zuckerdose-7-500x295.jpg 500w, http:\/\/museumek.eu\/wp-content\/uploads\/2011\/09\/Bloch-Service-Zuckerdose-7.jpg 640w\" sizes=\"(max-width: 300px) 100vw, 300px\" \/><\/a><\/p>\n<p><a href=\"http:\/\/museumek.eu\/?attachment_id=54897\" rel=\"attachment wp-att-54897\"><img loading=\"lazy\" src=\"http:\/\/museumek.eu\/wp-content\/uploads\/2011\/09\/Bloch-Service-Zuckerdose-8-300x259.jpg\" alt=\"\" title=\"Bloch Service Zuckerdose 8\" width=\"300\" height=\"259\" class=\"alignnone size-medium wp-image-54897\" srcset=\"http:\/\/museumek.eu\/wp-content\/uploads\/2011\/09\/Bloch-Service-Zuckerdose-8-300x259.jpg 300w, http:\/\/museumek.eu\/wp-content\/uploads\/2011\/09\/Bloch-Service-Zuckerdose-8-150x129.jpg 150w, http:\/\/museumek.eu\/wp-content\/uploads\/2011\/09\/Bloch-Service-Zuckerdose-8-346x300.jpg 346w, http:\/\/museumek.eu\/wp-content\/uploads\/2011\/09\/Bloch-Service-Zuckerdose-8.jpg 554w\" sizes=\"(max-width: 300px) 100vw, 300px\" \/><\/a><\/p>\n","protected":false},"excerpt":{"rendered":"<p>Abteilung Austria\/Ungarn\/B\u00f6hmen, Keramik 1860 \u2013 1960, Inventarnummer A\/XXXVI\/12 B. Bloch &#038; Co. Porzellan-, Majolika-, Ofen- u. Terracottafabriken, B\u00f6hmen\/Austria, Eichwald\/Dubi, um 1930, Zuckerdose eines Service, K\u00fcnstler unbekannt, Werks.-Nr. ohne, Exemplar Nr. ohne, gemarkt keine Firmenmarke aber in einem Oval MADE IN &hellip; <a href=\"http:\/\/museumek.eu\/?page_id=54923\">Weiterlesen <span class=\"meta-nav\">&rarr;<\/span><\/a><\/p>\n","protected":false},"author":1,"featured_media":0,"parent":54918,"menu_order":12,"comment_status":"closed","ping_status":"open","template":"","meta":[],"_links":{"self":[{"href":"http:\/\/museumek.eu\/index.php?rest_route=\/wp\/v2\/pages\/54923"}],"collection":[{"href":"http:\/\/museumek.eu\/index.php?rest_route=\/wp\/v2\/pages"}],"about":[{"href":"http:\/\/museumek.eu\/index.php?rest_route=\/wp\/v2\/types\/page"}],"author":[{"embeddable":true,"href":"http:\/\/museumek.eu\/index.php?rest_route=\/wp\/v2\/users\/1"}],"replies":[{"embeddable":true,"href":"http:\/\/museumek.eu\/index.php?rest_route=%2Fwp%2Fv2%2Fcomments&post=54923"}],"version-history":[{"count":2,"href":"http:\/\/museumek.eu\/index.php?rest_route=\/wp\/v2\/pages\/54923\/revisions"}],"predecessor-version":[{"id":54925,"href":"http:\/\/museumek.eu\/index.php?rest_route=\/wp\/v2\/pages\/54923\/revisions\/54925"}],"up":[{"embeddable":true,"href":"http:\/\/museumek.eu\/index.php?rest_route=\/wp\/v2\/pages\/54918"}],"wp:attachment":[{"href":"http:\/\/museumek.eu\/index.php?rest_route=%2Fwp%2Fv2%2Fmedia&parent=54923"}],"curies":[{"name":"wp","href":"https:\/\/api.w.org\/{rel}","templated":true}]}}